{"id":41837,"date":"2025-07-24T10:39:34","date_gmt":"2025-07-24T16:39:34","guid":{"rendered":"https:\/\/www.capitalidea.org\/?page_id=41837"},"modified":"2026-04-16T10:08:24","modified_gmt":"2026-04-16T15:08:24","slug":"application-step-by-step","status":"publish","type":"page","link":"https:\/\/www.capitalidea.org\/es\/application-step-by-step\/","title":{"rendered":"C\u00f3mo presentar la solicitud (instrucciones detalladas)"},"content":{"rendered":"Solicitud a Capital IDEA\t\n<h1>\n\t\t\tInstrucciones paso a paso\t<\/h1>\n\t\t\t01\t\n<h2>\n\t\t\tInscr\u00edbase en la sesi\u00f3n informativa\t<\/h2>\n\t<p>Duraci\u00f3n: 30 minutos<\/p>\n\t\t\t<a href=\"https:\/\/www.capitalidea.org\/es\/info-sessions\/\"  target=\"_self\">\n\t\t\t\t\t\t\tAsista a una sesi\u00f3n informativa\n\t\t\t\t\t<\/a>\n\t<img decoding=\"async\" role=\"img\" draggable=\"false\" src=\"https:\/\/s.w.org\/images\/core\/emoji\/16.0.1\/svg\/26a0.svg\" alt=\"\u26a0\ufe0f\" \/> <strong>\u00bfHa asistido ya a una sesi\u00f3n informativa?<\/strong><br \/>\nSi no es as\u00ed, detente aqu\u00ed y reg\u00edstrate primero; es necesario antes de enviar una solicitud. 02\t\n<h2>\n\t\t\tRellene la solicitud\t<\/h2>\n\t<p>Duraci\u00f3n: 15-20 minutos<\/p>\n\t\t\t<a href=\"https:\/\/a3997.socialsolutionsportal.com\/apricot-intake\/b087b41b-7605-41a6-89e2-3f5046422c49\"  target=\"_blank\" rel=\"noopener\">\n\t\t\t\t\t\t\tInicie su solicitud\n\t\t\t\t\t<\/a>\n\t<p>Nota: Si te aparece un \u201cerror de duplicado\u201d, no te preocupes. Solo tienes que ponerte en contacto con nosotros. Lo comprobaremos r\u00e1pidamente y te guiaremos al siguiente paso: <a href=\"tel:512-485-9350\">512-485-9350<\/a> o por correo electr\u00f3nico <a href=\"mailto:info@capitalidea.org\">info@capitalidea.org<\/a>.<\/p>\n\t\t\t03\t\n<h2>\n\t\t\tCargue sus documentos\t<\/h2>\n\t<p>Duraci\u00f3n: entre 30 minutos y 2 horas.<\/p>\n\t<p><strong>Una vez que env\u00edes la solicitud, recibir\u00e1s un correo electr\u00f3nico para configurar tu contrase\u00f1a para el panel de control de documentos. Config\u00farala antes de que caduque el enlace.<\/strong><\/p>\n\t\t\t<a href=\"#instructions\"  target=\"_self\">\n\t\t\t\t\t\t\tVer instrucciones detalladas\n\t\t\t\t\t<\/a>\n\t<p>Este es el paso m\u00e1s detallado. No te desanimes, \u00a1estamos aqu\u00ed para ayudarte! Si te quedas atascado o no has recibido tu enlace, ponte en contacto con nosotros: <a href=\"tel:512-485-9350\">512-485-9350<\/a> o por correo electr\u00f3nico <a href=\"mailto:info@capitalidea.org\">info@capitalidea.org<\/a>.<\/p>\n\t\t\t<a href=\"#documents\"  target=\"_self\">\n\t\t\t\t\t\t\tVer documentos requeridos\n\t\t\t\t\t<\/a>\n\t\t\t04\t\n<h2>\n\t\t\tRealice su evaluaci\u00f3n\t<\/h2>\n\t<p>Duraci\u00f3n: 30 minutos<\/p>\n\t<p><strong>Una vez completados los pasos 1 a 4, su solicitud quedar\u00e1 oficialmente enviada. A continuaci\u00f3n, programaremos los pasos finales.<\/strong><\/p>\n\t<p>Despu\u00e9s de enviar tus documentos, los revisaremos y te enviaremos un correo electr\u00f3nico con el enlace de la evaluaci\u00f3n en un plazo de tres d\u00edas h\u00e1biles.<\/p>\n<p>Esta evaluaci\u00f3n compara tu personalidad y aptitudes con tus intereses profesionales. Utilizaremos tus resultados para orientarte.<\/p>\n<p>\u00bfNo lo ha recibido? H\u00e1ganoslo saber: <a href=\"tel:512-485-9350\">512-485-9350<\/a><\/p>\n\t\t\t05\t\n<h2>\n\t\t\tReunirse con un especialista en orientaci\u00f3n profesional\t<\/h2>\n\t<p>Duraci\u00f3n: 1 hora<\/p>\n\t<p>Nos pondremos en contacto contigo para programar una cita individual y hablar sobre tu elegibilidad, tu trayectoria universitaria y tus planes profesionales.<\/p>\n\t\t\t06\t\n<h2>\n\t\t\tEntrevista de compromiso\t<\/h2>\n\t<p>Duraci\u00f3n: 30 minutos<\/p>\n\t<p>En este \u00faltimo paso, prep\u00e1rate para hablar sobre estos compromisos importantes:<\/p>\n<ul>\n<li>dar prioridad a la escuela<\/li>\n<li>terminar tu carrera<\/li>\n<li>comenzar tu carrera profesional justo despu\u00e9s de graduarte<\/li>\n<li>Trabajar en el centro de Texas durante al menos dos a\u00f1os.<\/li>\n<li>retribuir a tu comunidad de la forma que elijas<\/li>\n<\/ul>\n<h2>\n\t\t\tInstrucciones para cargar documentos\t<\/h2>\n\t<ol>\n<li><strong>Establezca su contrase\u00f1a<\/strong><br \/>\nUna vez enviada la solicitud, revise su correo electr\u00f3nico para obtener un enlace. Establezca su contrase\u00f1a en un plazo de 48 horas. Si no lo hace dentro de ese plazo, utilice el enlace \u2018Olvid\u00e9 mi contrase\u00f1a\u2019 en la p\u00e1gina <a href=\"https:\/\/a3997.socialsolutionsportal.com\/login\" target=\"_blank\" rel=\"noopener\">p\u00e1gina de acceso.<\/a><\/li>\n<li><strong>Re\u00fana sus documentos<\/strong><br \/>\nToma fotos n\u00edtidas o utiliza una aplicaci\u00f3n de escaneo para crear copias digitales de todos los documentos que vas a presentar. Consulta la lista completa de documentos necesarios a continuaci\u00f3n.<\/li>\n<li><strong>Acceda a su panel de control<\/strong><br \/>\nRecomendamos marcar la p\u00e1gina. <a href=\"https:\/\/a3997.socialsolutionsportal.com\/login\" target=\"_blank\" rel=\"noopener\">P\u00e1gina de inicio de sesi\u00f3n \u2192<\/a><\/li>\n<li><strong>Abrir el formulario de carga<\/strong><br \/>\nEn el men\u00fa \u2192 \u201cTodos los formularios asignados\u201d \u2192 Seleccione \u201cNuevos solicitantes: subir documentos\u201d.\u201d<\/li>\n<li><strong>Siga las instrucciones<\/strong><br \/>\nResponda las preguntas y suba los documentos cuando se le solicite. Si le faltan algunos, suba los que tenga.<\/li>\n<li><strong>Env\u00ede haciendo clic en \u2018Guardar\u2019.\u2019<\/strong><br \/>\nPuede volver m\u00e1s tarde para enviar tantos formularios de \u2018Subir documentos\u2019 como sea necesario. Haga clic en el bot\u00f3n \u2018Ver env\u00edos de formularios\u2019 en su panel de control para ver sus env\u00edos anteriores.<\/li>\n<\/ol>\n<figure itemscope itemtype=\"https:\/\/schema.org\/ImageObject\">\n\t\t\t\t<img decoding=\"async\" src=\"https:\/\/www.capitalidea.org\/wp-content\/uploads\/2025\/06\/star.svg\" alt=\"star\" height=\"55\" width=\"57\" title=\"estrella\" onerror=\"this.style.display='none'\" loading=\"lazy\" \/>\n\t<\/figure>\n<h2>\n\t\t\tDocumentos necesarios\t<\/h2>\n\t<p>Para completar su solicitud, deber\u00e1 reunir algunos documentos importantes. Tenerlos listos con anticipaci\u00f3n har\u00e1 que el proceso sea m\u00e1s sencillo y r\u00e1pido.<\/p>\n<figure itemscope itemtype=\"https:\/\/schema.org\/ImageObject\">\n\t\t\t\t<img decoding=\"async\" src=\"https:\/\/www.capitalidea.org\/wp-content\/uploads\/2025\/06\/logo-mark.svg\" alt=\"logo-mark\" height=\"100\" width=\"106\" title=\"logotipo-marca\" onerror=\"this.style.display='none'\" loading=\"lazy\" \/>\n\t<\/figure>\n<h2>\n\t\t\tLista de comprobaci\u00f3n r\u00e1pida\t<\/h2>\n<h3>\n\t\t\t(La mayor\u00eda de los solicitantes los necesitan)\t<\/h3>\n\t<p>Si est\u00e1s haciendo la solicitud por tu cuenta y no tienes c\u00f3nyuge, pareja ni hijos, probablemente solo necesites lo siguiente para empezar:<\/p>\n\t<ul>\n\t\t<li>\t\t\t\t\n\t\t<p>Licencia de conducir u otra identificaci\u00f3n emitida por el estado.<\/p><\/li><li>\t\t\t\t\n\t\t<p>Tarjeta de la seguridad social<\/p><\/li><li>\t\t\t\t\n\t\t<p>Partida de nacimiento o tarjeta de residencia permanente<\/p><\/li><li>\t\t\t\t\n\t\t<p>T\u00edtulo de bachillerato, GED o certificado de estudios universitarios<\/p><\/li><li>\t\t\t\t\n\t\t<p>Talones de pago del \u00faltimo mes<\/p><\/li><li>\t\t\t\t\n\t\t<p>Declaraci\u00f3n de la renta m\u00e1s reciente<\/p><\/li><li>\t\t\t\t\n\t\t<p>Arrendamiento, hipoteca o prueba de residencia<\/p><\/li>\t<\/ul>\n\t<p><strong>Consulte a continuaci\u00f3n los documentos adicionales que pueden aplicarse a su situaci\u00f3n.<\/strong><\/p>\n<h3>\n\t\t\tIdentificaci\u00f3n del hogar\t<\/h3>\n<h3>\n\t\t\t\u00bfVive con su c\u00f3nyuge, pareja o hijos?\t<\/h3>\n\t<ul>\n\t\t<li>\t\t\t\t\n\t\t<h6>Si no es as\u00ed, pres\u00e9ntelos usted mismo:<\/h6><p><ul><li>Licencia de conducir u otra identificaci\u00f3n emitida por el estado.<\/li><li>Tarjeta de la seguridad social<\/li><li>Partida de nacimiento (o tarjeta de residencia permanente)<\/li><\/ul><\/p><\/li><li>\t\t\t\t\n\t\t<h6>En caso afirmativo, env\u00edelo tambi\u00e9n:<\/h6><p><ul><li><strong>Para su c\u00f3nyuge o pareja:<\/strong> Un documento de identificaci\u00f3n (certificado de nacimiento, tarjeta del Seguro Social, pasaporte, licencia de conducir o identificaci\u00f3n estatal).<\/li><li><strong>Por cada hijo o persona a cargo:<\/strong> Partida de nacimiento. Si tiene menos de 12 a\u00f1os, presente tambi\u00e9n la tarjeta de la seguridad social.<\/li><\/ul><\/p><\/li>\t<\/ul>\n<h3>\n\t\t\tDocumentos sobre vivienda\t<\/h3>\n<h3>\n\t\t\t\u00bfTiene un contrato de alquiler o una hipoteca a su nombre?\t<\/h3>\n\t<ul>\n\t\t<li>\t\t\t\t\n\t\t<p>En caso afirmativo, presente una copia de su <strong>arrendamiento<\/strong> o <strong>estado de la hipoteca<\/strong><\/p><\/li>\t<\/ul>\n<h3>\n\t\t\t\u00bfNo tiene contrato de alquiler ni hipoteca? \u00bfVives con amigos o familiares?\t<\/h3>\n\t<ul>\n\t\t<li>\t\t\t\t\n\t\t<h6>Presente todo lo siguiente:<\/h6><p><ol><li>Una carta del cabeza de familia confirmando que vives all\u00ed y si te quedar\u00e1s durante el periodo escolar.<\/li><li>Una factura de servicios p\u00fablicos con su nombre y direcci\u00f3n<\/li><li>Un correo dirigido a usted en esa misma direcci\u00f3n<\/li><\/ol><\/p><\/li>\t<\/ul>\n<h3>\n\t\t\tDocumentos sobre educaci\u00f3n\t<\/h3>\n<h3>\n\t\t\t\u00bfHas ido a la universidad?\t<\/h3>\n\t<ul>\n\t\t<li>\t\t\t\t\n\t\t<p>En caso afirmativo, presente <strong>expediente acad\u00e9mico<\/strong> (no oficial est\u00e1 bien)<\/p><\/li><li>\t\t\t\t\n\t\t<p>En caso negativo, env\u00ede <strong>t\u00edtulo de bachillerato<\/strong> o <strong>GED<\/strong><\/p><\/li>\t<\/ul>\n<h3>\n\t\t\tDocumentos de ingresos\t<\/h3>\n<h3>\n\t\t\t\u00bfUsted o su c\u00f3nyuge\/pareja trabajan o perciben ingresos?\t<\/h3>\n\t<ul>\n\t\t<li>\t\t\t\t\n\t\t<p>Recibos de sueldo de un mes (tuyos y\/o de tu pareja)<\/p>\n<\/li><li>\t\t\t\t\n\t\t<p>Declaraci\u00f3n de la renta m\u00e1s reciente<\/p>\n<\/li><li>\t\t\t\t\n\t\t<p>Si procede: documentaci\u00f3n de <strong>ingresos por jubilaci\u00f3n, SSI, indemnizaci\u00f3n por accidente laboral o prestaciones por discapacidad<\/strong><\/p><\/li>\t<\/ul>\n<h3>\n\t\t\tDocumentos de asistencia (si procede)\t<\/h3>\n<h3>\n\t\t\t\u00bfRecibe prestaciones p\u00fablicas o ayuda econ\u00f3mica externa?\t<\/h3>\n\t<ul>\n\t\t<li>\t\t\t\t\n\t\t<h6>En caso afirmativo, presente documentaci\u00f3n sobre cualquiera de los siguientes puntos que proceda:<\/h6><p><ul><li>Cupones de alimentos (SNAP), Medicaid, Medicare, WIC, TANF\/AFDC<\/li><li>Desempleo, manutenci\u00f3n de los hijos, ayuda a la vivienda o a los servicios p\u00fablicos, ayuda a los refugiados<\/li><\/ul><\/p><\/li>\t<\/ul>\n<h3>\n\t\t\t\u00bfRecibes ayuda de familiares o amigos?\t<\/h3>\n\t<ul>\n\t\t<li>\t\t\t\t\n\t\t<h6>En caso afirmativo, p\u00eddeles que escriban una carta de apoyo que incluya:<\/h6><p><ul><li>Sus datos de contacto<\/li><li>Cu\u00e1nto apoyo prestan<\/li><li>Si ese apoyo continuar\u00e1 mientras est\u00e9s en la escuela.<\/li><\/ul><\/p><\/li>\t<\/ul>\n<h3>\n\t\t\tServicio militar obligatorio y familias de militares (si procede)\t<\/h3>\n<h3>\n\t\t\t\u00bfUsted o su c\u00f3nyuge han prestado servicio militar?\t<\/h3>\n\t<ul>\n\t\t<li>\t\t\t\t\n\t\t<h6>En caso afirmativo, presente una copia de su DD214<\/h6><\/li>\t<\/ul>\n<h3>\n\t\t\t\u00bfEs usted ciudadano estadounidense o inmigrante de entre 18 y 25 a\u00f1os?\t<\/h3>\n\t<ul>\n\t\t<li>\t\t\t\t\n\t\t<h6>En caso afirmativo, presentar prueba de inscripci\u00f3n en el Servicio Selectivo<\/h6><p>(cons\u00edgalo en <a href=\"http:\/\/www.sss.gov\" target=\"_blank\" rel=\"noopener\">www.sss.gov<\/a>)<\/p><\/li>\t<\/ul>\n<h3>\n\t\t\tDocumentos de ayuda financiera (si procede)\t<\/h3>\n<h3>\n\t\t\t\u00bfHas recibido ayuda econ\u00f3mica para la universidad?\t<\/h3>\n\t<ul>\n\t\t<li>\t\t\t\t\n\t\t<h6>En caso afirmativo, presente documentaci\u00f3n sobre subvenciones, becas o pr\u00e9stamos, por ejemplo<\/h6><p><ul><li>Beca Pell, SEOG, TPEG<\/li><li>Becas privadas o institucionales<\/li><li>Pr\u00e9stamos educativos<\/li><\/ul><\/p><\/li>\t<\/ul>\n<h3>\n\t\t\tAntecedentes penales (si procede)\t<\/h3>\n<h3>\n\t\t\t\u00bfTiene antecedentes penales?\t<\/h3>\n\t<ul>\n\t\t<li>\t\t\t\t\n\t\t<h6>En caso afirmativo, presente una copia de su informe de antecedentes penales del DPS<\/h6><\/li>\t<\/ul>","protected":false},"excerpt":{"rendered":"<p>Solicitud a Capital IDEA Instrucciones paso a paso 01 Inscr\u00edbase en una sesi\u00f3n informativa Duraci\u00f3n: 30 minutos Asista a una sesi\u00f3n informativa \u00bfYa ha asistido a una sesi\u00f3n informativa? Si no es as\u00ed, det\u00e9ngase aqu\u00ed...<\/p>","protected":false},"author":19,"featured_media":0,"parent":0,"menu_order":0,"comment_status":"closed","ping_status":"closed","template":"","meta":{"_acf_changed":false,"_price":"","_stock":"","_tribe_ticket_header":"","_tribe_default_ticket_provider":"","_tribe_ticket_capacity":"0","_ticket_start_date":"","_ticket_end_date":"","_tribe_ticket_show_description":"","_tribe_ticket_show_not_going":false,"_tribe_ticket_use_global_stock":"","_tribe_ticket_global_stock_level":"","_global_stock_mode":"","_global_stock_cap":"","_tribe_rsvp_for_event":"","_tribe_ticket_going_count":"","_tribe_ticket_not_going_count":"","_tribe_tickets_list":"[]","_tribe_ticket_has_attendee_info_fields":false,"footnotes":""},"class_list":["post-41837","page","type-page","status-publish","hentry"],"acf":[],"yoast_head":"<!-- This site is optimized with the Yoast SEO Premium plugin v27.3 (Yoast SEO v27.3) - https:\/\/yoast.com\/product\/yoast-seo-premium-wordpress\/ -->\n<title>How to Apply (detailed instructions) | Capital IDEA<\/title>\n<meta name=\"robots\" content=\"index, follow, max-snippet:-1, max-image-preview:large, max-video-preview:-1\" \/>\n<link rel=\"canonical\" href=\"https:\/\/www.capitalidea.org\/es\/application-step-by-step\/\" \/>\n<meta property=\"og:locale\" content=\"es_MX\" \/>\n<meta property=\"og:type\" content=\"article\" \/>\n<meta property=\"og:title\" content=\"How to Apply (detailed instructions)\" \/>\n<meta property=\"og:description\" content=\"Applying to Capital IDEA Step-by-Step Instructions 01 Sign Up for Info Session Time: 30 minutes Attend an Info Session Have you attended an Info Session yet? If not, pause here&hellip;\" \/>\n<meta property=\"og:url\" content=\"https:\/\/www.capitalidea.org\/es\/application-step-by-step\/\" \/>\n<meta property=\"og:site_name\" content=\"Capital IDEA\" \/>\n<meta property=\"article:publisher\" content=\"https:\/\/www.facebook.com\/capitalidea.austin\/\" \/>\n<meta property=\"article:modified_time\" content=\"2026-04-16T15:08:24+00:00\" \/>\n<meta property=\"og:image\" content=\"https:\/\/s.w.org\/images\/core\/emoji\/16.0.1\/svg\/26a0.svg\" \/>\n<meta name=\"twitter:card\" content=\"summary_large_image\" \/>\n<meta name=\"twitter:label1\" content=\"Tiempo de lectura\" \/>\n\t<meta name=\"twitter:data1\" content=\"5 minutos\" \/>\n<script type=\"application\/ld+json\" class=\"yoast-schema-graph\">{\"@context\":\"https:\\\/\\\/schema.org\",\"@graph\":[{\"@type\":\"WebPage\",\"@id\":\"https:\\\/\\\/www.capitalidea.org\\\/application-step-by-step\\\/\",\"url\":\"https:\\\/\\\/www.capitalidea.org\\\/application-step-by-step\\\/\",\"name\":\"How to Apply (detailed instructions) | Capital IDEA\",\"isPartOf\":{\"@id\":\"https:\\\/\\\/www.capitalidea.org\\\/#website\"},\"primaryImageOfPage\":{\"@id\":\"https:\\\/\\\/www.capitalidea.org\\\/application-step-by-step\\\/#primaryimage\"},\"image\":{\"@id\":\"https:\\\/\\\/www.capitalidea.org\\\/application-step-by-step\\\/#primaryimage\"},\"thumbnailUrl\":\"https:\\\/\\\/s.w.org\\\/images\\\/core\\\/emoji\\\/16.0.1\\\/svg\\\/26a0.svg\",\"datePublished\":\"2025-07-24T16:39:34+00:00\",\"dateModified\":\"2026-04-16T15:08:24+00:00\",\"breadcrumb\":{\"@id\":\"https:\\\/\\\/www.capitalidea.org\\\/application-step-by-step\\\/#breadcrumb\"},\"inLanguage\":\"es\",\"potentialAction\":[{\"@type\":\"ReadAction\",\"target\":[\"https:\\\/\\\/www.capitalidea.org\\\/application-step-by-step\\\/\"]}]},{\"@type\":\"ImageObject\",\"inLanguage\":\"es\",\"@id\":\"https:\\\/\\\/www.capitalidea.org\\\/application-step-by-step\\\/#primaryimage\",\"url\":\"https:\\\/\\\/s.w.org\\\/images\\\/core\\\/emoji\\\/16.0.1\\\/svg\\\/26a0.svg\",\"contentUrl\":\"https:\\\/\\\/s.w.org\\\/images\\\/core\\\/emoji\\\/16.0.1\\\/svg\\\/26a0.svg\"},{\"@type\":\"BreadcrumbList\",\"@id\":\"https:\\\/\\\/www.capitalidea.org\\\/application-step-by-step\\\/#breadcrumb\",\"itemListElement\":[{\"@type\":\"ListItem\",\"position\":1,\"name\":\"Home\",\"item\":\"https:\\\/\\\/www.capitalidea.org\\\/\"},{\"@type\":\"ListItem\",\"position\":2,\"name\":\"How to Apply (detailed instructions)\"}]},{\"@type\":\"WebSite\",\"@id\":\"https:\\\/\\\/www.capitalidea.org\\\/#website\",\"url\":\"https:\\\/\\\/www.capitalidea.org\\\/\",\"name\":\"Capital IDEA\",\"description\":\"\",\"publisher\":{\"@id\":\"https:\\\/\\\/www.capitalidea.org\\\/#organization\"},\"potentialAction\":[{\"@type\":\"SearchAction\",\"target\":{\"@type\":\"EntryPoint\",\"urlTemplate\":\"https:\\\/\\\/www.capitalidea.org\\\/?s={search_term_string}\"},\"query-input\":{\"@type\":\"PropertyValueSpecification\",\"valueRequired\":true,\"valueName\":\"search_term_string\"}}],\"inLanguage\":\"es\"},{\"@type\":\"Organization\",\"@id\":\"https:\\\/\\\/www.capitalidea.org\\\/#organization\",\"name\":\"Capital IDEA\",\"url\":\"https:\\\/\\\/www.capitalidea.org\\\/\",\"logo\":{\"@type\":\"ImageObject\",\"inLanguage\":\"es\",\"@id\":\"https:\\\/\\\/www.capitalidea.org\\\/#\\\/schema\\\/logo\\\/image\\\/\",\"url\":\"https:\\\/\\\/www.capitalidea.org\\\/wp-content\\\/uploads\\\/2025\\\/06\\\/logo-mark.svg\",\"contentUrl\":\"https:\\\/\\\/www.capitalidea.org\\\/wp-content\\\/uploads\\\/2025\\\/06\\\/logo-mark.svg\",\"width\":1,\"height\":1,\"caption\":\"Capital IDEA\"},\"image\":{\"@id\":\"https:\\\/\\\/www.capitalidea.org\\\/#\\\/schema\\\/logo\\\/image\\\/\"},\"sameAs\":[\"https:\\\/\\\/www.facebook.com\\\/capitalidea.austin\\\/\",\"https:\\\/\\\/www.instagram.com\\\/capital_idea_atx\\\/\",\"https:\\\/\\\/www.linkedin.com\\\/company\\\/capital-idea_2\",\"https:\\\/\\\/www.tiktok.com\\\/@capitalidea_atx\"]}]}<\/script>\n<!-- \/ Yoast SEO Premium plugin. -->","yoast_head_json":{"title":"C\u00f3mo presentar la solicitud (instrucciones detalladas) | Capital IDEA","robots":{"index":"index","follow":"follow","max-snippet":"max-snippet:-1","max-image-preview":"max-image-preview:large","max-video-preview":"max-video-preview:-1"},"canonical":"https:\/\/www.capitalidea.org\/es\/application-step-by-step\/","og_locale":"es_MX","og_type":"article","og_title":"How to Apply (detailed instructions)","og_description":"Applying to Capital IDEA Step-by-Step Instructions 01 Sign Up for Info Session Time: 30 minutes Attend an Info Session Have you attended an Info Session yet? If not, pause here&hellip;","og_url":"https:\/\/www.capitalidea.org\/es\/application-step-by-step\/","og_site_name":"Capital IDEA","article_publisher":"https:\/\/www.facebook.com\/capitalidea.austin\/","article_modified_time":"2026-04-16T15:08:24+00:00","og_image":[{"url":"https:\/\/s.w.org\/images\/core\/emoji\/16.0.1\/svg\/26a0.svg","type":"","width":"","height":""}],"twitter_card":"summary_large_image","twitter_misc":{"Tiempo de lectura":"5 minutos"},"schema":{"@context":"https:\/\/schema.org","@graph":[{"@type":"WebPage","@id":"https:\/\/www.capitalidea.org\/application-step-by-step\/","url":"https:\/\/www.capitalidea.org\/application-step-by-step\/","name":"C\u00f3mo presentar la solicitud (instrucciones detalladas) | Capital IDEA","isPartOf":{"@id":"https:\/\/www.capitalidea.org\/#website"},"primaryImageOfPage":{"@id":"https:\/\/www.capitalidea.org\/application-step-by-step\/#primaryimage"},"image":{"@id":"https:\/\/www.capitalidea.org\/application-step-by-step\/#primaryimage"},"thumbnailUrl":"https:\/\/s.w.org\/images\/core\/emoji\/16.0.1\/svg\/26a0.svg","datePublished":"2025-07-24T16:39:34+00:00","dateModified":"2026-04-16T15:08:24+00:00","breadcrumb":{"@id":"https:\/\/www.capitalidea.org\/application-step-by-step\/#breadcrumb"},"inLanguage":"es","potentialAction":[{"@type":"ReadAction","target":["https:\/\/www.capitalidea.org\/application-step-by-step\/"]}]},{"@type":"ImageObject","inLanguage":"es","@id":"https:\/\/www.capitalidea.org\/application-step-by-step\/#primaryimage","url":"https:\/\/s.w.org\/images\/core\/emoji\/16.0.1\/svg\/26a0.svg","contentUrl":"https:\/\/s.w.org\/images\/core\/emoji\/16.0.1\/svg\/26a0.svg"},{"@type":"BreadcrumbList","@id":"https:\/\/www.capitalidea.org\/application-step-by-step\/#breadcrumb","itemListElement":[{"@type":"ListItem","position":1,"name":"Home","item":"https:\/\/www.capitalidea.org\/"},{"@type":"ListItem","position":2,"name":"How to Apply (detailed instructions)"}]},{"@type":"WebSite","@id":"https:\/\/www.capitalidea.org\/#website","url":"https:\/\/www.capitalidea.org\/","name":"Capital IDEA","description":"","publisher":{"@id":"https:\/\/www.capitalidea.org\/#organization"},"potentialAction":[{"@type":"SearchAction","target":{"@type":"EntryPoint","urlTemplate":"https:\/\/www.capitalidea.org\/?s={search_term_string}"},"query-input":{"@type":"PropertyValueSpecification","valueRequired":true,"valueName":"search_term_string"}}],"inLanguage":"es"},{"@type":"Organization","@id":"https:\/\/www.capitalidea.org\/#organization","name":"Capital IDEA","url":"https:\/\/www.capitalidea.org\/","logo":{"@type":"ImageObject","inLanguage":"es","@id":"https:\/\/www.capitalidea.org\/#\/schema\/logo\/image\/","url":"https:\/\/www.capitalidea.org\/wp-content\/uploads\/2025\/06\/logo-mark.svg","contentUrl":"https:\/\/www.capitalidea.org\/wp-content\/uploads\/2025\/06\/logo-mark.svg","width":1,"height":1,"caption":"Capital IDEA"},"image":{"@id":"https:\/\/www.capitalidea.org\/#\/schema\/logo\/image\/"},"sameAs":["https:\/\/www.facebook.com\/capitalidea.austin\/","https:\/\/www.instagram.com\/capital_idea_atx\/","https:\/\/www.linkedin.com\/company\/capital-idea_2","https:\/\/www.tiktok.com\/@capitalidea_atx"]}]}},"_links":{"self":[{"href":"https:\/\/www.capitalidea.org\/es\/wp-json\/wp\/v2\/pages\/41837","targetHints":{"allow":["GET"]}}],"collection":[{"href":"https:\/\/www.capitalidea.org\/es\/wp-json\/wp\/v2\/pages"}],"about":[{"href":"https:\/\/www.capitalidea.org\/es\/wp-json\/wp\/v2\/types\/page"}],"author":[{"embeddable":true,"href":"https:\/\/www.capitalidea.org\/es\/wp-json\/wp\/v2\/users\/19"}],"replies":[{"embeddable":true,"href":"https:\/\/www.capitalidea.org\/es\/wp-json\/wp\/v2\/comments?post=41837"}],"version-history":[{"count":21,"href":"https:\/\/www.capitalidea.org\/es\/wp-json\/wp\/v2\/pages\/41837\/revisions"}],"predecessor-version":[{"id":45372,"href":"https:\/\/www.capitalidea.org\/es\/wp-json\/wp\/v2\/pages\/41837\/revisions\/45372"}],"wp:attachment":[{"href":"https:\/\/www.capitalidea.org\/es\/wp-json\/wp\/v2\/media?parent=41837"}],"curies":[{"name":"wp","href":"https:\/\/api.w.org\/{rel}","templated":true}]}}