{"id":43893,"date":"2025-09-12T09:28:19","date_gmt":"2025-09-12T14:28:19","guid":{"rendered":"https:\/\/www.capitalidea.org\/?page_id=43893"},"modified":"2025-10-02T13:27:23","modified_gmt":"2025-10-02T18:27:23","slug":"salary-guide","status":"publish","type":"page","link":"https:\/\/www.capitalidea.org\/es\/salary-guide\/","title":{"rendered":"Gu\u00eda salarial"},"content":{"rendered":"GU\u00cdA GRATUITA\t\n<h1>\n\t\t\tExplora los salarios competitivos para los trabajos m\u00e1s demandados en el centro de Texas.\t<\/h1>\n\t<p>La educaci\u00f3n abre la puerta a un futuro mejor y a mejores oportunidades profesionales. Descargue nuestra gu\u00eda gratuita hoy mismo para explorar los rangos salariales actuales en el centro de Texas.<\/p>\n\t\t\t<a href=\"#popmake-44099\" target=\"_self\">\n\t\t\t\t\t\t\tDescargue su gu\u00eda de empleos en el centro de Texas\n\t\t\t\t\t<\/a>\n\t\t\t\t<img decoding=\"async\" src=\"https:\/\/www.capitalidea.org\/wp-content\/uploads\/2025\/09\/e79647791683e771a20687a96de3cc34187870a6.webp\" alt=\"e79647791683e771a20687a96de3cc34187870a6\" itemprop=\"image\" height=\"2106\" width=\"1626\" title=\"e79647791683e771a20687a96de3cc34187870a6\" onerror=\"this.style.display='none'\" loading=\"lazy\" \/>\n<h2>\n\t\t\tCon un t\u00edtulo universitario, las posibilidades son infinitas.\t<\/h2>\n\t<p>Si est\u00e1s listo para avanzar en tu carrera y ganar m\u00e1s dinero, podemos ayudarte a conseguirlo.<\/p>\n<p>Capital IDEA cubre los gastos de la universidad y te brinda la orientaci\u00f3n que necesitas para mantenerte en el camino correcto, de modo que puedas construir un futuro m\u00e1s s\u00f3lido mientras ayudas a cubrir puestos de trabajo muy demandados aqu\u00ed mismo, en el centro de Texas.<\/p>\n<h3>\n\t\t\tEn esta gu\u00eda encontrar\u00e1s:\t<\/h3>\n\t<ul>\n\t\t<li>\t\t\t\t\n\t\t<p>Empleos demandados en sectores en expansi\u00f3n<\/p><\/li><li>\t\t\t\t\n\t\t<p>Salarios competitivos para los puestos vacantes<\/p><\/li><li>\t\t\t\t\n\t\t<p>Historias de \u00e9xito de estudiantes que han transformado sus carreras y su vida cotidiana<\/p><\/li><li>\t\t\t\t\n\t\t<p>Gu\u00eda paso a paso para solicitar la matr\u00edcula universitaria gratuita 100%<\/p><\/li>\t<\/ul>\n\t\t\t<a href=\"#popmake-44099\" target=\"_self\">\n\t\t\t\t\t\t\tDescargue su ejemplar ahora\n\t\t\t\t\t<\/a>\n\t\t\t\t<img decoding=\"async\" src=\"https:\/\/www.capitalidea.org\/wp-content\/uploads\/2025\/06\/logo-mark.svg\" alt=\"logo-mark\" itemprop=\"image\" height=\"100\" width=\"106\" title=\"logotipo-marca\" onerror=\"this.style.display='none'\" loading=\"lazy\" \/>\n\n\t\t\tUn adulto soltero trabajador necesita unos ingresos anuales de $55.212 para mantener un nivel de vida adecuado en el condado de Travis. <br \/>Aumenta tu salario.\t\n\t<p>Fuente: Instituto de Pol\u00edtica Econ\u00f3mica, Informe sobre el impacto comunitario del ejercicio 2024<\/p>\n\t\t\t<a href=\"#\" target=\"_self\">\n\t\t\t\t\t\t\tExplorar los salarios\n\t\t\t\t\t<\/a>\n\n\t\t\tEl centro de Texas necesita 10.000 nuevos trabajadores cualificados al a\u00f1o, pero los programas de formaci\u00f3n s\u00f3lo grad\u00faan a 6.000. <br \/>Avanza en tu carrera profesional.\t\n\t<p>Fuente: Workforce Solutions Capital Area Board Plan<\/p>\n\t\t\t<a href=\"#\" target=\"_self\">\n\t\t\t\t\t\t\tExplorar oficios hoy\n\t\t\t\t\t<\/a>\n\n\t\t\tPara 2036, se prev\u00e9 que Texas se enfrente a una escasez de 56.370 enfermeras tituladas equivalentes a tiempo completo. <br \/>Rellene el espacio en blanco.\t\n\t<p>Fuente: Grupo de trabajo THECB sobre escasez de mano de obra<\/p>\n\t\t\t<a href=\"#\" target=\"_self\">\n\t\t\t\t\t\t\tExplore hoy los salarios de enfermer\u00eda\n\t\t\t\t\t<\/a>\n\t\t\t\t<img width=\"400\" height=\"400\" src=\"https:\/\/www.capitalidea.org\/wp-content\/uploads\/2025\/07\/Aida-Nacro-1.png\" alt=\"\" decoding=\"async\" loading=\"lazy\" srcset=\"https:\/\/www.capitalidea.org\/wp-content\/uploads\/2025\/07\/Aida-Nacro-1.png 400w, https:\/\/www.capitalidea.org\/wp-content\/uploads\/2025\/07\/Aida-Nacro-1-300x300.png 300w, https:\/\/www.capitalidea.org\/wp-content\/uploads\/2025\/07\/Aida-Nacro-1-150x150.png 150w, https:\/\/www.capitalidea.org\/wp-content\/uploads\/2025\/07\/Aida-Nacro-1-12x12.png 12w\" sizes=\"auto, (max-width: 400px) 100vw, 400px\" \/>\t\t\t\n\t\t\t\t<p>\u201cNo pod\u00eda creer que Capital IDEA cubriera mis gastos de matr\u00edcula, tasas, libros y alguna ayuda para el cuidado de los ni\u00f1os. <strong>Era el apoyo que necesitaba para emprender por fin la carrera que siempre hab\u00eda deseado.<\/strong>. Ahora trabajo para el condado de Travis y me encanta mi campo\u201d.\u201d<\/p>\n\t\t\t\t\t\t\t\t\t\t\t\t\tAida Nacro\n\t\t\t\t\t\t\t\t\t\t\t\t\t\t\t\t\t\t\tAdministradora de redes, licenciada en 2016\n\t\t\t\t\t\t\t <!-- .louder_testimonial -->\n\t<h2>\n\t\t\tDa el primer paso hacia tus metas profesionales.\t<\/h2>\n\t\t\t\t<img decoding=\"async\" src=\"https:\/\/www.capitalidea.org\/wp-content\/uploads\/2025\/07\/100-Tuition-Covered.png\" alt=\"100% Tuition Covered\" itemprop=\"image\" height=\"180\" width=\"180\" title=\"100% Matr\u00edcula cubierta\" onerror=\"this.style.display='none'\" loading=\"lazy\" \/>\n<h3>\n\t\t\tComienza tu carrera profesional sin preocuparte de la matr\u00edcula ni de los pr\u00e9stamos estudiantiles.\t<\/h3>\n\t\t\t\t<img decoding=\"async\" src=\"https:\/\/www.capitalidea.org\/wp-content\/uploads\/2025\/07\/Students-Supported.png\" alt=\"Students Supported\" itemprop=\"image\" height=\"180\" width=\"180\" title=\"Estudiantes apoyados\" onerror=\"this.style.display='none'\" loading=\"lazy\" \/>\n<h3>\n\t\t\tObtenga un t\u00edtulo que le conduzca directamente a una carrera profesional bien remunerada en el centro de Texas.\t<\/h3>\n\t\t\t\t<img decoding=\"async\" src=\"https:\/\/www.capitalidea.org\/wp-content\/uploads\/2025\/07\/Career-Planning-and-Job-Placement.png\" alt=\"Career Planning and Job Placement\" itemprop=\"image\" height=\"180\" width=\"180\" title=\"Planificaci\u00f3n de la carrera profesional e inserci\u00f3n laboral\" onerror=\"this.style.display='none'\" loading=\"lazy\" \/>\n<h3>\n\t\t\tComienza tu carrera profesional sin preocuparte de la matr\u00edcula ni de los pr\u00e9stamos estudiantiles.\t<\/h3>\n\t\t\t\t<img decoding=\"async\" src=\"https:\/\/www.capitalidea.org\/wp-content\/uploads\/2025\/07\/partner.png\" alt=\"partner\" itemprop=\"image\" height=\"180\" width=\"180\" title=\"socio\" onerror=\"this.style.display='none'\" loading=\"lazy\" \/>\n<h3>\n\t\t\tPasa de tu primera clase a tu primer trabajo con apoyo en cada paso del camino.\t<\/h3>\n\t\t\t\t<img decoding=\"async\" src=\"https:\/\/www.capitalidea.org\/wp-content\/uploads\/2025\/09\/salary-guide-lp-2.webp\" alt=\"salary-guide-lp-2\" itemprop=\"image\" height=\"1374\" width=\"1508\" title=\"gu\u00eda-salario-lp-2\" onerror=\"this.style.display='none'\" loading=\"lazy\" \/>\n<h2>\n\t\t\tTu futuro empieza ahora.\t<\/h2>\n\t<p>Cada a\u00f1o que esperas para volver a estudiar es un a\u00f1o que podr\u00edas estar avanzando en tu carrera y ganando m\u00e1s dinero. Encuentra hoy el trabajo de tus sue\u00f1os.<\/p>\n\t\t\t<a href=\"#popmake-44099\" target=\"_self\">\n\t\t\t\t\t\t\tDescargue su gu\u00eda\n\t\t\t\t\t<\/a>","protected":false},"excerpt":{"rendered":"<p>GU\u00cdA GRATUITA Explore los salarios competitivos de los empleos m\u00e1s demandados en el centro de Texas La educaci\u00f3n abre las puertas a un futuro m\u00e1s brillante y a mejores oportunidades profesionales. Descargue hoy mismo nuestra gu\u00eda gratuita para explorar...<\/p>","protected":false},"author":7,"featured_media":0,"parent":0,"menu_order":0,"comment_status":"closed","ping_status":"closed","template":"","meta":{"_acf_changed":false,"_price":"","_stock":"","_tribe_ticket_header":"","_tribe_default_ticket_provider":"","_tribe_ticket_capacity":"0","_ticket_start_date":"","_ticket_end_date":"","_tribe_ticket_show_description":"","_tribe_ticket_show_not_going":false,"_tribe_ticket_use_global_stock":"","_tribe_ticket_global_stock_level":"","_global_stock_mode":"","_global_stock_cap":"","_tribe_rsvp_for_event":"","_tribe_ticket_going_count":"","_tribe_ticket_not_going_count":"","_tribe_tickets_list":"[]","_tribe_ticket_has_attendee_info_fields":false,"footnotes":""},"class_list":["post-43893","page","type-page","status-publish","hentry"],"acf":[],"yoast_head":"<!-- This site is optimized with the Yoast SEO Premium plugin v27.3 (Yoast SEO v27.3) - https:\/\/yoast.com\/product\/yoast-seo-premium-wordpress\/ -->\n<title>Salary Guide | Capital IDEA<\/title>\n<meta name=\"robots\" content=\"index, follow, max-snippet:-1, max-image-preview:large, max-video-preview:-1\" \/>\n<link rel=\"canonical\" href=\"https:\/\/www.capitalidea.org\/es\/salary-guide\/\" \/>\n<meta property=\"og:locale\" content=\"es_MX\" \/>\n<meta property=\"og:type\" content=\"article\" \/>\n<meta property=\"og:title\" content=\"Salary Guide\" \/>\n<meta property=\"og:description\" content=\"FREE GUIDE Explore Competitive Salaries for In-Demand Jobs in Central Texas Education opens the door to a brighter future and better career opportunities. Download our free guide today to explore&hellip;\" \/>\n<meta property=\"og:url\" content=\"https:\/\/www.capitalidea.org\/es\/salary-guide\/\" \/>\n<meta property=\"og:site_name\" content=\"Capital IDEA\" \/>\n<meta property=\"article:publisher\" content=\"https:\/\/www.facebook.com\/capitalidea.austin\/\" \/>\n<meta property=\"article:modified_time\" content=\"2025-10-02T18:27:23+00:00\" \/>\n<meta property=\"og:image\" content=\"https:\/\/www.capitalidea.org\/wp-content\/uploads\/2025\/09\/e79647791683e771a20687a96de3cc34187870a6.webp\" \/>\n<meta name=\"twitter:card\" content=\"summary_large_image\" \/>\n<meta name=\"twitter:label1\" content=\"Tiempo de lectura\" \/>\n\t<meta name=\"twitter:data1\" content=\"4 minutos\" \/>\n<script type=\"application\/ld+json\" class=\"yoast-schema-graph\">{\"@context\":\"https:\\\/\\\/schema.org\",\"@graph\":[{\"@type\":\"WebPage\",\"@id\":\"https:\\\/\\\/www.capitalidea.org\\\/salary-guide\\\/\",\"url\":\"https:\\\/\\\/www.capitalidea.org\\\/salary-guide\\\/\",\"name\":\"Salary Guide | Capital IDEA\",\"isPartOf\":{\"@id\":\"https:\\\/\\\/www.capitalidea.org\\\/#website\"},\"primaryImageOfPage\":{\"@id\":\"https:\\\/\\\/www.capitalidea.org\\\/salary-guide\\\/#primaryimage\"},\"image\":{\"@id\":\"https:\\\/\\\/www.capitalidea.org\\\/salary-guide\\\/#primaryimage\"},\"thumbnailUrl\":\"https:\\\/\\\/www.capitalidea.org\\\/wp-content\\\/uploads\\\/2025\\\/09\\\/e79647791683e771a20687a96de3cc34187870a6.webp\",\"datePublished\":\"2025-09-12T14:28:19+00:00\",\"dateModified\":\"2025-10-02T18:27:23+00:00\",\"breadcrumb\":{\"@id\":\"https:\\\/\\\/www.capitalidea.org\\\/salary-guide\\\/#breadcrumb\"},\"inLanguage\":\"es\",\"potentialAction\":[{\"@type\":\"ReadAction\",\"target\":[\"https:\\\/\\\/www.capitalidea.org\\\/salary-guide\\\/\"]}]},{\"@type\":\"ImageObject\",\"inLanguage\":\"es\",\"@id\":\"https:\\\/\\\/www.capitalidea.org\\\/salary-guide\\\/#primaryimage\",\"url\":\"https:\\\/\\\/www.capitalidea.org\\\/wp-content\\\/uploads\\\/2025\\\/09\\\/e79647791683e771a20687a96de3cc34187870a6.webp\",\"contentUrl\":\"https:\\\/\\\/www.capitalidea.org\\\/wp-content\\\/uploads\\\/2025\\\/09\\\/e79647791683e771a20687a96de3cc34187870a6.webp\"},{\"@type\":\"BreadcrumbList\",\"@id\":\"https:\\\/\\\/www.capitalidea.org\\\/salary-guide\\\/#breadcrumb\",\"itemListElement\":[{\"@type\":\"ListItem\",\"position\":1,\"name\":\"Home\",\"item\":\"https:\\\/\\\/www.capitalidea.org\\\/\"},{\"@type\":\"ListItem\",\"position\":2,\"name\":\"Salary Guide\"}]},{\"@type\":\"WebSite\",\"@id\":\"https:\\\/\\\/www.capitalidea.org\\\/#website\",\"url\":\"https:\\\/\\\/www.capitalidea.org\\\/\",\"name\":\"Capital IDEA\",\"description\":\"\",\"publisher\":{\"@id\":\"https:\\\/\\\/www.capitalidea.org\\\/#organization\"},\"potentialAction\":[{\"@type\":\"SearchAction\",\"target\":{\"@type\":\"EntryPoint\",\"urlTemplate\":\"https:\\\/\\\/www.capitalidea.org\\\/?s={search_term_string}\"},\"query-input\":{\"@type\":\"PropertyValueSpecification\",\"valueRequired\":true,\"valueName\":\"search_term_string\"}}],\"inLanguage\":\"es\"},{\"@type\":\"Organization\",\"@id\":\"https:\\\/\\\/www.capitalidea.org\\\/#organization\",\"name\":\"Capital IDEA\",\"url\":\"https:\\\/\\\/www.capitalidea.org\\\/\",\"logo\":{\"@type\":\"ImageObject\",\"inLanguage\":\"es\",\"@id\":\"https:\\\/\\\/www.capitalidea.org\\\/#\\\/schema\\\/logo\\\/image\\\/\",\"url\":\"https:\\\/\\\/www.capitalidea.org\\\/wp-content\\\/uploads\\\/2025\\\/06\\\/logo-mark.svg\",\"contentUrl\":\"https:\\\/\\\/www.capitalidea.org\\\/wp-content\\\/uploads\\\/2025\\\/06\\\/logo-mark.svg\",\"width\":1,\"height\":1,\"caption\":\"Capital IDEA\"},\"image\":{\"@id\":\"https:\\\/\\\/www.capitalidea.org\\\/#\\\/schema\\\/logo\\\/image\\\/\"},\"sameAs\":[\"https:\\\/\\\/www.facebook.com\\\/capitalidea.austin\\\/\",\"https:\\\/\\\/www.instagram.com\\\/capital_idea_atx\\\/\",\"https:\\\/\\\/www.linkedin.com\\\/company\\\/capital-idea_2\",\"https:\\\/\\\/www.tiktok.com\\\/@capitalidea_atx\"]}]}<\/script>\n<!-- \/ Yoast SEO Premium plugin. -->","yoast_head_json":{"title":"Gu\u00eda salarial | Capital IDEA","robots":{"index":"index","follow":"follow","max-snippet":"max-snippet:-1","max-image-preview":"max-image-preview:large","max-video-preview":"max-video-preview:-1"},"canonical":"https:\/\/www.capitalidea.org\/es\/salary-guide\/","og_locale":"es_MX","og_type":"article","og_title":"Salary Guide","og_description":"FREE GUIDE Explore Competitive Salaries for In-Demand Jobs in Central Texas Education opens the door to a brighter future and better career opportunities. Download our free guide today to explore&hellip;","og_url":"https:\/\/www.capitalidea.org\/es\/salary-guide\/","og_site_name":"Capital IDEA","article_publisher":"https:\/\/www.facebook.com\/capitalidea.austin\/","article_modified_time":"2025-10-02T18:27:23+00:00","og_image":[{"url":"https:\/\/www.capitalidea.org\/wp-content\/uploads\/2025\/09\/e79647791683e771a20687a96de3cc34187870a6.webp","type":"","width":"","height":""}],"twitter_card":"summary_large_image","twitter_misc":{"Tiempo de lectura":"4 minutos"},"schema":{"@context":"https:\/\/schema.org","@graph":[{"@type":"WebPage","@id":"https:\/\/www.capitalidea.org\/salary-guide\/","url":"https:\/\/www.capitalidea.org\/salary-guide\/","name":"Gu\u00eda salarial | Capital IDEA","isPartOf":{"@id":"https:\/\/www.capitalidea.org\/#website"},"primaryImageOfPage":{"@id":"https:\/\/www.capitalidea.org\/salary-guide\/#primaryimage"},"image":{"@id":"https:\/\/www.capitalidea.org\/salary-guide\/#primaryimage"},"thumbnailUrl":"https:\/\/www.capitalidea.org\/wp-content\/uploads\/2025\/09\/e79647791683e771a20687a96de3cc34187870a6.webp","datePublished":"2025-09-12T14:28:19+00:00","dateModified":"2025-10-02T18:27:23+00:00","breadcrumb":{"@id":"https:\/\/www.capitalidea.org\/salary-guide\/#breadcrumb"},"inLanguage":"es","potentialAction":[{"@type":"ReadAction","target":["https:\/\/www.capitalidea.org\/salary-guide\/"]}]},{"@type":"ImageObject","inLanguage":"es","@id":"https:\/\/www.capitalidea.org\/salary-guide\/#primaryimage","url":"https:\/\/www.capitalidea.org\/wp-content\/uploads\/2025\/09\/e79647791683e771a20687a96de3cc34187870a6.webp","contentUrl":"https:\/\/www.capitalidea.org\/wp-content\/uploads\/2025\/09\/e79647791683e771a20687a96de3cc34187870a6.webp"},{"@type":"BreadcrumbList","@id":"https:\/\/www.capitalidea.org\/salary-guide\/#breadcrumb","itemListElement":[{"@type":"ListItem","position":1,"name":"Home","item":"https:\/\/www.capitalidea.org\/"},{"@type":"ListItem","position":2,"name":"Salary Guide"}]},{"@type":"WebSite","@id":"https:\/\/www.capitalidea.org\/#website","url":"https:\/\/www.capitalidea.org\/","name":"Capital IDEA","description":"","publisher":{"@id":"https:\/\/www.capitalidea.org\/#organization"},"potentialAction":[{"@type":"SearchAction","target":{"@type":"EntryPoint","urlTemplate":"https:\/\/www.capitalidea.org\/?s={search_term_string}"},"query-input":{"@type":"PropertyValueSpecification","valueRequired":true,"valueName":"search_term_string"}}],"inLanguage":"es"},{"@type":"Organization","@id":"https:\/\/www.capitalidea.org\/#organization","name":"Capital IDEA","url":"https:\/\/www.capitalidea.org\/","logo":{"@type":"ImageObject","inLanguage":"es","@id":"https:\/\/www.capitalidea.org\/#\/schema\/logo\/image\/","url":"https:\/\/www.capitalidea.org\/wp-content\/uploads\/2025\/06\/logo-mark.svg","contentUrl":"https:\/\/www.capitalidea.org\/wp-content\/uploads\/2025\/06\/logo-mark.svg","width":1,"height":1,"caption":"Capital IDEA"},"image":{"@id":"https:\/\/www.capitalidea.org\/#\/schema\/logo\/image\/"},"sameAs":["https:\/\/www.facebook.com\/capitalidea.austin\/","https:\/\/www.instagram.com\/capital_idea_atx\/","https:\/\/www.linkedin.com\/company\/capital-idea_2","https:\/\/www.tiktok.com\/@capitalidea_atx"]}]}},"_links":{"self":[{"href":"https:\/\/www.capitalidea.org\/es\/wp-json\/wp\/v2\/pages\/43893","targetHints":{"allow":["GET"]}}],"collection":[{"href":"https:\/\/www.capitalidea.org\/es\/wp-json\/wp\/v2\/pages"}],"about":[{"href":"https:\/\/www.capitalidea.org\/es\/wp-json\/wp\/v2\/types\/page"}],"author":[{"embeddable":true,"href":"https:\/\/www.capitalidea.org\/es\/wp-json\/wp\/v2\/users\/7"}],"replies":[{"embeddable":true,"href":"https:\/\/www.capitalidea.org\/es\/wp-json\/wp\/v2\/comments?post=43893"}],"version-history":[{"count":8,"href":"https:\/\/www.capitalidea.org\/es\/wp-json\/wp\/v2\/pages\/43893\/revisions"}],"predecessor-version":[{"id":44233,"href":"https:\/\/www.capitalidea.org\/es\/wp-json\/wp\/v2\/pages\/43893\/revisions\/44233"}],"wp:attachment":[{"href":"https:\/\/www.capitalidea.org\/es\/wp-json\/wp\/v2\/media?parent=43893"}],"curies":[{"name":"wp","href":"https:\/\/api.w.org\/{rel}","templated":true}]}}