{"id":689,"date":"2023-03-03T10:09:16","date_gmt":"2023-03-03T15:09:16","guid":{"rendered":"http:\/\/framework.local.loud\/?page_id=689"},"modified":"2026-04-23T13:00:35","modified_gmt":"2026-04-23T18:00:35","slug":"about","status":"publish","type":"page","link":"https:\/\/www.capitalidea.org\/es\/about\/","title":{"rendered":"Acerca de"},"content":{"rendered":"Nuestra misi\u00f3n\t\n<h1>\n\t\t\tEmpoderar a las personas y satisfacer las demandas laborales del centro de Texas\t<\/h1>\n\t<p>Nuestra misi\u00f3n es sacar a los trabajadores adultos de la pobreza y ayudarles a conseguir un salario digno mediante la educaci\u00f3n y la promoci\u00f3n profesional.<\/p>\n<figure itemscope itemtype=\"https:\/\/schema.org\/ImageObject\">\n\t\t\t\t<img decoding=\"async\" src=\"https:\/\/www.capitalidea.org\/wp-content\/uploads\/2025\/08\/about-5-1.jpg\" alt=\"about-5 (1)\" height=\"750\" width=\"950\" title=\"sobre-5 (1)\" onerror=\"this.style.display='none'\" loading=\"lazy\" \/>\n\t<\/figure>\n<figure itemscope itemtype=\"https:\/\/schema.org\/ImageObject\">\n\t\t\t\t<img decoding=\"async\" src=\"https:\/\/www.capitalidea.org\/wp-content\/uploads\/2025\/06\/star.svg\" alt=\"star\" height=\"55\" width=\"57\" title=\"estrella\" onerror=\"this.style.display='none'\" loading=\"lazy\" \/>\n\t<\/figure>\n<h2>\n\t\t\tNuestra visi\u00f3n para un futuro brillante\t<\/h2>\n\t<p>Imaginamos un pr\u00f3spero centro de Texas en el que los estudiantes no tradicionales tengan la oportunidad de obtener una educaci\u00f3n, acceder a una ocupaci\u00f3n cualificada, ganar un salario digno y alcanzar todo su potencial. Al mismo tiempo, nuestro objetivo es facilitar que nuestros principales empleadores permanezcan, crezcan y contraten localmente a partir de un grupo diverso de trabajadores motivados y debidamente formados para las mejores carreras de hoy y del futuro.<\/p>\n<h3>\n\t\t\tJuntos podemos afrontar los retos de la mano de obra local\t<\/h3>\n\t\t<!-- Comment to fix spacing issue\n\t-->\n\t\t0% Crecimiento del empleo en el centro de Texas entre 2018 y 2023: casi seis veces el promedio nacional.\n\t<!-- Comment to fix spacing issue\n\t-->\t\n\t\t<!-- Comment to fix spacing issue\n\t-->\n\t\t$0\/hora: la cantidad que un adulto soltero necesita ganar actualmente para mantener un nivel de vida \u201cmodesto pero adecuado\u201d. El estudiante promedio de Capital IDEA que ingres\u00f3 al programa en ganaba cerca de $11\/hora.\n\t<!-- Comment to fix spacing issue\n\t-->\t\n\t\t<!-- Comment to fix spacing issue\n\t-->\n\t\t0Es la escasez de enfermeras tituladas equivalentes a tiempo completo que se prev\u00e9 que sufra Texas en 2036. Se espera que el centro de Texas sea una de las zonas del estado con mayores necesidades sin cubrir.\n\t<!-- Comment to fix spacing issue\n\t-->\t\n\t\t<!-- Comment to fix spacing issue\n\t-->\n\t\t0El n\u00famero de nuevos trabajadores cualificados que necesita anualmente el centro de Texas, pero los programas de formaci\u00f3n solo grad\u00faan a 6,000.\n\t<!-- Comment to fix spacing issue\n\t-->\t\n<h2>\n\t\t\tNuestro enfoque y modelo probados\t<\/h2>\n\t\t\t\t<img decoding=\"async\" src=\"https:\/\/www.capitalidea.org\/wp-content\/uploads\/2025\/07\/From-Start-to-Hired.png\" alt=\"From Start to Hired\" title=\"Desde el principio hasta la contrataci\u00f3n\" itemprop=\"image\"\/>\n\t\t\t<h3>Desde el principio hasta la contrataci\u00f3n<\/h3>\t\t\t\n\t\t\t\t<p>Guiamos a adultos motivados y con bajos ingresos a trav\u00e9s de cohortes de preparaci\u00f3n para la universidad y cursos de prerrequisitos hasta la colocaci\u00f3n profesional en campos de gran demanda como la atenci\u00f3n sanitaria, la tecnolog\u00eda de la informaci\u00f3n y los oficios cualificados.<\/p>\n\t\t\t\t<img decoding=\"async\" src=\"https:\/\/www.capitalidea.org\/wp-content\/uploads\/2025\/07\/Receive-ongoing-support.png\" alt=\"Receive ongoing support\" title=\"Recibir apoyo continuo\" itemprop=\"image\"\/>\n\t\t\t<h3>Apoyo en todo momento<\/h3>\t\t\t\n\t\t\t\t<p>Nuestro modelo de apoyo integral elimina las barreras habituales, como cubrir los costos de la matr\u00edcula, los libros y el cuidado de los hijos, y proporcionar acceso a orientaci\u00f3n, para que los estudiantes puedan seguir adelante y alcanzar el \u00e9xito.<\/p>\n\t\t\t\t<img decoding=\"async\" src=\"https:\/\/www.capitalidea.org\/wp-content\/uploads\/2025\/08\/Texas.png\" alt=\"Texas\" title=\"Texas\" itemprop=\"image\"\/>\n\t\t\t<h3>Arraigada en las necesidades regionales<\/h3>\t\t\t\n\t\t\t\t<p>Adaptamos nuestra oferta de formaci\u00f3n a las necesidades del centro de Texas, garantizando que nuestros graduados est\u00e9n preparados para satisfacer la demanda local de mano de obra.<\/p>\n\t\t\t\t<img decoding=\"async\" src=\"https:\/\/www.capitalidea.org\/wp-content\/uploads\/2025\/07\/partner.png\" alt=\"partner\" title=\"socio\" itemprop=\"image\"\/>\n\t\t\t<h3>Impulsado por socios comunitarios<\/h3>\t\t\t\n\t\t\t\t<p>Desde nuestra fundaci\u00f3n hasta hoy, nuestro \u00e9xito depende de s\u00f3lidas alianzas con empleadores, financiadores, universidades y organizaciones comunitarias.<\/p>\n<figure itemscope itemtype=\"https:\/\/schema.org\/ImageObject\">\n\t\t\t\t<img decoding=\"async\" src=\"https:\/\/www.capitalidea.org\/wp-content\/uploads\/2025\/06\/logo-mark.svg\" alt=\"logo-mark\" height=\"100\" width=\"106\" title=\"logotipo-marca\" onerror=\"this.style.display='none'\" loading=\"lazy\" \/>\n\t<\/figure>\n<h2>\n\t\t\tGrandes resultados, rendimientos reales\t<\/h2>\n\t\t<!-- Comment to fix spacing issue\n\t-->\n\t\t0%ROI: por cada $1 invertido en Capital IDEA, nuestros graduados devuelven casi $7 a la comunidad.\n\t<!-- Comment to fix spacing issue\n\t-->\t\n\t\t<!-- Comment to fix spacing issue\n\t-->\n\t\tEn 0 a\u00f1os, la inversi\u00f3n se amortiza y, a partir de entonces, genera beneficios duraderos para nuestros graduados, sus familias y la comunidad.\n\t<!-- Comment to fix spacing issue\n\t-->\t\n\t\t<!-- Comment to fix spacing issue\n\t-->\n\t\t$0Kin valor econ\u00f3mico agregado a largo plazo por cada graduado durante 20 a\u00f1os. \n\t<!-- Comment to fix spacing issue\n\t-->\t\n\t\t<!-- Comment to fix spacing issue\n\t-->\n\t\t$0m\u00e1s ganan cada trimestre los graduados de Capital IDEA que sus compa\u00f1eros que no participaron en el programa.\n\t<!-- Comment to fix spacing issue\n\t-->\t\n\t<p>Fuente: Boswell, T., McCoy, D., Rodriguez, P., &amp; Cumpton, G. B. (2023). Revisiting return on investment analysis of local workforce investments. Ray Marshall Center for the Study of Human Resources, LBJ School of Public Affairs, The University of Texas at Austin. Presentado a Capital IDEA. <a href=\"https:\/\/www.capitalidea.org\/wp-content\/uploads\/2025\/08\/ROI-Brief-Ray-Marshall-2.jpg\">Leer resumen.<\/a><\/p>\n<figure itemscope itemtype=\"https:\/\/schema.org\/ImageObject\">\n\t\t\t\t<img decoding=\"async\" src=\"https:\/\/www.capitalidea.org\/wp-content\/uploads\/2025\/06\/star.svg\" alt=\"star\" height=\"55\" width=\"57\" title=\"estrella\" onerror=\"this.style.display='none'\" loading=\"lazy\" \/>\n\t<\/figure>\n\t\t\tNuestros valores\t\n<h2>\n\t\t\tDentro de nuestra organizaci\u00f3n, en la vida de nuestros estudiantes y en nuestra comunidad, nuestro objetivo es:\t<\/h2>\n<h3>\n\t\t\tInspirar la transformaci\u00f3n\t<\/h3>\n\t<p>Transformamos vidas inspirando a las personas para que alcancen su pleno potencial.<\/p>\n<h3>\n\t\t\tCuidar juntos\t<\/h3>\n\t<p>Trabajamos juntos para construir relaciones solidarias.<\/p>\n<h3>\n\t\t\tCultivar la innovaci\u00f3n\t<\/h3>\n\t<p>Cultivamos un esp\u00edritu de innovaci\u00f3n y mejora continua.<\/p>\n                                                            <img decoding=\"async\" src=\"https:\/\/www.capitalidea.org\/wp-content\/uploads\/2025\/08\/Eva-2-1.jpg\" alt=\"\" \/>\n                                                            <img decoding=\"async\" src=\"https:\/\/www.capitalidea.org\/wp-content\/uploads\/2025\/08\/Amy-2-1.jpg\" alt=\"\" \/>\n                                                            <img decoding=\"async\" src=\"https:\/\/www.capitalidea.org\/wp-content\/uploads\/2025\/07\/William-Askew-Jr.png\" alt=\"\" \/>\n                                                            <img decoding=\"async\" src=\"https:\/\/www.capitalidea.org\/wp-content\/uploads\/2025\/08\/Kisha-1.jpg\" alt=\"\" \/>\n                                                            <img decoding=\"async\" src=\"https:\/\/www.capitalidea.org\/wp-content\/uploads\/2025\/07\/Palacios-Woods.jpg\" alt=\"\" \/>\n\t\t\tNUESTRO EQUIPO DIRECTIVO\t\n<h2>\n\t\t\tConozca a los l\u00edderes que impulsan nuestra misi\u00f3n\t<\/h2>\n\t<p>Nuestro equipo directivo aporta d\u00e9cadas de experiencia, dedicaci\u00f3n y sabidur\u00eda adquirida con esfuerzo al camino de cada estudiante.<\/p>\n\t\t\t<a href=\"https:\/\/www.capitalidea.org\/es\/about\/team\/\"  target=\"_self\">\n\t\t\t\t\t\t\tDirecci\u00f3n y personal\n\t\t\t\t\t<\/a>\n\t\t\tNUESTRO CONSEJO DE ADMINISTRACI\u00d3N\t\n<h2>\n\t\t\tArraigados en la comunidad, impulsados por la asociaci\u00f3n\t<\/h2>\n\t<p>Desde los inicios de Central Texas Interfaith hasta el apoyo continuo de financiadores, empleadores y aliados locales, nuestro trabajo siempre se ha basado en la colaboraci\u00f3n. Muchos de estos socios clave ayudan a guiar nuestra misi\u00f3n como miembros de nuestra Junta Directiva.<\/p>\n\t\t\t<a href=\"https:\/\/www.capitalidea.org\/es\/about\/board\/\"  target=\"_self\">\n\t\t\t\t\t\t\tConozca a nuestro Consejo\n\t\t\t\t\t<\/a>\n<figure itemscope itemtype=\"https:\/\/schema.org\/ImageObject\">\n\t\t\t\t<img decoding=\"async\" src=\"https:\/\/www.capitalidea.org\/wp-content\/uploads\/2025\/08\/about-6-3-1.jpg\" alt=\"about-6 (3) (1)\" height=\"750\" width=\"950\" title=\"sobre-6 (3) (1)\" onerror=\"this.style.display='none'\" loading=\"lazy\" \/>\n\t<\/figure>\n                                                            <img decoding=\"async\" src=\"https:\/\/www.capitalidea.org\/wp-content\/uploads\/2026\/04\/Annual-Report-2025-5-1-scaled.png\" alt=\"\" \/>\n                                                            <img decoding=\"async\" src=\"https:\/\/www.capitalidea.org\/wp-content\/uploads\/2026\/04\/Annual-Report-2025-3-1-scaled.png\" alt=\"\" \/>\n                                                            <img decoding=\"async\" src=\"https:\/\/www.capitalidea.org\/wp-content\/uploads\/2026\/04\/Annual-Report-2025-1-1-1.png\" alt=\"\" \/>\n\t\t\tMedir el \u00e9xito\t\n<h2>\n\t\t\tSeguimiento de los progresos, a\u00f1o tras a\u00f1o\t<\/h2>\n\t<p>Nuestros informes anuales ofrecen una visi\u00f3n clara de nuestro progreso, desde el crecimiento financiero y los resultados de los estudiantes hasta las historias que muestran lo que es posible.<\/p>\n\t\t\t<a href=\"https:\/\/www.capitalidea.org\/es\/about\/impact\/\"  target=\"_self\">\n\t\t\t\t\t\t\tImpacto y finanzas\n\t\t\t\t\t<\/a>\n<figure data-animation-delay=\"0.2\" data-animation-duration=\"1\" itemscope itemtype=\"https:\/\/schema.org\/ImageObject\">\n\t\t\t\t<img decoding=\"async\" src=\"https:\/\/www.capitalidea.org\/wp-content\/uploads\/2025\/08\/about-10-1.jpg\" alt=\"about-10 (1)\" height=\"400\" width=\"600\" title=\"unos-10 (1)\" onerror=\"this.style.display='none'\" loading=\"lazy\" \/>\n\t<\/figure>\n<figure data-animation-delay=\"0\" data-animation-duration=\"1\" itemscope itemtype=\"https:\/\/schema.org\/ImageObject\">\n\t\t\t\t<img decoding=\"async\" src=\"https:\/\/www.capitalidea.org\/wp-content\/uploads\/2025\/08\/about-8-1.jpg\" alt=\"about-8 (1)\" height=\"400\" width=\"600\" title=\"sobre-8 (1)\" onerror=\"this.style.display='none'\" loading=\"lazy\" \/>\n\t<\/figure>\n<figure data-animation-delay=\"0.4\" data-animation-duration=\"1\" itemscope itemtype=\"https:\/\/schema.org\/ImageObject\">\n\t\t\t\t<img decoding=\"async\" src=\"https:\/\/www.capitalidea.org\/wp-content\/uploads\/2025\/08\/about-7-1.jpg\" alt=\"about-7 (1)\" height=\"400\" width=\"600\" title=\"sobre-7 (1)\" onerror=\"this.style.display='none'\" loading=\"lazy\" \/>\n\t<\/figure>\n\t\t\tNUESTRA Historia\t\n<h2>\n\t\t\tLa historia detr\u00e1s de la misi\u00f3n\t<\/h2>\n\t<p>Capital IDEA fue fundada en 1998 por <a href=\"https:\/\/www.centraltexasinterfaith.org\/\">Interreligioso del centro de Texas<\/a> y l\u00edderes empresariales locales en respuesta al aumento de la desigualdad econ\u00f3mica y a la creciente brecha laboral en nuestra regi\u00f3n. Su visi\u00f3n compartida y su liderazgo comunitario aseguraron las inversiones que pusieron en marcha nuestra misi\u00f3n de sacar a los adultos del centro de Texas de la pobreza y llevarlos a carreras con salarios dignos a trav\u00e9s de la educaci\u00f3n.<\/p>\n\t<p>Gracias a su apoyo y liderazgo a lo largo de casi 30 a\u00f1os, nuestro impacto sigue creciendo. Hoy en d\u00eda, a trav\u00e9s de una s\u00f3lida red de colaboraciones con entidades como la ciudad de Austin, el condado de Travis, organismos locales y estatales, y donantes filantr\u00f3picos, Capital IDEA ha ayudado a miles de personas a iniciar nuevas carreras profesionales, fortalecer sus familias y contribuir al desarrollo de una pr\u00f3spera regi\u00f3n del centro de Texas.<\/p>\n<h2>\n\t\t\tImpulsado por el apoyo p\u00fablico y el compromiso local\t<\/h2>\n\t<p>\u00danase a la creciente red de colaboradores que impulsan el cambio a largo plazo. Cuando invierte en los adultos trabajadores, les est\u00e1 ayudando a construir un futuro seguro, a mantener a sus familias y a fortalecer la fuerza laboral de la que depende nuestra regi\u00f3n.<\/p>\n<figure itemscope itemtype=\"https:\/\/schema.org\/ImageObject\">\n\t\t\t\t<img decoding=\"async\" src=\"https:\/\/www.capitalidea.org\/wp-content\/uploads\/2025\/07\/Give.png\" alt=\"Give\" height=\"180\" width=\"180\" title=\"Danos\" onerror=\"this.style.display='none'\" loading=\"lazy\" \/>\n\t<\/figure>\n<h3>\n\t\t\tDanos\t<\/h3>\n\t<p>Su donaci\u00f3n ayuda a los tejanos centrales a obtener la educaci\u00f3n y el apoyo que necesitan para carreras que cambian la vida, creando un impacto duradero en las familias y en nuestra comunidad en general.<\/p>\n\t\t\t<a href=\"https:\/\/www.capitalidea.org\/es\/dontate\/\"  target=\"_self\">\n\t\t\t\t\t\t\tDonar ahora\n\t\t\t\t\t<\/a>\n<figure itemscope itemtype=\"https:\/\/schema.org\/ImageObject\">\n\t\t\t\t<img decoding=\"async\" src=\"https:\/\/www.capitalidea.org\/wp-content\/uploads\/2025\/07\/partner.png\" alt=\"partner\" height=\"180\" width=\"180\" title=\"socio\" onerror=\"this.style.display='none'\" loading=\"lazy\" \/>\n\t<\/figure>\n<h3>\n\t\t\tAs\u00f3ciese con nosotros\t<\/h3>\n\t<p>Trabaje con nosotros para satisfacer las necesidades de mano de obra del centro de Texas. Juntos, podemos desarrollar habilidades fundamentales para carreras esenciales y muy demandadas que mantengan nuestra regi\u00f3n fuerte y pr\u00f3spera.<\/p>\n\t\t\t<a href=\"https:\/\/www.capitalidea.org\/es\/become-a-partner\/\"  target=\"_self\">\n\t\t\t\t\t\t\tAs\u00f3ciese con nosotros\n\t\t\t\t\t<\/a>","protected":false},"excerpt":{"rendered":"<p>Nuestra misi\u00f3n: empoderar a las personas y satisfacer las demandas laborales del centro de Texas. Nuestra misi\u00f3n es sacar a los adultos trabajadores de la pobreza y ayudarles a conseguir empleos con salarios dignos a trav\u00e9s de la educaci\u00f3n y la orientaci\u00f3n profesional...<\/p>","protected":false},"author":7,"featured_media":0,"parent":0,"menu_order":0,"comment_status":"closed","ping_status":"closed","template":"","meta":{"_acf_changed":false,"_price":"","_stock":"","_tribe_ticket_header":"","_tribe_default_ticket_provider":"","_tribe_ticket_capacity":"0","_ticket_start_date":"","_ticket_end_date":"","_tribe_ticket_show_description":"","_tribe_ticket_show_not_going":false,"_tribe_ticket_use_global_stock":"","_tribe_ticket_global_stock_level":"","_global_stock_mode":"","_global_stock_cap":"","_tribe_rsvp_for_event":"","_tribe_ticket_going_count":"","_tribe_ticket_not_going_count":"","_tribe_tickets_list":"[]","_tribe_ticket_has_attendee_info_fields":false,"footnotes":""},"class_list":["post-689","page","type-page","status-publish","hentry"],"acf":[],"yoast_head":"<!-- This site is optimized with the Yoast SEO Premium plugin v27.3 (Yoast SEO v27.3) - https:\/\/yoast.com\/product\/yoast-seo-premium-wordpress\/ -->\n<title>About Us - Capital IDEA, Connecting People to Their Future<\/title>\n<meta name=\"description\" content=\"Capital IDEA offers scholarships, financial aid, free education and college prep programs for low income, non-traditional students in Texas.\" \/>\n<meta name=\"robots\" content=\"index, follow, max-snippet:-1, max-image-preview:large, max-video-preview:-1\" \/>\n<link rel=\"canonical\" href=\"https:\/\/www.capitalidea.org\/es\/about\/\" \/>\n<meta property=\"og:locale\" content=\"es_MX\" \/>\n<meta property=\"og:type\" content=\"article\" \/>\n<meta property=\"og:title\" content=\"About\" \/>\n<meta property=\"og:description\" content=\"Capital IDEA offers scholarships, financial aid, free education and college prep programs for low income, non-traditional students in Texas.\" \/>\n<meta property=\"og:url\" content=\"https:\/\/www.capitalidea.org\/es\/about\/\" \/>\n<meta property=\"og:site_name\" content=\"Capital IDEA\" \/>\n<meta property=\"article:publisher\" content=\"https:\/\/www.facebook.com\/capitalidea.austin\/\" \/>\n<meta property=\"article:modified_time\" content=\"2026-04-23T18:00:35+00:00\" \/>\n<meta property=\"og:image\" content=\"https:\/\/www.capitalidea.org\/wp-content\/uploads\/2025\/08\/about-5-1.jpg\" \/>\n<meta name=\"twitter:card\" content=\"summary_large_image\" \/>\n<meta name=\"twitter:label1\" content=\"Tiempo de lectura\" \/>\n\t<meta name=\"twitter:data1\" content=\"7 minutos\" \/>\n<script type=\"application\/ld+json\" class=\"yoast-schema-graph\">{\"@context\":\"https:\\\/\\\/schema.org\",\"@graph\":[{\"@type\":\"WebPage\",\"@id\":\"https:\\\/\\\/www.capitalidea.org\\\/about\\\/\",\"url\":\"https:\\\/\\\/www.capitalidea.org\\\/about\\\/\",\"name\":\"About Us - Capital IDEA, Connecting People to Their Future\",\"isPartOf\":{\"@id\":\"https:\\\/\\\/www.capitalidea.org\\\/#website\"},\"primaryImageOfPage\":{\"@id\":\"https:\\\/\\\/www.capitalidea.org\\\/about\\\/#primaryimage\"},\"image\":{\"@id\":\"https:\\\/\\\/www.capitalidea.org\\\/about\\\/#primaryimage\"},\"thumbnailUrl\":\"https:\\\/\\\/www.capitalidea.org\\\/wp-content\\\/uploads\\\/2025\\\/08\\\/about-5-1.jpg\",\"datePublished\":\"2023-03-03T15:09:16+00:00\",\"dateModified\":\"2026-04-23T18:00:35+00:00\",\"description\":\"Capital IDEA offers scholarships, financial aid, free education and college prep programs for low income, non-traditional students in Texas.\",\"breadcrumb\":{\"@id\":\"https:\\\/\\\/www.capitalidea.org\\\/about\\\/#breadcrumb\"},\"inLanguage\":\"es\",\"potentialAction\":[{\"@type\":\"ReadAction\",\"target\":[\"https:\\\/\\\/www.capitalidea.org\\\/about\\\/\"]}]},{\"@type\":\"ImageObject\",\"inLanguage\":\"es\",\"@id\":\"https:\\\/\\\/www.capitalidea.org\\\/about\\\/#primaryimage\",\"url\":\"https:\\\/\\\/www.capitalidea.org\\\/wp-content\\\/uploads\\\/2025\\\/08\\\/about-5-1.jpg\",\"contentUrl\":\"https:\\\/\\\/www.capitalidea.org\\\/wp-content\\\/uploads\\\/2025\\\/08\\\/about-5-1.jpg\"},{\"@type\":\"BreadcrumbList\",\"@id\":\"https:\\\/\\\/www.capitalidea.org\\\/about\\\/#breadcrumb\",\"itemListElement\":[{\"@type\":\"ListItem\",\"position\":1,\"name\":\"Home\",\"item\":\"https:\\\/\\\/www.capitalidea.org\\\/\"},{\"@type\":\"ListItem\",\"position\":2,\"name\":\"About\"}]},{\"@type\":\"WebSite\",\"@id\":\"https:\\\/\\\/www.capitalidea.org\\\/#website\",\"url\":\"https:\\\/\\\/www.capitalidea.org\\\/\",\"name\":\"Capital IDEA\",\"description\":\"\",\"publisher\":{\"@id\":\"https:\\\/\\\/www.capitalidea.org\\\/#organization\"},\"potentialAction\":[{\"@type\":\"SearchAction\",\"target\":{\"@type\":\"EntryPoint\",\"urlTemplate\":\"https:\\\/\\\/www.capitalidea.org\\\/?s={search_term_string}\"},\"query-input\":{\"@type\":\"PropertyValueSpecification\",\"valueRequired\":true,\"valueName\":\"search_term_string\"}}],\"inLanguage\":\"es\"},{\"@type\":\"Organization\",\"@id\":\"https:\\\/\\\/www.capitalidea.org\\\/#organization\",\"name\":\"Capital IDEA\",\"url\":\"https:\\\/\\\/www.capitalidea.org\\\/\",\"logo\":{\"@type\":\"ImageObject\",\"inLanguage\":\"es\",\"@id\":\"https:\\\/\\\/www.capitalidea.org\\\/#\\\/schema\\\/logo\\\/image\\\/\",\"url\":\"https:\\\/\\\/www.capitalidea.org\\\/wp-content\\\/uploads\\\/2025\\\/06\\\/logo-mark.svg\",\"contentUrl\":\"https:\\\/\\\/www.capitalidea.org\\\/wp-content\\\/uploads\\\/2025\\\/06\\\/logo-mark.svg\",\"width\":1,\"height\":1,\"caption\":\"Capital IDEA\"},\"image\":{\"@id\":\"https:\\\/\\\/www.capitalidea.org\\\/#\\\/schema\\\/logo\\\/image\\\/\"},\"sameAs\":[\"https:\\\/\\\/www.facebook.com\\\/capitalidea.austin\\\/\",\"https:\\\/\\\/www.instagram.com\\\/capital_idea_atx\\\/\",\"https:\\\/\\\/www.linkedin.com\\\/company\\\/capital-idea_2\",\"https:\\\/\\\/www.tiktok.com\\\/@capitalidea_atx\"]}]}<\/script>\n<!-- \/ Yoast SEO Premium plugin. -->","yoast_head_json":{"title":"Acerca de nosotros - Capital IDEA, conectando a las personas con su futuro","description":"Capital IDEA ofrece becas, ayuda financiera, educaci\u00f3n gratuita y programas de preparaci\u00f3n para la universidad a estudiantes de bajos ingresos y no tradicionales de Texas.","robots":{"index":"index","follow":"follow","max-snippet":"max-snippet:-1","max-image-preview":"max-image-preview:large","max-video-preview":"max-video-preview:-1"},"canonical":"https:\/\/www.capitalidea.org\/es\/about\/","og_locale":"es_MX","og_type":"article","og_title":"About","og_description":"Capital IDEA offers scholarships, financial aid, free education and college prep programs for low income, non-traditional students in Texas.","og_url":"https:\/\/www.capitalidea.org\/es\/about\/","og_site_name":"Capital IDEA","article_publisher":"https:\/\/www.facebook.com\/capitalidea.austin\/","article_modified_time":"2026-04-23T18:00:35+00:00","og_image":[{"url":"https:\/\/www.capitalidea.org\/wp-content\/uploads\/2025\/08\/about-5-1.jpg","type":"","width":"","height":""}],"twitter_card":"summary_large_image","twitter_misc":{"Tiempo de lectura":"7 minutos"},"schema":{"@context":"https:\/\/schema.org","@graph":[{"@type":"WebPage","@id":"https:\/\/www.capitalidea.org\/about\/","url":"https:\/\/www.capitalidea.org\/about\/","name":"Acerca de nosotros - Capital IDEA, conectando a las personas con su futuro","isPartOf":{"@id":"https:\/\/www.capitalidea.org\/#website"},"primaryImageOfPage":{"@id":"https:\/\/www.capitalidea.org\/about\/#primaryimage"},"image":{"@id":"https:\/\/www.capitalidea.org\/about\/#primaryimage"},"thumbnailUrl":"https:\/\/www.capitalidea.org\/wp-content\/uploads\/2025\/08\/about-5-1.jpg","datePublished":"2023-03-03T15:09:16+00:00","dateModified":"2026-04-23T18:00:35+00:00","description":"Capital IDEA ofrece becas, ayuda financiera, educaci\u00f3n gratuita y programas de preparaci\u00f3n para la universidad a estudiantes de bajos ingresos y no tradicionales de Texas.","breadcrumb":{"@id":"https:\/\/www.capitalidea.org\/about\/#breadcrumb"},"inLanguage":"es","potentialAction":[{"@type":"ReadAction","target":["https:\/\/www.capitalidea.org\/about\/"]}]},{"@type":"ImageObject","inLanguage":"es","@id":"https:\/\/www.capitalidea.org\/about\/#primaryimage","url":"https:\/\/www.capitalidea.org\/wp-content\/uploads\/2025\/08\/about-5-1.jpg","contentUrl":"https:\/\/www.capitalidea.org\/wp-content\/uploads\/2025\/08\/about-5-1.jpg"},{"@type":"BreadcrumbList","@id":"https:\/\/www.capitalidea.org\/about\/#breadcrumb","itemListElement":[{"@type":"ListItem","position":1,"name":"Home","item":"https:\/\/www.capitalidea.org\/"},{"@type":"ListItem","position":2,"name":"About"}]},{"@type":"WebSite","@id":"https:\/\/www.capitalidea.org\/#website","url":"https:\/\/www.capitalidea.org\/","name":"Capital IDEA","description":"","publisher":{"@id":"https:\/\/www.capitalidea.org\/#organization"},"potentialAction":[{"@type":"SearchAction","target":{"@type":"EntryPoint","urlTemplate":"https:\/\/www.capitalidea.org\/?s={search_term_string}"},"query-input":{"@type":"PropertyValueSpecification","valueRequired":true,"valueName":"search_term_string"}}],"inLanguage":"es"},{"@type":"Organization","@id":"https:\/\/www.capitalidea.org\/#organization","name":"Capital IDEA","url":"https:\/\/www.capitalidea.org\/","logo":{"@type":"ImageObject","inLanguage":"es","@id":"https:\/\/www.capitalidea.org\/#\/schema\/logo\/image\/","url":"https:\/\/www.capitalidea.org\/wp-content\/uploads\/2025\/06\/logo-mark.svg","contentUrl":"https:\/\/www.capitalidea.org\/wp-content\/uploads\/2025\/06\/logo-mark.svg","width":1,"height":1,"caption":"Capital IDEA"},"image":{"@id":"https:\/\/www.capitalidea.org\/#\/schema\/logo\/image\/"},"sameAs":["https:\/\/www.facebook.com\/capitalidea.austin\/","https:\/\/www.instagram.com\/capital_idea_atx\/","https:\/\/www.linkedin.com\/company\/capital-idea_2","https:\/\/www.tiktok.com\/@capitalidea_atx"]}]}},"_links":{"self":[{"href":"https:\/\/www.capitalidea.org\/es\/wp-json\/wp\/v2\/pages\/689","targetHints":{"allow":["GET"]}}],"collection":[{"href":"https:\/\/www.capitalidea.org\/es\/wp-json\/wp\/v2\/pages"}],"about":[{"href":"https:\/\/www.capitalidea.org\/es\/wp-json\/wp\/v2\/types\/page"}],"author":[{"embeddable":true,"href":"https:\/\/www.capitalidea.org\/es\/wp-json\/wp\/v2\/users\/7"}],"replies":[{"embeddable":true,"href":"https:\/\/www.capitalidea.org\/es\/wp-json\/wp\/v2\/comments?post=689"}],"version-history":[{"count":21,"href":"https:\/\/www.capitalidea.org\/es\/wp-json\/wp\/v2\/pages\/689\/revisions"}],"predecessor-version":[{"id":45449,"href":"https:\/\/www.capitalidea.org\/es\/wp-json\/wp\/v2\/pages\/689\/revisions\/45449"}],"wp:attachment":[{"href":"https:\/\/www.capitalidea.org\/es\/wp-json\/wp\/v2\/media?parent=689"}],"curies":[{"name":"wp","href":"https:\/\/api.w.org\/{rel}","templated":true}]}}