{"id":691,"date":"2023-03-03T10:09:31","date_gmt":"2023-03-03T15:09:31","guid":{"rendered":"http:\/\/framework.local.loud\/?page_id=691"},"modified":"2026-03-11T09:31:02","modified_gmt":"2026-03-11T14:31:02","slug":"privacy-policy","status":"publish","type":"page","link":"https:\/\/www.capitalidea.org\/es\/privacy-policy\/","title":{"rendered":"Pol\u00edtica de privacidad"},"content":{"rendered":"<figure itemscope itemtype=\"https:\/\/schema.org\/ImageObject\">\n\t\t\t\t<img decoding=\"async\" src=\"https:\/\/www.capitalidea.org\/wp-content\/uploads\/2025\/06\/star.svg\" alt=\"star\" height=\"55\" width=\"57\" title=\"estrella\" onerror=\"this.style.display='none'\" loading=\"lazy\" \/>\n\t<\/figure>\n<h1>\n\t\t\tPol\u00edtica de privacidad\t<\/h1>\n\t<p>Valoramos su privacidad. Capital IDEA solo recopila la informaci\u00f3n necesaria para prestar servicios, mejorar nuestro sitio web, publicitar nuestro programa y comunicarnos con usted. Nunca vendemos sus datos.<\/p>\n<p><strong>Fecha de entrada en vigor: 2 de marzo de 2026<\/strong><\/p>\n<p>Capital IDEA (\u201cnosotros\u201d, \u201cnuestro\u201d o \u201cnos\u201d) se compromete a proteger su privacidad. Solo recopilamos la informaci\u00f3n necesaria para prestar servicios, mejorar nuestro sitio web, publicitar nuestro programa y comunicarnos con usted. Nunca vendemos sus datos. Esta pol\u00edtica explica c\u00f3mo recopilamos, utilizamos y compartimos su informaci\u00f3n cuando visita nuestro sitio web o interact\u00faa con nuestros servicios.<\/p>\n<p><strong>1. Informaci\u00f3n que recopilamos<\/strong><\/p>\n<p>Recopilamos informaci\u00f3n personal y t\u00e9cnica de las siguientes maneras:<\/p>\n<p>Informaci\u00f3n que usted proporciona directamente, incluidos su nombre, direcci\u00f3n de correo electr\u00f3nico, n\u00famero de tel\u00e9fono y cualquier otro dato compartido a trav\u00e9s de inscripciones a eventos, suscripciones a boletines o formularios de contacto.<\/p>\n<p>Informaci\u00f3n recopilada autom\u00e1ticamente, como su direcci\u00f3n IP, tipo de navegador y datos de uso, a trav\u00e9s de herramientas como Google Analytics y Facebook Pixel.<\/p>\n<p>Informaci\u00f3n procedente de herramientas de terceros, incluida la informaci\u00f3n sobre pagos o programaci\u00f3n enviada a trav\u00e9s de las plataformas que utilizamos para recaudar fondos y apoyar nuestros programas.<\/p>\n<p><strong>2. C\u00f3mo utilizamos su informaci\u00f3n<\/strong><\/p>\n<p>Utilizamos su informaci\u00f3n para:<\/p>\n<ul>\n<li>Tramitar solicitudes, inscripciones a eventos y donaciones<\/li>\n<li>Enviar boletines informativos y actualizaciones de los programas<\/li>\n<li>Comprender el uso del sitio y mejorar nuestros contenidos<\/li>\n<li>Gestionar nuestros registros de estudiantes y donantes<\/li>\n<li>Automatizar las transferencias de datos entre sistemas cuando sea necesario<\/li>\n<li>Anuncie nuestro programa a los residentes del centro de Texas.<\/li>\n<\/ul>\n<p><strong>3. Servicios de terceros<\/strong><\/p>\n<p>Podemos compartir su informaci\u00f3n con proveedores de servicios de confianza que nos ayudan a operar nuestro sitio web, gestionar las comunicaciones, procesar registros y donaciones, analizar el tr\u00e1fico del sitio y publicitar nuestro programa. Estos proveedores solo acceden a los datos cuando es necesario para realizar tareas espec\u00edficas en nuestro nombre y est\u00e1n obligados a protegerlos de acuerdo con las leyes de privacidad y sus propias pol\u00edticas de privacidad.<\/p>\n<p><strong>4. Cookies y rastreo<\/strong><\/p>\n<p>Nuestro sitio utiliza cookies y tecnolog\u00edas similares para analizar el tr\u00e1fico del sitio, recordar las preferencias del usuario y ofrecer anuncios espec\u00edficos.<\/p>\n<p>Puede controlar la configuraci\u00f3n de las cookies a trav\u00e9s de su navegador. Deshabilitar las cookies puede afectar a su experiencia en nuestro sitio.<\/p>\n<p><strong>5. 5. Protecci\u00f3n de datos<\/strong><\/p>\n<p>Aunque ning\u00fan sistema es totalmente inmune a los riesgos, nosotros damos prioridad a la protecci\u00f3n de sus datos. Utilizamos sistemas y pr\u00e1cticas seguros para proteger sus datos personales. Esto incluye conexiones cifradas (SSL), controles de acceso y limitaci\u00f3n de qui\u00e9n puede ver o gestionar su informaci\u00f3n.<\/p>\n<p><strong>6. Sus derechos<\/strong><\/p>\n<p>Dependiendo de su ubicaci\u00f3n, puede tener derecho a acceder a su informaci\u00f3n personal, solicitar correcciones o supresiones, optar por no recibir comunicaciones por correo electr\u00f3nico o limitar determinados tipos de tratamiento de datos.<\/p>\n<p><strong>7. Enlaces externos<\/strong><\/p>\n<p>Nuestro sitio web puede incluir enlaces a sitios web externos. No somos responsables del contenido ni de las pr\u00e1cticas de privacidad de esos sitios.<\/p>\n<p><strong>8. Actualizaciones pol\u00edticas<\/strong><\/p>\n<p>Podemos actualizar esta pol\u00edtica peri\u00f3dicamente. Los cambios se publicar\u00e1n en esta p\u00e1gina con una fecha de entrada en vigor revisada.<\/p>\n<p><strong>Contacte con nosotros<\/strong><\/p>\n<p>Si tiene alguna pregunta sobre esta pol\u00edtica o necesita actualizar sus datos personales, puede ponerse en contacto con nosotros en <a href=\"mailto:capitalidea@capitalidea.org\">capitalidea@capitalidea.org<\/a>.<\/p>","protected":false},"excerpt":{"rendered":"<p>Pol\u00edtica de privacidad Valoramos su privacidad. Capital IDEA solo recopila la informaci\u00f3n necesaria para prestar servicios, mejorar nuestro sitio web, publicitar nuestro programa y comunicarnos con usted. Nunca vendemos su...<\/p>","protected":false},"author":7,"featured_media":0,"parent":0,"menu_order":0,"comment_status":"closed","ping_status":"closed","template":"","meta":{"_acf_changed":false,"_price":"","_stock":"","_tribe_ticket_header":"","_tribe_default_ticket_provider":"","_tribe_ticket_capacity":"0","_ticket_start_date":"","_ticket_end_date":"","_tribe_ticket_show_description":"","_tribe_ticket_show_not_going":false,"_tribe_ticket_use_global_stock":"","_tribe_ticket_global_stock_level":"","_global_stock_mode":"","_global_stock_cap":"","_tribe_rsvp_for_event":"","_tribe_ticket_going_count":"","_tribe_ticket_not_going_count":"","_tribe_tickets_list":"[]","_tribe_ticket_has_attendee_info_fields":false,"footnotes":""},"class_list":["post-691","page","type-page","status-publish","hentry"],"acf":[],"yoast_head":"<!-- This site is optimized with the Yoast SEO Premium plugin v27.3 (Yoast SEO v27.3) - https:\/\/yoast.com\/product\/yoast-seo-premium-wordpress\/ -->\n<title>Privacy Policy | Capital IDEA<\/title>\n<meta name=\"robots\" content=\"index, follow, max-snippet:-1, max-image-preview:large, max-video-preview:-1\" \/>\n<link rel=\"canonical\" href=\"https:\/\/www.capitalidea.org\/es\/privacy-policy\/\" \/>\n<meta property=\"og:locale\" content=\"es_MX\" \/>\n<meta property=\"og:type\" content=\"article\" \/>\n<meta property=\"og:title\" content=\"Privacy Policy\" \/>\n<meta property=\"og:description\" content=\"Privacy Policy We value your privacy. Capital IDEA only collects the information needed to deliver services, improve our site, advertise our program, and communicate with you. We never sell your&hellip;\" \/>\n<meta property=\"og:url\" content=\"https:\/\/www.capitalidea.org\/es\/privacy-policy\/\" \/>\n<meta property=\"og:site_name\" content=\"Capital IDEA\" \/>\n<meta property=\"article:publisher\" content=\"https:\/\/www.facebook.com\/capitalidea.austin\/\" \/>\n<meta property=\"article:modified_time\" content=\"2026-03-11T14:31:02+00:00\" \/>\n<meta property=\"og:image\" content=\"https:\/\/www.capitalidea.org\/wp-content\/uploads\/2025\/06\/star.svg\" \/>\n<meta name=\"twitter:card\" content=\"summary_large_image\" \/>\n<meta name=\"twitter:label1\" content=\"Tiempo de lectura\" \/>\n\t<meta name=\"twitter:data1\" content=\"3 minutos\" \/>\n<script type=\"application\/ld+json\" class=\"yoast-schema-graph\">{\"@context\":\"https:\\\/\\\/schema.org\",\"@graph\":[{\"@type\":\"WebPage\",\"@id\":\"https:\\\/\\\/www.capitalidea.org\\\/privacy-policy\\\/\",\"url\":\"https:\\\/\\\/www.capitalidea.org\\\/privacy-policy\\\/\",\"name\":\"Privacy Policy | Capital IDEA\",\"isPartOf\":{\"@id\":\"https:\\\/\\\/www.capitalidea.org\\\/#website\"},\"primaryImageOfPage\":{\"@id\":\"https:\\\/\\\/www.capitalidea.org\\\/privacy-policy\\\/#primaryimage\"},\"image\":{\"@id\":\"https:\\\/\\\/www.capitalidea.org\\\/privacy-policy\\\/#primaryimage\"},\"thumbnailUrl\":\"https:\\\/\\\/www.capitalidea.org\\\/wp-content\\\/uploads\\\/2025\\\/06\\\/star.svg\",\"datePublished\":\"2023-03-03T15:09:31+00:00\",\"dateModified\":\"2026-03-11T14:31:02+00:00\",\"breadcrumb\":{\"@id\":\"https:\\\/\\\/www.capitalidea.org\\\/privacy-policy\\\/#breadcrumb\"},\"inLanguage\":\"es\",\"potentialAction\":[{\"@type\":\"ReadAction\",\"target\":[\"https:\\\/\\\/www.capitalidea.org\\\/privacy-policy\\\/\"]}]},{\"@type\":\"ImageObject\",\"inLanguage\":\"es\",\"@id\":\"https:\\\/\\\/www.capitalidea.org\\\/privacy-policy\\\/#primaryimage\",\"url\":\"https:\\\/\\\/www.capitalidea.org\\\/wp-content\\\/uploads\\\/2025\\\/06\\\/star.svg\",\"contentUrl\":\"https:\\\/\\\/www.capitalidea.org\\\/wp-content\\\/uploads\\\/2025\\\/06\\\/star.svg\"},{\"@type\":\"BreadcrumbList\",\"@id\":\"https:\\\/\\\/www.capitalidea.org\\\/privacy-policy\\\/#breadcrumb\",\"itemListElement\":[{\"@type\":\"ListItem\",\"position\":1,\"name\":\"Home\",\"item\":\"https:\\\/\\\/www.capitalidea.org\\\/\"},{\"@type\":\"ListItem\",\"position\":2,\"name\":\"Privacy Policy\"}]},{\"@type\":\"WebSite\",\"@id\":\"https:\\\/\\\/www.capitalidea.org\\\/#website\",\"url\":\"https:\\\/\\\/www.capitalidea.org\\\/\",\"name\":\"Capital IDEA\",\"description\":\"\",\"publisher\":{\"@id\":\"https:\\\/\\\/www.capitalidea.org\\\/#organization\"},\"potentialAction\":[{\"@type\":\"SearchAction\",\"target\":{\"@type\":\"EntryPoint\",\"urlTemplate\":\"https:\\\/\\\/www.capitalidea.org\\\/?s={search_term_string}\"},\"query-input\":{\"@type\":\"PropertyValueSpecification\",\"valueRequired\":true,\"valueName\":\"search_term_string\"}}],\"inLanguage\":\"es\"},{\"@type\":\"Organization\",\"@id\":\"https:\\\/\\\/www.capitalidea.org\\\/#organization\",\"name\":\"Capital IDEA\",\"url\":\"https:\\\/\\\/www.capitalidea.org\\\/\",\"logo\":{\"@type\":\"ImageObject\",\"inLanguage\":\"es\",\"@id\":\"https:\\\/\\\/www.capitalidea.org\\\/#\\\/schema\\\/logo\\\/image\\\/\",\"url\":\"https:\\\/\\\/www.capitalidea.org\\\/wp-content\\\/uploads\\\/2025\\\/06\\\/logo-mark.svg\",\"contentUrl\":\"https:\\\/\\\/www.capitalidea.org\\\/wp-content\\\/uploads\\\/2025\\\/06\\\/logo-mark.svg\",\"width\":1,\"height\":1,\"caption\":\"Capital IDEA\"},\"image\":{\"@id\":\"https:\\\/\\\/www.capitalidea.org\\\/#\\\/schema\\\/logo\\\/image\\\/\"},\"sameAs\":[\"https:\\\/\\\/www.facebook.com\\\/capitalidea.austin\\\/\",\"https:\\\/\\\/www.instagram.com\\\/capital_idea_atx\\\/\",\"https:\\\/\\\/www.linkedin.com\\\/company\\\/capital-idea_2\",\"https:\\\/\\\/www.tiktok.com\\\/@capitalidea_atx\"]}]}<\/script>\n<!-- \/ Yoast SEO Premium plugin. -->","yoast_head_json":{"title":"Pol\u00edtica de privacidad | Capital IDEA","robots":{"index":"index","follow":"follow","max-snippet":"max-snippet:-1","max-image-preview":"max-image-preview:large","max-video-preview":"max-video-preview:-1"},"canonical":"https:\/\/www.capitalidea.org\/es\/privacy-policy\/","og_locale":"es_MX","og_type":"article","og_title":"Privacy Policy","og_description":"Privacy Policy We value your privacy. Capital IDEA only collects the information needed to deliver services, improve our site, advertise our program, and communicate with you. We never sell your&hellip;","og_url":"https:\/\/www.capitalidea.org\/es\/privacy-policy\/","og_site_name":"Capital IDEA","article_publisher":"https:\/\/www.facebook.com\/capitalidea.austin\/","article_modified_time":"2026-03-11T14:31:02+00:00","og_image":[{"url":"https:\/\/www.capitalidea.org\/wp-content\/uploads\/2025\/06\/star.svg","type":"","width":"","height":""}],"twitter_card":"summary_large_image","twitter_misc":{"Tiempo de lectura":"3 minutos"},"schema":{"@context":"https:\/\/schema.org","@graph":[{"@type":"WebPage","@id":"https:\/\/www.capitalidea.org\/privacy-policy\/","url":"https:\/\/www.capitalidea.org\/privacy-policy\/","name":"Pol\u00edtica de privacidad | Capital IDEA","isPartOf":{"@id":"https:\/\/www.capitalidea.org\/#website"},"primaryImageOfPage":{"@id":"https:\/\/www.capitalidea.org\/privacy-policy\/#primaryimage"},"image":{"@id":"https:\/\/www.capitalidea.org\/privacy-policy\/#primaryimage"},"thumbnailUrl":"https:\/\/www.capitalidea.org\/wp-content\/uploads\/2025\/06\/star.svg","datePublished":"2023-03-03T15:09:31+00:00","dateModified":"2026-03-11T14:31:02+00:00","breadcrumb":{"@id":"https:\/\/www.capitalidea.org\/privacy-policy\/#breadcrumb"},"inLanguage":"es","potentialAction":[{"@type":"ReadAction","target":["https:\/\/www.capitalidea.org\/privacy-policy\/"]}]},{"@type":"ImageObject","inLanguage":"es","@id":"https:\/\/www.capitalidea.org\/privacy-policy\/#primaryimage","url":"https:\/\/www.capitalidea.org\/wp-content\/uploads\/2025\/06\/star.svg","contentUrl":"https:\/\/www.capitalidea.org\/wp-content\/uploads\/2025\/06\/star.svg"},{"@type":"BreadcrumbList","@id":"https:\/\/www.capitalidea.org\/privacy-policy\/#breadcrumb","itemListElement":[{"@type":"ListItem","position":1,"name":"Home","item":"https:\/\/www.capitalidea.org\/"},{"@type":"ListItem","position":2,"name":"Privacy Policy"}]},{"@type":"WebSite","@id":"https:\/\/www.capitalidea.org\/#website","url":"https:\/\/www.capitalidea.org\/","name":"Capital IDEA","description":"","publisher":{"@id":"https:\/\/www.capitalidea.org\/#organization"},"potentialAction":[{"@type":"SearchAction","target":{"@type":"EntryPoint","urlTemplate":"https:\/\/www.capitalidea.org\/?s={search_term_string}"},"query-input":{"@type":"PropertyValueSpecification","valueRequired":true,"valueName":"search_term_string"}}],"inLanguage":"es"},{"@type":"Organization","@id":"https:\/\/www.capitalidea.org\/#organization","name":"Capital IDEA","url":"https:\/\/www.capitalidea.org\/","logo":{"@type":"ImageObject","inLanguage":"es","@id":"https:\/\/www.capitalidea.org\/#\/schema\/logo\/image\/","url":"https:\/\/www.capitalidea.org\/wp-content\/uploads\/2025\/06\/logo-mark.svg","contentUrl":"https:\/\/www.capitalidea.org\/wp-content\/uploads\/2025\/06\/logo-mark.svg","width":1,"height":1,"caption":"Capital IDEA"},"image":{"@id":"https:\/\/www.capitalidea.org\/#\/schema\/logo\/image\/"},"sameAs":["https:\/\/www.facebook.com\/capitalidea.austin\/","https:\/\/www.instagram.com\/capital_idea_atx\/","https:\/\/www.linkedin.com\/company\/capital-idea_2","https:\/\/www.tiktok.com\/@capitalidea_atx"]}]}},"_links":{"self":[{"href":"https:\/\/www.capitalidea.org\/es\/wp-json\/wp\/v2\/pages\/691","targetHints":{"allow":["GET"]}}],"collection":[{"href":"https:\/\/www.capitalidea.org\/es\/wp-json\/wp\/v2\/pages"}],"about":[{"href":"https:\/\/www.capitalidea.org\/es\/wp-json\/wp\/v2\/types\/page"}],"author":[{"embeddable":true,"href":"https:\/\/www.capitalidea.org\/es\/wp-json\/wp\/v2\/users\/7"}],"replies":[{"embeddable":true,"href":"https:\/\/www.capitalidea.org\/es\/wp-json\/wp\/v2\/comments?post=691"}],"version-history":[{"count":7,"href":"https:\/\/www.capitalidea.org\/es\/wp-json\/wp\/v2\/pages\/691\/revisions"}],"predecessor-version":[{"id":45141,"href":"https:\/\/www.capitalidea.org\/es\/wp-json\/wp\/v2\/pages\/691\/revisions\/45141"}],"wp:attachment":[{"href":"https:\/\/www.capitalidea.org\/es\/wp-json\/wp\/v2\/media?parent=691"}],"curies":[{"name":"wp","href":"https:\/\/api.w.org\/{rel}","templated":true}]}}