{"id":7140,"date":"2025-06-12T22:05:36","date_gmt":"2025-06-13T02:05:36","guid":{"rendered":"https:\/\/www.capitalidea.org\/how-to-apply\/"},"modified":"2025-10-29T13:47:44","modified_gmt":"2025-10-29T18:47:44","slug":"how-to-apply","status":"publish","type":"page","link":"https:\/\/www.capitalidea.org\/es\/how-to-apply\/","title":{"rendered":"C\u00f3mo solicitarlo"},"content":{"rendered":"C\u00f3mo solicitar Capital IDEA\t\n<h1>\n\t\t\t\u00bfListo para lanzar tu carrera? Empieza aqu\u00ed.\t<\/h1>\n\t<p>La solicitud a Capital IDEA es el primer paso hacia una carrera de alta demanda, con apoyo completo en cada paso del camino. As\u00ed es el proceso, desde conocer nuestro programa hasta completar tu solicitud.<\/p>\n\t\t\t\t<img decoding=\"async\" src=\"https:\/\/www.capitalidea.org\/wp-content\/uploads\/2025\/08\/how-to-apply-3-1.jpg\" alt=\"how-to-apply-3 (1)\" itemprop=\"image\" height=\"750\" width=\"950\" title=\"c\u00f3mo solicitarlo-3 (1)\" onerror=\"this.style.display='none'\" loading=\"lazy\" \/>\n\t\t\t\t<img width=\"400\" height=\"400\" src=\"https:\/\/www.capitalidea.org\/wp-content\/uploads\/2025\/07\/Stephanie-Mbulu-1.png\" alt=\"\" decoding=\"async\" loading=\"lazy\" srcset=\"https:\/\/www.capitalidea.org\/wp-content\/uploads\/2025\/07\/Stephanie-Mbulu-1.png 400w, https:\/\/www.capitalidea.org\/wp-content\/uploads\/2025\/07\/Stephanie-Mbulu-1-300x300.png 300w, https:\/\/www.capitalidea.org\/wp-content\/uploads\/2025\/07\/Stephanie-Mbulu-1-150x150.png 150w, https:\/\/www.capitalidea.org\/wp-content\/uploads\/2025\/07\/Stephanie-Mbulu-1-12x12.png 12w\" sizes=\"auto, (max-width: 400px) 100vw, 400px\" \/>\t\t\t\n\t\t\t\t<p>\"Para ser sincero, Capital IDEA sonaba demasiado bien para ser verdad, pero tras asistir a una reuni\u00f3n informativa, me di cuenta de que eran la leche\".<\/p>\n\t\t\t\t\t\t\t\t\t\t\t\t\tStephanie Mbulu\n\t\t\t\t\t\t\t\t\t\t\t\t\t\t\t\t\t\t\tEnfermer\u00eda, graduada en 2018\n\t\t\t\t\t\t\t <!-- .louder_testimonial -->\n\t<h2>\n\t\t\tResumen de la aplicaci\u00f3n\t<\/h2>\n\t<p>A continuaci\u00f3n le ofrecemos un breve resumen de lo que necesitar\u00e1 para cumplimentar su solicitud, de modo que pueda estar seguro y preparado antes de empezar.<\/p>\n\t<ol id=\"f-carousel-\">\n\t\t\t\t\t<li>\n\t\t\t\t\t\t1\t\t\t\t\t\n\t\t\t\t\t\t\t\t\t<h3> M\u00e1s informaci\u00f3n sobre el programa<\/h3>\n\t\t\t\t\t\t\t\t\t\t\t\t\t<p>Asistir a una sesi\u00f3n informativa gratuita (en persona o en l\u00ednea). Es obligatoria antes de presentar la solicitud. \u00a0<a href=\"https:\/\/www.capitalidea.org\/es\/info-sessions\/\">Inscr\u00edbete ahora<\/a><\/p>\n\t\t\t\t\t\t\t<\/li>\n\t\t\t\t\t<li>\n\t\t\t\t\t\t2\t\t\t\t\t\n\t\t\t\t\t\t\t\t\t<h3>Env\u00ede su solicitud<\/h3>\n\t\t\t\t\t\t\t\t\t\t\t\t\t<p>Presente su solicitud en l\u00ednea utilizando nuestro formulario seguro. Tardar\u00e1 unos 15 minutos.<\/p>\n\t\t\t\t\t\t\t<\/li>\n\t\t\t\t\t<li>\n\t\t\t\t\t\t3\t\t\t\t\t\n\t\t\t\t\t\t\t\t\t<h3>Cargue sus documentos<\/h3>\n\t\t\t\t\t\t\t\t\t\t\t\t\t<p>Una vez que hayas presentado la solicitud, sube los documentos que necesitaremos para comprobar si cumples los requisitos.<\/p>\n\t\t\t\t\t\t\t<\/li>\n\t\t\t\t\t<li>\n\t\t\t\t\t\t4\t\t\t\t\t\n\t\t\t\t\t\t\t\t\t<h3>Complete su evaluaci\u00f3n<\/h3>\n\t\t\t\t\t\t\t\t\t\t\t\t\t<p>Realice una breve evaluaci\u00f3n que nos ayudar\u00e1 a conocer sus puntos fuertes y su perfil profesional.<\/p>\n\t\t\t\t\t\t\t<\/li>\n\t\t\t\t\t<li>\n\t\t\t\t\t\t5\t\t\t\t\t\n\t\t\t\t\t\t\t\t\t<h3> Reunirse con un especialista en orientaci\u00f3n profesional<\/h3>\n\t\t\t\t\t\t\t\t\t\t\t\t\t<p>Una vez completada la solicitud, se te invitar\u00e1 a hablar con un especialista en orientaci\u00f3n profesional para revisar tus objetivos universitarios y profesionales.<\/p>\n\t\t\t\t\t\t\t<\/li>\n\t\t\t\t\t<li>\n\t\t\t\t\t\t6\t\t\t\t\t\n\t\t\t\t\t\t\t\t\t<h3>Entrevista de compromiso<\/h3>\n\t\t\t\t\t\t\t\t\t\t\t\t\t<p>En este paso final, te comprometer\u00e1s a seguir el camino que hayas elegido y nosotros nos comprometeremos a apoyarte durante toda la carrera universitaria y profesional.<\/p>\n\t\t\t\t\t\t\t<\/li>\n\t\t\t<\/ol>\n\t\t\t\u00bfListo para solicitarlo?\t\n<h2>\n\t\t\tGu\u00eda paso a paso para presentar una solicitud\t<\/h2>\n\t<p>Siga estos sencillos pasos para completar su solicitud. Le guiaremos en cada paso para que sepa exactamente qu\u00e9 esperar. Empecemos.<\/p>\n\t\t\t<a href=\"https:\/\/www.capitalidea.org\/es\/application-step-by-step\/\" target=\"_self\">\n\t\t\t\t\t\t\tComenzar\n\t\t\t\t\t<\/a>\n\t\t\t\t<img decoding=\"async\" src=\"https:\/\/www.capitalidea.org\/wp-content\/uploads\/2025\/08\/CTA-5-1.jpg\" alt=\"CTA-5 (1)\" itemprop=\"image\" height=\"1100\" width=\"1100\" title=\"CTA-5 (1)\" onerror=\"this.style.display='none'\" loading=\"lazy\" \/>\n\t\t\tEmpezar\t\n<h2>\n\t\t\tDa el primer paso.\t<\/h2>\n\t<p>Capital IDEA est\u00e1 comprometida con su \u00e9xito profesional y le ayudar\u00e1 a crear un camino claro para conseguirlo.<\/p>\n\t\t\t<a href=\"https:\/\/www.capitalidea.org\/es\/eligibility\/\" target=\"_self\">\n\t\t\t\t\t\t\tComprobar la admisibilidad\n\t\t\t\t\t<\/a>\n\t\t\t<a href=\"https:\/\/www.capitalidea.org\/es\/info-sessions\/\" target=\"_self\">\n\t\t\t\t\t\t\tAsista a una sesi\u00f3n informativa\n\t\t\t\t\t<\/a>","protected":false},"excerpt":{"rendered":"<p>C\u00f3mo solicitar empleo en Capital IDEA \u00bfEst\u00e1 listo para lanzar su carrera? Empieza aqu\u00ed. Aplicar a Capital IDEA es su primer paso hacia una carrera de alta demanda, con el apoyo completo en cada paso de...<\/p>","protected":false},"author":7,"featured_media":0,"parent":0,"menu_order":5,"comment_status":"closed","ping_status":"closed","template":"","meta":{"_acf_changed":false,"_price":"","_stock":"","_tribe_ticket_header":"","_tribe_default_ticket_provider":"","_tribe_ticket_capacity":"0","_ticket_start_date":"","_ticket_end_date":"","_tribe_ticket_show_description":"","_tribe_ticket_show_not_going":false,"_tribe_ticket_use_global_stock":"","_tribe_ticket_global_stock_level":"","_global_stock_mode":"","_global_stock_cap":"","_tribe_rsvp_for_event":"","_tribe_ticket_going_count":"","_tribe_ticket_not_going_count":"","_tribe_tickets_list":"[]","_tribe_ticket_has_attendee_info_fields":false,"footnotes":""},"class_list":["post-7140","page","type-page","status-publish","hentry"],"acf":[],"yoast_head":"<!-- This site is optimized with the Yoast SEO Premium plugin v27.3 (Yoast SEO v27.3) - https:\/\/yoast.com\/product\/yoast-seo-premium-wordpress\/ -->\n<title>How to Apply | Capital IDEA<\/title>\n<meta name=\"robots\" content=\"index, follow, max-snippet:-1, max-image-preview:large, max-video-preview:-1\" \/>\n<link rel=\"canonical\" href=\"https:\/\/www.capitalidea.org\/es\/how-to-apply\/\" \/>\n<meta property=\"og:locale\" content=\"es_MX\" \/>\n<meta property=\"og:type\" content=\"article\" \/>\n<meta property=\"og:title\" content=\"How to Apply\" \/>\n<meta property=\"og:description\" content=\"How to Apply to Capital IDEA Ready to Launch Your Career? Start Here. Applying to Capital IDEA is your first step toward a high-demand career-with full support every step of&hellip;\" \/>\n<meta property=\"og:url\" content=\"https:\/\/www.capitalidea.org\/es\/how-to-apply\/\" \/>\n<meta property=\"og:site_name\" content=\"Capital IDEA\" \/>\n<meta property=\"article:publisher\" content=\"https:\/\/www.facebook.com\/capitalidea.austin\/\" \/>\n<meta property=\"article:modified_time\" content=\"2025-10-29T18:47:44+00:00\" \/>\n<meta property=\"og:image\" content=\"https:\/\/www.capitalidea.org\/wp-content\/uploads\/2025\/08\/how-to-apply-3-1.jpg\" \/>\n<meta name=\"twitter:card\" content=\"summary_large_image\" \/>\n<meta name=\"twitter:label1\" content=\"Tiempo de lectura\" \/>\n\t<meta name=\"twitter:data1\" content=\"2 minutos\" \/>\n<script type=\"application\/ld+json\" class=\"yoast-schema-graph\">{\"@context\":\"https:\\\/\\\/schema.org\",\"@graph\":[{\"@type\":\"WebPage\",\"@id\":\"https:\\\/\\\/www.capitalidea.org\\\/how-to-apply\\\/\",\"url\":\"https:\\\/\\\/www.capitalidea.org\\\/how-to-apply\\\/\",\"name\":\"How to Apply | Capital IDEA\",\"isPartOf\":{\"@id\":\"https:\\\/\\\/www.capitalidea.org\\\/#website\"},\"primaryImageOfPage\":{\"@id\":\"https:\\\/\\\/www.capitalidea.org\\\/how-to-apply\\\/#primaryimage\"},\"image\":{\"@id\":\"https:\\\/\\\/www.capitalidea.org\\\/how-to-apply\\\/#primaryimage\"},\"thumbnailUrl\":\"https:\\\/\\\/www.capitalidea.org\\\/wp-content\\\/uploads\\\/2025\\\/08\\\/how-to-apply-3-1.jpg\",\"datePublished\":\"2025-06-13T02:05:36+00:00\",\"dateModified\":\"2025-10-29T18:47:44+00:00\",\"breadcrumb\":{\"@id\":\"https:\\\/\\\/www.capitalidea.org\\\/how-to-apply\\\/#breadcrumb\"},\"inLanguage\":\"es\",\"potentialAction\":[{\"@type\":\"ReadAction\",\"target\":[\"https:\\\/\\\/www.capitalidea.org\\\/how-to-apply\\\/\"]}]},{\"@type\":\"ImageObject\",\"inLanguage\":\"es\",\"@id\":\"https:\\\/\\\/www.capitalidea.org\\\/how-to-apply\\\/#primaryimage\",\"url\":\"https:\\\/\\\/www.capitalidea.org\\\/wp-content\\\/uploads\\\/2025\\\/08\\\/how-to-apply-3-1.jpg\",\"contentUrl\":\"https:\\\/\\\/www.capitalidea.org\\\/wp-content\\\/uploads\\\/2025\\\/08\\\/how-to-apply-3-1.jpg\"},{\"@type\":\"BreadcrumbList\",\"@id\":\"https:\\\/\\\/www.capitalidea.org\\\/how-to-apply\\\/#breadcrumb\",\"itemListElement\":[{\"@type\":\"ListItem\",\"position\":1,\"name\":\"Home\",\"item\":\"https:\\\/\\\/www.capitalidea.org\\\/\"},{\"@type\":\"ListItem\",\"position\":2,\"name\":\"How to Apply\"}]},{\"@type\":\"WebSite\",\"@id\":\"https:\\\/\\\/www.capitalidea.org\\\/#website\",\"url\":\"https:\\\/\\\/www.capitalidea.org\\\/\",\"name\":\"Capital IDEA\",\"description\":\"\",\"publisher\":{\"@id\":\"https:\\\/\\\/www.capitalidea.org\\\/#organization\"},\"potentialAction\":[{\"@type\":\"SearchAction\",\"target\":{\"@type\":\"EntryPoint\",\"urlTemplate\":\"https:\\\/\\\/www.capitalidea.org\\\/?s={search_term_string}\"},\"query-input\":{\"@type\":\"PropertyValueSpecification\",\"valueRequired\":true,\"valueName\":\"search_term_string\"}}],\"inLanguage\":\"es\"},{\"@type\":\"Organization\",\"@id\":\"https:\\\/\\\/www.capitalidea.org\\\/#organization\",\"name\":\"Capital IDEA\",\"url\":\"https:\\\/\\\/www.capitalidea.org\\\/\",\"logo\":{\"@type\":\"ImageObject\",\"inLanguage\":\"es\",\"@id\":\"https:\\\/\\\/www.capitalidea.org\\\/#\\\/schema\\\/logo\\\/image\\\/\",\"url\":\"https:\\\/\\\/www.capitalidea.org\\\/wp-content\\\/uploads\\\/2025\\\/06\\\/logo-mark.svg\",\"contentUrl\":\"https:\\\/\\\/www.capitalidea.org\\\/wp-content\\\/uploads\\\/2025\\\/06\\\/logo-mark.svg\",\"width\":1,\"height\":1,\"caption\":\"Capital IDEA\"},\"image\":{\"@id\":\"https:\\\/\\\/www.capitalidea.org\\\/#\\\/schema\\\/logo\\\/image\\\/\"},\"sameAs\":[\"https:\\\/\\\/www.facebook.com\\\/capitalidea.austin\\\/\",\"https:\\\/\\\/www.instagram.com\\\/capital_idea_atx\\\/\",\"https:\\\/\\\/www.linkedin.com\\\/company\\\/capital-idea_2\",\"https:\\\/\\\/www.tiktok.com\\\/@capitalidea_atx\"]}]}<\/script>\n<!-- \/ Yoast SEO Premium plugin. -->","yoast_head_json":{"title":"C\u00f3mo solicitar Capital IDEA","robots":{"index":"index","follow":"follow","max-snippet":"max-snippet:-1","max-image-preview":"max-image-preview:large","max-video-preview":"max-video-preview:-1"},"canonical":"https:\/\/www.capitalidea.org\/es\/how-to-apply\/","og_locale":"es_MX","og_type":"article","og_title":"How to Apply","og_description":"How to Apply to Capital IDEA Ready to Launch Your Career? Start Here. Applying to Capital IDEA is your first step toward a high-demand career-with full support every step of&hellip;","og_url":"https:\/\/www.capitalidea.org\/es\/how-to-apply\/","og_site_name":"Capital IDEA","article_publisher":"https:\/\/www.facebook.com\/capitalidea.austin\/","article_modified_time":"2025-10-29T18:47:44+00:00","og_image":[{"url":"https:\/\/www.capitalidea.org\/wp-content\/uploads\/2025\/08\/how-to-apply-3-1.jpg","type":"","width":"","height":""}],"twitter_card":"summary_large_image","twitter_misc":{"Tiempo de lectura":"2 minutos"},"schema":{"@context":"https:\/\/schema.org","@graph":[{"@type":"WebPage","@id":"https:\/\/www.capitalidea.org\/how-to-apply\/","url":"https:\/\/www.capitalidea.org\/how-to-apply\/","name":"C\u00f3mo solicitar Capital IDEA","isPartOf":{"@id":"https:\/\/www.capitalidea.org\/#website"},"primaryImageOfPage":{"@id":"https:\/\/www.capitalidea.org\/how-to-apply\/#primaryimage"},"image":{"@id":"https:\/\/www.capitalidea.org\/how-to-apply\/#primaryimage"},"thumbnailUrl":"https:\/\/www.capitalidea.org\/wp-content\/uploads\/2025\/08\/how-to-apply-3-1.jpg","datePublished":"2025-06-13T02:05:36+00:00","dateModified":"2025-10-29T18:47:44+00:00","breadcrumb":{"@id":"https:\/\/www.capitalidea.org\/how-to-apply\/#breadcrumb"},"inLanguage":"es","potentialAction":[{"@type":"ReadAction","target":["https:\/\/www.capitalidea.org\/how-to-apply\/"]}]},{"@type":"ImageObject","inLanguage":"es","@id":"https:\/\/www.capitalidea.org\/how-to-apply\/#primaryimage","url":"https:\/\/www.capitalidea.org\/wp-content\/uploads\/2025\/08\/how-to-apply-3-1.jpg","contentUrl":"https:\/\/www.capitalidea.org\/wp-content\/uploads\/2025\/08\/how-to-apply-3-1.jpg"},{"@type":"BreadcrumbList","@id":"https:\/\/www.capitalidea.org\/how-to-apply\/#breadcrumb","itemListElement":[{"@type":"ListItem","position":1,"name":"Home","item":"https:\/\/www.capitalidea.org\/"},{"@type":"ListItem","position":2,"name":"How to Apply"}]},{"@type":"WebSite","@id":"https:\/\/www.capitalidea.org\/#website","url":"https:\/\/www.capitalidea.org\/","name":"Capital IDEA","description":"","publisher":{"@id":"https:\/\/www.capitalidea.org\/#organization"},"potentialAction":[{"@type":"SearchAction","target":{"@type":"EntryPoint","urlTemplate":"https:\/\/www.capitalidea.org\/?s={search_term_string}"},"query-input":{"@type":"PropertyValueSpecification","valueRequired":true,"valueName":"search_term_string"}}],"inLanguage":"es"},{"@type":"Organization","@id":"https:\/\/www.capitalidea.org\/#organization","name":"Capital IDEA","url":"https:\/\/www.capitalidea.org\/","logo":{"@type":"ImageObject","inLanguage":"es","@id":"https:\/\/www.capitalidea.org\/#\/schema\/logo\/image\/","url":"https:\/\/www.capitalidea.org\/wp-content\/uploads\/2025\/06\/logo-mark.svg","contentUrl":"https:\/\/www.capitalidea.org\/wp-content\/uploads\/2025\/06\/logo-mark.svg","width":1,"height":1,"caption":"Capital IDEA"},"image":{"@id":"https:\/\/www.capitalidea.org\/#\/schema\/logo\/image\/"},"sameAs":["https:\/\/www.facebook.com\/capitalidea.austin\/","https:\/\/www.instagram.com\/capital_idea_atx\/","https:\/\/www.linkedin.com\/company\/capital-idea_2","https:\/\/www.tiktok.com\/@capitalidea_atx"]}]}},"_links":{"self":[{"href":"https:\/\/www.capitalidea.org\/es\/wp-json\/wp\/v2\/pages\/7140","targetHints":{"allow":["GET"]}}],"collection":[{"href":"https:\/\/www.capitalidea.org\/es\/wp-json\/wp\/v2\/pages"}],"about":[{"href":"https:\/\/www.capitalidea.org\/es\/wp-json\/wp\/v2\/types\/page"}],"author":[{"embeddable":true,"href":"https:\/\/www.capitalidea.org\/es\/wp-json\/wp\/v2\/users\/7"}],"replies":[{"embeddable":true,"href":"https:\/\/www.capitalidea.org\/es\/wp-json\/wp\/v2\/comments?post=7140"}],"version-history":[{"count":10,"href":"https:\/\/www.capitalidea.org\/es\/wp-json\/wp\/v2\/pages\/7140\/revisions"}],"predecessor-version":[{"id":44367,"href":"https:\/\/www.capitalidea.org\/es\/wp-json\/wp\/v2\/pages\/7140\/revisions\/44367"}],"wp:attachment":[{"href":"https:\/\/www.capitalidea.org\/es\/wp-json\/wp\/v2\/media?parent=7140"}],"curies":[{"name":"wp","href":"https:\/\/api.w.org\/{rel}","templated":true}]}}