{"id":7148,"date":"2025-06-12T22:05:36","date_gmt":"2025-06-13T02:05:36","guid":{"rendered":"https:\/\/www.capitalidea.org\/unions-construction\/"},"modified":"2025-08-11T11:20:04","modified_gmt":"2025-08-11T17:20:04","slug":"unions-construction","status":"publish","type":"page","link":"https:\/\/www.capitalidea.org\/es\/unions-construction\/","title":{"rendered":"Sindicatos y construcci\u00f3n"},"content":{"rendered":"CARRERAS SINDICALES Y DE LA CONSTRUCCI\u00d3N\t\n<h1>\n\t\t\tGane mientras aprende con formaci\u00f3n experta y asistencia adicional.\t<\/h1>\n\t<p>Las profesiones sindicales ofrecen formaci\u00f3n remunerada, buenos salarios y estabilidad real. Tanto si te dedicas a la construcci\u00f3n como al cableado o a la soldadura, adquirir\u00e1s conocimientos muy demandados y te unir\u00e1s a una respetada comunidad de profesionales. Para acceder a estas profesiones, tendr\u00e1s que ser aceptado en un programa de aprendizaje sindical. Es un paso m\u00e1s, pero tambi\u00e9n tiene ventajas, como ganar un sueldo mientras aprendes tu oficio. Explora las trayectorias profesionales que se indican a continuaci\u00f3n y da el primer paso hacia una carrera duradera.<\/p>\n\t\t\t<a href=\"https:\/\/www.capitalidea.org\/es\/info-sessions\/\" target=\"_self\">\n\t\t\t\t\t\t\tAsista a una sesi\u00f3n informativa\n\t\t\t\t\t<\/a>\n\t\t\t<a href=\"https:\/\/www.capitalidea.org\/es\/unions-construction\/#careers\" target=\"_self\">\n\t\t\t\t\t\t\tVer trayectorias profesionales\n\t\t\t\t\t<\/a>\n\t\t\t\t<img decoding=\"async\" src=\"https:\/\/www.capitalidea.org\/wp-content\/uploads\/2025\/08\/union-construction-3-1.jpg\" alt=\"union-construction-3 (1)\" itemprop=\"image\" height=\"750\" width=\"950\" title=\"union-construction-3 (1)\" onerror=\"this.style.display='none'\" loading='lazy' \/>\n\t\t\t\t<img decoding=\"async\" src=\"https:\/\/www.capitalidea.org\/wp-content\/uploads\/2025\/07\/Students-Supported.png\" alt=\"Students Supported\" itemprop=\"image\" height=\"180\" width=\"180\" title=\"Estudiantes apoyados\" onerror=\"this.style.display='none'\" loading='lazy' \/>\n<h3>\n\t\t\t1.112 estudiantes subvencionados\t<\/h3>\n\t<p>En 2024, m\u00e1s de mil personas dieron grandes pasos hacia sus futuras carreras con orientaci\u00f3n, apoyo y 100% matr\u00edcula gratuita.<\/p>\n\t\t\t\t<img decoding=\"async\" src=\"https:\/\/www.capitalidea.org\/wp-content\/uploads\/2025\/07\/Graduates-Hired.png\" alt=\"Graduates Hired\" itemprop=\"image\" height=\"180\" width=\"180\" title=\"Titulados contratados\" onerror=\"this.style.display='none'\" loading='lazy' \/>\n<h3>\n\t\t\t110 licenciados contratados\t<\/h3>\n\t<p>En 2024, 110 graduados iniciaron sus carreras profesionales, poniendo en pr\u00e1ctica sus valiosas nuevas competencias en campos de gran demanda.<\/p>\n\t\t\t\t<img decoding=\"async\" src=\"https:\/\/www.capitalidea.org\/wp-content\/uploads\/2025\/07\/Starting-Salary.png\" alt=\"Starting Salary\" itemprop=\"image\" height=\"180\" width=\"180\" title=\"Salario inicial\" onerror=\"this.style.display='none'\" loading='lazy' \/>\n<h3>\n\t\t\t$30\/hr Salario inicial\t<\/h3>\n\t<p>En 2024, los empleadores locales que contrataron a nuestros graduados ofrecieron un salario inicial medio de $30\/hora o $62.400\/a\u00f1o.<\/p>\n<h2>\n\t\t\tLos graduados de Capital IDEA est\u00e1n construyendo futuros m\u00e1s brillantes aqu\u00ed mismo, en el centro de Texas, y usted puede ser el pr\u00f3ximo. Obtenga 100% apoyo gratuito para iniciar una carrera duradera en los oficios calificados a trav\u00e9s de un programa de aprendizaje sindical.\t<\/h2>\n\t\t\t\t<img decoding=\"async\" src=\"https:\/\/www.capitalidea.org\/wp-content\/uploads\/2025\/07\/100-Tuition-Covered.png\" alt=\"100% Tuition Covered\" itemprop=\"image\" height=\"180\" width=\"180\" title=\"100% Matr\u00edcula cubierta\" onerror=\"this.style.display='none'\" loading='lazy' \/>\n<h3>\n\t\t\tCuotas sindicales y herramientas cubiertas\t<\/h3>\n\t<p>Comience su aprendizaje con lo que necesita para tener \u00e9xito: Capital IDEA cubre las herramientas necesarias, el equipo de seguridad y las cuotas sindicales.<\/p>\n\t\t\t\t<img decoding=\"async\" src=\"https:\/\/www.capitalidea.org\/wp-content\/uploads\/2025\/07\/Childcare-Assistance.png\" alt=\"Childcare Assistance\" itemprop=\"image\" height=\"180\" width=\"180\" title=\"Ayuda para el cuidado de ni\u00f1os\" onerror=\"this.style.display='none'\" loading='lazy' \/>\n<h3>\n\t\t\tAyuda para el cuidado de ni\u00f1os\t<\/h3>\n\t<p>\u00bfHacer malabarismos con el trabajo, la formaci\u00f3n y la crianza de los hijos? Te ayudamos a reducir los gastos de guarder\u00eda para que puedas centrarte en tu futuro.<\/p>\n\t\t\t<a href=\"https:\/\/www.capitalidea.org\/es\/childcare-assistance\/\" target=\"_self\">\n\t\t\t\t\t\t\tM\u00e1s informaci\u00f3n\n\t\t\t\t\t<\/a>\n\t\t\t\t<img decoding=\"async\" src=\"https:\/\/www.capitalidea.org\/wp-content\/uploads\/2025\/07\/Guidance-and-Assistance-1.png\" alt=\"Guidance and Assistance-1\" itemprop=\"image\" height=\"180\" width=\"180\" title=\"Orientaci\u00f3n y asistencia-1\" onerror=\"this.style.display='none'\" loading='lazy' \/>\n<h3>\n\t\t\tOrientaci\u00f3n y apoyo \t<\/h3>\n\t<p>A lo largo de tu aprendizaje, tu orientador profesional estar\u00e1 aqu\u00ed para apoyarte y guiarte en cada paso del camino.<\/p>\n\t\t\t<a href=\"https:\/\/www.capitalidea.org\/es\/career-navigator\/\" target=\"_self\">\n\t\t\t\t\t\t\tM\u00e1s informaci\u00f3n\n\t\t\t\t\t<\/a>\n\t\t\t<a href=\"https:\/\/www.capitalidea.org\/es\/eligibility\/\" target=\"_self\">\n\t\t\t\t\t\t\tComprobar la admisibilidad\n\t\t\t\t\t<\/a>\n<h2>\n\t\t\tEstamos orgullosos de colaborar con IBEW Local Union 520, Central South Carpenters Local Union 1266 y Plumbers and Pipefitters Local Union 286.\t<\/h2>\n                                                    <img decoding=\"async\" src=\"https:\/\/www.capitalidea.org\/wp-content\/uploads\/2025\/07\/ibew520.webp\" alt=\"\"\/>\n                                                    <img decoding=\"async\" src=\"https:\/\/www.capitalidea.org\/wp-content\/uploads\/2025\/07\/central-south-carpenters-1.webp\" alt=\"\"\/>\n                                                    <img decoding=\"async\" src=\"https:\/\/www.capitalidea.org\/wp-content\/uploads\/2025\/07\/ppf-286-logo-1.png\" alt=\"\"\/>\n\t<h2>\n\t\t\tSindicatos y trayectorias profesionales en la construcci\u00f3n\t<\/h2>\n\t\t\t\t\t<h3><a href=\"https:\/\/www.capitalidea.org\/es\/career\/union-carpenter\/\">Carpintero sindical<\/a><\/h3>\n\t\t\t\t\t\t\t\t Disponible en los condados de Bastrop, Caldwell, Hays, Travis y Williamson.\n\t\t\t\t\t\t\t\t\t\t\t\t\t\t\t\t\t\t\t|\n\t\t\t\t\t\t\t\tPrograma de Aprendizaje\t\t\t\t\t\t\t\n\t\t\t\t\t<h3><a href=\"https:\/\/www.capitalidea.org\/es\/career\/union-electrician\/\">Sindicato de electricistas<\/a><\/h3>\n\t\t\t\t\t\t\t\t Disponible en los condados de Bastrop, Caldwell, Hays, Travis y Williamson.\n\t\t\t\t\t\t\t\t\t\t\t\t\t\t\t\t\t\t\t|\n\t\t\t\t\t\t\t\tPrograma de Aprendizaje\t\t\t\t\t\t\t\n\t\t\t\t\t<h3><a href=\"https:\/\/www.capitalidea.org\/es\/career\/union-plumber-and-pipefitter\/\">Uni\u00f3n de fontaneros y tuberos<\/a><\/h3>\n\t\t\t\t\t\t\t\t Disponible en los condados de Bastrop, Caldwell, Hays, Travis y Williamson.\n\t\t\t\t\t\t\t\t\t\t\t\t\t\t\t\t\t\t\t|\n\t\t\t\t\t\t\t\tPrograma de Aprendizaje\t\t\t\t\t\t\t\n\t\t\t<a href=\"https:\/\/www.capitalidea.org\/es\/career-directory\/\" target=\"_self\">\n\t\t\t\t\t\t\tVer todas las carreras\n\t\t\t\t\t<\/a>\n<h2>\n\t\t\tD\u00f3nde trabajan nuestros licenciados\t<\/h2>\n                                                    <img decoding=\"async\" src=\"https:\/\/www.capitalidea.org\/wp-content\/uploads\/2025\/07\/ibew520.webp\" alt=\"\"\/>\n                                                    <img decoding=\"async\" src=\"https:\/\/www.capitalidea.org\/wp-content\/uploads\/2025\/07\/central-south-carpenters-1.webp\" alt=\"\"\/>\n                                                    <img decoding=\"async\" src=\"https:\/\/www.capitalidea.org\/wp-content\/uploads\/2025\/07\/ppf-286-logo-1.png\" alt=\"\"\/>\n\t<h2>\n\t\t\tPreguntas frecuentes\t<\/h2>\n\t\t\t\t\t\t<a href=\"#\"  id=\"fl-accordion--label-0\" tabindex=\"0\" aria-controls=\"fl-accordion--panel-0\">\u00bfY si no cumplo todos los requisitos?<\/a>\n\t\t\t\t\t\t\t\t\t\t\t\t\t<a href=\"#\" id=\"fl-accordion--icon-0\"  tabindex=\"0\" aria-controls=\"fl-accordion--panel-0\"><i title=\"Ampliar\">Ampliar<\/i><\/a>\n<p>Es posible que algunos solicitantes no cumplan todos los requisitos de forma inmediata, pero eso no significa que la puerta est\u00e9 cerrada. Por ejemplo, si est\u00e1 en proceso de solicitar la residencia permanente, puede asistir a una sesi\u00f3n informativa y hacer sus preguntas ahora para que, en cuanto se confirme su situaci\u00f3n, pueda presentar su solicitud. <\/p>\n<p>Si ya posee un t\u00edtulo universitario en Estados Unidos, a\u00fan puede optar a \u00e9l si su t\u00edtulo no es v\u00e1lido para el empleo, o si ha obtenido un t\u00edtulo asociado de estudios generales: p\u00f3ngase en contacto con nosotros para saber si puede acogerse a una excepci\u00f3n. <\/p>\n<p>Si su titulaci\u00f3n es de otro pa\u00eds, puede hacer que ACC la eval\u00fae, y es posible que podamos ayudarle a completar los cr\u00e9ditos que necesita. <\/p>\n<p>Si le faltan otros requisitos, podemos mantener su solicitud en el archivo y hacer un seguimiento cuando cumpla los requisitos. P\u00f3ngase en contacto con nosotros. Estaremos encantados de analizar sus opciones. <a href=\"https:\/\/www.capitalidea.org\/es\/ask\/\">Env\u00edenos una pregunta aqu\u00ed<\/a><\/p>\n<p><a href=\"https:\/\/www.capitalidea.org\/es\/faq\/what-if-i-dont-meet-all-of-the-qualifications\/\">\u00bfY si no cumplo todos los requisitos?<\/a><\/p>\t\t\t\t\t\n\t\t\t\t\t\t<a href=\"#\"  id=\"fl-accordion--label-1\" tabindex=\"0\" aria-controls=\"fl-accordion--panel-1\">\u00bfPuedo trabajar mientras estudio?<\/a>\n\t\t\t\t\t\t\t\t\t\t\t\t\t<a href=\"#\" id=\"fl-accordion--icon-1\"  tabindex=\"0\" aria-controls=\"fl-accordion--panel-1\"><i title=\"Ampliar\">Ampliar<\/i><\/a>\n<p>S\u00ed, muchos estudiantes de Capital IDEA trabajan a tiempo parcial o incluso a tiempo completo mientras cursan sus estudios, aunque esto puede suponer un gran reto. Tu capacidad para compaginar las clases y el trabajo depender\u00e1 de la flexibilidad de tu empleador. Aseg\u00farate de que te ayudan a adaptar tu horario a tus clases. Cada semestre ayudamos a m\u00e1s de mil estudiantes a compaginar trabajo, estudios y responsabilidades familiares. Es posible. Tendr\u00e1s que gestionar tu tiempo con cuidado y mantener al d\u00eda a tu orientador profesional para que pueda ayudarte y orientarte.<\/p>\n<p><a href=\"https:\/\/www.capitalidea.org\/es\/faq\/can-i-work-while-attending-school\/\">\u00bfPuedo trabajar mientras estudio?<\/a><\/p>\t\t\t\t\t\n\t\t\t\t\t\t<a href=\"#\"  id=\"fl-accordion--label-2\" tabindex=\"0\" aria-controls=\"fl-accordion--panel-2\">\u00bfPuedo presentarme si ya estoy en la universidad?<\/a>\n\t\t\t\t\t\t\t\t\t\t\t\t\t<a href=\"#\" id=\"fl-accordion--icon-2\"  tabindex=\"0\" aria-controls=\"fl-accordion--panel-2\"><i title=\"Ampliar\">Ampliar<\/i><\/a>\n<p>S\u00ed, puedes aplicar a Capital IDEA si actualmente est\u00e1s inscrito en una de nuestras universidades asociadas, Austin Community College (ACC) o Temple College. Usted debe cumplir con nuestros otros requisitos de elegibilidad y estar en una carrera que patrocinamos. Si es aceptado, patrocinaremos el resto de su t\u00edtulo o certificaci\u00f3n. Sin embargo, no pagamos retroactivamente las clases que ya hayas completado.<\/p>\n<p><a href=\"https:\/\/www.capitalidea.org\/es\/faq\/can-i-apply-if-im-already-in-college\/\">\u00bfPuedo presentarme si ya estoy en la universidad?<\/a><\/p>\t\t\t\t\t\n\t\t\t\t\t\t<a href=\"#\"  id=\"fl-accordion--label-3\" tabindex=\"0\" aria-controls=\"fl-accordion--panel-3\">\u00bfLos ingresos de mis padres cuentan a la hora de presentar la solicitud?<\/a>\n\t\t\t\t\t\t\t\t\t\t\t\t\t<a href=\"#\" id=\"fl-accordion--icon-3\"  tabindex=\"0\" aria-controls=\"fl-accordion--panel-3\"><i title=\"Ampliar\">Ampliar<\/i><\/a>\n<p>Los ingresos de un solicitante suelen venir determinados por sus ingresos y los de su c\u00f3nyuge o pareja, en su caso. Los tipos de ingresos m\u00e1s comunes son: salarios, desempleo, trabajo por cuenta propia, jubilaci\u00f3n o prestaciones de la seguridad social. No incluya los ingresos de compa\u00f1eros de piso o hijos adultos (mayores de 18 a\u00f1os) que vivan con usted. Si no tienes ingresos propios, la persona que te mantiene debe escribir una carta de apoyo financiero. Si acabas de terminar el bachillerato y vives en casa, se aplica lo mismo. Tu padre, madre o tutor tendr\u00e1 que presentar una carta para confirmar que te apoya. No utilizamos los ingresos de tus padres o tutores para determinar tu derecho a la ayuda. <a href=\"https:\/\/www.capitalidea.org\/es\/ask\/\">A\u00fan no est\u00e1 seguro, env\u00edenos su pregunta<\/a>.<\/p>\n<p><a href=\"https:\/\/www.capitalidea.org\/es\/faq\/whose-income-do-i-count-when-applying-and-does-my-parents-income-matter\/\">\u00bfLos ingresos de mis padres cuentan a la hora de presentar la solicitud?<\/a><\/p>\t\t\t\t\t\n\t\t\t\t\t\t<a href=\"#\"  id=\"fl-accordion--label-4\" tabindex=\"0\" aria-controls=\"fl-accordion--panel-4\">\u00bfY si ya tengo un t\u00edtulo?<\/a>\n\t\t\t\t\t\t\t\t\t\t\t\t\t<a href=\"#\" id=\"fl-accordion--icon-4\"  tabindex=\"0\" aria-controls=\"fl-accordion--panel-4\"><i title=\"Ampliar\">Ampliar<\/i><\/a>\n<p>Si ya tiene un t\u00edtulo universitario de EE.UU., a\u00fan puede optar a \u00e9l si su t\u00edtulo no es v\u00e1lido para el empleo, o si ha obtenido un t\u00edtulo asociado de estudios generales. Ponte en contacto con nosotros para saber si puedes acogerte a una excepci\u00f3n. <\/p>\n<p>Si su t\u00edtulo es de otro pa\u00eds, puede hacer que ACC lo eval\u00fae para la transferencia, y es posible que podamos ayudarle a completar cr\u00e9ditos adicionales hacia un t\u00edtulo de asociado, si es necesario.<\/p>\n<p><a href=\"https:\/\/www.capitalidea.org\/es\/faq\/what-if-i-already-have-a-degree\/\">\u00bfY si ya tengo un t\u00edtulo?<\/a><\/p>\t\t\t\t\t\n\t\t\t<a href=\"https:\/\/www.capitalidea.org\/es\/faq\/\" target=\"_self\">\n\t\t\t\t\t\t\tVer todas las preguntas frecuentes\n\t\t\t\t\t<\/a>\n\t<p>\u00bfTiene m\u00e1s preguntas? <a href=\"https:\/\/www.capitalidea.org\/es\/contact-us\/\" target=\"_blank\" rel=\"noopener\">Contacte con nosotros<\/a><\/p>\n\t\t\t\t<img decoding=\"async\" src=\"https:\/\/www.capitalidea.org\/wp-content\/uploads\/2025\/08\/unions-construction-4-1.jpg\" alt=\"unions-construction-4 (1)\" itemprop=\"image\" height=\"1100\" width=\"1100\" title=\"sindicatos-construcci\u00f3n-4 (1)\" onerror=\"this.style.display='none'\" loading='lazy' \/>\n\t\t\tEmpezar\t\n<h2>\n\t\t\t\u00bfListo para dar el primer paso en su carrera profesional en el sector de los sindicatos y la construcci\u00f3n?\t<\/h2>\n\t<p>Si est\u00e1s preparado para trabajar duro y construir una carrera duradera, podemos ofrecerte apoyo adicional durante tu aprendizaje sindical. Empieza hoy mismo a trabajar para tu futuro profesional.<\/p>\n\t\t\t<a href=\"https:\/\/www.capitalidea.org\/es\/eligibility\/\" target=\"_self\">\n\t\t\t\t\t\t\tComprobar la admisibilidad\n\t\t\t\t\t<\/a>\n\t\t\t<a href=\"https:\/\/www.capitalidea.org\/es\/info-sessions\/\" target=\"_self\">\n\t\t\t\t\t\t\tAsista a una sesi\u00f3n informativa\n\t\t\t\t\t<\/a>","protected":false},"excerpt":{"rendered":"<p>CARRERAS SINDICALES Y DE CONSTRUCCI\u00d3N Gane mientras aprende con formaci\u00f3n especializada y apoyo adicional. Las carreras sindicales ofrecen formaci\u00f3n remunerada, buenos salarios y estabilidad real. Ya sea construyendo, cableando o soldando,...<\/p>","protected":false},"author":7,"featured_media":0,"parent":0,"menu_order":13,"comment_status":"closed","ping_status":"closed","template":"","meta":{"_acf_changed":false,"_price":"","_stock":"","_tribe_ticket_header":"","_tribe_default_ticket_provider":"","_tribe_ticket_capacity":"0","_ticket_start_date":"","_ticket_end_date":"","_tribe_ticket_show_description":"","_tribe_ticket_show_not_going":false,"_tribe_ticket_use_global_stock":"","_tribe_ticket_global_stock_level":"","_global_stock_mode":"","_global_stock_cap":"","_tribe_rsvp_for_event":"","_tribe_ticket_going_count":"","_tribe_ticket_not_going_count":"","_tribe_tickets_list":"[]","_tribe_ticket_has_attendee_info_fields":false,"footnotes":""},"class_list":["post-7148","page","type-page","status-publish","hentry"],"acf":[],"yoast_head":"<!-- This site is optimized with the Yoast SEO Premium plugin v27.3 (Yoast SEO v27.3) - https:\/\/yoast.com\/product\/yoast-seo-premium-wordpress\/ -->\n<title>Unions &amp; Construction | Capital IDEA<\/title>\n<meta name=\"robots\" content=\"index, follow, max-snippet:-1, max-image-preview:large, max-video-preview:-1\" \/>\n<link rel=\"canonical\" href=\"https:\/\/www.capitalidea.org\/es\/unions-construction\/\" \/>\n<meta property=\"og:locale\" content=\"es_MX\" \/>\n<meta property=\"og:type\" content=\"article\" \/>\n<meta property=\"og:title\" content=\"Unions &amp; Construction\" \/>\n<meta property=\"og:description\" content=\"UNION &#038; CONSTRUCTION CAREERS Earn While You Learn With Expert Training and Extra Support. Union careers offer paid training, great wages, and real stability. Whether you&#8217;re building, wiring, or welding,&hellip;\" \/>\n<meta property=\"og:url\" content=\"https:\/\/www.capitalidea.org\/es\/unions-construction\/\" \/>\n<meta property=\"og:site_name\" content=\"Capital IDEA\" \/>\n<meta property=\"article:publisher\" content=\"https:\/\/www.facebook.com\/capitalidea.austin\/\" \/>\n<meta property=\"article:modified_time\" content=\"2025-08-11T17:20:04+00:00\" \/>\n<meta property=\"og:image\" content=\"https:\/\/www.capitalidea.org\/wp-content\/uploads\/2025\/08\/union-construction-3-1.jpg\" \/>\n<meta name=\"twitter:card\" content=\"summary_large_image\" \/>\n<meta name=\"twitter:label1\" content=\"Tiempo de lectura\" \/>\n\t<meta name=\"twitter:data1\" content=\"7 minutos\" \/>\n<script type=\"application\/ld+json\" class=\"yoast-schema-graph\">{\"@context\":\"https:\\\/\\\/schema.org\",\"@graph\":[{\"@type\":\"WebPage\",\"@id\":\"https:\\\/\\\/www.capitalidea.org\\\/unions-construction\\\/\",\"url\":\"https:\\\/\\\/www.capitalidea.org\\\/unions-construction\\\/\",\"name\":\"Unions & Construction | Capital IDEA\",\"isPartOf\":{\"@id\":\"https:\\\/\\\/www.capitalidea.org\\\/#website\"},\"primaryImageOfPage\":{\"@id\":\"https:\\\/\\\/www.capitalidea.org\\\/unions-construction\\\/#primaryimage\"},\"image\":{\"@id\":\"https:\\\/\\\/www.capitalidea.org\\\/unions-construction\\\/#primaryimage\"},\"thumbnailUrl\":\"https:\\\/\\\/www.capitalidea.org\\\/wp-content\\\/uploads\\\/2025\\\/08\\\/union-construction-3-1.jpg\",\"datePublished\":\"2025-06-13T02:05:36+00:00\",\"dateModified\":\"2025-08-11T17:20:04+00:00\",\"breadcrumb\":{\"@id\":\"https:\\\/\\\/www.capitalidea.org\\\/unions-construction\\\/#breadcrumb\"},\"inLanguage\":\"es\",\"potentialAction\":[{\"@type\":\"ReadAction\",\"target\":[\"https:\\\/\\\/www.capitalidea.org\\\/unions-construction\\\/\"]}]},{\"@type\":\"ImageObject\",\"inLanguage\":\"es\",\"@id\":\"https:\\\/\\\/www.capitalidea.org\\\/unions-construction\\\/#primaryimage\",\"url\":\"https:\\\/\\\/www.capitalidea.org\\\/wp-content\\\/uploads\\\/2025\\\/08\\\/union-construction-3-1.jpg\",\"contentUrl\":\"https:\\\/\\\/www.capitalidea.org\\\/wp-content\\\/uploads\\\/2025\\\/08\\\/union-construction-3-1.jpg\"},{\"@type\":\"BreadcrumbList\",\"@id\":\"https:\\\/\\\/www.capitalidea.org\\\/unions-construction\\\/#breadcrumb\",\"itemListElement\":[{\"@type\":\"ListItem\",\"position\":1,\"name\":\"Home\",\"item\":\"https:\\\/\\\/www.capitalidea.org\\\/\"},{\"@type\":\"ListItem\",\"position\":2,\"name\":\"Unions &#038; Construction\"}]},{\"@type\":\"WebSite\",\"@id\":\"https:\\\/\\\/www.capitalidea.org\\\/#website\",\"url\":\"https:\\\/\\\/www.capitalidea.org\\\/\",\"name\":\"Capital IDEA\",\"description\":\"\",\"publisher\":{\"@id\":\"https:\\\/\\\/www.capitalidea.org\\\/#organization\"},\"potentialAction\":[{\"@type\":\"SearchAction\",\"target\":{\"@type\":\"EntryPoint\",\"urlTemplate\":\"https:\\\/\\\/www.capitalidea.org\\\/?s={search_term_string}\"},\"query-input\":{\"@type\":\"PropertyValueSpecification\",\"valueRequired\":true,\"valueName\":\"search_term_string\"}}],\"inLanguage\":\"es\"},{\"@type\":\"Organization\",\"@id\":\"https:\\\/\\\/www.capitalidea.org\\\/#organization\",\"name\":\"Capital IDEA\",\"url\":\"https:\\\/\\\/www.capitalidea.org\\\/\",\"logo\":{\"@type\":\"ImageObject\",\"inLanguage\":\"es\",\"@id\":\"https:\\\/\\\/www.capitalidea.org\\\/#\\\/schema\\\/logo\\\/image\\\/\",\"url\":\"https:\\\/\\\/www.capitalidea.org\\\/wp-content\\\/uploads\\\/2025\\\/06\\\/logo-mark.svg\",\"contentUrl\":\"https:\\\/\\\/www.capitalidea.org\\\/wp-content\\\/uploads\\\/2025\\\/06\\\/logo-mark.svg\",\"width\":1,\"height\":1,\"caption\":\"Capital IDEA\"},\"image\":{\"@id\":\"https:\\\/\\\/www.capitalidea.org\\\/#\\\/schema\\\/logo\\\/image\\\/\"},\"sameAs\":[\"https:\\\/\\\/www.facebook.com\\\/capitalidea.austin\\\/\",\"https:\\\/\\\/www.instagram.com\\\/capital_idea_atx\\\/\",\"https:\\\/\\\/www.linkedin.com\\\/company\\\/capital-idea_2\",\"https:\\\/\\\/www.tiktok.com\\\/@capitalidea_atx\"]}]}<\/script>\n<!-- \/ Yoast SEO Premium plugin. -->","yoast_head_json":{"title":"Sindicatos y construcci\u00f3n | Capital IDEA","robots":{"index":"index","follow":"follow","max-snippet":"max-snippet:-1","max-image-preview":"max-image-preview:large","max-video-preview":"max-video-preview:-1"},"canonical":"https:\/\/www.capitalidea.org\/es\/unions-construction\/","og_locale":"es_MX","og_type":"article","og_title":"Unions & Construction","og_description":"UNION &#038; CONSTRUCTION CAREERS Earn While You Learn With Expert Training and Extra Support. Union careers offer paid training, great wages, and real stability. Whether you&#8217;re building, wiring, or welding,&hellip;","og_url":"https:\/\/www.capitalidea.org\/es\/unions-construction\/","og_site_name":"Capital IDEA","article_publisher":"https:\/\/www.facebook.com\/capitalidea.austin\/","article_modified_time":"2025-08-11T17:20:04+00:00","og_image":[{"url":"https:\/\/www.capitalidea.org\/wp-content\/uploads\/2025\/08\/union-construction-3-1.jpg","type":"","width":"","height":""}],"twitter_card":"summary_large_image","twitter_misc":{"Tiempo de lectura":"7 minutos"},"schema":{"@context":"https:\/\/schema.org","@graph":[{"@type":"WebPage","@id":"https:\/\/www.capitalidea.org\/unions-construction\/","url":"https:\/\/www.capitalidea.org\/unions-construction\/","name":"Sindicatos y construcci\u00f3n | Capital IDEA","isPartOf":{"@id":"https:\/\/www.capitalidea.org\/#website"},"primaryImageOfPage":{"@id":"https:\/\/www.capitalidea.org\/unions-construction\/#primaryimage"},"image":{"@id":"https:\/\/www.capitalidea.org\/unions-construction\/#primaryimage"},"thumbnailUrl":"https:\/\/www.capitalidea.org\/wp-content\/uploads\/2025\/08\/union-construction-3-1.jpg","datePublished":"2025-06-13T02:05:36+00:00","dateModified":"2025-08-11T17:20:04+00:00","breadcrumb":{"@id":"https:\/\/www.capitalidea.org\/unions-construction\/#breadcrumb"},"inLanguage":"es","potentialAction":[{"@type":"ReadAction","target":["https:\/\/www.capitalidea.org\/unions-construction\/"]}]},{"@type":"ImageObject","inLanguage":"es","@id":"https:\/\/www.capitalidea.org\/unions-construction\/#primaryimage","url":"https:\/\/www.capitalidea.org\/wp-content\/uploads\/2025\/08\/union-construction-3-1.jpg","contentUrl":"https:\/\/www.capitalidea.org\/wp-content\/uploads\/2025\/08\/union-construction-3-1.jpg"},{"@type":"BreadcrumbList","@id":"https:\/\/www.capitalidea.org\/unions-construction\/#breadcrumb","itemListElement":[{"@type":"ListItem","position":1,"name":"Home","item":"https:\/\/www.capitalidea.org\/"},{"@type":"ListItem","position":2,"name":"Unions &#038; Construction"}]},{"@type":"WebSite","@id":"https:\/\/www.capitalidea.org\/#website","url":"https:\/\/www.capitalidea.org\/","name":"Capital IDEA","description":"","publisher":{"@id":"https:\/\/www.capitalidea.org\/#organization"},"potentialAction":[{"@type":"SearchAction","target":{"@type":"EntryPoint","urlTemplate":"https:\/\/www.capitalidea.org\/?s={search_term_string}"},"query-input":{"@type":"PropertyValueSpecification","valueRequired":true,"valueName":"search_term_string"}}],"inLanguage":"es"},{"@type":"Organization","@id":"https:\/\/www.capitalidea.org\/#organization","name":"Capital IDEA","url":"https:\/\/www.capitalidea.org\/","logo":{"@type":"ImageObject","inLanguage":"es","@id":"https:\/\/www.capitalidea.org\/#\/schema\/logo\/image\/","url":"https:\/\/www.capitalidea.org\/wp-content\/uploads\/2025\/06\/logo-mark.svg","contentUrl":"https:\/\/www.capitalidea.org\/wp-content\/uploads\/2025\/06\/logo-mark.svg","width":1,"height":1,"caption":"Capital IDEA"},"image":{"@id":"https:\/\/www.capitalidea.org\/#\/schema\/logo\/image\/"},"sameAs":["https:\/\/www.facebook.com\/capitalidea.austin\/","https:\/\/www.instagram.com\/capital_idea_atx\/","https:\/\/www.linkedin.com\/company\/capital-idea_2","https:\/\/www.tiktok.com\/@capitalidea_atx"]}]}},"_links":{"self":[{"href":"https:\/\/www.capitalidea.org\/es\/wp-json\/wp\/v2\/pages\/7148","targetHints":{"allow":["GET"]}}],"collection":[{"href":"https:\/\/www.capitalidea.org\/es\/wp-json\/wp\/v2\/pages"}],"about":[{"href":"https:\/\/www.capitalidea.org\/es\/wp-json\/wp\/v2\/types\/page"}],"author":[{"embeddable":true,"href":"https:\/\/www.capitalidea.org\/es\/wp-json\/wp\/v2\/users\/7"}],"replies":[{"embeddable":true,"href":"https:\/\/www.capitalidea.org\/es\/wp-json\/wp\/v2\/comments?post=7148"}],"version-history":[{"count":18,"href":"https:\/\/www.capitalidea.org\/es\/wp-json\/wp\/v2\/pages\/7148\/revisions"}],"predecessor-version":[{"id":43220,"href":"https:\/\/www.capitalidea.org\/es\/wp-json\/wp\/v2\/pages\/7148\/revisions\/43220"}],"wp:attachment":[{"href":"https:\/\/www.capitalidea.org\/es\/wp-json\/wp\/v2\/media?parent=7148"}],"curies":[{"name":"wp","href":"https:\/\/api.w.org\/{rel}","templated":true}]}}