{"id":7155,"date":"2025-06-12T22:08:33","date_gmt":"2025-06-13T02:08:33","guid":{"rendered":"https:\/\/www.capitalidea.org\/join-our-team\/"},"modified":"2026-03-20T16:19:51","modified_gmt":"2026-03-20T21:19:51","slug":"join-our-team","status":"publish","type":"page","link":"https:\/\/www.capitalidea.org\/es\/join-our-team\/","title":{"rendered":"\u00danete a nuestro equipo"},"content":{"rendered":"Empleo en Capital IDEA\t\n<h1>\n\t\t\t\u00danete al equipo que impulsa las oportunidades en el centro de Texas\t<\/h1>\n\t<p>Si te mueve un prop\u00f3sito, te llena de energ\u00eda la colaboraci\u00f3n y est\u00e1s dispuesto a asumir un trabajo que realmente importa, nos encantar\u00eda conocerte.<\/p>\n\t\t\t<a href=\"#open-roles\"  target=\"_self\">\n\t\t\t\t\t\t\tVer funciones abiertas\n\t\t\t\t\t<\/a>\n\t\t\t<a href=\"https:\/\/www.capitalidea.org\/es\/about\/\"  target=\"_self\">\n\t\t\t\t\t\t\tAcerca de Capital IDEA\n\t\t\t\t\t<\/a>\n<figure itemscope itemtype=\"https:\/\/schema.org\/ImageObject\">\n\t\t\t\t<img decoding=\"async\" src=\"https:\/\/www.capitalidea.org\/wp-content\/uploads\/2025\/08\/Join-our-team-3-1.jpg\" alt=\"Join-our-team-3 (1)\" height=\"750\" width=\"950\" title=\"\u00danete a nuestro equipo-3 (1)\" onerror=\"this.style.display='none'\" loading=\"lazy\" \/>\n\t<\/figure>\n\t\t\tPor qu\u00e9 Capital IDEA\t\n<h2>\n\t\t\t\u00bfPor qu\u00e9 trabajar con nosotros?\t<\/h2>\n\t<p>En Capital IDEA, nuestra misi\u00f3n es ayudar a adultos motivados a alcanzar sus objetivos profesionales y construir un futuro mejor para ellos, sus familias y sus comunidades.<\/p>\n<p>Pero nada de eso ser\u00eda posible sin el entregado equipo que hay entre bastidores. Somos un equipo de asesores, defensores, estrategas y colaboradores que trabajan juntos para hacer posible la universidad, la formaci\u00f3n profesional y el \u00e9xito a largo plazo de cientos de estudiantes cada a\u00f1o.<\/p>\n<figure itemscope itemtype=\"https:\/\/schema.org\/ImageObject\">\n\t\t\t\t<img decoding=\"async\" src=\"https:\/\/www.capitalidea.org\/wp-content\/uploads\/2025\/07\/workingparentsaward-2025.png\" alt=\"Best Place for Working Parents badge - Capital IDEA recognized for family-friendly policies.\" height=\"618\" width=\"502\" title=\"premio padres trabajadores-2025\" onerror=\"this.style.display='none'\" loading=\"lazy\" \/>\n\t<\/figure>\n\t<ul>\n\t\t<li><h4>Estamos impulsados por nuestra misi\u00f3n y centrados en la comunidad<\/h4><p>En Capital IDEA, cada miembro del equipo desempe\u00f1a un papel en la creaci\u00f3n de un cambio duradero. Ya sea asesorando a estudiantes, creando asociaciones o apoyando las operaciones diarias, su trabajo ayuda a transformar vidas y a construir un Central Texas m\u00e1s fuerte.<\/p><\/li><li><h4>Buscamos la excelencia equilibrada con el bienestar<\/h4>Nos fijamos objetivos ambiciosos y trabajamos duro para alcanzarlos, pero tambi\u00e9n sabemos que la sostenibilidad es importante. Ofrecemos salarios competitivos, aumentos por m\u00e9ritos y generosas prestaciones porque creemos que hay que cuidar a nuestro equipo para que pueda cuidar a nuestros estudiantes.<\/li><li><h4>Estamos impulsados por las personas, motivados y en crecimiento<\/h4>Nuestro personal refleja a las personas y los lugares a los que servimos. Con un amplio abanico de competencias, trayectorias y experiencias vitales, sacamos fuerzas de nuestras diferencias y avanzamos juntos, ampliando el acceso, abriendo puertas y defendiendo el \u00e9xito de los estudiantes.<\/li>\t<\/ul>\n\t\t\tNuestros valores\t\n<h2>\n\t\t\tNuestros valores fundamentales en acci\u00f3n\t<\/h2>\n\t<p>En el seno de nuestra organizaci\u00f3n, en la vida de nuestros alumnos y en nuestra comunidad, Capital IDEA aspira a:<\/p>\n\t<ul>\n\t\t<li><h4>Inspirar la transformaci\u00f3n<\/h4><p>Transformamos vidas inspirando a las personas para que alcancen su pleno potencial.<\/p><\/li><li><h4>Cuidar juntos<\/h4>Trabajamos juntos para construir relaciones solidarias.<\/li><li><h4>Cultivar la innovaci\u00f3n<\/h4>Cultivamos un esp\u00edritu de innovaci\u00f3n y mejora continua.<\/li>\t<\/ul>\n\t\t\t\t<img width=\"200\" height=\"201\" src=\"https:\/\/www.capitalidea.org\/wp-content\/uploads\/2025\/07\/Staff_Alyssia-Palacios-Woods.png\" alt=\"\" decoding=\"async\" loading=\"lazy\" srcset=\"https:\/\/www.capitalidea.org\/wp-content\/uploads\/2025\/07\/Staff_Alyssia-Palacios-Woods.png 200w, https:\/\/www.capitalidea.org\/wp-content\/uploads\/2025\/07\/Staff_Alyssia-Palacios-Woods-150x150.png 150w, https:\/\/www.capitalidea.org\/wp-content\/uploads\/2025\/07\/Staff_Alyssia-Palacios-Woods-12x12.png 12w\" sizes=\"auto, (max-width: 200px) 100vw, 200px\" \/>\t\t\t\n\t\t\t\t<p>\"Nuestro equipo es la raz\u00f3n por la que Capital IDEA funciona. Su talento, dedicaci\u00f3n y coraz\u00f3n son los que impulsan esta organizaci\u00f3n y el \u00e9xito de nuestros alumnos.\"<\/p>\n\t\t\t\t\t\t\t\t\t\t\t\t\tAlyssia Palacios-Woods\n\t\t\t\t\t\t\t\t\t\t\t\t\t\t\t\t\t\t\tDirectora ejecutiva\n\t\t\t\t\t\t\t <!-- .louder_testimonial -->\n\t<h2>\n\t\t\tOfertas de empleo actuales\t<\/h2>\n\t<p>Gracias por su inter\u00e9s en Capital IDEA. Las vacantes actuales aparecer\u00e1n a continuaci\u00f3n. Si no hay nada publicado, no estamos contratando en este momento, pero le animamos a volver pronto.<\/p>\n<p>Tambi\u00e9n publicamos vacantes en:<\/p>\n<p><a href=\"https:\/\/www.indeed.com\/cmp\/Capital-Idea---Nonprofit---Austin,-Tx\" target=\"_blank\" rel=\"noopener\">En efecto<\/a> |\u00a0<a href=\"https:\/\/www.idealist.org\/en\/?searchMode=true&amp;type=JOB\" target=\"_blank\" rel=\"noopener\">Idealista<\/a>\u00a0| <a href=\"https:\/\/www.christineslist.org\/\" target=\"_blank\" rel=\"noopener\">Lista de Christine<\/a> | <a href=\"https:\/\/www.linkedin.com\/company\/capital-idea_2\" target=\"_blank\" rel=\"noopener\">LinkedIn<\/a><\/p>","protected":false},"excerpt":{"rendered":"<p>Empleo en Capital IDEA \u00danete al equipo que impulsa las oportunidades en el centro de Texas Si te motiva el prop\u00f3sito, la colaboraci\u00f3n te llena de energ\u00eda y est\u00e1s listo para...<\/p>","protected":false},"author":7,"featured_media":0,"parent":0,"menu_order":20,"comment_status":"closed","ping_status":"closed","template":"","meta":{"_acf_changed":false,"_price":"","_stock":"","_tribe_ticket_header":"","_tribe_default_ticket_provider":"","_tribe_ticket_capacity":"0","_ticket_start_date":"","_ticket_end_date":"","_tribe_ticket_show_description":"","_tribe_ticket_show_not_going":false,"_tribe_ticket_use_global_stock":"","_tribe_ticket_global_stock_level":"","_global_stock_mode":"","_global_stock_cap":"","_tribe_rsvp_for_event":"","_tribe_ticket_going_count":"","_tribe_ticket_not_going_count":"","_tribe_tickets_list":"[]","_tribe_ticket_has_attendee_info_fields":false,"footnotes":""},"class_list":["post-7155","page","type-page","status-publish","hentry"],"acf":[],"yoast_head":"<!-- This site is optimized with the Yoast SEO Premium plugin v27.3 (Yoast SEO v27.3) - https:\/\/yoast.com\/product\/yoast-seo-premium-wordpress\/ -->\n<title>Join Our Team | Capital IDEA<\/title>\n<meta name=\"robots\" content=\"index, follow, max-snippet:-1, max-image-preview:large, max-video-preview:-1\" \/>\n<link rel=\"canonical\" href=\"https:\/\/www.capitalidea.org\/es\/join-our-team\/\" \/>\n<meta property=\"og:locale\" content=\"es_MX\" \/>\n<meta property=\"og:type\" content=\"article\" \/>\n<meta property=\"og:title\" content=\"Join Our Team\" \/>\n<meta property=\"og:description\" content=\"Careers at Capital IDEA Join the Team That&#8217;s Powering Opportunity in Central Texas If you&#8217;re driven by purpose, energized by collaboration, and ready to take on work that truly matters,&hellip;\" \/>\n<meta property=\"og:url\" content=\"https:\/\/www.capitalidea.org\/es\/join-our-team\/\" \/>\n<meta property=\"og:site_name\" content=\"Capital IDEA\" \/>\n<meta property=\"article:publisher\" content=\"https:\/\/www.facebook.com\/capitalidea.austin\/\" \/>\n<meta property=\"article:modified_time\" content=\"2026-03-20T21:19:51+00:00\" \/>\n<meta property=\"og:image\" content=\"https:\/\/www.capitalidea.org\/wp-content\/uploads\/2025\/08\/Join-our-team-3-1.jpg\" \/>\n<meta name=\"twitter:card\" content=\"summary_large_image\" \/>\n<meta name=\"twitter:label1\" content=\"Tiempo de lectura\" \/>\n\t<meta name=\"twitter:data1\" content=\"3 minutos\" \/>\n<script type=\"application\/ld+json\" class=\"yoast-schema-graph\">{\"@context\":\"https:\\\/\\\/schema.org\",\"@graph\":[{\"@type\":\"WebPage\",\"@id\":\"https:\\\/\\\/www.capitalidea.org\\\/join-our-team\\\/\",\"url\":\"https:\\\/\\\/www.capitalidea.org\\\/join-our-team\\\/\",\"name\":\"Join Our Team | Capital IDEA\",\"isPartOf\":{\"@id\":\"https:\\\/\\\/www.capitalidea.org\\\/#website\"},\"primaryImageOfPage\":{\"@id\":\"https:\\\/\\\/www.capitalidea.org\\\/join-our-team\\\/#primaryimage\"},\"image\":{\"@id\":\"https:\\\/\\\/www.capitalidea.org\\\/join-our-team\\\/#primaryimage\"},\"thumbnailUrl\":\"https:\\\/\\\/www.capitalidea.org\\\/wp-content\\\/uploads\\\/2025\\\/08\\\/Join-our-team-3-1.jpg\",\"datePublished\":\"2025-06-13T02:08:33+00:00\",\"dateModified\":\"2026-03-20T21:19:51+00:00\",\"breadcrumb\":{\"@id\":\"https:\\\/\\\/www.capitalidea.org\\\/join-our-team\\\/#breadcrumb\"},\"inLanguage\":\"es\",\"potentialAction\":[{\"@type\":\"ReadAction\",\"target\":[\"https:\\\/\\\/www.capitalidea.org\\\/join-our-team\\\/\"]}]},{\"@type\":\"ImageObject\",\"inLanguage\":\"es\",\"@id\":\"https:\\\/\\\/www.capitalidea.org\\\/join-our-team\\\/#primaryimage\",\"url\":\"https:\\\/\\\/www.capitalidea.org\\\/wp-content\\\/uploads\\\/2025\\\/08\\\/Join-our-team-3-1.jpg\",\"contentUrl\":\"https:\\\/\\\/www.capitalidea.org\\\/wp-content\\\/uploads\\\/2025\\\/08\\\/Join-our-team-3-1.jpg\"},{\"@type\":\"BreadcrumbList\",\"@id\":\"https:\\\/\\\/www.capitalidea.org\\\/join-our-team\\\/#breadcrumb\",\"itemListElement\":[{\"@type\":\"ListItem\",\"position\":1,\"name\":\"Home\",\"item\":\"https:\\\/\\\/www.capitalidea.org\\\/\"},{\"@type\":\"ListItem\",\"position\":2,\"name\":\"Join Our Team\"}]},{\"@type\":\"WebSite\",\"@id\":\"https:\\\/\\\/www.capitalidea.org\\\/#website\",\"url\":\"https:\\\/\\\/www.capitalidea.org\\\/\",\"name\":\"Capital IDEA\",\"description\":\"\",\"publisher\":{\"@id\":\"https:\\\/\\\/www.capitalidea.org\\\/#organization\"},\"potentialAction\":[{\"@type\":\"SearchAction\",\"target\":{\"@type\":\"EntryPoint\",\"urlTemplate\":\"https:\\\/\\\/www.capitalidea.org\\\/?s={search_term_string}\"},\"query-input\":{\"@type\":\"PropertyValueSpecification\",\"valueRequired\":true,\"valueName\":\"search_term_string\"}}],\"inLanguage\":\"es\"},{\"@type\":\"Organization\",\"@id\":\"https:\\\/\\\/www.capitalidea.org\\\/#organization\",\"name\":\"Capital IDEA\",\"url\":\"https:\\\/\\\/www.capitalidea.org\\\/\",\"logo\":{\"@type\":\"ImageObject\",\"inLanguage\":\"es\",\"@id\":\"https:\\\/\\\/www.capitalidea.org\\\/#\\\/schema\\\/logo\\\/image\\\/\",\"url\":\"https:\\\/\\\/www.capitalidea.org\\\/wp-content\\\/uploads\\\/2025\\\/06\\\/logo-mark.svg\",\"contentUrl\":\"https:\\\/\\\/www.capitalidea.org\\\/wp-content\\\/uploads\\\/2025\\\/06\\\/logo-mark.svg\",\"width\":1,\"height\":1,\"caption\":\"Capital IDEA\"},\"image\":{\"@id\":\"https:\\\/\\\/www.capitalidea.org\\\/#\\\/schema\\\/logo\\\/image\\\/\"},\"sameAs\":[\"https:\\\/\\\/www.facebook.com\\\/capitalidea.austin\\\/\",\"https:\\\/\\\/www.instagram.com\\\/capital_idea_atx\\\/\",\"https:\\\/\\\/www.linkedin.com\\\/company\\\/capital-idea_2\",\"https:\\\/\\\/www.tiktok.com\\\/@capitalidea_atx\"]}]}<\/script>\n<!-- \/ Yoast SEO Premium plugin. -->","yoast_head_json":{"title":"\u00danete a nuestro equipo | Capital IDEA","robots":{"index":"index","follow":"follow","max-snippet":"max-snippet:-1","max-image-preview":"max-image-preview:large","max-video-preview":"max-video-preview:-1"},"canonical":"https:\/\/www.capitalidea.org\/es\/join-our-team\/","og_locale":"es_MX","og_type":"article","og_title":"Join Our Team","og_description":"Careers at Capital IDEA Join the Team That&#8217;s Powering Opportunity in Central Texas If you&#8217;re driven by purpose, energized by collaboration, and ready to take on work that truly matters,&hellip;","og_url":"https:\/\/www.capitalidea.org\/es\/join-our-team\/","og_site_name":"Capital IDEA","article_publisher":"https:\/\/www.facebook.com\/capitalidea.austin\/","article_modified_time":"2026-03-20T21:19:51+00:00","og_image":[{"url":"https:\/\/www.capitalidea.org\/wp-content\/uploads\/2025\/08\/Join-our-team-3-1.jpg","type":"","width":"","height":""}],"twitter_card":"summary_large_image","twitter_misc":{"Tiempo de lectura":"3 minutos"},"schema":{"@context":"https:\/\/schema.org","@graph":[{"@type":"WebPage","@id":"https:\/\/www.capitalidea.org\/join-our-team\/","url":"https:\/\/www.capitalidea.org\/join-our-team\/","name":"\u00danete a nuestro equipo | Capital IDEA","isPartOf":{"@id":"https:\/\/www.capitalidea.org\/#website"},"primaryImageOfPage":{"@id":"https:\/\/www.capitalidea.org\/join-our-team\/#primaryimage"},"image":{"@id":"https:\/\/www.capitalidea.org\/join-our-team\/#primaryimage"},"thumbnailUrl":"https:\/\/www.capitalidea.org\/wp-content\/uploads\/2025\/08\/Join-our-team-3-1.jpg","datePublished":"2025-06-13T02:08:33+00:00","dateModified":"2026-03-20T21:19:51+00:00","breadcrumb":{"@id":"https:\/\/www.capitalidea.org\/join-our-team\/#breadcrumb"},"inLanguage":"es","potentialAction":[{"@type":"ReadAction","target":["https:\/\/www.capitalidea.org\/join-our-team\/"]}]},{"@type":"ImageObject","inLanguage":"es","@id":"https:\/\/www.capitalidea.org\/join-our-team\/#primaryimage","url":"https:\/\/www.capitalidea.org\/wp-content\/uploads\/2025\/08\/Join-our-team-3-1.jpg","contentUrl":"https:\/\/www.capitalidea.org\/wp-content\/uploads\/2025\/08\/Join-our-team-3-1.jpg"},{"@type":"BreadcrumbList","@id":"https:\/\/www.capitalidea.org\/join-our-team\/#breadcrumb","itemListElement":[{"@type":"ListItem","position":1,"name":"Home","item":"https:\/\/www.capitalidea.org\/"},{"@type":"ListItem","position":2,"name":"Join Our Team"}]},{"@type":"WebSite","@id":"https:\/\/www.capitalidea.org\/#website","url":"https:\/\/www.capitalidea.org\/","name":"Capital IDEA","description":"","publisher":{"@id":"https:\/\/www.capitalidea.org\/#organization"},"potentialAction":[{"@type":"SearchAction","target":{"@type":"EntryPoint","urlTemplate":"https:\/\/www.capitalidea.org\/?s={search_term_string}"},"query-input":{"@type":"PropertyValueSpecification","valueRequired":true,"valueName":"search_term_string"}}],"inLanguage":"es"},{"@type":"Organization","@id":"https:\/\/www.capitalidea.org\/#organization","name":"Capital IDEA","url":"https:\/\/www.capitalidea.org\/","logo":{"@type":"ImageObject","inLanguage":"es","@id":"https:\/\/www.capitalidea.org\/#\/schema\/logo\/image\/","url":"https:\/\/www.capitalidea.org\/wp-content\/uploads\/2025\/06\/logo-mark.svg","contentUrl":"https:\/\/www.capitalidea.org\/wp-content\/uploads\/2025\/06\/logo-mark.svg","width":1,"height":1,"caption":"Capital IDEA"},"image":{"@id":"https:\/\/www.capitalidea.org\/#\/schema\/logo\/image\/"},"sameAs":["https:\/\/www.facebook.com\/capitalidea.austin\/","https:\/\/www.instagram.com\/capital_idea_atx\/","https:\/\/www.linkedin.com\/company\/capital-idea_2","https:\/\/www.tiktok.com\/@capitalidea_atx"]}]}},"_links":{"self":[{"href":"https:\/\/www.capitalidea.org\/es\/wp-json\/wp\/v2\/pages\/7155","targetHints":{"allow":["GET"]}}],"collection":[{"href":"https:\/\/www.capitalidea.org\/es\/wp-json\/wp\/v2\/pages"}],"about":[{"href":"https:\/\/www.capitalidea.org\/es\/wp-json\/wp\/v2\/types\/page"}],"author":[{"embeddable":true,"href":"https:\/\/www.capitalidea.org\/es\/wp-json\/wp\/v2\/users\/7"}],"replies":[{"embeddable":true,"href":"https:\/\/www.capitalidea.org\/es\/wp-json\/wp\/v2\/comments?post=7155"}],"version-history":[{"count":16,"href":"https:\/\/www.capitalidea.org\/es\/wp-json\/wp\/v2\/pages\/7155\/revisions"}],"predecessor-version":[{"id":45230,"href":"https:\/\/www.capitalidea.org\/es\/wp-json\/wp\/v2\/pages\/7155\/revisions\/45230"}],"wp:attachment":[{"href":"https:\/\/www.capitalidea.org\/es\/wp-json\/wp\/v2\/media?parent=7155"}],"curies":[{"name":"wp","href":"https:\/\/api.w.org\/{rel}","templated":true}]}}