{"id":7159,"date":"2025-06-12T22:08:33","date_gmt":"2025-06-13T02:08:33","guid":{"rendered":"https:\/\/www.capitalidea.org\/dontate\/"},"modified":"2026-04-16T09:38:11","modified_gmt":"2026-04-16T14:38:11","slug":"donate","status":"publish","type":"page","link":"https:\/\/www.capitalidea.org\/es\/donate\/","title":{"rendered":"Donar"},"content":{"rendered":"Dona a Capital IDEA\t\n<h1>\n\t\t\tConstruimos un futuro mejor: una clase, una carrera profesional cada vez.\t<\/h1>\n\t<p>Los graduados ofrecen un retorno de la inversi\u00f3n de 699%: cada d\u00f3lar que usted dona contribuye a generar casi $7 de impacto econ\u00f3mico a largo plazo a trav\u00e9s de salarios m\u00e1s altos, menor dependencia de la asistencia p\u00fablica y mayores contribuciones fiscales locales durante los pr\u00f3ximos 20 a\u00f1os.<\/p>\n\t\t\t<a href=\"#donation-form\"  target=\"_self\">\n\t\t\t\t\t\t\tDonar ahora\n\t\t\t\t\t<\/a>\n<figure itemscope itemtype=\"https:\/\/schema.org\/ImageObject\">\n\t\t\t\t<img decoding=\"async\" src=\"https:\/\/www.capitalidea.org\/wp-content\/uploads\/2025\/08\/donate-1-1.png\" alt=\"donate-1 (1)\" height=\"1500\" width=\"1900\" title=\"donar-1 (1)\" onerror=\"this.style.display='none'\" loading=\"lazy\" \/>\n\t<\/figure>\n\t\t\tDonar ahora\t\n<h2>\n\t\t\tSatisfacer la necesidad\t<\/h2>\n\t<p>El centro de Texas crece y crea empleo mucho m\u00e1s r\u00e1pido que la media nacional.<\/p>\n<p>Pero el aumento del coste de la vida y la grave escasez de profesionales sanitarios y cualificados dejan atr\u00e1s a demasiados residentes. Mientras que el salario digno supera ahora los $26\/hora, la mayor\u00eda de los estudiantes de Capital IDEA entran en el programa ganando menos de la mitad. La necesidad de formaci\u00f3n profesional y apoyo es evidente, y tambi\u00e9n lo es la oportunidad. Juntos, podemos invertir en un futuro m\u00e1s fuerte y resistente para el centro de Texas.<\/p>\n\t\t\tLa soluci\u00f3n\t\n<h2>\n\t\t\tSu regalo impulsa la transformaci\u00f3n profesional\t<\/h2>\n\t<p>En Capital IDEA, hacemos algo m\u00e1s que cubrir la matr\u00edcula: eliminamos barreras. Con apoyo integral, como asistencia para el cuidado de los ni\u00f1os, orientaci\u00f3n especializada y asesoramiento laboral, ayudamos a los adultos con bajos ingresos a prepararse y tener \u00e9xito en carreras de alta demanda.<\/p>\n<h3>\n\t\t\tSolo en 2025:\t<\/h3>\n\t\t<!-- Comment to fix spacing issue\n\t-->\n\t\t0Los adultos recibieron apoyo directo para avanzar hacia sus futuras carreras.\n\t<!-- Comment to fix spacing issue\n\t-->\t\n\t\t<!-- Comment to fix spacing issue\n\t-->\n\t\t0Los estudiantes se grad\u00faan preparados para incorporarse a la vida laboral.\n\t<!-- Comment to fix spacing issue\n\t-->\t\n\t\t<!-- Comment to fix spacing issue\n\t-->\n\t\t$0\/horaSalario medio inicial para titulados colocados.\n\t<!-- Comment to fix spacing issue\n\t-->\t\n\t\t\t<a href=\"#donation-form\"  target=\"_self\">\n\t\t\t\t\t\t\tDonar ahora\n\t\t\t\t\t<\/a>\n\t\t\t\t<img width=\"400\" height=\"400\" src=\"https:\/\/www.capitalidea.org\/wp-content\/uploads\/2025\/07\/Teresa-Garza-1.png\" alt=\"\" decoding=\"async\" loading=\"lazy\" srcset=\"https:\/\/www.capitalidea.org\/wp-content\/uploads\/2025\/07\/Teresa-Garza-1.png 400w, https:\/\/www.capitalidea.org\/wp-content\/uploads\/2025\/07\/Teresa-Garza-1-300x300.png 300w, https:\/\/www.capitalidea.org\/wp-content\/uploads\/2025\/07\/Teresa-Garza-1-150x150.png 150w, https:\/\/www.capitalidea.org\/wp-content\/uploads\/2025\/07\/Teresa-Garza-1-12x12.png 12w\" sizes=\"auto, (max-width: 400px) 100vw, 400px\" \/>\t\t\t\n\t\t\t\t<p>\"Capital IDEA me dio la oportunidad. Una vez que me dieron la oportunidad, sal\u00ed corriendo con ella y \u00a1no he parado! A veces s\u00f3lo necesitas que una persona crea en ti, lo suficiente\".<\/p>\n\t\t\t\t\t\t\t\t\t\t\t\t\tTeresa Garza\n\t\t\t\t\t\t\t\t\t\t\t\t\t\t\t\t\t\t\tProfesora y Jefa Adjunta del Departamento de Radiolog\u00eda, Radiolog\u00eda, Licenciada en 2001\n\t\t\t\t\t\t\t <!-- .louder_testimonial -->\n\t\t\t\t<img width=\"400\" height=\"400\" src=\"https:\/\/www.capitalidea.org\/wp-content\/uploads\/2025\/07\/Yasmin-Sosa.png\" alt=\"\" decoding=\"async\" loading=\"lazy\" srcset=\"https:\/\/www.capitalidea.org\/wp-content\/uploads\/2025\/07\/Yasmin-Sosa.png 400w, https:\/\/www.capitalidea.org\/wp-content\/uploads\/2025\/07\/Yasmin-Sosa-300x300.png 300w, https:\/\/www.capitalidea.org\/wp-content\/uploads\/2025\/07\/Yasmin-Sosa-150x150.png 150w, https:\/\/www.capitalidea.org\/wp-content\/uploads\/2025\/07\/Yasmin-Sosa-12x12.png 12w\" sizes=\"auto, (max-width: 400px) 100vw, 400px\" \/>\t\t\t\n\t\t\t\t<p>\"Capital IDEA cambi\u00f3 mi vida y, gracias a la oportunidad que me dieron, puedo ofrecer un futuro mejor a mi hijo. Lo que hace Capital IDEA es hacer realidad los sue\u00f1os\".<\/p>\n\t\t\t\t\t\t\t\t\t\t\t\t\tYasmin Sosa\n\t\t\t\t\t\t\t\t\t\t\t\t\t\t\t\t\t\t\tIngeniera superior de proyectos, inform\u00e1tica, graduada en 2017\n\t\t\t\t\t\t\t <!-- .louder_testimonial -->\n\t<figure itemscope itemtype=\"https:\/\/schema.org\/ImageObject\">\n\t\t\t\t<img decoding=\"async\" src=\"https:\/\/www.capitalidea.org\/wp-content\/uploads\/2025\/06\/star.svg\" alt=\"star\" height=\"55\" width=\"57\" title=\"estrella\" onerror=\"this.style.display='none'\" loading=\"lazy\" \/>\n\t<\/figure>\n<h2>\n\t\t\tSu donaci\u00f3n cubre costes reales de capacitaci\u00f3n\t<\/h2>\n\t<p>Cada nivel de donaci\u00f3n refleja c\u00f3mo tu apoyo ayuda a los estudiantes a pasar de empezar a conseguir un empleo:<\/p>\n\t<p><strong>$30<\/strong> | <strong>Empezar<\/strong> \u2013 Ayudar a un estudiante a comenzar su trayectoria universitaria.<\/p>\n<p><strong>$50<\/strong> | <strong>Elige un camino<\/strong> \u2013 Apoyar el ingreso a un programa enfocado en la carrera profesional.<\/p>\n<p><strong>$85<\/strong> | <strong>Acumular cr\u00e9ditos<\/strong> \u2013 Acercar a un estudiante a la obtenci\u00f3n de un t\u00edtulo.<\/p>\n<p><strong>$120<\/strong> | <strong>Desarrollar habilidades<\/strong> \u2013 Apoyar el aprendizaje con los libros y herramientas necesarios.<\/p>\n<p><strong>$200<\/strong> | <strong>Consigue un empleo<\/strong> \u2013 Apoyar a un graduado que da el \u00faltimo paso hacia su profesi\u00f3n.<\/p>\n<p><strong>$1,000+<\/strong> | <strong>Crear impulso<\/strong> -Apoyar a m\u00e1s estudiantes a lo largo de su trayectoria.<\/p>\n\t\t\t<a href=\"#donation-form\"  target=\"_self\">\n\t\t\t\t\t\t\tInvertir en nuestra comunidad\n\t\t\t\t\t<\/a>\n<figure itemscope itemtype=\"https:\/\/schema.org\/ImageObject\">\n\t\t\t\t<img decoding=\"async\" src=\"https:\/\/www.capitalidea.org\/wp-content\/uploads\/2025\/08\/CTA-4-1.jpg\" alt=\"CTA-4 (1)\" height=\"1100\" width=\"1100\" title=\"CTA-4 (1)\" onerror=\"this.style.display='none'\" loading=\"lazy\" \/>\n\t<\/figure>\n\t\t\tDona a Capital IDEA\t\n<h2>\n\t\t\tPor qu\u00e9 su donaci\u00f3n es importante hoy y para nuestro futuro\t<\/h2>\n\t<p>Nuestra comunidad tiene una necesidad cr\u00edtica de profesionales cualificados, y nuestros estudiantes est\u00e1n preparados para dar el paso. Con su apoyo, se convertir\u00e1n en los pr\u00f3ximos enfermeros, t\u00e9cnicos inform\u00e1ticos y comerciantes cualificados que impulsar\u00e1n el centro de Texas.<\/p>\n<p>Apoye su viaje. Invierte en tu comunidad. Vea c\u00f3mo se multiplica su impacto.<\/p>\n\t\t\t<a href=\"#donation-form\"  target=\"_self\">\n\t\t\t\t\t\t\tDonar ahora\n\t\t\t\t\t<\/a>","protected":false},"excerpt":{"rendered":"<p>Dar a Capital IDEA Estamos construyendo un futuro m\u00e1s brillante, una clase, una carrera a la vez. Los graduados ofrecen un 699% ROI-cada d\u00f3lar que usted da ayuda a generar casi $7 en...<\/p>","protected":false},"author":7,"featured_media":0,"parent":0,"menu_order":24,"comment_status":"closed","ping_status":"closed","template":"","meta":{"_acf_changed":false,"_price":"","_stock":"","_tribe_ticket_header":"","_tribe_default_ticket_provider":"","_tribe_ticket_capacity":"0","_ticket_start_date":"","_ticket_end_date":"","_tribe_ticket_show_description":"","_tribe_ticket_show_not_going":false,"_tribe_ticket_use_global_stock":"","_tribe_ticket_global_stock_level":"","_global_stock_mode":"","_global_stock_cap":"","_tribe_rsvp_for_event":"","_tribe_ticket_going_count":"","_tribe_ticket_not_going_count":"","_tribe_tickets_list":"[]","_tribe_ticket_has_attendee_info_fields":false,"footnotes":""},"class_list":["post-7159","page","type-page","status-publish","hentry"],"acf":[],"yoast_head":"<!-- This site is optimized with the Yoast SEO Premium plugin v27.3 (Yoast SEO v27.3) - https:\/\/yoast.com\/product\/yoast-seo-premium-wordpress\/ -->\n<title>Donate | Capital IDEA<\/title>\n<meta name=\"robots\" content=\"index, follow, max-snippet:-1, max-image-preview:large, max-video-preview:-1\" \/>\n<link rel=\"canonical\" href=\"https:\/\/www.capitalidea.org\/es\/donate\/\" \/>\n<meta property=\"og:locale\" content=\"es_MX\" \/>\n<meta property=\"og:type\" content=\"article\" \/>\n<meta property=\"og:title\" content=\"Donate\" \/>\n<meta property=\"og:description\" content=\"Give to Capital IDEA We&#8217;re Building a Brighter Future-One Class, One Career at a Time. Graduates deliver a 699% ROI-every dollar you give helps generate nearly $7 in long-term economic&hellip;\" \/>\n<meta property=\"og:url\" content=\"https:\/\/www.capitalidea.org\/es\/donate\/\" \/>\n<meta property=\"og:site_name\" content=\"Capital IDEA\" \/>\n<meta property=\"article:publisher\" content=\"https:\/\/www.facebook.com\/capitalidea.austin\/\" \/>\n<meta property=\"article:modified_time\" content=\"2026-04-16T14:38:11+00:00\" \/>\n<meta property=\"og:image\" content=\"https:\/\/www.capitalidea.org\/wp-content\/uploads\/2025\/08\/donate-1-1.png\" \/>\n<meta name=\"twitter:card\" content=\"summary_large_image\" \/>\n<meta name=\"twitter:label1\" content=\"Tiempo de lectura\" \/>\n\t<meta name=\"twitter:data1\" content=\"3 minutos\" \/>\n<script type=\"application\/ld+json\" class=\"yoast-schema-graph\">{\"@context\":\"https:\\\/\\\/schema.org\",\"@graph\":[{\"@type\":\"WebPage\",\"@id\":\"https:\\\/\\\/www.capitalidea.org\\\/donate\\\/\",\"url\":\"https:\\\/\\\/www.capitalidea.org\\\/donate\\\/\",\"name\":\"Donate | Capital IDEA\",\"isPartOf\":{\"@id\":\"https:\\\/\\\/www.capitalidea.org\\\/#website\"},\"primaryImageOfPage\":{\"@id\":\"https:\\\/\\\/www.capitalidea.org\\\/donate\\\/#primaryimage\"},\"image\":{\"@id\":\"https:\\\/\\\/www.capitalidea.org\\\/donate\\\/#primaryimage\"},\"thumbnailUrl\":\"https:\\\/\\\/www.capitalidea.org\\\/wp-content\\\/uploads\\\/2025\\\/08\\\/donate-1-1.png\",\"datePublished\":\"2025-06-13T02:08:33+00:00\",\"dateModified\":\"2026-04-16T14:38:11+00:00\",\"breadcrumb\":{\"@id\":\"https:\\\/\\\/www.capitalidea.org\\\/donate\\\/#breadcrumb\"},\"inLanguage\":\"es\",\"potentialAction\":[{\"@type\":\"ReadAction\",\"target\":[\"https:\\\/\\\/www.capitalidea.org\\\/donate\\\/\"]}]},{\"@type\":\"ImageObject\",\"inLanguage\":\"es\",\"@id\":\"https:\\\/\\\/www.capitalidea.org\\\/donate\\\/#primaryimage\",\"url\":\"https:\\\/\\\/www.capitalidea.org\\\/wp-content\\\/uploads\\\/2025\\\/08\\\/donate-1-1.png\",\"contentUrl\":\"https:\\\/\\\/www.capitalidea.org\\\/wp-content\\\/uploads\\\/2025\\\/08\\\/donate-1-1.png\"},{\"@type\":\"BreadcrumbList\",\"@id\":\"https:\\\/\\\/www.capitalidea.org\\\/donate\\\/#breadcrumb\",\"itemListElement\":[{\"@type\":\"ListItem\",\"position\":1,\"name\":\"Home\",\"item\":\"https:\\\/\\\/www.capitalidea.org\\\/\"},{\"@type\":\"ListItem\",\"position\":2,\"name\":\"Donate\"}]},{\"@type\":\"WebSite\",\"@id\":\"https:\\\/\\\/www.capitalidea.org\\\/#website\",\"url\":\"https:\\\/\\\/www.capitalidea.org\\\/\",\"name\":\"Capital IDEA\",\"description\":\"\",\"publisher\":{\"@id\":\"https:\\\/\\\/www.capitalidea.org\\\/#organization\"},\"potentialAction\":[{\"@type\":\"SearchAction\",\"target\":{\"@type\":\"EntryPoint\",\"urlTemplate\":\"https:\\\/\\\/www.capitalidea.org\\\/?s={search_term_string}\"},\"query-input\":{\"@type\":\"PropertyValueSpecification\",\"valueRequired\":true,\"valueName\":\"search_term_string\"}}],\"inLanguage\":\"es\"},{\"@type\":\"Organization\",\"@id\":\"https:\\\/\\\/www.capitalidea.org\\\/#organization\",\"name\":\"Capital IDEA\",\"url\":\"https:\\\/\\\/www.capitalidea.org\\\/\",\"logo\":{\"@type\":\"ImageObject\",\"inLanguage\":\"es\",\"@id\":\"https:\\\/\\\/www.capitalidea.org\\\/#\\\/schema\\\/logo\\\/image\\\/\",\"url\":\"https:\\\/\\\/www.capitalidea.org\\\/wp-content\\\/uploads\\\/2025\\\/06\\\/logo-mark.svg\",\"contentUrl\":\"https:\\\/\\\/www.capitalidea.org\\\/wp-content\\\/uploads\\\/2025\\\/06\\\/logo-mark.svg\",\"width\":1,\"height\":1,\"caption\":\"Capital IDEA\"},\"image\":{\"@id\":\"https:\\\/\\\/www.capitalidea.org\\\/#\\\/schema\\\/logo\\\/image\\\/\"},\"sameAs\":[\"https:\\\/\\\/www.facebook.com\\\/capitalidea.austin\\\/\",\"https:\\\/\\\/www.instagram.com\\\/capital_idea_atx\\\/\",\"https:\\\/\\\/www.linkedin.com\\\/company\\\/capital-idea_2\",\"https:\\\/\\\/www.tiktok.com\\\/@capitalidea_atx\"]}]}<\/script>\n<!-- \/ Yoast SEO Premium plugin. -->","yoast_head_json":{"title":"Donaci\u00f3n | Capital IDEA","robots":{"index":"index","follow":"follow","max-snippet":"max-snippet:-1","max-image-preview":"max-image-preview:large","max-video-preview":"max-video-preview:-1"},"canonical":"https:\/\/www.capitalidea.org\/es\/donate\/","og_locale":"es_MX","og_type":"article","og_title":"Donate","og_description":"Give to Capital IDEA We&#8217;re Building a Brighter Future-One Class, One Career at a Time. Graduates deliver a 699% ROI-every dollar you give helps generate nearly $7 in long-term economic&hellip;","og_url":"https:\/\/www.capitalidea.org\/es\/donate\/","og_site_name":"Capital IDEA","article_publisher":"https:\/\/www.facebook.com\/capitalidea.austin\/","article_modified_time":"2026-04-16T14:38:11+00:00","og_image":[{"url":"https:\/\/www.capitalidea.org\/wp-content\/uploads\/2025\/08\/donate-1-1.png","type":"","width":"","height":""}],"twitter_card":"summary_large_image","twitter_misc":{"Tiempo de lectura":"3 minutos"},"schema":{"@context":"https:\/\/schema.org","@graph":[{"@type":"WebPage","@id":"https:\/\/www.capitalidea.org\/donate\/","url":"https:\/\/www.capitalidea.org\/donate\/","name":"Donaci\u00f3n | Capital IDEA","isPartOf":{"@id":"https:\/\/www.capitalidea.org\/#website"},"primaryImageOfPage":{"@id":"https:\/\/www.capitalidea.org\/donate\/#primaryimage"},"image":{"@id":"https:\/\/www.capitalidea.org\/donate\/#primaryimage"},"thumbnailUrl":"https:\/\/www.capitalidea.org\/wp-content\/uploads\/2025\/08\/donate-1-1.png","datePublished":"2025-06-13T02:08:33+00:00","dateModified":"2026-04-16T14:38:11+00:00","breadcrumb":{"@id":"https:\/\/www.capitalidea.org\/donate\/#breadcrumb"},"inLanguage":"es","potentialAction":[{"@type":"ReadAction","target":["https:\/\/www.capitalidea.org\/donate\/"]}]},{"@type":"ImageObject","inLanguage":"es","@id":"https:\/\/www.capitalidea.org\/donate\/#primaryimage","url":"https:\/\/www.capitalidea.org\/wp-content\/uploads\/2025\/08\/donate-1-1.png","contentUrl":"https:\/\/www.capitalidea.org\/wp-content\/uploads\/2025\/08\/donate-1-1.png"},{"@type":"BreadcrumbList","@id":"https:\/\/www.capitalidea.org\/donate\/#breadcrumb","itemListElement":[{"@type":"ListItem","position":1,"name":"Home","item":"https:\/\/www.capitalidea.org\/"},{"@type":"ListItem","position":2,"name":"Donate"}]},{"@type":"WebSite","@id":"https:\/\/www.capitalidea.org\/#website","url":"https:\/\/www.capitalidea.org\/","name":"Capital IDEA","description":"","publisher":{"@id":"https:\/\/www.capitalidea.org\/#organization"},"potentialAction":[{"@type":"SearchAction","target":{"@type":"EntryPoint","urlTemplate":"https:\/\/www.capitalidea.org\/?s={search_term_string}"},"query-input":{"@type":"PropertyValueSpecification","valueRequired":true,"valueName":"search_term_string"}}],"inLanguage":"es"},{"@type":"Organization","@id":"https:\/\/www.capitalidea.org\/#organization","name":"Capital IDEA","url":"https:\/\/www.capitalidea.org\/","logo":{"@type":"ImageObject","inLanguage":"es","@id":"https:\/\/www.capitalidea.org\/#\/schema\/logo\/image\/","url":"https:\/\/www.capitalidea.org\/wp-content\/uploads\/2025\/06\/logo-mark.svg","contentUrl":"https:\/\/www.capitalidea.org\/wp-content\/uploads\/2025\/06\/logo-mark.svg","width":1,"height":1,"caption":"Capital IDEA"},"image":{"@id":"https:\/\/www.capitalidea.org\/#\/schema\/logo\/image\/"},"sameAs":["https:\/\/www.facebook.com\/capitalidea.austin\/","https:\/\/www.instagram.com\/capital_idea_atx\/","https:\/\/www.linkedin.com\/company\/capital-idea_2","https:\/\/www.tiktok.com\/@capitalidea_atx"]}]}},"_links":{"self":[{"href":"https:\/\/www.capitalidea.org\/es\/wp-json\/wp\/v2\/pages\/7159","targetHints":{"allow":["GET"]}}],"collection":[{"href":"https:\/\/www.capitalidea.org\/es\/wp-json\/wp\/v2\/pages"}],"about":[{"href":"https:\/\/www.capitalidea.org\/es\/wp-json\/wp\/v2\/types\/page"}],"author":[{"embeddable":true,"href":"https:\/\/www.capitalidea.org\/es\/wp-json\/wp\/v2\/users\/7"}],"replies":[{"embeddable":true,"href":"https:\/\/www.capitalidea.org\/es\/wp-json\/wp\/v2\/comments?post=7159"}],"version-history":[{"count":20,"href":"https:\/\/www.capitalidea.org\/es\/wp-json\/wp\/v2\/pages\/7159\/revisions"}],"predecessor-version":[{"id":45365,"href":"https:\/\/www.capitalidea.org\/es\/wp-json\/wp\/v2\/pages\/7159\/revisions\/45365"}],"wp:attachment":[{"href":"https:\/\/www.capitalidea.org\/es\/wp-json\/wp\/v2\/media?parent=7159"}],"curies":[{"name":"wp","href":"https:\/\/api.w.org\/{rel}","templated":true}]}}