{"id":7163,"date":"2025-06-12T22:08:33","date_gmt":"2025-06-13T02:08:33","guid":{"rendered":"https:\/\/www.capitalidea.org\/childcare-assistance\/"},"modified":"2025-10-29T13:42:28","modified_gmt":"2025-10-29T18:42:28","slug":"childcare-assistance","status":"publish","type":"page","link":"https:\/\/www.capitalidea.org\/es\/childcare-assistance\/","title":{"rendered":"Ayuda para el cuidado de ni\u00f1os"},"content":{"rendered":"<img decoding=\"async\" src=\"https:\/\/www.capitalidea.org\/wp-content\/uploads\/2025\/06\/star.svg\" alt=\"star\" itemprop=\"image\" height=\"55\" width=\"57\" title=\"estrella\" onerror=\"this.style.display='none'\" loading=\"lazy\" \/>\n<h1>\n\t\t\tObt\u00e9n tu t\u00edtulo: te ayudamos con el cuidado de los ni\u00f1os \t<\/h1>\n\t<p>Apoyo adicional para los padres que trabajan para hacer posible la universidad. Capital IDEA te ayuda a cubrir los gastos de guarder\u00eda para que puedas seguir estudiando y prepararte para una gran carrera.<\/p>\n<p>Vamos a introducirte en la carrera de tus sue\u00f1os.<\/p>\n\t\t\t<a href=\"https:\/\/www.capitalidea.org\/es\/info-sessions\/\" target=\"_self\">\n\t\t\t\t\t\t\tAsista a una sesi\u00f3n informativa\n\t\t\t\t\t<\/a>\n\t\t\tAyuda para el cuidado de ni\u00f1os\t\n<h2>\n\t\t\tC\u00f3mo funciona el proceso\t<\/h2>\n\t<p>Nuestra especialista en programas de guarder\u00eda, Rosemary Cavazos, trabajar\u00e1 estrechamente con usted para crear un plan que se adapte a las necesidades de su familia.<\/p>\n\t<p>Nuestro objetivo es disponer de una soluci\u00f3n fiable para el cuidado de los ni\u00f1os antes de su primera clase.<\/p>\n<h3>\n\t\t\tEsto es lo que puede esperar:\t<\/h3>\n\t<ul>\n\t\t<li>\t\t\n\t\t1<p>Una vez aprobado por tu Orientador profesional, te reunir\u00e1s con Rosemary.<\/p>\n<\/li><li>\t\t\n\t\t2<p>Ella le ayudar\u00e1 a solicitar Servicios de Cuidado Infantil (CCS) a trav\u00e9s de Workforce Solutions.<\/p>\n<\/li><li>\t\t\n\t\t3<p>Si cumples los requisitos, la aprobaci\u00f3n del CCS se acelera para los estudiantes de Capital IDEA.<\/p>\n<\/li><li>\t\t\n\t\t4<p>Si no cumples los requisitos o hay lista de espera, Rosemary estudiar\u00e1 contigo otras opciones.<\/p>\n<\/li>\t<\/ul>\n\t\t\t\t<img decoding=\"async\" src=\"https:\/\/www.capitalidea.org\/wp-content\/uploads\/2025\/07\/Rosemary-1.png\" alt=\"Rosemary (1)\" itemprop=\"image\" height=\"1200\" width=\"1800\" title=\"Romero (1)\" onerror=\"this.style.display='none'\" loading=\"lazy\" \/>\n\t\t\tCon qui\u00e9n trabajar\u00e1\t\n<h2>\n\t\t\tConozca a Rosemary Cavazos, especialista en programas de guarder\u00eda\t<\/h2>\n\t<p>Rosemary lleva a\u00f1os ayudando a los padres de Capital IDEA a tener \u00e9xito.<\/p>\n<p>Conoce el panorama local del cuidado de ni\u00f1os y trabaja estrechamente con cada padre estudiante para encontrar una soluci\u00f3n fiable. Ya sea que usted est\u00e1 solicitando a trav\u00e9s de Workforce Solutions o explorar opciones alternativas, Rosemary le guiar\u00e1 a trav\u00e9s de cada paso y mantener su plan al d\u00eda.<\/p>\n<h2>\n\t\t\tPreguntas frecuentes\t<\/h2>\n\t\t\t\t\t\t<a href=\"#\"  id=\"fl-accordion--label-0\" tabindex=\"0\" aria-controls=\"fl-accordion--panel-0\">\u00bfQui\u00e9n puede optar a la ayuda para guarder\u00eda?<\/a>\n\t\t\t\t\t\t\t\t\t\t\t\t\t<a href=\"#\" id=\"fl-accordion--icon-0\"  tabindex=\"0\" aria-controls=\"fl-accordion--panel-0\"><i title=\"Ampliar\">Ampliar<\/i><\/a>\n<p>Si eres un estudiante de Capital IDEA con hijos a cargo de edades comprendidas entre <strong>6 semanas y 12 a\u00f1os<\/strong>puede optar a una ayuda para el cuidado de los hijos que reducir\u00e1 significativamente sus gastos de guarder\u00eda.<\/p>\n<p>Para poder optar a ella, tendr\u00e1s que<\/p>\n<ul>\n<li>Ser aceptado en Capital IDEA<\/li>\n<li>Tener un <strong>Tarjeta de la Seguridad Social<\/strong> para cada ni\u00f1o<\/li>\n<li>Mantente en buena posici\u00f3n mientras avanzas hacia la graduaci\u00f3n<\/li>\n<\/ul>\n<p>Te ayudaremos a cuidar de tus hijos desde el primer semestre hasta el \u00faltimo.<\/p>\n<p><a href=\"https:\/\/www.capitalidea.org\/es\/faq\/who-qualifies-for-childcare-assistance\/\">\u00bfQui\u00e9n puede optar a la ayuda para guarder\u00eda?<\/a><\/p>\t\t\t\t\t\n\t\t\t\t\t\t<a href=\"#\"  id=\"fl-accordion--label-1\" tabindex=\"0\" aria-controls=\"fl-accordion--panel-1\">\u00bfCu\u00e1ndo empieza la ayuda para guarder\u00eda?<\/a>\n\t\t\t\t\t\t\t\t\t\t\t\t\t<a href=\"#\" id=\"fl-accordion--icon-1\"  tabindex=\"0\" aria-controls=\"fl-accordion--panel-1\"><i title=\"Ampliar\">Ampliar<\/i><\/a>\n<p>La ayuda para guarder\u00eda comienza el mismo semestre en que empiezas la universidad.<\/p>\n<p>Te reunir\u00e1s con Rosemary para crear o ajustar tu plan seg\u00fan sea necesario. Dependiendo de tu proveedor, es posible que los contratos deban renovarse cada semestre o anualmente.<\/p>\n<p><a href=\"https:\/\/www.capitalidea.org\/es\/faq\/when-does-childcare-assistance-begin\/\">\u00bfCu\u00e1ndo empieza la ayuda para guarder\u00eda?<\/a><\/p>\t\t\t\t\t\n\t\t\t\t\t\t<a href=\"#\"  id=\"fl-accordion--label-2\" tabindex=\"0\" aria-controls=\"fl-accordion--panel-2\">\u00bfD\u00f3nde recibir\u00e1 atenci\u00f3n mi hijo?<\/a>\n\t\t\t\t\t\t\t\t\t\t\t\t\t<a href=\"#\" id=\"fl-accordion--icon-2\"  tabindex=\"0\" aria-controls=\"fl-accordion--panel-2\"><i title=\"Ampliar\">Ampliar<\/i><\/a>\n<p>Si cumple los requisitos para acogerse al CCS, podr\u00e1 elegir entre una amplia red de proveedores de servicios de guarder\u00eda autorizados que figuran en el <a href=\"https:\/\/www.texaschildcaresolutions.org\/child-care-availability-portal\" target=\"_blank\" rel=\"noreferrer noopener\">Portal de disponibilidad de guarder\u00edas en Texas<\/a>.<\/p>\n<p>Otras opciones pueden ser:<\/p>\n<ul>\n<li>YMCA Extend-A-Care<\/li>\n<li>Club de Ni\u00f1os y Ni\u00f1as<\/li>\n<li>Austin ISD Pre-K<\/li>\n<li>Head Start<\/li>\n<li>ACC guarder\u00eda en el campus<\/li>\n<li>O incluso un amigo de confianza o un familiar si no se dispone de atenci\u00f3n formal.<\/li>\n<\/ul>\n<p>Juntos encontraremos la opci\u00f3n que m\u00e1s le convenga.<\/p>\n\n<p><a href=\"https:\/\/www.capitalidea.org\/es\/faq\/where-will-my-child-receive-care\/\">\u00bfD\u00f3nde recibir\u00e1 atenci\u00f3n mi hijo?<\/a><\/p>\t\t\t\t\t\n\t\t\t\t\t\t<a href=\"#\"  id=\"fl-accordion--label-3\" tabindex=\"0\" aria-controls=\"fl-accordion--panel-3\">\u00bfPor qu\u00e9 son importantes las ayudas al cuidado de los hijos?<\/a>\n\t\t\t\t\t\t\t\t\t\t\t\t\t<a href=\"#\" id=\"fl-accordion--icon-3\"  tabindex=\"0\" aria-controls=\"fl-accordion--panel-3\"><i title=\"Ampliar\">Ampliar<\/i><\/a>\n<p>M\u00e1s de un tercio de los alumnos de Capital IDEA son padres de ni\u00f1os peque\u00f1os. Sin un cuidado constante de los ni\u00f1os, es f\u00e1cil quedarse atr\u00e1s. Con ayuda, puedes mantenerte en el buen camino para graduarte a tiempo.<\/p>\n<p>Las ayudas para el cuidado de los hijos ayudan:<\/p>\n<ul>\n<li>Reducir la p\u00e9rdida de clases<\/li>\n<li>Mejorar los \u00edndices de graduaci\u00f3n<\/li>\n<li>Fortalezca el futuro de toda su familia<\/li>\n<\/ul>\n<p>No s\u00f3lo creemos en su potencial, sino que le ayudamos a hacerlo posible.<\/p>\n<p><a href=\"https:\/\/www.capitalidea.org\/es\/faq\/why-does-childcare-support-matter\/\">\u00bfPor qu\u00e9 son importantes las ayudas al cuidado de los hijos?<\/a><\/p>\t\t\t\t\t\n\t\t\t<a href=\"https:\/\/www.capitalidea.org\/es\/faq\/\" target=\"_self\">\n\t\t\t\t\t\t\tVer todas las preguntas frecuentes\n\t\t\t\t\t<\/a>\n\t<p>\u00bfTiene m\u00e1s preguntas? <a href=\"https:\/\/www.capitalidea.org\/es\/contact-us\/\" rel=\"noopener\">P\u00f3ngase en contacto con nosotros<\/a>.<\/p>\n\t\t\t\t<img width=\"400\" height=\"400\" src=\"https:\/\/www.capitalidea.org\/wp-content\/uploads\/2025\/07\/Irene-Reyna-1.png\" alt=\"\" decoding=\"async\" loading=\"lazy\" srcset=\"https:\/\/www.capitalidea.org\/wp-content\/uploads\/2025\/07\/Irene-Reyna-1.png 400w, https:\/\/www.capitalidea.org\/wp-content\/uploads\/2025\/07\/Irene-Reyna-1-300x300.png 300w, https:\/\/www.capitalidea.org\/wp-content\/uploads\/2025\/07\/Irene-Reyna-1-150x150.png 150w, https:\/\/www.capitalidea.org\/wp-content\/uploads\/2025\/07\/Irene-Reyna-1-12x12.png 12w\" sizes=\"auto, (max-width: 400px) 100vw, 400px\" \/>\t\t\t\n\t\t\t\t<p>\"Sab\u00eda que contaba con el apoyo de Capital IDEA, por ejemplo si necesitaba clases particulares o cuidado de ni\u00f1os\".<\/p>\n\t\t\t\t\t\t\t\t\t\t\t\t\tIrene Reyna\n\t\t\t\t\t\t\t\t\t\t\t\t\t\t\t\t\t\t\tDiplomada en Enfermer\u00eda, 2007\n\t\t\t\t\t\t\t <!-- .louder_testimonial -->\n\t\t\t\t<img width=\"400\" height=\"400\" src=\"https:\/\/www.capitalidea.org\/wp-content\/uploads\/2025\/07\/Aida-Nacro-1.png\" alt=\"\" decoding=\"async\" loading=\"lazy\" srcset=\"https:\/\/www.capitalidea.org\/wp-content\/uploads\/2025\/07\/Aida-Nacro-1.png 400w, https:\/\/www.capitalidea.org\/wp-content\/uploads\/2025\/07\/Aida-Nacro-1-300x300.png 300w, https:\/\/www.capitalidea.org\/wp-content\/uploads\/2025\/07\/Aida-Nacro-1-150x150.png 150w, https:\/\/www.capitalidea.org\/wp-content\/uploads\/2025\/07\/Aida-Nacro-1-12x12.png 12w\" sizes=\"auto, (max-width: 400px) 100vw, 400px\" \/>\t\t\t\n\t\t\t\t<p>\"No pod\u00eda creer que me cubrieran la matr\u00edcula, las tasas, los libros y alguna ayuda para el cuidado de los ni\u00f1os. Era el apoyo que necesitaba para seguir por fin la carrera que siempre hab\u00eda querido.\"<\/p>\n\t\t\t\t\t\t\t\t\t\t\t\t\tAida Nacro\n\t\t\t\t\t\t\t\t\t\t\t\t\t\t\t\t\t\t\tAdministradora de redes, licenciada en 2016\n\t\t\t\t\t\t\t <!-- .louder_testimonial -->\n\t\t\t\t<img width=\"400\" height=\"400\" src=\"https:\/\/www.capitalidea.org\/wp-content\/uploads\/2025\/07\/Sarai-Anzaldo-1-1.png\" alt=\"\" decoding=\"async\" loading=\"lazy\" srcset=\"https:\/\/www.capitalidea.org\/wp-content\/uploads\/2025\/07\/Sarai-Anzaldo-1-1.png 400w, https:\/\/www.capitalidea.org\/wp-content\/uploads\/2025\/07\/Sarai-Anzaldo-1-1-300x300.png 300w, https:\/\/www.capitalidea.org\/wp-content\/uploads\/2025\/07\/Sarai-Anzaldo-1-1-150x150.png 150w, https:\/\/www.capitalidea.org\/wp-content\/uploads\/2025\/07\/Sarai-Anzaldo-1-1-12x12.png 12w\" sizes=\"auto, (max-width: 400px) 100vw, 400px\" \/>\t\t\t\n\t\t\t\t<p>\"Puedo mantener econ\u00f3micamente a mi hijo y pasar tiempo con \u00e9l sin tener que tener varios trabajos\".<\/p>\n\t\t\t\t\t\t\t\t\t\t\t\t\tSarai Anzaldo\n\t\t\t\t\t\t\t\t\t\t\t\t\t\t\t\t\t\t\tEspecialista Preventiva, Higiene Dental, 2023 Graduada, Capital IDEA Alumni\n\t\t\t\t\t\t\t <!-- .louder_testimonial -->\n\t\t\t\t<img width=\"400\" height=\"400\" src=\"https:\/\/www.capitalidea.org\/wp-content\/uploads\/2025\/07\/Teresa-Garza-1.png\" alt=\"\" decoding=\"async\" loading=\"lazy\" srcset=\"https:\/\/www.capitalidea.org\/wp-content\/uploads\/2025\/07\/Teresa-Garza-1.png 400w, https:\/\/www.capitalidea.org\/wp-content\/uploads\/2025\/07\/Teresa-Garza-1-300x300.png 300w, https:\/\/www.capitalidea.org\/wp-content\/uploads\/2025\/07\/Teresa-Garza-1-150x150.png 150w, https:\/\/www.capitalidea.org\/wp-content\/uploads\/2025\/07\/Teresa-Garza-1-12x12.png 12w\" sizes=\"auto, (max-width: 400px) 100vw, 400px\" \/>\t\t\t\n\t\t\t\t<p>\"Capital IDEA me dio la oportunidad. Una vez que me dieron la oportunidad, sal\u00ed corriendo con ella y \u00a1no he parado! A veces s\u00f3lo necesitas que una persona crea en ti, lo suficiente\".<\/p>\n\t\t\t\t\t\t\t\t\t\t\t\t\tTeresa Garza\n\t\t\t\t\t\t\t\t\t\t\t\t\t\t\t\t\t\t\tProfesora y Jefa Adjunta del Departamento de Radiolog\u00eda, Radiolog\u00eda, Licenciada en 2001\n\t\t\t\t\t\t\t <!-- .louder_testimonial -->\n\t\t\t\t<img width=\"400\" height=\"400\" src=\"https:\/\/www.capitalidea.org\/wp-content\/uploads\/2025\/07\/Josefina-Rodriguez-1.png\" alt=\"\" decoding=\"async\" loading=\"lazy\" srcset=\"https:\/\/www.capitalidea.org\/wp-content\/uploads\/2025\/07\/Josefina-Rodriguez-1.png 400w, https:\/\/www.capitalidea.org\/wp-content\/uploads\/2025\/07\/Josefina-Rodriguez-1-300x300.png 300w, https:\/\/www.capitalidea.org\/wp-content\/uploads\/2025\/07\/Josefina-Rodriguez-1-150x150.png 150w, https:\/\/www.capitalidea.org\/wp-content\/uploads\/2025\/07\/Josefina-Rodriguez-1-12x12.png 12w\" sizes=\"auto, (max-width: 400px) 100vw, 400px\" \/>\t\t\t\n\t\t\t\t<p>\"Este viaje es el resultado del amor y la perseverancia de mis padres, la fuerza de mis hijos y el apoyo inquebrantable de quienes creyeron en m\u00ed\".<\/p>\n\t\t\t\t\t\t\t\t\t\t\t\t\tJosefina Rodr\u00edguez\n\t\t\t\t\t\t\t\t\t\t\t\t\t\t\t\t\t\t\tDiplomada en Enfermer\u00eda, 2024\n\t\t\t\t\t\t\t <!-- .louder_testimonial -->\n\t\t\t\t<img decoding=\"async\" src=\"https:\/\/www.capitalidea.org\/wp-content\/uploads\/2025\/06\/star.svg\" alt=\"star\" itemprop=\"image\" height=\"55\" width=\"57\" title=\"estrella\" onerror=\"this.style.display='none'\" loading=\"lazy\" \/>\n<h2>\n\t\t\tParte de su sistema de apoyo\t<\/h2>\n\t<p>La ayuda para el cuidado de los ni\u00f1os es s\u00f3lo una parte del apoyo global que recibir\u00e1 de Capital IDEA.<\/p>\n<p>Tambi\u00e9n ayudamos con:<\/p>\n\t\t\t\t<img decoding=\"async\" src=\"https:\/\/www.capitalidea.org\/wp-content\/uploads\/2025\/07\/Tuition-Textbooks-and-Fees.png\" alt=\"Tuition Textbooks and Fees\" itemprop=\"image\" height=\"180\" width=\"180\" title=\"Matr\u00edcula Libros de texto y tasas\" onerror=\"this.style.display='none'\" loading=\"lazy\" \/>\n<h3>\n\t\t\tMatr\u00edcula, libros de texto y tasas\t<\/h3>\n\t<p>Capital IDEA cubre totalmente tus libros y tasas, asegur\u00e1ndote que tienes lo que necesitas para tener \u00e9xito.<\/p>\n\t\t\t<a href=\"https:\/\/www.capitalidea.org\/es\/college-assistance\/\" target=\"_self\">\n\t\t\t\t\t\t\tM\u00e1s informaci\u00f3n\n\t\t\t\t\t<\/a>\n\t\t\t\t<img decoding=\"async\" src=\"https:\/\/www.capitalidea.org\/wp-content\/uploads\/2025\/07\/Career-Planning-and-Job-Placement.png\" alt=\"Career Planning and Job Placement\" itemprop=\"image\" height=\"180\" width=\"180\" title=\"Planificaci\u00f3n de la carrera profesional e inserci\u00f3n laboral\" onerror=\"this.style.display='none'\" loading=\"lazy\" \/>\n<h3>\n\t\t\tPlanificaci\u00f3n de la carrera profesional e inserci\u00f3n laboral\t<\/h3>\n\t<p>Pase de estudiante a profesional con confianza gracias a los servicios edicados de colocaci\u00f3n profesional.<\/p>\n\t\t\t<a href=\"https:\/\/www.capitalidea.org\/es\/career-placement\/\" target=\"_self\">\n\t\t\t\t\t\t\tM\u00e1s informaci\u00f3n\n\t\t\t\t\t<\/a>\n\t\t\t\t<img decoding=\"async\" src=\"https:\/\/www.capitalidea.org\/wp-content\/uploads\/2025\/07\/Guidance-and-Assistance-1.png\" alt=\"Guidance and Assistance-1\" itemprop=\"image\" height=\"180\" width=\"180\" title=\"Orientaci\u00f3n y asistencia-1\" onerror=\"this.style.display='none'\" loading=\"lazy\" \/>\n<h3>\n\t\t\tOrientaci\u00f3n profesional\t<\/h3>\n\t<p>Mant\u00e9ngase en el buen camino con el apoyo continuo de su orientador profesional, su gu\u00eda para el \u00e9xito.<\/p>\n\t\t\t<a href=\"https:\/\/www.capitalidea.org\/es\/career-navigator\/\" target=\"_self\">\n\t\t\t\t\t\t\tM\u00e1s informaci\u00f3n\n\t\t\t\t\t<\/a>\n\t\t\t\t<img decoding=\"async\" src=\"https:\/\/www.capitalidea.org\/wp-content\/uploads\/2025\/07\/CTA-4-1.png\" alt=\"CTA-4 (1)\" itemprop=\"image\" height=\"1100\" width=\"1100\" title=\"CTA-4 (1)\" onerror=\"this.style.display='none'\" loading=\"lazy\" \/>\n\t\t\tEmpezar\t\n<h2>\n\t\t\tD\u00e9 el siguiente paso para usted y su familia\t<\/h2>\n\t<p>Participe en una sesi\u00f3n informativa gratuita para saber c\u00f3mo funciona Capital IDEA, hacer preguntas y comprobar si cumple los requisitos.<\/p>\n<p><strong>Estamos listos cuando usted lo est\u00e9.<\/strong><\/p>\n\t\t\t<a href=\"https:\/\/www.capitalidea.org\/es\/info-sessions\/\" target=\"_self\">\n\t\t\t\t\t\t\tAsista a una sesi\u00f3n informativa\n\t\t\t\t\t<\/a>","protected":false},"excerpt":{"rendered":"<p>Obtenga su t\u00edtulo: le ayudaremos con el cuidado de los ni\u00f1os Ayuda adicional para los padres que trabajan para hacer posible la universidad. Capital IDEA te ayuda a cubrir los gastos de guarder\u00eda para que puedas continuar tu educaci\u00f3n y prepararte...<\/p>","protected":false},"author":7,"featured_media":0,"parent":0,"menu_order":28,"comment_status":"closed","ping_status":"closed","template":"","meta":{"_acf_changed":false,"_price":"","_stock":"","_tribe_ticket_header":"","_tribe_default_ticket_provider":"","_tribe_ticket_capacity":"0","_ticket_start_date":"","_ticket_end_date":"","_tribe_ticket_show_description":"","_tribe_ticket_show_not_going":false,"_tribe_ticket_use_global_stock":"","_tribe_ticket_global_stock_level":"","_global_stock_mode":"","_global_stock_cap":"","_tribe_rsvp_for_event":"","_tribe_ticket_going_count":"","_tribe_ticket_not_going_count":"","_tribe_tickets_list":"[]","_tribe_ticket_has_attendee_info_fields":false,"footnotes":""},"class_list":["post-7163","page","type-page","status-publish","hentry"],"acf":[],"yoast_head":"<!-- This site is optimized with the Yoast SEO Premium plugin v27.3 (Yoast SEO v27.3) - https:\/\/yoast.com\/product\/yoast-seo-premium-wordpress\/ -->\n<title>Childcare Assistance | Capital IDEA<\/title>\n<meta name=\"robots\" content=\"index, follow, max-snippet:-1, max-image-preview:large, max-video-preview:-1\" \/>\n<link rel=\"canonical\" href=\"https:\/\/www.capitalidea.org\/es\/childcare-assistance\/\" \/>\n<meta property=\"og:locale\" content=\"es_MX\" \/>\n<meta property=\"og:type\" content=\"article\" \/>\n<meta property=\"og:title\" content=\"Childcare Assistance\" \/>\n<meta property=\"og:description\" content=\"Earn Your Degree-We&#8217;ll Help with Childcare Extra support for parents working to make college possible. Capital IDEA helps you cover childcare costs so you can pursue your education and prepare&hellip;\" \/>\n<meta property=\"og:url\" content=\"https:\/\/www.capitalidea.org\/es\/childcare-assistance\/\" \/>\n<meta property=\"og:site_name\" content=\"Capital IDEA\" \/>\n<meta property=\"article:publisher\" content=\"https:\/\/www.facebook.com\/capitalidea.austin\/\" \/>\n<meta property=\"article:modified_time\" content=\"2025-10-29T18:42:28+00:00\" \/>\n<meta property=\"og:image\" content=\"https:\/\/www.capitalidea.org\/wp-content\/uploads\/2025\/06\/star.svg\" \/>\n<meta name=\"twitter:card\" content=\"summary_large_image\" \/>\n<meta name=\"twitter:label1\" content=\"Tiempo de lectura\" \/>\n\t<meta name=\"twitter:data1\" content=\"6 minutos\" \/>\n<script type=\"application\/ld+json\" class=\"yoast-schema-graph\">{\"@context\":\"https:\\\/\\\/schema.org\",\"@graph\":[{\"@type\":\"WebPage\",\"@id\":\"https:\\\/\\\/www.capitalidea.org\\\/childcare-assistance\\\/\",\"url\":\"https:\\\/\\\/www.capitalidea.org\\\/childcare-assistance\\\/\",\"name\":\"Childcare Assistance | Capital IDEA\",\"isPartOf\":{\"@id\":\"https:\\\/\\\/www.capitalidea.org\\\/#website\"},\"primaryImageOfPage\":{\"@id\":\"https:\\\/\\\/www.capitalidea.org\\\/childcare-assistance\\\/#primaryimage\"},\"image\":{\"@id\":\"https:\\\/\\\/www.capitalidea.org\\\/childcare-assistance\\\/#primaryimage\"},\"thumbnailUrl\":\"https:\\\/\\\/www.capitalidea.org\\\/wp-content\\\/uploads\\\/2025\\\/06\\\/star.svg\",\"datePublished\":\"2025-06-13T02:08:33+00:00\",\"dateModified\":\"2025-10-29T18:42:28+00:00\",\"breadcrumb\":{\"@id\":\"https:\\\/\\\/www.capitalidea.org\\\/childcare-assistance\\\/#breadcrumb\"},\"inLanguage\":\"es\",\"potentialAction\":[{\"@type\":\"ReadAction\",\"target\":[\"https:\\\/\\\/www.capitalidea.org\\\/childcare-assistance\\\/\"]}]},{\"@type\":\"ImageObject\",\"inLanguage\":\"es\",\"@id\":\"https:\\\/\\\/www.capitalidea.org\\\/childcare-assistance\\\/#primaryimage\",\"url\":\"https:\\\/\\\/www.capitalidea.org\\\/wp-content\\\/uploads\\\/2025\\\/06\\\/star.svg\",\"contentUrl\":\"https:\\\/\\\/www.capitalidea.org\\\/wp-content\\\/uploads\\\/2025\\\/06\\\/star.svg\"},{\"@type\":\"BreadcrumbList\",\"@id\":\"https:\\\/\\\/www.capitalidea.org\\\/childcare-assistance\\\/#breadcrumb\",\"itemListElement\":[{\"@type\":\"ListItem\",\"position\":1,\"name\":\"Home\",\"item\":\"https:\\\/\\\/www.capitalidea.org\\\/\"},{\"@type\":\"ListItem\",\"position\":2,\"name\":\"Childcare Assistance\"}]},{\"@type\":\"WebSite\",\"@id\":\"https:\\\/\\\/www.capitalidea.org\\\/#website\",\"url\":\"https:\\\/\\\/www.capitalidea.org\\\/\",\"name\":\"Capital IDEA\",\"description\":\"\",\"publisher\":{\"@id\":\"https:\\\/\\\/www.capitalidea.org\\\/#organization\"},\"potentialAction\":[{\"@type\":\"SearchAction\",\"target\":{\"@type\":\"EntryPoint\",\"urlTemplate\":\"https:\\\/\\\/www.capitalidea.org\\\/?s={search_term_string}\"},\"query-input\":{\"@type\":\"PropertyValueSpecification\",\"valueRequired\":true,\"valueName\":\"search_term_string\"}}],\"inLanguage\":\"es\"},{\"@type\":\"Organization\",\"@id\":\"https:\\\/\\\/www.capitalidea.org\\\/#organization\",\"name\":\"Capital IDEA\",\"url\":\"https:\\\/\\\/www.capitalidea.org\\\/\",\"logo\":{\"@type\":\"ImageObject\",\"inLanguage\":\"es\",\"@id\":\"https:\\\/\\\/www.capitalidea.org\\\/#\\\/schema\\\/logo\\\/image\\\/\",\"url\":\"https:\\\/\\\/www.capitalidea.org\\\/wp-content\\\/uploads\\\/2025\\\/06\\\/logo-mark.svg\",\"contentUrl\":\"https:\\\/\\\/www.capitalidea.org\\\/wp-content\\\/uploads\\\/2025\\\/06\\\/logo-mark.svg\",\"width\":1,\"height\":1,\"caption\":\"Capital IDEA\"},\"image\":{\"@id\":\"https:\\\/\\\/www.capitalidea.org\\\/#\\\/schema\\\/logo\\\/image\\\/\"},\"sameAs\":[\"https:\\\/\\\/www.facebook.com\\\/capitalidea.austin\\\/\",\"https:\\\/\\\/www.instagram.com\\\/capital_idea_atx\\\/\",\"https:\\\/\\\/www.linkedin.com\\\/company\\\/capital-idea_2\",\"https:\\\/\\\/www.tiktok.com\\\/@capitalidea_atx\"]}]}<\/script>\n<!-- \/ Yoast SEO Premium plugin. -->","yoast_head_json":{"title":"Ayuda para guarder\u00edas | Capital IDEA","robots":{"index":"index","follow":"follow","max-snippet":"max-snippet:-1","max-image-preview":"max-image-preview:large","max-video-preview":"max-video-preview:-1"},"canonical":"https:\/\/www.capitalidea.org\/es\/childcare-assistance\/","og_locale":"es_MX","og_type":"article","og_title":"Childcare Assistance","og_description":"Earn Your Degree-We&#8217;ll Help with Childcare Extra support for parents working to make college possible. Capital IDEA helps you cover childcare costs so you can pursue your education and prepare&hellip;","og_url":"https:\/\/www.capitalidea.org\/es\/childcare-assistance\/","og_site_name":"Capital IDEA","article_publisher":"https:\/\/www.facebook.com\/capitalidea.austin\/","article_modified_time":"2025-10-29T18:42:28+00:00","og_image":[{"url":"https:\/\/www.capitalidea.org\/wp-content\/uploads\/2025\/06\/star.svg","type":"","width":"","height":""}],"twitter_card":"summary_large_image","twitter_misc":{"Tiempo de lectura":"6 minutos"},"schema":{"@context":"https:\/\/schema.org","@graph":[{"@type":"WebPage","@id":"https:\/\/www.capitalidea.org\/childcare-assistance\/","url":"https:\/\/www.capitalidea.org\/childcare-assistance\/","name":"Ayuda para guarder\u00edas | Capital IDEA","isPartOf":{"@id":"https:\/\/www.capitalidea.org\/#website"},"primaryImageOfPage":{"@id":"https:\/\/www.capitalidea.org\/childcare-assistance\/#primaryimage"},"image":{"@id":"https:\/\/www.capitalidea.org\/childcare-assistance\/#primaryimage"},"thumbnailUrl":"https:\/\/www.capitalidea.org\/wp-content\/uploads\/2025\/06\/star.svg","datePublished":"2025-06-13T02:08:33+00:00","dateModified":"2025-10-29T18:42:28+00:00","breadcrumb":{"@id":"https:\/\/www.capitalidea.org\/childcare-assistance\/#breadcrumb"},"inLanguage":"es","potentialAction":[{"@type":"ReadAction","target":["https:\/\/www.capitalidea.org\/childcare-assistance\/"]}]},{"@type":"ImageObject","inLanguage":"es","@id":"https:\/\/www.capitalidea.org\/childcare-assistance\/#primaryimage","url":"https:\/\/www.capitalidea.org\/wp-content\/uploads\/2025\/06\/star.svg","contentUrl":"https:\/\/www.capitalidea.org\/wp-content\/uploads\/2025\/06\/star.svg"},{"@type":"BreadcrumbList","@id":"https:\/\/www.capitalidea.org\/childcare-assistance\/#breadcrumb","itemListElement":[{"@type":"ListItem","position":1,"name":"Home","item":"https:\/\/www.capitalidea.org\/"},{"@type":"ListItem","position":2,"name":"Childcare Assistance"}]},{"@type":"WebSite","@id":"https:\/\/www.capitalidea.org\/#website","url":"https:\/\/www.capitalidea.org\/","name":"Capital IDEA","description":"","publisher":{"@id":"https:\/\/www.capitalidea.org\/#organization"},"potentialAction":[{"@type":"SearchAction","target":{"@type":"EntryPoint","urlTemplate":"https:\/\/www.capitalidea.org\/?s={search_term_string}"},"query-input":{"@type":"PropertyValueSpecification","valueRequired":true,"valueName":"search_term_string"}}],"inLanguage":"es"},{"@type":"Organization","@id":"https:\/\/www.capitalidea.org\/#organization","name":"Capital IDEA","url":"https:\/\/www.capitalidea.org\/","logo":{"@type":"ImageObject","inLanguage":"es","@id":"https:\/\/www.capitalidea.org\/#\/schema\/logo\/image\/","url":"https:\/\/www.capitalidea.org\/wp-content\/uploads\/2025\/06\/logo-mark.svg","contentUrl":"https:\/\/www.capitalidea.org\/wp-content\/uploads\/2025\/06\/logo-mark.svg","width":1,"height":1,"caption":"Capital IDEA"},"image":{"@id":"https:\/\/www.capitalidea.org\/#\/schema\/logo\/image\/"},"sameAs":["https:\/\/www.facebook.com\/capitalidea.austin\/","https:\/\/www.instagram.com\/capital_idea_atx\/","https:\/\/www.linkedin.com\/company\/capital-idea_2","https:\/\/www.tiktok.com\/@capitalidea_atx"]}]}},"_links":{"self":[{"href":"https:\/\/www.capitalidea.org\/es\/wp-json\/wp\/v2\/pages\/7163","targetHints":{"allow":["GET"]}}],"collection":[{"href":"https:\/\/www.capitalidea.org\/es\/wp-json\/wp\/v2\/pages"}],"about":[{"href":"https:\/\/www.capitalidea.org\/es\/wp-json\/wp\/v2\/types\/page"}],"author":[{"embeddable":true,"href":"https:\/\/www.capitalidea.org\/es\/wp-json\/wp\/v2\/users\/7"}],"replies":[{"embeddable":true,"href":"https:\/\/www.capitalidea.org\/es\/wp-json\/wp\/v2\/comments?post=7163"}],"version-history":[{"count":12,"href":"https:\/\/www.capitalidea.org\/es\/wp-json\/wp\/v2\/pages\/7163\/revisions"}],"predecessor-version":[{"id":44364,"href":"https:\/\/www.capitalidea.org\/es\/wp-json\/wp\/v2\/pages\/7163\/revisions\/44364"}],"wp:attachment":[{"href":"https:\/\/www.capitalidea.org\/es\/wp-json\/wp\/v2\/media?parent=7163"}],"curies":[{"name":"wp","href":"https:\/\/api.w.org\/{rel}","templated":true}]}}