{"id":7164,"date":"2025-06-12T22:08:33","date_gmt":"2025-06-13T02:08:33","guid":{"rendered":"https:\/\/www.capitalidea.org\/career-placement\/"},"modified":"2025-10-29T13:46:36","modified_gmt":"2025-10-29T18:46:36","slug":"career-placement","status":"publish","type":"page","link":"https:\/\/www.capitalidea.org\/es\/career-placement\/","title":{"rendered":"Inserci\u00f3n profesional"},"content":{"rendered":"<img decoding=\"async\" src=\"https:\/\/www.capitalidea.org\/wp-content\/uploads\/2025\/06\/star.svg\" alt=\"star\" itemprop=\"image\" height=\"55\" width=\"57\" title=\"estrella\" onerror=\"this.style.display='none'\" loading=\"lazy\" \/>\n<h1>\n\t\t\tConsigue un empleo despu\u00e9s de graduarte con el apoyo para la b\u00fasqueda de empleo.\t<\/h1>\n\t<p><strong>No nos detenemos en la universidad: te ayudamos a conseguir un empleo.<\/strong> Graduarse es un hito importante, pero no es el final de tu camino. Capital IDEA ofrece servicios especializados de colocaci\u00f3n profesional para ayudarte a pasar de estudiante a profesional con confianza.<\/p>\n\t\t\t<a href=\"https:\/\/www.capitalidea.org\/es\/info-sessions\/\" target=\"_self\">\n\t\t\t\t\t\t\tAsista a una sesi\u00f3n informativa\n\t\t\t\t\t<\/a>\n\t\t\tInserci\u00f3n profesional\t\n<h2>\n\t\t\tC\u00f3mo le ayudamos a ser contratado\t<\/h2>\n\t<p>Desde ayudarle a preparar su curr\u00edculum hasta celebrar su oferta de trabajo, Capital IDEA le apoya en cada paso de su b\u00fasqueda de empleo.<\/p>\n\t<p>Ya sea que te dediques a la salud, la tecnolog\u00eda de la informaci\u00f3n, las ciencias aplicadas, la fabricaci\u00f3n o cualquier otra de nuestras carreras profesionales compatibles, estamos aqu\u00ed para ayudarte a alcanzar el \u00e9xito.<\/p>\n\t<ul>\n\t\t\t\t\t<li>\n\t\t\t\t<p>Una personalizada <strong>lista de control para la colocaci\u00f3n profesional<\/strong> para orientar su b\u00fasqueda de empleo<\/p>\n\t\t\t<\/li>\n\t\t\t\t\t<li>\n\t\t\t\t<p>Uno a uno <strong>elaboraci\u00f3n y revisi\u00f3n del curr\u00edculum vitae<\/strong><\/p>\n\t\t\t<\/li>\n\t\t\t\t\t<li>\n\t\t\t\t<p><strong>Entrenamiento para entrevistas<\/strong> y las mejores pr\u00e1cticas de LinkedIn<\/p>\n\t\t\t<\/li>\n\t\t\t\t\t<li>\n\t\t\t\t<p>Acceso a<strong> ofertas de empleo adaptadas a sus objetivos<\/strong><\/p>\n\t\t\t<\/li>\n\t\t\t\t\t<li>\n\t\t\t\t<p>Apoyo hasta que consigas el trabajo, y despu\u00e9s tambi\u00e9n.<\/p>\n\t\t\t<\/li>\n\t\t\t<\/ul>\n\t\t\t\t<img decoding=\"async\" src=\"https:\/\/www.capitalidea.org\/wp-content\/uploads\/2025\/07\/Ron-1.png\" alt=\"Ron (1)\" itemprop=\"image\" height=\"1200\" width=\"1800\" title=\"Ron (1)\" onerror=\"this.style.display='none'\" loading=\"lazy\" \/>\n\t\t\tCon qui\u00e9n trabajar\u00e1\t\n<h2>\n\t\t\tConozca a Ron Modesty, Coordinador Principal de Empleadores\t<\/h2>\n\t<p>Con m\u00e1s de 25 a\u00f1os en Capital IDEA, Ron es un profesional en la conexi\u00f3n de los graduados con los empleadores locales y la prestaci\u00f3n de orientaci\u00f3n profesional que funciona.<\/p>\n<p>Ha colocado a cientos de estudiantes en pr\u00e1cticas y empleos, y trabajar\u00e1 directamente contigo para elaborar un plan, encontrar oportunidades y perfeccionar tus habilidades para la b\u00fasqueda de empleo.<\/p>\n<h2>\n\t\t\tPreguntas frecuentes\t<\/h2>\n\t\t\t\t\t\t<a href=\"#\"  id=\"fl-accordion--label-0\" tabindex=\"0\" aria-controls=\"fl-accordion--panel-0\">\u00bfCu\u00e1ndo empiezan las pr\u00e1cticas?<\/a>\n\t\t\t\t\t\t\t\t\t\t\t\t\t<a href=\"#\" id=\"fl-accordion--icon-0\"  tabindex=\"0\" aria-controls=\"fl-accordion--panel-0\"><i title=\"Ampliar\">Ampliar<\/i><\/a>\n<p>Te reunir\u00e1s por primera vez con Ron antes del \u00faltimo semestre de la universidad. Durante ese semestre, lo tendr\u00e1s todo listo para empezar a presentar solicitudes y, en muchos casos, empezar a hacer entrevistas antes de la graduaci\u00f3n.<\/p>\n<p>Para algunos estudiantes, sobre todo en el sector sanitario, las ofertas de trabajo llegan pronto. Otros pueden seguir buscando trabajo unas semanas o meses despu\u00e9s de graduarse. En cualquier caso, estaremos a tu lado hasta que te contraten.<\/p>\n<p><a href=\"https:\/\/www.capitalidea.org\/es\/faq\/when-does-career-placement-begin\/\">\u00bfCu\u00e1ndo empiezan las pr\u00e1cticas?<\/a><\/p>\t\t\t\t\t\n\t\t\t\t\t\t<a href=\"#\"  id=\"fl-accordion--label-1\" tabindex=\"0\" aria-controls=\"fl-accordion--panel-1\">\u00bfD\u00f3nde contratan a nuestros licenciados?<\/a>\n\t\t\t\t\t\t\t\t\t\t\t\t\t<a href=\"#\" id=\"fl-accordion--icon-1\"  tabindex=\"0\" aria-controls=\"fl-accordion--panel-1\"><i title=\"Ampliar\">Ampliar<\/i><\/a>\n<p>Capital IDEA tiene fuertes relaciones con los principales empleadores en todo el centro de Texas. Nuestros graduados han ido a trabajar para algunos de los mejores empleadores de la regi\u00f3n.<\/p>\n<ul>\n<li><strong>Sanidad:<\/strong> Ascension Seton, St. David's HealthCare, CommUnityCare, Baylor Scott &amp; White Health, etc.<\/li>\n<li><strong>Tecnolog\u00eda y empresa: <\/strong>VISA, Indeed, Spectrum y otras empresas importantes con oficinas en Austin y alrededores.<\/li>\n<li><strong>Sector p\u00fablico y sin \u00e1nimo de lucro:<\/strong> Austin ISD, Austin Community College, Lifeworks, el condado de Travis, la ciudad de Austin, etc.<\/li>\n<\/ul>\n<p><a href=\"https:\/\/www.capitalidea.org\/es\/faq\/where-do-our-graduates-get-hired\/\">\u00bfD\u00f3nde contratan a nuestros licenciados?<\/a><\/p>\t\t\t\t\t\n\t\t\t\t\t\t<a href=\"#\"  id=\"fl-accordion--label-2\" tabindex=\"0\" aria-controls=\"fl-accordion--panel-2\">\u00bfPor qu\u00e9 nos centramos en el empleo?<\/a>\n\t\t\t\t\t\t\t\t\t\t\t\t\t<a href=\"#\" id=\"fl-accordion--icon-2\"  tabindex=\"0\" aria-controls=\"fl-accordion--panel-2\"><i title=\"Ampliar\">Ampliar<\/i><\/a>\n<p>Capital IDEA es una organizaci\u00f3n sin \u00e1nimo de lucro dedicada al desarrollo de la mano de obra. Eso significa que nuestro \u00e9xito se mide no solo por la graduaci\u00f3n, sino por el empleo.<\/p>\n<p>Trabajamos en estrecha colaboraci\u00f3n con empresas que necesitan profesionales cualificados en campos como la sanidad, la tecnolog\u00eda y el comercio, campos que ofrecen salarios competitivos, prestaciones y oportunidades a largo plazo. Cuando ocupas uno de estos puestos esenciales, toda la comunidad se beneficia.<\/p>\n<p>Ayudarle a triunfar ayuda a Central Texas a prosperar.<\/p>\n<p><a href=\"https:\/\/www.capitalidea.org\/es\/career-directory\/\">Explore nuestro Directorio de carreras patrocinadas<\/a>.<\/p>\n\n<p><a href=\"https:\/\/www.capitalidea.org\/es\/faq\/why-do-we-focus-on-employment\/\">\u00bfPor qu\u00e9 nos centramos en el empleo?<\/a><\/p>\t\t\t\t\t\n\t<p>\u00bfTiene m\u00e1s preguntas? <a href=\"https:\/\/www.capitalidea.org\/es\/contact-us\/\" rel=\"noopener\">P\u00f3ngase en contacto con nosotros<\/a>.<\/p>\n\t\t\t\t<img width=\"400\" height=\"400\" src=\"https:\/\/www.capitalidea.org\/wp-content\/uploads\/2025\/07\/Jeremy-Acosta-1.png\" alt=\"\" decoding=\"async\" loading=\"lazy\" srcset=\"https:\/\/www.capitalidea.org\/wp-content\/uploads\/2025\/07\/Jeremy-Acosta-1.png 400w, https:\/\/www.capitalidea.org\/wp-content\/uploads\/2025\/07\/Jeremy-Acosta-1-300x300.png 300w, https:\/\/www.capitalidea.org\/wp-content\/uploads\/2025\/07\/Jeremy-Acosta-1-150x150.png 150w, https:\/\/www.capitalidea.org\/wp-content\/uploads\/2025\/07\/Jeremy-Acosta-1-12x12.png 12w\" sizes=\"auto, (max-width: 400px) 100vw, 400px\" \/>\t\t\t\n\t\t\t\t<p>\"Hasta ahora, he ganado cuatro aumentos de sueldo y me han votado como nuestro Empleado del Mes. Ya no me cuesta tanto como antes. No fue f\u00e1cil llegar aqu\u00ed, pero ahora me resulta muy f\u00e1cil hacer este trabajo que me encanta.\"<\/p>\n\t\t\t\t\t\t\t\t\t\t\t\t\tJeremy Acosta\n\t\t\t\t\t\t\t\t\t\t\t\t\t\t\t\t\t\t\tAdministrador de redes, graduado en 2017\n\t\t\t\t\t\t\t <!-- .louder_testimonial -->\n\t\t\t\t<img width=\"400\" height=\"400\" src=\"https:\/\/www.capitalidea.org\/wp-content\/uploads\/2025\/07\/Aida-Nacro-1.png\" alt=\"\" decoding=\"async\" loading=\"lazy\" srcset=\"https:\/\/www.capitalidea.org\/wp-content\/uploads\/2025\/07\/Aida-Nacro-1.png 400w, https:\/\/www.capitalidea.org\/wp-content\/uploads\/2025\/07\/Aida-Nacro-1-300x300.png 300w, https:\/\/www.capitalidea.org\/wp-content\/uploads\/2025\/07\/Aida-Nacro-1-150x150.png 150w, https:\/\/www.capitalidea.org\/wp-content\/uploads\/2025\/07\/Aida-Nacro-1-12x12.png 12w\" sizes=\"auto, (max-width: 400px) 100vw, 400px\" \/>\t\t\t\n\t\t\t\t<p>\"Me aceptaron en Capital IDEA y decid\u00ed seguir mi coraz\u00f3n y obtener un t\u00edtulo en Administraci\u00f3n de Redes. Mi Career Navigator me apoy\u00f3 mucho, y Ron, el Employer Coordinator, me ayud\u00f3 a conseguir unas pr\u00e1cticas remuneradas, que me dieron experiencia pr\u00e1ctica.\"<\/p>\n\t\t\t\t\t\t\t\t\t\t\t\t\tAida Nacro\n\t\t\t\t\t\t\t\t\t\t\t\t\t\t\t\t\t\t\tAdministradora de redes, licenciada en 2016\n\t\t\t\t\t\t\t <!-- .louder_testimonial -->\n\t\t\t\t<img width=\"400\" height=\"400\" src=\"https:\/\/www.capitalidea.org\/wp-content\/uploads\/2025\/07\/Jaime-Martinez-1.png\" alt=\"\" decoding=\"async\" loading=\"lazy\" srcset=\"https:\/\/www.capitalidea.org\/wp-content\/uploads\/2025\/07\/Jaime-Martinez-1.png 400w, https:\/\/www.capitalidea.org\/wp-content\/uploads\/2025\/07\/Jaime-Martinez-1-300x300.png 300w, https:\/\/www.capitalidea.org\/wp-content\/uploads\/2025\/07\/Jaime-Martinez-1-150x150.png 150w, https:\/\/www.capitalidea.org\/wp-content\/uploads\/2025\/07\/Jaime-Martinez-1-12x12.png 12w\" sizes=\"auto, (max-width: 400px) 100vw, 400px\" \/>\t\t\t\n\t\t\t\t<p>\"\u00bfNo es incre\u00edble creer que alguien pueda pasar de una granja de un peque\u00f1o pueblo de M\u00e9xico a un trabajo bien remunerado en una de las mayores empresas inform\u00e1ticas del pa\u00eds? Estoy muy agradecido y orgulloso de ser un graduado de Capital IDEA\".<\/p>\n\t\t\t\t\t\t\t\t\t\t\t\t\tJaime Mart\u00ednez\n\t\t\t\t\t\t\t\t\t\t\t\t\t\t\t\t\t\t\tAsesor Senior de Gesti\u00f3n de Proyectos, IT, Licenciado en 2003\n\t\t\t\t\t\t\t <!-- .louder_testimonial -->\n\t\t\t\t<img width=\"400\" height=\"400\" src=\"https:\/\/www.capitalidea.org\/wp-content\/uploads\/2025\/07\/Shahida-Ferdous-1.png\" alt=\"\" decoding=\"async\" loading=\"lazy\" srcset=\"https:\/\/www.capitalidea.org\/wp-content\/uploads\/2025\/07\/Shahida-Ferdous-1.png 400w, https:\/\/www.capitalidea.org\/wp-content\/uploads\/2025\/07\/Shahida-Ferdous-1-300x300.png 300w, https:\/\/www.capitalidea.org\/wp-content\/uploads\/2025\/07\/Shahida-Ferdous-1-150x150.png 150w, https:\/\/www.capitalidea.org\/wp-content\/uploads\/2025\/07\/Shahida-Ferdous-1-12x12.png 12w\" sizes=\"auto, (max-width: 400px) 100vw, 400px\" \/>\t\t\t\n\t\t\t\t<p>\"Todav\u00eda no estaba segura de poder hacerlo, pero Janie me asegur\u00f3 que pod\u00eda y que acabar\u00eda teniendo un buen trabajo\".<\/p>\n\t\t\t\t\t\t\t\t\t\t\t\t\tShahida Ferdous\n\t\t\t\t\t\t\t\t\t\t\t\t\t\t\t\t\t\t\tAdministraci\u00f3n de redes, 2022 Licenciada\n\t\t\t\t\t\t\t <!-- .louder_testimonial -->\n\t\t\t\t<img width=\"400\" height=\"400\" src=\"https:\/\/www.capitalidea.org\/wp-content\/uploads\/2025\/07\/Julio-Gutierrez-1.png\" alt=\"\" decoding=\"async\" loading=\"lazy\" srcset=\"https:\/\/www.capitalidea.org\/wp-content\/uploads\/2025\/07\/Julio-Gutierrez-1.png 400w, https:\/\/www.capitalidea.org\/wp-content\/uploads\/2025\/07\/Julio-Gutierrez-1-300x300.png 300w, https:\/\/www.capitalidea.org\/wp-content\/uploads\/2025\/07\/Julio-Gutierrez-1-150x150.png 150w, https:\/\/www.capitalidea.org\/wp-content\/uploads\/2025\/07\/Julio-Gutierrez-1-12x12.png 12w\" sizes=\"auto, (max-width: 400px) 100vw, 400px\" \/>\t\t\t\n\t\t\t\t<p>\"\u00a1Capital IDEA me ayud\u00f3 a pagar mi t\u00edtulo de Fabricaci\u00f3n Avanzada! Ahora tengo muchas oportunidades laborales; estoy trabajando para conseguir un empleo en Exxon Mobile.\"  <\/p>\n\t\t\t\t\t\t\t\t\t\t\t\t\tJulio Guti\u00e9rrez\n\t\t\t\t\t\t\t\t\t\t\t\t\t\t\t\t\t\t\tFabricaci\u00f3n avanzada\n\t\t\t\t\t\t\t <!-- .louder_testimonial -->\n\t\t\t\t<img decoding=\"async\" src=\"https:\/\/www.capitalidea.org\/wp-content\/uploads\/2025\/06\/star.svg\" alt=\"star\" itemprop=\"image\" height=\"55\" width=\"57\" title=\"estrella\" onerror=\"this.style.display='none'\" loading=\"lazy\" \/>\n<h2>\n\t\t\tSu paquete de asistencia integral\t<\/h2>\n\t<p>La inserci\u00f3n laboral es solo una parte del apoyo integral que recibir\u00e1s de Capital IDEA.<\/p>\n<p>Tambi\u00e9n ayudamos con:<\/p>\n\t\t\t\t<img decoding=\"async\" src=\"https:\/\/www.capitalidea.org\/wp-content\/uploads\/2025\/07\/Tuition-Textbooks-and-Fees.png\" alt=\"Tuition Textbooks and Fees\" itemprop=\"image\" height=\"180\" width=\"180\" title=\"Matr\u00edcula Libros de texto y tasas\" onerror=\"this.style.display='none'\" loading=\"lazy\" \/>\n<h3>\n\t\t\tMatr\u00edcula, libros de texto y tasas\t<\/h3>\n\t<p>Capital IDEA cubre totalmente tus libros y tasas, asegur\u00e1ndote que tienes lo que necesitas para tener \u00e9xito.<\/p>\n\t\t\t<a href=\"https:\/\/www.capitalidea.org\/es\/college-assistance\/\" target=\"_self\">\n\t\t\t\t\t\t\tM\u00e1s informaci\u00f3n\n\t\t\t\t\t<\/a>\n\t\t\t\t<img decoding=\"async\" src=\"https:\/\/www.capitalidea.org\/wp-content\/uploads\/2025\/07\/Childcare-Assistance.png\" alt=\"Childcare Assistance\" itemprop=\"image\" height=\"180\" width=\"180\" title=\"Ayuda para el cuidado de ni\u00f1os\" onerror=\"this.style.display='none'\" loading=\"lazy\" \/>\n<h3>\n\t\t\tAyuda para el cuidado de ni\u00f1os\t<\/h3>\n\t<p>Conc\u00e9ntrate en tus estudios mientras nosotros te ayudamos a cubrir los gastos de guarder\u00eda, liber\u00e1ndote para construir tu futuro.<\/p>\n\t\t\t<a href=\"https:\/\/www.capitalidea.org\/es\/childcare-assistance\/\" target=\"_self\">\n\t\t\t\t\t\t\tM\u00e1s informaci\u00f3n\n\t\t\t\t\t<\/a>\n\t\t\t\t<img decoding=\"async\" src=\"https:\/\/www.capitalidea.org\/wp-content\/uploads\/2025\/07\/Guidance-and-Assistance-1.png\" alt=\"Guidance and Assistance-1\" itemprop=\"image\" height=\"180\" width=\"180\" title=\"Orientaci\u00f3n y asistencia-1\" onerror=\"this.style.display='none'\" loading=\"lazy\" \/>\n<h3>\n\t\t\tOrientaci\u00f3n profesional\t<\/h3>\n\t<p>Mant\u00e9ngase en el buen camino con el apoyo continuo de su orientador profesional, su gu\u00eda para el \u00e9xito.<\/p>\n\t\t\t<a href=\"https:\/\/www.capitalidea.org\/es\/career-navigator\/\" target=\"_self\">\n\t\t\t\t\t\t\tM\u00e1s informaci\u00f3n\n\t\t\t\t\t<\/a>\n\t\t\t\t<img decoding=\"async\" src=\"https:\/\/www.capitalidea.org\/wp-content\/uploads\/2025\/08\/CTA-4-1.jpg\" alt=\"CTA-4 (1)\" itemprop=\"image\" height=\"1100\" width=\"1100\" title=\"CTA-4 (1)\" onerror=\"this.style.display='none'\" loading=\"lazy\" \/>\n\t\t\tEmpezar\t\n<h2>\n\t\t\t\u00bfListo para lanzar tu carrera?\t<\/h2>\n\t<p>El primer paso es f\u00e1cil. Participe en una sesi\u00f3n informativa gratuita para conocer mejor el funcionamiento de Capital IDEA, hacer preguntas y averiguar si cumple los requisitos.<\/p>\n<p>Te acompa\u00f1amos desde la universidad hasta tu carrera profesional.<\/p>\n\t\t\t<a href=\"https:\/\/www.capitalidea.org\/es\/info-sessions\/\" target=\"_self\">\n\t\t\t\t\t\t\tAsista a una sesi\u00f3n informativa\n\t\t\t\t\t<\/a>","protected":false},"excerpt":{"rendered":"<p>Consigue un empleo despu\u00e9s de graduarte con nuestro servicio de colocaci\u00f3n laboral No nos limitamos a la universidad: te ayudamos a conseguir un empleo. Graduarse es un hito importante, pero no es el final de tu camino...<\/p>","protected":false},"author":7,"featured_media":0,"parent":0,"menu_order":29,"comment_status":"closed","ping_status":"closed","template":"","meta":{"_acf_changed":false,"_price":"","_stock":"","_tribe_ticket_header":"","_tribe_default_ticket_provider":"","_tribe_ticket_capacity":"0","_ticket_start_date":"","_ticket_end_date":"","_tribe_ticket_show_description":"","_tribe_ticket_show_not_going":false,"_tribe_ticket_use_global_stock":"","_tribe_ticket_global_stock_level":"","_global_stock_mode":"","_global_stock_cap":"","_tribe_rsvp_for_event":"","_tribe_ticket_going_count":"","_tribe_ticket_not_going_count":"","_tribe_tickets_list":"[]","_tribe_ticket_has_attendee_info_fields":false,"footnotes":""},"class_list":["post-7164","page","type-page","status-publish","hentry"],"acf":[],"yoast_head":"<!-- This site is optimized with the Yoast SEO Premium plugin v27.3 (Yoast SEO v27.3) - https:\/\/yoast.com\/product\/yoast-seo-premium-wordpress\/ -->\n<title>Career Placement | Capital IDEA<\/title>\n<meta name=\"robots\" content=\"index, follow, max-snippet:-1, max-image-preview:large, max-video-preview:-1\" \/>\n<link rel=\"canonical\" href=\"https:\/\/www.capitalidea.org\/es\/career-placement\/\" \/>\n<meta property=\"og:locale\" content=\"es_MX\" \/>\n<meta property=\"og:type\" content=\"article\" \/>\n<meta property=\"og:title\" content=\"Career Placement\" \/>\n<meta property=\"og:description\" content=\"Get Hired After Graduation with Job Placement Support We don&#8217;t stop at college-we help you get hired. Graduating is a major milestone, but it&#8217;s not the end of your journey.&hellip;\" \/>\n<meta property=\"og:url\" content=\"https:\/\/www.capitalidea.org\/es\/career-placement\/\" \/>\n<meta property=\"og:site_name\" content=\"Capital IDEA\" \/>\n<meta property=\"article:publisher\" content=\"https:\/\/www.facebook.com\/capitalidea.austin\/\" \/>\n<meta property=\"article:modified_time\" content=\"2025-10-29T18:46:36+00:00\" \/>\n<meta property=\"og:image\" content=\"https:\/\/www.capitalidea.org\/wp-content\/uploads\/2025\/06\/star.svg\" \/>\n<meta name=\"twitter:card\" content=\"summary_large_image\" \/>\n<meta name=\"twitter:label1\" content=\"Tiempo de lectura\" \/>\n\t<meta name=\"twitter:data1\" content=\"6 minutos\" \/>\n<script type=\"application\/ld+json\" class=\"yoast-schema-graph\">{\"@context\":\"https:\\\/\\\/schema.org\",\"@graph\":[{\"@type\":\"WebPage\",\"@id\":\"https:\\\/\\\/www.capitalidea.org\\\/career-placement\\\/\",\"url\":\"https:\\\/\\\/www.capitalidea.org\\\/career-placement\\\/\",\"name\":\"Career Placement | Capital IDEA\",\"isPartOf\":{\"@id\":\"https:\\\/\\\/www.capitalidea.org\\\/#website\"},\"primaryImageOfPage\":{\"@id\":\"https:\\\/\\\/www.capitalidea.org\\\/career-placement\\\/#primaryimage\"},\"image\":{\"@id\":\"https:\\\/\\\/www.capitalidea.org\\\/career-placement\\\/#primaryimage\"},\"thumbnailUrl\":\"https:\\\/\\\/www.capitalidea.org\\\/wp-content\\\/uploads\\\/2025\\\/06\\\/star.svg\",\"datePublished\":\"2025-06-13T02:08:33+00:00\",\"dateModified\":\"2025-10-29T18:46:36+00:00\",\"breadcrumb\":{\"@id\":\"https:\\\/\\\/www.capitalidea.org\\\/career-placement\\\/#breadcrumb\"},\"inLanguage\":\"es\",\"potentialAction\":[{\"@type\":\"ReadAction\",\"target\":[\"https:\\\/\\\/www.capitalidea.org\\\/career-placement\\\/\"]}]},{\"@type\":\"ImageObject\",\"inLanguage\":\"es\",\"@id\":\"https:\\\/\\\/www.capitalidea.org\\\/career-placement\\\/#primaryimage\",\"url\":\"https:\\\/\\\/www.capitalidea.org\\\/wp-content\\\/uploads\\\/2025\\\/06\\\/star.svg\",\"contentUrl\":\"https:\\\/\\\/www.capitalidea.org\\\/wp-content\\\/uploads\\\/2025\\\/06\\\/star.svg\"},{\"@type\":\"BreadcrumbList\",\"@id\":\"https:\\\/\\\/www.capitalidea.org\\\/career-placement\\\/#breadcrumb\",\"itemListElement\":[{\"@type\":\"ListItem\",\"position\":1,\"name\":\"Home\",\"item\":\"https:\\\/\\\/www.capitalidea.org\\\/\"},{\"@type\":\"ListItem\",\"position\":2,\"name\":\"Career Placement\"}]},{\"@type\":\"WebSite\",\"@id\":\"https:\\\/\\\/www.capitalidea.org\\\/#website\",\"url\":\"https:\\\/\\\/www.capitalidea.org\\\/\",\"name\":\"Capital IDEA\",\"description\":\"\",\"publisher\":{\"@id\":\"https:\\\/\\\/www.capitalidea.org\\\/#organization\"},\"potentialAction\":[{\"@type\":\"SearchAction\",\"target\":{\"@type\":\"EntryPoint\",\"urlTemplate\":\"https:\\\/\\\/www.capitalidea.org\\\/?s={search_term_string}\"},\"query-input\":{\"@type\":\"PropertyValueSpecification\",\"valueRequired\":true,\"valueName\":\"search_term_string\"}}],\"inLanguage\":\"es\"},{\"@type\":\"Organization\",\"@id\":\"https:\\\/\\\/www.capitalidea.org\\\/#organization\",\"name\":\"Capital IDEA\",\"url\":\"https:\\\/\\\/www.capitalidea.org\\\/\",\"logo\":{\"@type\":\"ImageObject\",\"inLanguage\":\"es\",\"@id\":\"https:\\\/\\\/www.capitalidea.org\\\/#\\\/schema\\\/logo\\\/image\\\/\",\"url\":\"https:\\\/\\\/www.capitalidea.org\\\/wp-content\\\/uploads\\\/2025\\\/06\\\/logo-mark.svg\",\"contentUrl\":\"https:\\\/\\\/www.capitalidea.org\\\/wp-content\\\/uploads\\\/2025\\\/06\\\/logo-mark.svg\",\"width\":1,\"height\":1,\"caption\":\"Capital IDEA\"},\"image\":{\"@id\":\"https:\\\/\\\/www.capitalidea.org\\\/#\\\/schema\\\/logo\\\/image\\\/\"},\"sameAs\":[\"https:\\\/\\\/www.facebook.com\\\/capitalidea.austin\\\/\",\"https:\\\/\\\/www.instagram.com\\\/capital_idea_atx\\\/\",\"https:\\\/\\\/www.linkedin.com\\\/company\\\/capital-idea_2\",\"https:\\\/\\\/www.tiktok.com\\\/@capitalidea_atx\"]}]}<\/script>\n<!-- \/ Yoast SEO Premium plugin. -->","yoast_head_json":{"title":"Colocaci\u00f3n profesional | Capital IDEA","robots":{"index":"index","follow":"follow","max-snippet":"max-snippet:-1","max-image-preview":"max-image-preview:large","max-video-preview":"max-video-preview:-1"},"canonical":"https:\/\/www.capitalidea.org\/es\/career-placement\/","og_locale":"es_MX","og_type":"article","og_title":"Career Placement","og_description":"Get Hired After Graduation with Job Placement Support We don&#8217;t stop at college-we help you get hired. Graduating is a major milestone, but it&#8217;s not the end of your journey.&hellip;","og_url":"https:\/\/www.capitalidea.org\/es\/career-placement\/","og_site_name":"Capital IDEA","article_publisher":"https:\/\/www.facebook.com\/capitalidea.austin\/","article_modified_time":"2025-10-29T18:46:36+00:00","og_image":[{"url":"https:\/\/www.capitalidea.org\/wp-content\/uploads\/2025\/06\/star.svg","type":"","width":"","height":""}],"twitter_card":"summary_large_image","twitter_misc":{"Tiempo de lectura":"6 minutos"},"schema":{"@context":"https:\/\/schema.org","@graph":[{"@type":"WebPage","@id":"https:\/\/www.capitalidea.org\/career-placement\/","url":"https:\/\/www.capitalidea.org\/career-placement\/","name":"Colocaci\u00f3n profesional | Capital IDEA","isPartOf":{"@id":"https:\/\/www.capitalidea.org\/#website"},"primaryImageOfPage":{"@id":"https:\/\/www.capitalidea.org\/career-placement\/#primaryimage"},"image":{"@id":"https:\/\/www.capitalidea.org\/career-placement\/#primaryimage"},"thumbnailUrl":"https:\/\/www.capitalidea.org\/wp-content\/uploads\/2025\/06\/star.svg","datePublished":"2025-06-13T02:08:33+00:00","dateModified":"2025-10-29T18:46:36+00:00","breadcrumb":{"@id":"https:\/\/www.capitalidea.org\/career-placement\/#breadcrumb"},"inLanguage":"es","potentialAction":[{"@type":"ReadAction","target":["https:\/\/www.capitalidea.org\/career-placement\/"]}]},{"@type":"ImageObject","inLanguage":"es","@id":"https:\/\/www.capitalidea.org\/career-placement\/#primaryimage","url":"https:\/\/www.capitalidea.org\/wp-content\/uploads\/2025\/06\/star.svg","contentUrl":"https:\/\/www.capitalidea.org\/wp-content\/uploads\/2025\/06\/star.svg"},{"@type":"BreadcrumbList","@id":"https:\/\/www.capitalidea.org\/career-placement\/#breadcrumb","itemListElement":[{"@type":"ListItem","position":1,"name":"Home","item":"https:\/\/www.capitalidea.org\/"},{"@type":"ListItem","position":2,"name":"Career Placement"}]},{"@type":"WebSite","@id":"https:\/\/www.capitalidea.org\/#website","url":"https:\/\/www.capitalidea.org\/","name":"Capital IDEA","description":"","publisher":{"@id":"https:\/\/www.capitalidea.org\/#organization"},"potentialAction":[{"@type":"SearchAction","target":{"@type":"EntryPoint","urlTemplate":"https:\/\/www.capitalidea.org\/?s={search_term_string}"},"query-input":{"@type":"PropertyValueSpecification","valueRequired":true,"valueName":"search_term_string"}}],"inLanguage":"es"},{"@type":"Organization","@id":"https:\/\/www.capitalidea.org\/#organization","name":"Capital IDEA","url":"https:\/\/www.capitalidea.org\/","logo":{"@type":"ImageObject","inLanguage":"es","@id":"https:\/\/www.capitalidea.org\/#\/schema\/logo\/image\/","url":"https:\/\/www.capitalidea.org\/wp-content\/uploads\/2025\/06\/logo-mark.svg","contentUrl":"https:\/\/www.capitalidea.org\/wp-content\/uploads\/2025\/06\/logo-mark.svg","width":1,"height":1,"caption":"Capital IDEA"},"image":{"@id":"https:\/\/www.capitalidea.org\/#\/schema\/logo\/image\/"},"sameAs":["https:\/\/www.facebook.com\/capitalidea.austin\/","https:\/\/www.instagram.com\/capital_idea_atx\/","https:\/\/www.linkedin.com\/company\/capital-idea_2","https:\/\/www.tiktok.com\/@capitalidea_atx"]}]}},"_links":{"self":[{"href":"https:\/\/www.capitalidea.org\/es\/wp-json\/wp\/v2\/pages\/7164","targetHints":{"allow":["GET"]}}],"collection":[{"href":"https:\/\/www.capitalidea.org\/es\/wp-json\/wp\/v2\/pages"}],"about":[{"href":"https:\/\/www.capitalidea.org\/es\/wp-json\/wp\/v2\/types\/page"}],"author":[{"embeddable":true,"href":"https:\/\/www.capitalidea.org\/es\/wp-json\/wp\/v2\/users\/7"}],"replies":[{"embeddable":true,"href":"https:\/\/www.capitalidea.org\/es\/wp-json\/wp\/v2\/comments?post=7164"}],"version-history":[{"count":13,"href":"https:\/\/www.capitalidea.org\/es\/wp-json\/wp\/v2\/pages\/7164\/revisions"}],"predecessor-version":[{"id":44366,"href":"https:\/\/www.capitalidea.org\/es\/wp-json\/wp\/v2\/pages\/7164\/revisions\/44366"}],"wp:attachment":[{"href":"https:\/\/www.capitalidea.org\/es\/wp-json\/wp\/v2\/media?parent=7164"}],"curies":[{"name":"wp","href":"https:\/\/api.w.org\/{rel}","templated":true}]}}