{"id":7177,"date":"2025-06-12T22:17:51","date_gmt":"2025-06-13T02:17:51","guid":{"rendered":"https:\/\/www.capitalidea.org\/?page_id=7177"},"modified":"2026-04-23T15:27:40","modified_gmt":"2026-04-23T20:27:40","slug":"impact","status":"publish","type":"page","link":"https:\/\/www.capitalidea.org\/es\/about\/impact\/","title":{"rendered":"Impacto y finanzas"},"content":{"rendered":"<figure itemscope itemtype=\"https:\/\/schema.org\/ImageObject\">\n\t\t\t\t<img decoding=\"async\" src=\"https:\/\/www.capitalidea.org\/wp-content\/uploads\/2025\/06\/star.svg\" alt=\"star\" height=\"55\" width=\"57\" title=\"estrella\" onerror=\"this.style.display='none'\" loading=\"lazy\" \/>\n\t<\/figure>\n<h1>\n\t\t\tEstudios e informes financieros\t<\/h1>\n\t<p>En Capital IDEA valoramos nuestro trabajo y nuestra misi\u00f3n. A continuaci\u00f3n encontrar\u00e1 estudios e informes financieros que definen mejor nuestros esfuerzos y las comunidades a las que servimos.<\/p>\n<p>Para ver los archivos en formato PDF, aseg\u00farese de que dispone de la \u00faltima versi\u00f3n de Adobe Reader.<\/p>\n<h2>\n\t\t\tInformes anuales\t<\/h2>\n<figure itemscope itemtype=\"https:\/\/schema.org\/ImageObject\">\n\t\t\t\t<a href=\"https:\/\/www.capitalidea.org\/wp-content\/uploads\/2026\/04\/Annual-Report-2025.pdf\"  target=\"_blank\" rel=\"noopener\"  itemprop=\"url\">\n\t\t\t\t<img decoding=\"async\" src=\"https:\/\/www.capitalidea.org\/wp-content\/uploads\/2026\/04\/Annual-Report-2025-1-1-1.png\" alt=\"Annual Report 2025-1 (1) (1)\" height=\"1650\" width=\"1275\" title=\"Informe anual 2025-1 (1) (1)\" onerror=\"this.style.display='none'\" loading=\"lazy\" \/>\n\t\t\t\t<\/a>\n\t<\/figure>\n<h3>\n\t\t\tInforme anual 2025\t<\/h3>\n\t\t\t<a href=\"https:\/\/www.capitalidea.org\/wp-content\/uploads\/2026\/04\/Annual-Report-2025.pdf\"  target=\"_blank\" rel=\"noopener\">\n\t\t\t\t\t\t\tVer PDF\n\t\t\t<\/a>\n<figure itemscope itemtype=\"https:\/\/schema.org\/ImageObject\">\n\t\t\t\t<a href=\"https:\/\/www.capitalidea.org\/wp-content\/uploads\/2025\/07\/Annual_Report_2024_web.pdf\"  target=\"_blank\" rel=\"noopener\"  itemprop=\"url\">\n\t\t\t\t<img decoding=\"async\" src=\"https:\/\/www.capitalidea.org\/wp-content\/uploads\/2025\/07\/Untitled-design-2025-07-14T153905.239-1.png\" alt=\"Untitled design - 2025-07-14T153905.239 (1)\" height=\"1054\" width=\"812\" title=\"Dise\u00f1o sin t\u00edtulo - 2025-07-14T153905.239 (1)\" onerror=\"this.style.display='none'\" loading=\"lazy\" \/>\n\t\t\t\t<\/a>\n\t<\/figure>\n<h3>\n\t\t\tInforme anual 2024\t<\/h3>\n\t\t\t<a href=\"https:\/\/www.capitalidea.org\/wp-content\/uploads\/2025\/07\/Annual_Report_2024_web.pdf\"  target=\"_blank\" rel=\"noopener\">\n\t\t\t\t\t\t\tVer PDF\n\t\t\t<\/a>\n<figure itemscope itemtype=\"https:\/\/schema.org\/ImageObject\">\n\t\t\t\t<a href=\"https:\/\/www.capitalidea.org\/wp-content\/uploads\/2025\/07\/Annual-Report-2023-PDF.pdf\"  target=\"_blank\" rel=\"noopener\"  itemprop=\"url\">\n\t\t\t\t<img decoding=\"async\" src=\"https:\/\/www.capitalidea.org\/wp-content\/uploads\/2025\/07\/annual-report-2023.png\" alt=\"annual-report-2023\" height=\"1054\" width=\"812\" title=\"informe anual-2023\" onerror=\"this.style.display='none'\" loading=\"lazy\" \/>\n\t\t\t\t<\/a>\n\t<\/figure>\n<h3>\n\t\t\tInforme anual 2023\t<\/h3>\n\t\t\t<a href=\"https:\/\/www.capitalidea.org\/wp-content\/uploads\/2025\/07\/Annual-Report-2023-PDF.pdf\"  target=\"_blank\" rel=\"noopener\">\n\t\t\t\t\t\t\tVer PDF\n\t\t\t<\/a>\n<h2>\n\t\t\tInformes, estudios y publicaciones sobre Capital IDEA\t<\/h2>\n<figure itemscope itemtype=\"https:\/\/schema.org\/ImageObject\">\n\t\t\t\t<a href=\"https:\/\/www.capitalidea.org\/wp-content\/uploads\/2025\/07\/ROI-Brief-November-2024-Ray-Marshall.pdf\"  target=\"_blank\" rel=\"noopener\"  itemprop=\"url\">\n\t\t\t\t<img decoding=\"async\" src=\"https:\/\/www.capitalidea.org\/wp-content\/uploads\/2025\/08\/ROI-Brief-Ray-Marshall-2.jpg\" alt=\"ROI Brief-Ray Marshall (2)\" height=\"792\" width=\"612\" title=\"ROI Breve-Ray Marshall (2)\" onerror=\"this.style.display='none'\" loading=\"lazy\" \/>\n\t\t\t\t<\/a>\n\t<\/figure>\n<h3>\n\t\t\tActualizaci\u00f3n del rendimiento de la inversi\u00f3n por el Centro Ray Marshall\t<\/h3>\n\t<p>Publicado por: The Ray Marshall Center, Noviembre 2023<\/p>\n\t\t\t<a href=\"https:\/\/www.capitalidea.org\/wp-content\/uploads\/2025\/08\/ROI-Brief-Ray-Marshall-2.pdf\"  target=\"_blank\" rel=\"noopener\">\n\t\t\t\t\t\t\tVer PDF\n\t\t\t<\/a>\n<figure itemscope itemtype=\"https:\/\/schema.org\/ImageObject\">\n\t\t\t\t<a href=\"https:\/\/www.capitalidea.org\/wp-content\/uploads\/2025\/07\/vida_implementation_and_early_impact_report_final_b508.pdf\"  target=\"_blank\" rel=\"noopener\"  itemprop=\"url\">\n\t\t\t\t<img decoding=\"async\" src=\"https:\/\/www.capitalidea.org\/wp-content\/uploads\/2025\/07\/early-impact-findings-PACE-study.png\" alt=\"early-impact-findings-PACE-study\" height=\"1052\" width=\"814\" title=\"early-impact-findings-PACE-study\" onerror=\"this.style.display='none'\" loading=\"lazy\" \/>\n\t\t\t\t<\/a>\n\t<\/figure>\n<h3>\n\t\t\tPresentaci\u00f3n de los primeros resultados de VIDA PDF\t<\/h3>\n\t<p>V\u00edas para el Avance Profesional y Educativo (PACE)<\/p>\n\t\t\t<a href=\"https:\/\/www.capitalidea.org\/wp-content\/uploads\/2025\/07\/vida_implementation_and_early_impact_report_final_b508.pdf\"  target=\"_blank\" rel=\"noopener\">\n\t\t\t\t\t\t\tVer PDF\n\t\t\t<\/a>\n<figure itemscope itemtype=\"https:\/\/schema.org\/ImageObject\">\n\t\t\t\t<a href=\"https:\/\/www.capitalidea.org\/wp-content\/uploads\/2025\/07\/IAF-Examples-of-Institutions-Organizing-on-Behalf-of-Families-Journal-of-Applied-Research-on-Children-Informing-Policy-for-Children-at-Risk.pdf\"  target=\"_blank\" rel=\"noopener\"  itemprop=\"url\">\n\t\t\t\t<img decoding=\"async\" src=\"https:\/\/www.capitalidea.org\/wp-content\/uploads\/2025\/07\/institutions-organizing-on-behalf-of-families-study.png\" alt=\"institutions-organizing-on-behalf-of-families-study\" height=\"1054\" width=\"810\" title=\"instituciones-organizaci\u00f3n-en-el-fondo-de-estudio-de-familias\" onerror=\"this.style.display='none'\" loading=\"lazy\" \/>\n\t\t\t\t<\/a>\n\t<\/figure>\n<h3>\n\t\t\tIAF: Ejemplos de instituciones que se organizan en favor de las familias\t<\/h3>\n\t<p>Revista de investigaci\u00f3n aplicada sobre la infancia: Informing Policy for Children at Risk: Vol. 7: Iss. 1, Art\u00edculo 9. 2016<\/p>\n\t\t\t<a href=\"https:\/\/www.capitalidea.org\/wp-content\/uploads\/2025\/07\/IAF-Examples-of-Institutions-Organizing-on-Behalf-of-Families-Journal-of-Applied-Research-on-Children-Informing-Policy-for-Children-at-Risk.pdf\"  target=\"_blank\" rel=\"noopener\">\n\t\t\t\t\t\t\tVer PDF\n\t\t\t<\/a>\n<figure itemscope itemtype=\"https:\/\/schema.org\/ImageObject\">\n\t\t\t\t<a href=\"https:\/\/www.capitalidea.org\/wp-content\/uploads\/2025\/07\/RayMarshall_Brief_July2015.pdf\"  target=\"_blank\" rel=\"noopener\"  itemprop=\"url\">\n\t\t\t\t<img decoding=\"async\" src=\"https:\/\/www.capitalidea.org\/wp-content\/uploads\/2025\/07\/ROI-Capital-IDEA-2023.png\" alt=\"ROI-Capital-IDEA-2023\" height=\"1052\" width=\"812\" title=\"ROI-Capital-IDEA-2023\" onerror=\"this.style.display='none'\" loading=\"lazy\" \/>\n\t\t\t\t<\/a>\n\t<\/figure>\n<h3>\n\t\t\tInforme de investigaci\u00f3n: Retorno de la inversi\u00f3n del capital IDEA\t<\/h3>\n\t<p>Publicado por: The Ray Marshall Center, julio de 2015<\/p>\n\t\t\t<a href=\"https:\/\/www.capitalidea.org\/wp-content\/uploads\/2025\/07\/RayMarshall_Brief_July2015.pdf\"  target=\"_blank\" rel=\"noopener\">\n\t\t\t\t\t\t\tVer PDF\n\t\t\t<\/a>\n<figure itemscope itemtype=\"https:\/\/schema.org\/ImageObject\">\n\t\t\t\t<a href=\"https:\/\/www.capitalidea.org\/wp-content\/uploads\/2025\/07\/Ray-Marshall-2014-Evaluation-Update.pdf\"  target=\"_blank\" rel=\"noopener\"  itemprop=\"url\">\n\t\t\t\t<img decoding=\"async\" src=\"https:\/\/www.capitalidea.org\/wp-content\/uploads\/2025\/07\/local-investment-workforce-dev-study.png\" alt=\"local-investment-workforce-dev-study\" height=\"1054\" width=\"814\" title=\"local-investment-workforce-dev-study\" onerror=\"this.style.display='none'\" loading=\"lazy\" \/>\n\t\t\t\t<\/a>\n\t<\/figure>\n<h3>\n\t\t\tUna evaluaci\u00f3n de las inversiones locales en el desarrollo de la mano de obra, actualizaci\u00f3n de 2014\t<\/h3>\n\t<p>Publicado por: The Ray Marshall Center, junio de 2015<\/p>\n\t\t\t<a href=\"https:\/\/www.capitalidea.org\/wp-content\/uploads\/2025\/07\/Ray-Marshall-2014-Evaluation-Update.pdf\"  target=\"_blank\" rel=\"noopener\">\n\t\t\t\t\t\t\tVer PDF\n\t\t\t<\/a>\n<h2>\n\t\t\tDocumentos financieros\t<\/h2>\n<figure itemscope itemtype=\"https:\/\/schema.org\/ImageObject\">\n\t\t\t\t<img decoding=\"async\" src=\"https:\/\/www.capitalidea.org\/wp-content\/uploads\/2025\/07\/doc.png\" alt=\"doc\" height=\"180\" width=\"180\" title=\"doc\" onerror=\"this.style.display='none'\" loading=\"lazy\" \/>\n\t<\/figure>\n<h3>\n\t\t\t990 FY2022\t<\/h3>\n\t\t\t<a href=\"https:\/\/www.capitalidea.org\/wp-content\/uploads\/2025\/08\/Form-990_Capital-IDEA_YE-9.30.23.pdf\"  target=\"_blank\" rel=\"noopener\">\n\t\t\t\t\t\t\tVer PDF\n\t\t\t<\/a>\n<figure itemscope itemtype=\"https:\/\/schema.org\/ImageObject\">\n\t\t\t\t<img decoding=\"async\" src=\"https:\/\/www.capitalidea.org\/wp-content\/uploads\/2025\/07\/doc.png\" alt=\"doc\" height=\"180\" width=\"180\" title=\"doc\" onerror=\"this.style.display='none'\" loading=\"lazy\" \/>\n\t<\/figure>\n<h3>\n\t\t\tAuditor\u00eda financiera de Capital IDEA 9-2018\t<\/h3>\n\t\t\t<a href=\"https:\/\/www.capitalidea.org\/wp-content\/uploads\/2025\/08\/Audited-Financial-Statements_Capital-IDEA-9.30.24-1.pdf\"  target=\"_blank\" rel=\"noopener\">\n\t\t\t\t\t\t\tVer PDF\n\t\t\t<\/a>\n<figure itemscope itemtype=\"https:\/\/schema.org\/ImageObject\">\n\t\t\t\t<img decoding=\"async\" src=\"https:\/\/www.capitalidea.org\/wp-content\/uploads\/2025\/07\/doc.png\" alt=\"doc\" height=\"180\" width=\"180\" title=\"doc\" onerror=\"this.style.display='none'\" loading=\"lazy\" \/>\n\t<\/figure>\n<h3>\n\t\t\tDocumentaci\u00f3n 501(c)3\t<\/h3>\n\t\t\t<a href=\"https:\/\/www.capitalidea.org\/wp-content\/uploads\/2025\/07\/CapitalIDEA-501c3.pdf\"  target=\"_blank\" rel=\"noopener\">\n\t\t\t\t\t\t\tVer PDF\n\t\t\t<\/a>","protected":false},"excerpt":{"rendered":"<p>Estudios e informes financieros En Capital IDEA valoramos nuestro trabajo y nuestra misi\u00f3n. A continuaci\u00f3n encontrar\u00e1 estudios e informes financieros que definen mejor nuestros esfuerzos y las comunidades a las que servimos....<\/p>","protected":false},"author":7,"featured_media":0,"parent":689,"menu_order":0,"comment_status":"closed","ping_status":"closed","template":"","meta":{"_acf_changed":false,"_price":"","_stock":"","_tribe_ticket_header":"","_tribe_default_ticket_provider":"","_tribe_ticket_capacity":"0","_ticket_start_date":"","_ticket_end_date":"","_tribe_ticket_show_description":"","_tribe_ticket_show_not_going":false,"_tribe_ticket_use_global_stock":"","_tribe_ticket_global_stock_level":"","_global_stock_mode":"","_global_stock_cap":"","_tribe_rsvp_for_event":"","_tribe_ticket_going_count":"","_tribe_ticket_not_going_count":"","_tribe_tickets_list":"[]","_tribe_ticket_has_attendee_info_fields":false,"footnotes":""},"class_list":["post-7177","page","type-page","status-publish","hentry"],"acf":[],"yoast_head":"<!-- This site is optimized with the Yoast SEO Premium plugin v27.3 (Yoast SEO v27.3) - https:\/\/yoast.com\/product\/yoast-seo-premium-wordpress\/ -->\n<title>Impact &amp; Financials | Capital IDEA<\/title>\n<meta name=\"robots\" content=\"index, follow, max-snippet:-1, max-image-preview:large, max-video-preview:-1\" \/>\n<link rel=\"canonical\" href=\"https:\/\/www.capitalidea.org\/es\/about\/impact\/\" \/>\n<meta property=\"og:locale\" content=\"es_MX\" \/>\n<meta property=\"og:type\" content=\"article\" \/>\n<meta property=\"og:title\" content=\"Impact &amp; Financials\" \/>\n<meta property=\"og:description\" content=\"Studies &#038; Financial Reports At Capital IDEA we value our work and our mission. Below are studies and financial reports that further define our efforts and the communities we serve.&hellip;\" \/>\n<meta property=\"og:url\" content=\"https:\/\/www.capitalidea.org\/es\/about\/impact\/\" \/>\n<meta property=\"og:site_name\" content=\"Capital IDEA\" \/>\n<meta property=\"article:publisher\" content=\"https:\/\/www.facebook.com\/capitalidea.austin\/\" \/>\n<meta property=\"article:modified_time\" content=\"2026-04-23T20:27:40+00:00\" \/>\n<meta property=\"og:image\" content=\"https:\/\/www.capitalidea.org\/wp-content\/uploads\/2025\/06\/star.svg\" \/>\n<meta name=\"twitter:card\" content=\"summary_large_image\" \/>\n<meta name=\"twitter:label1\" content=\"Tiempo de lectura\" \/>\n\t<meta name=\"twitter:data1\" content=\"4 minutos\" \/>\n<script type=\"application\/ld+json\" class=\"yoast-schema-graph\">{\"@context\":\"https:\\\/\\\/schema.org\",\"@graph\":[{\"@type\":\"WebPage\",\"@id\":\"https:\\\/\\\/www.capitalidea.org\\\/about\\\/impact\\\/\",\"url\":\"https:\\\/\\\/www.capitalidea.org\\\/about\\\/impact\\\/\",\"name\":\"Impact &amp; Financials | Capital IDEA\",\"isPartOf\":{\"@id\":\"https:\\\/\\\/www.capitalidea.org\\\/#website\"},\"primaryImageOfPage\":{\"@id\":\"https:\\\/\\\/www.capitalidea.org\\\/about\\\/impact\\\/#primaryimage\"},\"image\":{\"@id\":\"https:\\\/\\\/www.capitalidea.org\\\/about\\\/impact\\\/#primaryimage\"},\"thumbnailUrl\":\"https:\\\/\\\/www.capitalidea.org\\\/wp-content\\\/uploads\\\/2025\\\/06\\\/star.svg\",\"datePublished\":\"2025-06-13T02:17:51+00:00\",\"dateModified\":\"2026-04-23T20:27:40+00:00\",\"breadcrumb\":{\"@id\":\"https:\\\/\\\/www.capitalidea.org\\\/about\\\/impact\\\/#breadcrumb\"},\"inLanguage\":\"es\",\"potentialAction\":[{\"@type\":\"ReadAction\",\"target\":[\"https:\\\/\\\/www.capitalidea.org\\\/about\\\/impact\\\/\"]}]},{\"@type\":\"ImageObject\",\"inLanguage\":\"es\",\"@id\":\"https:\\\/\\\/www.capitalidea.org\\\/about\\\/impact\\\/#primaryimage\",\"url\":\"https:\\\/\\\/www.capitalidea.org\\\/wp-content\\\/uploads\\\/2025\\\/06\\\/star.svg\",\"contentUrl\":\"https:\\\/\\\/www.capitalidea.org\\\/wp-content\\\/uploads\\\/2025\\\/06\\\/star.svg\"},{\"@type\":\"BreadcrumbList\",\"@id\":\"https:\\\/\\\/www.capitalidea.org\\\/about\\\/impact\\\/#breadcrumb\",\"itemListElement\":[{\"@type\":\"ListItem\",\"position\":1,\"name\":\"Home\",\"item\":\"https:\\\/\\\/www.capitalidea.org\\\/\"},{\"@type\":\"ListItem\",\"position\":2,\"name\":\"About\",\"item\":\"https:\\\/\\\/www.capitalidea.org\\\/about\\\/\"},{\"@type\":\"ListItem\",\"position\":3,\"name\":\"Impact &amp; Financials\"}]},{\"@type\":\"WebSite\",\"@id\":\"https:\\\/\\\/www.capitalidea.org\\\/#website\",\"url\":\"https:\\\/\\\/www.capitalidea.org\\\/\",\"name\":\"Capital IDEA\",\"description\":\"\",\"publisher\":{\"@id\":\"https:\\\/\\\/www.capitalidea.org\\\/#organization\"},\"potentialAction\":[{\"@type\":\"SearchAction\",\"target\":{\"@type\":\"EntryPoint\",\"urlTemplate\":\"https:\\\/\\\/www.capitalidea.org\\\/?s={search_term_string}\"},\"query-input\":{\"@type\":\"PropertyValueSpecification\",\"valueRequired\":true,\"valueName\":\"search_term_string\"}}],\"inLanguage\":\"es\"},{\"@type\":\"Organization\",\"@id\":\"https:\\\/\\\/www.capitalidea.org\\\/#organization\",\"name\":\"Capital IDEA\",\"url\":\"https:\\\/\\\/www.capitalidea.org\\\/\",\"logo\":{\"@type\":\"ImageObject\",\"inLanguage\":\"es\",\"@id\":\"https:\\\/\\\/www.capitalidea.org\\\/#\\\/schema\\\/logo\\\/image\\\/\",\"url\":\"https:\\\/\\\/www.capitalidea.org\\\/wp-content\\\/uploads\\\/2025\\\/06\\\/logo-mark.svg\",\"contentUrl\":\"https:\\\/\\\/www.capitalidea.org\\\/wp-content\\\/uploads\\\/2025\\\/06\\\/logo-mark.svg\",\"width\":1,\"height\":1,\"caption\":\"Capital IDEA\"},\"image\":{\"@id\":\"https:\\\/\\\/www.capitalidea.org\\\/#\\\/schema\\\/logo\\\/image\\\/\"},\"sameAs\":[\"https:\\\/\\\/www.facebook.com\\\/capitalidea.austin\\\/\",\"https:\\\/\\\/www.instagram.com\\\/capital_idea_atx\\\/\",\"https:\\\/\\\/www.linkedin.com\\\/company\\\/capital-idea_2\",\"https:\\\/\\\/www.tiktok.com\\\/@capitalidea_atx\"]}]}<\/script>\n<!-- \/ Yoast SEO Premium plugin. -->","yoast_head_json":{"title":"Impacto y finanzas | Capital IDEA","robots":{"index":"index","follow":"follow","max-snippet":"max-snippet:-1","max-image-preview":"max-image-preview:large","max-video-preview":"max-video-preview:-1"},"canonical":"https:\/\/www.capitalidea.org\/es\/about\/impact\/","og_locale":"es_MX","og_type":"article","og_title":"Impact &amp; Financials","og_description":"Studies &#038; Financial Reports At Capital IDEA we value our work and our mission. Below are studies and financial reports that further define our efforts and the communities we serve.&hellip;","og_url":"https:\/\/www.capitalidea.org\/es\/about\/impact\/","og_site_name":"Capital IDEA","article_publisher":"https:\/\/www.facebook.com\/capitalidea.austin\/","article_modified_time":"2026-04-23T20:27:40+00:00","og_image":[{"url":"https:\/\/www.capitalidea.org\/wp-content\/uploads\/2025\/06\/star.svg","type":"","width":"","height":""}],"twitter_card":"summary_large_image","twitter_misc":{"Tiempo de lectura":"4 minutos"},"schema":{"@context":"https:\/\/schema.org","@graph":[{"@type":"WebPage","@id":"https:\/\/www.capitalidea.org\/about\/impact\/","url":"https:\/\/www.capitalidea.org\/about\/impact\/","name":"Impacto y finanzas | Capital IDEA","isPartOf":{"@id":"https:\/\/www.capitalidea.org\/#website"},"primaryImageOfPage":{"@id":"https:\/\/www.capitalidea.org\/about\/impact\/#primaryimage"},"image":{"@id":"https:\/\/www.capitalidea.org\/about\/impact\/#primaryimage"},"thumbnailUrl":"https:\/\/www.capitalidea.org\/wp-content\/uploads\/2025\/06\/star.svg","datePublished":"2025-06-13T02:17:51+00:00","dateModified":"2026-04-23T20:27:40+00:00","breadcrumb":{"@id":"https:\/\/www.capitalidea.org\/about\/impact\/#breadcrumb"},"inLanguage":"es","potentialAction":[{"@type":"ReadAction","target":["https:\/\/www.capitalidea.org\/about\/impact\/"]}]},{"@type":"ImageObject","inLanguage":"es","@id":"https:\/\/www.capitalidea.org\/about\/impact\/#primaryimage","url":"https:\/\/www.capitalidea.org\/wp-content\/uploads\/2025\/06\/star.svg","contentUrl":"https:\/\/www.capitalidea.org\/wp-content\/uploads\/2025\/06\/star.svg"},{"@type":"BreadcrumbList","@id":"https:\/\/www.capitalidea.org\/about\/impact\/#breadcrumb","itemListElement":[{"@type":"ListItem","position":1,"name":"Home","item":"https:\/\/www.capitalidea.org\/"},{"@type":"ListItem","position":2,"name":"About","item":"https:\/\/www.capitalidea.org\/about\/"},{"@type":"ListItem","position":3,"name":"Impact &amp; Financials"}]},{"@type":"WebSite","@id":"https:\/\/www.capitalidea.org\/#website","url":"https:\/\/www.capitalidea.org\/","name":"Capital IDEA","description":"","publisher":{"@id":"https:\/\/www.capitalidea.org\/#organization"},"potentialAction":[{"@type":"SearchAction","target":{"@type":"EntryPoint","urlTemplate":"https:\/\/www.capitalidea.org\/?s={search_term_string}"},"query-input":{"@type":"PropertyValueSpecification","valueRequired":true,"valueName":"search_term_string"}}],"inLanguage":"es"},{"@type":"Organization","@id":"https:\/\/www.capitalidea.org\/#organization","name":"Capital IDEA","url":"https:\/\/www.capitalidea.org\/","logo":{"@type":"ImageObject","inLanguage":"es","@id":"https:\/\/www.capitalidea.org\/#\/schema\/logo\/image\/","url":"https:\/\/www.capitalidea.org\/wp-content\/uploads\/2025\/06\/logo-mark.svg","contentUrl":"https:\/\/www.capitalidea.org\/wp-content\/uploads\/2025\/06\/logo-mark.svg","width":1,"height":1,"caption":"Capital IDEA"},"image":{"@id":"https:\/\/www.capitalidea.org\/#\/schema\/logo\/image\/"},"sameAs":["https:\/\/www.facebook.com\/capitalidea.austin\/","https:\/\/www.instagram.com\/capital_idea_atx\/","https:\/\/www.linkedin.com\/company\/capital-idea_2","https:\/\/www.tiktok.com\/@capitalidea_atx"]}]}},"_links":{"self":[{"href":"https:\/\/www.capitalidea.org\/es\/wp-json\/wp\/v2\/pages\/7177","targetHints":{"allow":["GET"]}}],"collection":[{"href":"https:\/\/www.capitalidea.org\/es\/wp-json\/wp\/v2\/pages"}],"about":[{"href":"https:\/\/www.capitalidea.org\/es\/wp-json\/wp\/v2\/types\/page"}],"author":[{"embeddable":true,"href":"https:\/\/www.capitalidea.org\/es\/wp-json\/wp\/v2\/users\/7"}],"replies":[{"embeddable":true,"href":"https:\/\/www.capitalidea.org\/es\/wp-json\/wp\/v2\/comments?post=7177"}],"version-history":[{"count":21,"href":"https:\/\/www.capitalidea.org\/es\/wp-json\/wp\/v2\/pages\/7177\/revisions"}],"predecessor-version":[{"id":45472,"href":"https:\/\/www.capitalidea.org\/es\/wp-json\/wp\/v2\/pages\/7177\/revisions\/45472"}],"up":[{"embeddable":true,"href":"https:\/\/www.capitalidea.org\/es\/wp-json\/wp\/v2\/pages\/689"}],"wp:attachment":[{"href":"https:\/\/www.capitalidea.org\/es\/wp-json\/wp\/v2\/media?parent=7177"}],"curies":[{"name":"wp","href":"https:\/\/api.w.org\/{rel}","templated":true}]}}