{"id":7190,"date":"2025-06-13T10:47:35","date_gmt":"2025-06-13T14:47:35","guid":{"rendered":"https:\/\/www.capitalidea.org\/?page_id=7190"},"modified":"2026-04-23T15:29:17","modified_gmt":"2026-04-23T20:29:17","slug":"media","status":"publish","type":"page","link":"https:\/\/www.capitalidea.org\/es\/media\/","title":{"rendered":"Medios de comunicaci\u00f3n"},"content":{"rendered":"Consultas de los medios de comunicaci\u00f3n\t\n<h1>\n\t\t\t\u00bfCubre la fuerza laboral, la educaci\u00f3n o la movilidad econ\u00f3mica en el centro de Texas? Perm\u00edtanos ser un recurso.\t<\/h1>\n\t<p>Si est\u00e1 trabajando en un reportaje sobre las carencias de mano de obra, la crisis de asequibilidad, la formaci\u00f3n para el empleo o la movilidad profesional, nos encantar\u00eda ayudarle a conectar los puntos.<\/p>\n<h2>\n\t\t\tAfrontar los retos de la mano de obra con resultados probados\t<\/h2>\n\t<p>Capital IDEA es una organizaci\u00f3n sin fines de lucro dedicada al desarrollo de la fuerza laboral que impulsa oportunidades en todo el centro de Texas. Ayudamos a adultos de bajos ingresos a iniciar nuevas carreras en campos de alta demanda, transformando vidas, construyendo canales de talento para los empleadores regionales y contribuyendo a una econom\u00eda m\u00e1s fuerte y sostenible.<\/p>\n\t<ul>\n\t\t<li><h4>La regi\u00f3n crece, y tambi\u00e9n el d\u00e9ficit de mano de obra<\/h4><p>El centro de Texas experiment\u00f3 un crecimiento del empleo de 20% entre 2018 y 2023, casi seis veces la media nacional.<\/p><\/li>\t<\/ul>\n\t<p>Fuente: EMSI \/ Workforce Solutions Capital Area Board Plan (2025-2028)<\/p>\n\t<ul>\n\t\t<li><h4>El coste de la vida supera a los salarios<\/h4><p>Un adulto soltero necesita ahora ganar $26\/hora para salir adelante en el condado de Travis. El estudiante medio de Capital IDEA entra en el programa ganando solo $11\/hora.<\/p><\/li>\t<\/ul>\n\t<p>Fuente: FY 2024 Informe de Impacto en la Comunidad, Travis County HHS<\/p>\n\t<ul>\n\t\t<li><h4>La sanidad y el comercio se enfrentan a graves carencias<\/h4><p>Se calcula que en Texas faltar\u00e1n 56.370 enfermeras en 2036. El centro de Texas necesita 10.000 nuevos trabajadores cualificados al a\u00f1o, pero solo se est\u00e1 formando a 6.000.<\/p><\/li>\t<\/ul>\n\t<p>Fuentes: THECB Workforce Task Force (2024), Workforce Solutions Capital Area Board Plan<\/p>\n<h2>\n\t\t\tGrandes resultados, rendimientos reales\t<\/h2>\n\t<p>Capital IDEA cierra la brecha laboral, carrera a carrera<\/p>\n\t\t\t\t<img decoding=\"async\" src=\"https:\/\/www.capitalidea.org\/wp-content\/uploads\/2025\/07\/699-ROI.png\" alt=\"699% ROI\" title=\"699% ROI\" itemprop=\"image\"\/>\n\t\t\t<h3>699% ROI<\/h3>\t\t\t\n\t\t\t\t<p>Por cada $1 invertido, se obtienen casi $7 a trav\u00e9s del aumento de los ingresos, la reducci\u00f3n de la asistencia p\u00fablica y el incremento de las contribuciones fiscales.<\/p>\n\t\t\t\t<img decoding=\"async\" src=\"https:\/\/www.capitalidea.org\/wp-content\/uploads\/2025\/07\/Economic-Contribution.png\" alt=\"Economic Contribution\" title=\"Contribuci\u00f3n econ\u00f3mica\" itemprop=\"image\"\/>\n\t\t\t<h3>Contribuci\u00f3n econ\u00f3mica<\/h3>\t\t\t\n\t\t\t\t<p>Cada titulado aporta m\u00e1s de $63.000 en valor a\u00f1adido a la econom\u00eda durante 20 a\u00f1os<\/p>\n\t\t\t\t<img decoding=\"async\" src=\"https:\/\/www.capitalidea.org\/wp-content\/uploads\/2025\/07\/Pays-for-Itself.png\" alt=\"Pays for Itself\" title=\"Se paga sola\" itemprop=\"image\"\/>\n\t\t\t<h3>Se paga sola<\/h3>\t\t\t\n\t\t\t\t<p>Se amortiza en 3,5 a\u00f1os y genera un impacto duradero<\/p>\n\t\t\t\t<img decoding=\"async\" src=\"https:\/\/www.capitalidea.org\/wp-content\/uploads\/2025\/07\/Salary-Increase.png\" alt=\"Salary Increase\" title=\"Aumento salarial\" itemprop=\"image\"\/>\n\t\t\t<h3>Aumento salarial<\/h3>\t\t\t\n\t\t\t\t<p>Los graduados ganan $20.000 m\u00e1s al a\u00f1o que personas similares que no se matricularon.<\/p>\n\t<p><a href=\"https:\/\/www.capitalidea.org\/wp-content\/uploads\/2025\/07\/ROI-Brief-Ray-Marshall.pdf\" target=\"_blank\" rel=\"noopener\"><em>Fuente: Boswell, McCoy, Rodr\u00edguez y Cumpton, 2023 - Centro Ray Marshall<\/em><\/a><\/p>\n<h2>\n\t\t\tPor qu\u00e9 es importante ahora\t<\/h2>\n\t<ul>\n\t\t<li>\t\t\t\t\n\t\t<h3>Escasez de enfermeras <\/h3><p>Capital IDEA dota a los hospitales y proveedores sanitarios locales de profesionales sanitarios debidamente formados y listos para trabajar<\/p>\n<\/li><li>\t\t\t\t\n\t\t<h3>D\u00e9ficit de mano de obra cualificada<\/h3><p>Nuestros licenciados ayudan a cubrir puestos cr\u00edticos en los sectores de la calefacci\u00f3n, la ventilaci\u00f3n y el aire acondicionado, la electricidad y otros campos de gran demanda.<\/p>\n<\/li>\t<\/ul>\n\t<ul>\n\t\t<li>\t\t\t\t\n\t\t<h3>Relevancia pol\u00edtica<\/h3><p>Capital IDEA es un exitoso modelo de mano de obra financiado con fondos p\u00fablicos y privados, basado en asociaciones con un rendimiento de la inversi\u00f3n demostrado.<\/p>\n<\/li><li>\t\t\t\t\n\t\t<h3>Crisis del coste de la vida<\/h3><p>Ayudamos a los trabajadores a pasar de ganar 1,419 pesos por hora a puestos de trabajo con un salario promedio de 1,433 pesos por hora<\/p><\/li>\t<\/ul>\n<h3>\n\t\t\tDossier de prensa e informes\t<\/h3>\n\t<ul>\n\t\t<li>\t\t\n\t\t\t\t<img decoding=\"async\" src=\"https:\/\/www.capitalidea.org\/wp-content\/uploads\/2025\/07\/doc.png\" alt=\"doc\" title=\"doc\" itemprop=\"image\"\/>\n\t\t<p><a href=\"https:\/\/www.capitalidea.org\/wp-content\/uploads\/2025\/07\/ROI-Brief-November-2024-Ray-Marshall.pdf\" target=\"_blank\" rel=\"noopener\">Resumen de la investigaci\u00f3n sobre el ROI - Ray Marshall Center<\/a><\/p><\/li><li>\t\t\n\t\t\t\t<img decoding=\"async\" src=\"https:\/\/www.capitalidea.org\/wp-content\/uploads\/2025\/07\/doc.png\" alt=\"doc\" title=\"doc\" itemprop=\"image\"\/>\n\t\t<p><a href=\"https:\/\/www.capitalidea.org\/wp-content\/uploads\/2026\/04\/Annual-Report-2025.pdf\" target=\"_blank\" rel=\"noopener\">Informe anual de Capital IDEA<\/a><\/p><\/li><li>\t\t\n\t\t\t\t<img decoding=\"async\" src=\"https:\/\/www.capitalidea.org\/wp-content\/uploads\/2025\/07\/doc.png\" alt=\"doc\" title=\"doc\" itemprop=\"image\"\/>\n\t\t<p><a href=\"https:\/\/www.capitalidea.org\/wp-content\/uploads\/2026\/04\/At-a-Glance-2025.pdf\" target=\"_blank\" rel=\"noopener\">Panorama general<\/a><\/p><\/li><li>\t\t\n\t\t\t\t<img decoding=\"async\" src=\"https:\/\/www.capitalidea.org\/wp-content\/uploads\/2025\/07\/ask-us.png\" alt=\"ask us\" title=\"preg\u00fantanos\" itemprop=\"image\"\/>\n\t\t<p>Solicitar fotos de alta resoluci\u00f3n o programar<br \/>una entrevista por correo electr\u00f3nico <a href=\"mailto:asilvey@capitalidea.org\">Amy Silvey<\/a>, <br \/>Director de Desarrollo y Comunicaciones.<\/p><\/li>\t<\/ul>\n\t\t\t\t<img width=\"400\" height=\"400\" src=\"https:\/\/www.capitalidea.org\/wp-content\/uploads\/2025\/07\/Paul-Skeith-1.png\" alt=\"\" decoding=\"async\" loading=\"lazy\" srcset=\"https:\/\/www.capitalidea.org\/wp-content\/uploads\/2025\/07\/Paul-Skeith-1.png 400w, https:\/\/www.capitalidea.org\/wp-content\/uploads\/2025\/07\/Paul-Skeith-1-300x300.png 300w, https:\/\/www.capitalidea.org\/wp-content\/uploads\/2025\/07\/Paul-Skeith-1-150x150.png 150w, https:\/\/www.capitalidea.org\/wp-content\/uploads\/2025\/07\/Paul-Skeith-1-12x12.png 12w\" sizes=\"auto, (max-width: 400px) 100vw, 400px\" \/>\t\t\t\n\t\t\t\t<p>\"Los fundadores de Capital IDEA -Central Texas Interfaith y la comunidad empresarial local- se propusieron capacitar a nuestros vecinos a trav\u00e9s de la formaci\u00f3n y la educaci\u00f3n para satisfacer las necesidades cr\u00edticas de mano de obra y apoyar a las familias con buenos salarios y beneficios. Muchas de las asociaciones que crearon siguen siendo s\u00f3lidas hoy en d\u00eda\".<\/p>\n\t\t\t\t\t\t\t\t\t\t\t\t\tRev. Paul Skeith\n\t\t\t\t\t\t\t\t\t\t\t\t\t\t\t\t\t\t\tCentral Texas Interfaith, ex Presidente de la Junta\n\t\t\t\t\t\t\t <!-- .louder_testimonial -->\n\t\t\t\t<img width=\"326\" height=\"408\" src=\"https:\/\/www.capitalidea.org\/wp-content\/uploads\/2025\/07\/TSwinton.png\" alt=\"\" decoding=\"async\" loading=\"lazy\" srcset=\"https:\/\/www.capitalidea.org\/wp-content\/uploads\/2025\/07\/TSwinton.png 326w, https:\/\/www.capitalidea.org\/wp-content\/uploads\/2025\/07\/TSwinton-240x300.png 240w\" sizes=\"auto, (max-width: 326px) 100vw, 326px\" \/>\t\t\t\n\t\t\t\t<p>\"Lo que verdaderamente me entusiasma... es la oportunidad de continuar y hacer crecer el impacto integral en toda nuestra comunidad, asegurando que los colegas que se unan a nuestra fuerza laboral del Centro de Texas en los a\u00f1os venideros cuenten con la mejor preparaci\u00f3n acad\u00e9mica y amplias oportunidades para triunfar.\"<\/p>\n\t\t\t\t\t\t\t\t\t\t\t\t\tToni Swinton\n\t\t\t\t\t\t\t\t\t\t\t\t\t\t\t\t\t\t\tConsejo de Administraci\u00f3n, Capital IDEA y Vicepresidente de Educaci\u00f3n Cl\u00ednica, St. David's Healthcare\n\t\t\t\t\t\t\t <!-- .louder_testimonial -->\n\t\t\t\t<img width=\"400\" height=\"400\" src=\"https:\/\/www.capitalidea.org\/wp-content\/uploads\/2025\/07\/st-david-foundation-1.png\" alt=\"\" decoding=\"async\" loading=\"lazy\" srcset=\"https:\/\/www.capitalidea.org\/wp-content\/uploads\/2025\/07\/st-david-foundation-1.png 400w, https:\/\/www.capitalidea.org\/wp-content\/uploads\/2025\/07\/st-david-foundation-1-300x300.png 300w, https:\/\/www.capitalidea.org\/wp-content\/uploads\/2025\/07\/st-david-foundation-1-150x150.png 150w, https:\/\/www.capitalidea.org\/wp-content\/uploads\/2025\/07\/st-david-foundation-1-12x12.png 12w\" sizes=\"auto, (max-width: 400px) 100vw, 400px\" \/>\t\t\t\n\t\t\t\t<p>\"Capital IDEA... lidera una labor impactante para ayudar a las personas a incorporarse al mercado laboral y cubrir puestos sanitarios muy necesarios en nuestras comunidades\".<\/p>\n\t\t\t\t\t\t\t\t\t\t\t\t\tFundaci\u00f3n St. David\n\t\t\t\t\t\t\t\t\t\t\t\t\t\t\t\t\t\t\tCaminos hacia la estabilidad econ\u00f3mica del personal sanitario, subvenci\u00f3n 2024\n\t\t\t\t\t\t\t <!-- .louder_testimonial -->\n\t<h2>\n\t\t\tPremios y reconocimientos\t<\/h2>\n\t\t\t\t<img decoding=\"async\" src=\"https:\/\/www.capitalidea.org\/wp-content\/uploads\/2025\/07\/Award-Accolades.png\" alt=\"Award Accolades\" title=\"Galardones\" itemprop=\"image\"\/>\n\t\t\t<h3>Constructor de barrios 2024<\/h3>\t\t\t\n\t\t\t\t<p>Banco de Am\u00e9rica<\/p>\n\t\t\t\t<img decoding=\"async\" src=\"https:\/\/www.capitalidea.org\/wp-content\/uploads\/2025\/07\/Award-Accolades.png\" alt=\"Award Accolades\" title=\"Galardones\" itemprop=\"image\"\/>\n\t\t\t<h3>Premio Impacto en la Vida 2021<\/h3>\t\t\t\n\t\t\t\t<p>Fundaci\u00f3n Dream Come True<\/p>\n\t\t\t\t<img decoding=\"async\" src=\"https:\/\/www.capitalidea.org\/wp-content\/uploads\/2025\/07\/Award-Accolades.png\" alt=\"Award Accolades\" title=\"Galardones\" itemprop=\"image\"\/>\n\t\t\t<h3>Premio LEADS 2018<\/h3>\t\t\t\n\t\t\t\t<p>Colegio comunitario de Austin<\/p>\n\t\t\t\t<img decoding=\"async\" src=\"https:\/\/www.capitalidea.org\/wp-content\/uploads\/2025\/07\/Award-Accolades.png\" alt=\"Award Accolades\" title=\"Galardones\" itemprop=\"image\"\/>\n\t\t\t<h3>Premio a la excelencia de la mano de obra 2015<\/h3>\t\t\t\n\t\t\t\t<p>Consejo de Desarrollo Econ\u00f3mico de Texas (con la ciudad de Austin)<\/p>\n\t\t\t\t<img decoding=\"async\" src=\"https:\/\/www.capitalidea.org\/wp-content\/uploads\/2025\/07\/Award-Accolades.png\" alt=\"Award Accolades\" title=\"Galardones\" itemprop=\"image\"\/>\n\t\t\t<h3>Finalista del Premio a las organizaciones sin \u00e1nimo de lucro 2014<\/h3>\t\t\t\n\t\t\t\t<p>C\u00e1mara de Comercio Hispana de Austin<\/p>\n\t\t\t\t<img decoding=\"async\" src=\"https:\/\/www.capitalidea.org\/wp-content\/uploads\/2025\/07\/Award-Accolades.png\" alt=\"Award Accolades\" title=\"Galardones\" itemprop=\"image\"\/>\n\t\t\t<h3>Socio del a\u00f1o 2013<\/h3>\t\t\t\n\t\t\t\t<p>Alianza Skillpoint<\/p>\n\t\t\t\t<img decoding=\"async\" src=\"https:\/\/www.capitalidea.org\/wp-content\/uploads\/2025\/07\/Award-Accolades.png\" alt=\"Award Accolades\" title=\"Galardones\" itemprop=\"image\"\/>\n\t\t\t<h3>Constructor de barrios 2012<\/h3>\t\t\t\n\t\t\t\t<p>Banco de Am\u00e9rica<\/p>\n<figure itemscope itemtype=\"https:\/\/schema.org\/ImageObject\">\n\t\t\t\t<img decoding=\"async\" src=\"https:\/\/www.capitalidea.org\/wp-content\/uploads\/2025\/08\/media-3-1.jpg\" alt=\"media-3 (1)\" height=\"1100\" width=\"1100\" title=\"media-3 (1)\" onerror=\"this.style.display='none'\" loading=\"lazy\" \/>\n\t<\/figure>\n\t\t\tEmpezar\t\n<h2>\n\t\t\tReady to Talk?\t<\/h2>\n\t<p>Para entrevistas, citas, fotos o para hablar con el personal, los estudiantes o los graduados, p\u00f3ngase en contacto con nosotros utilizando la informaci\u00f3n que figura a continuaci\u00f3n.<\/p>\n<strong>Amy Silvey<\/strong><br \/>\nDirectora de Desarrollo y Comunicaci\u00f3n<br \/>\n<a href=\"mailto:asilvey@capitalidea.org\">asilvey@capitalidea.org<\/a> | <a href=\"tel:512.485.9353\">512.485.9353<\/a>\n<strong>Liz Ramon<\/strong><br \/>\nResponsable de comunicaci\u00f3n<br \/>\n<a href=\"mailto:lramon@capitalidea.org\">lramon@capitalidea.org<\/a> | <a href=\"tel:512.485.9341\">512.485.9341<\/a>","protected":false},"excerpt":{"rendered":"<p>Preguntas de los medios de comunicaci\u00f3n \u00bfSobre la mano de obra, la educaci\u00f3n o la movilidad econ\u00f3mica en el centro de Texas? Perm\u00edtanos ser un recurso. Si est\u00e1 trabajando en un reportaje sobre las carencias de mano de obra, la crisis...<\/p>","protected":false},"author":7,"featured_media":0,"parent":0,"menu_order":0,"comment_status":"closed","ping_status":"closed","template":"","meta":{"_acf_changed":false,"_price":"","_stock":"","_tribe_ticket_header":"","_tribe_default_ticket_provider":"","_tribe_ticket_capacity":"0","_ticket_start_date":"","_ticket_end_date":"","_tribe_ticket_show_description":"","_tribe_ticket_show_not_going":false,"_tribe_ticket_use_global_stock":"","_tribe_ticket_global_stock_level":"","_global_stock_mode":"","_global_stock_cap":"","_tribe_rsvp_for_event":"","_tribe_ticket_going_count":"","_tribe_ticket_not_going_count":"","_tribe_tickets_list":"[]","_tribe_ticket_has_attendee_info_fields":false,"footnotes":""},"class_list":["post-7190","page","type-page","status-publish","hentry"],"acf":[],"yoast_head":"<!-- This site is optimized with the Yoast SEO Premium plugin v27.3 (Yoast SEO v27.3) - https:\/\/yoast.com\/product\/yoast-seo-premium-wordpress\/ -->\n<title>Media | Capital IDEA<\/title>\n<meta name=\"robots\" content=\"index, follow, max-snippet:-1, max-image-preview:large, max-video-preview:-1\" \/>\n<link rel=\"canonical\" href=\"https:\/\/www.capitalidea.org\/es\/media\/\" \/>\n<meta property=\"og:locale\" content=\"es_MX\" \/>\n<meta property=\"og:type\" content=\"article\" \/>\n<meta property=\"og:title\" content=\"Media\" \/>\n<meta property=\"og:description\" content=\"Media Inquiries Covering workforce, education, or economic mobility in Central Texas? Let us be a resource. If you&#8217;re working on a story about workforce gaps, the affordability crisis, job training,&hellip;\" \/>\n<meta property=\"og:url\" content=\"https:\/\/www.capitalidea.org\/es\/media\/\" \/>\n<meta property=\"og:site_name\" content=\"Capital IDEA\" \/>\n<meta property=\"article:publisher\" content=\"https:\/\/www.facebook.com\/capitalidea.austin\/\" \/>\n<meta property=\"article:modified_time\" content=\"2026-04-23T20:29:17+00:00\" \/>\n<meta property=\"og:image\" content=\"https:\/\/www.capitalidea.org\/wp-content\/uploads\/2025\/07\/699-ROI.png\" \/>\n<meta name=\"twitter:card\" content=\"summary_large_image\" \/>\n<meta name=\"twitter:label1\" content=\"Tiempo de lectura\" \/>\n\t<meta name=\"twitter:data1\" content=\"7 minutos\" \/>\n<script type=\"application\/ld+json\" class=\"yoast-schema-graph\">{\"@context\":\"https:\\\/\\\/schema.org\",\"@graph\":[{\"@type\":\"WebPage\",\"@id\":\"https:\\\/\\\/www.capitalidea.org\\\/media\\\/\",\"url\":\"https:\\\/\\\/www.capitalidea.org\\\/media\\\/\",\"name\":\"Media | Capital IDEA\",\"isPartOf\":{\"@id\":\"https:\\\/\\\/www.capitalidea.org\\\/#website\"},\"primaryImageOfPage\":{\"@id\":\"https:\\\/\\\/www.capitalidea.org\\\/media\\\/#primaryimage\"},\"image\":{\"@id\":\"https:\\\/\\\/www.capitalidea.org\\\/media\\\/#primaryimage\"},\"thumbnailUrl\":\"https:\\\/\\\/www.capitalidea.org\\\/wp-content\\\/uploads\\\/2025\\\/07\\\/699-ROI.png\",\"datePublished\":\"2025-06-13T14:47:35+00:00\",\"dateModified\":\"2026-04-23T20:29:17+00:00\",\"breadcrumb\":{\"@id\":\"https:\\\/\\\/www.capitalidea.org\\\/media\\\/#breadcrumb\"},\"inLanguage\":\"es\",\"potentialAction\":[{\"@type\":\"ReadAction\",\"target\":[\"https:\\\/\\\/www.capitalidea.org\\\/media\\\/\"]}]},{\"@type\":\"ImageObject\",\"inLanguage\":\"es\",\"@id\":\"https:\\\/\\\/www.capitalidea.org\\\/media\\\/#primaryimage\",\"url\":\"https:\\\/\\\/www.capitalidea.org\\\/wp-content\\\/uploads\\\/2025\\\/07\\\/699-ROI.png\",\"contentUrl\":\"https:\\\/\\\/www.capitalidea.org\\\/wp-content\\\/uploads\\\/2025\\\/07\\\/699-ROI.png\"},{\"@type\":\"BreadcrumbList\",\"@id\":\"https:\\\/\\\/www.capitalidea.org\\\/media\\\/#breadcrumb\",\"itemListElement\":[{\"@type\":\"ListItem\",\"position\":1,\"name\":\"Home\",\"item\":\"https:\\\/\\\/www.capitalidea.org\\\/\"},{\"@type\":\"ListItem\",\"position\":2,\"name\":\"Media\"}]},{\"@type\":\"WebSite\",\"@id\":\"https:\\\/\\\/www.capitalidea.org\\\/#website\",\"url\":\"https:\\\/\\\/www.capitalidea.org\\\/\",\"name\":\"Capital IDEA\",\"description\":\"\",\"publisher\":{\"@id\":\"https:\\\/\\\/www.capitalidea.org\\\/#organization\"},\"potentialAction\":[{\"@type\":\"SearchAction\",\"target\":{\"@type\":\"EntryPoint\",\"urlTemplate\":\"https:\\\/\\\/www.capitalidea.org\\\/?s={search_term_string}\"},\"query-input\":{\"@type\":\"PropertyValueSpecification\",\"valueRequired\":true,\"valueName\":\"search_term_string\"}}],\"inLanguage\":\"es\"},{\"@type\":\"Organization\",\"@id\":\"https:\\\/\\\/www.capitalidea.org\\\/#organization\",\"name\":\"Capital IDEA\",\"url\":\"https:\\\/\\\/www.capitalidea.org\\\/\",\"logo\":{\"@type\":\"ImageObject\",\"inLanguage\":\"es\",\"@id\":\"https:\\\/\\\/www.capitalidea.org\\\/#\\\/schema\\\/logo\\\/image\\\/\",\"url\":\"https:\\\/\\\/www.capitalidea.org\\\/wp-content\\\/uploads\\\/2025\\\/06\\\/logo-mark.svg\",\"contentUrl\":\"https:\\\/\\\/www.capitalidea.org\\\/wp-content\\\/uploads\\\/2025\\\/06\\\/logo-mark.svg\",\"width\":1,\"height\":1,\"caption\":\"Capital IDEA\"},\"image\":{\"@id\":\"https:\\\/\\\/www.capitalidea.org\\\/#\\\/schema\\\/logo\\\/image\\\/\"},\"sameAs\":[\"https:\\\/\\\/www.facebook.com\\\/capitalidea.austin\\\/\",\"https:\\\/\\\/www.instagram.com\\\/capital_idea_atx\\\/\",\"https:\\\/\\\/www.linkedin.com\\\/company\\\/capital-idea_2\",\"https:\\\/\\\/www.tiktok.com\\\/@capitalidea_atx\"]}]}<\/script>\n<!-- \/ Yoast SEO Premium plugin. -->","yoast_head_json":{"title":"Medios de comunicaci\u00f3n | Capital IDEA","robots":{"index":"index","follow":"follow","max-snippet":"max-snippet:-1","max-image-preview":"max-image-preview:large","max-video-preview":"max-video-preview:-1"},"canonical":"https:\/\/www.capitalidea.org\/es\/media\/","og_locale":"es_MX","og_type":"article","og_title":"Media","og_description":"Media Inquiries Covering workforce, education, or economic mobility in Central Texas? Let us be a resource. If you&#8217;re working on a story about workforce gaps, the affordability crisis, job training,&hellip;","og_url":"https:\/\/www.capitalidea.org\/es\/media\/","og_site_name":"Capital IDEA","article_publisher":"https:\/\/www.facebook.com\/capitalidea.austin\/","article_modified_time":"2026-04-23T20:29:17+00:00","og_image":[{"url":"https:\/\/www.capitalidea.org\/wp-content\/uploads\/2025\/07\/699-ROI.png","type":"","width":"","height":""}],"twitter_card":"summary_large_image","twitter_misc":{"Tiempo de lectura":"7 minutos"},"schema":{"@context":"https:\/\/schema.org","@graph":[{"@type":"WebPage","@id":"https:\/\/www.capitalidea.org\/media\/","url":"https:\/\/www.capitalidea.org\/media\/","name":"Medios de comunicaci\u00f3n | Capital IDEA","isPartOf":{"@id":"https:\/\/www.capitalidea.org\/#website"},"primaryImageOfPage":{"@id":"https:\/\/www.capitalidea.org\/media\/#primaryimage"},"image":{"@id":"https:\/\/www.capitalidea.org\/media\/#primaryimage"},"thumbnailUrl":"https:\/\/www.capitalidea.org\/wp-content\/uploads\/2025\/07\/699-ROI.png","datePublished":"2025-06-13T14:47:35+00:00","dateModified":"2026-04-23T20:29:17+00:00","breadcrumb":{"@id":"https:\/\/www.capitalidea.org\/media\/#breadcrumb"},"inLanguage":"es","potentialAction":[{"@type":"ReadAction","target":["https:\/\/www.capitalidea.org\/media\/"]}]},{"@type":"ImageObject","inLanguage":"es","@id":"https:\/\/www.capitalidea.org\/media\/#primaryimage","url":"https:\/\/www.capitalidea.org\/wp-content\/uploads\/2025\/07\/699-ROI.png","contentUrl":"https:\/\/www.capitalidea.org\/wp-content\/uploads\/2025\/07\/699-ROI.png"},{"@type":"BreadcrumbList","@id":"https:\/\/www.capitalidea.org\/media\/#breadcrumb","itemListElement":[{"@type":"ListItem","position":1,"name":"Home","item":"https:\/\/www.capitalidea.org\/"},{"@type":"ListItem","position":2,"name":"Media"}]},{"@type":"WebSite","@id":"https:\/\/www.capitalidea.org\/#website","url":"https:\/\/www.capitalidea.org\/","name":"Capital IDEA","description":"","publisher":{"@id":"https:\/\/www.capitalidea.org\/#organization"},"potentialAction":[{"@type":"SearchAction","target":{"@type":"EntryPoint","urlTemplate":"https:\/\/www.capitalidea.org\/?s={search_term_string}"},"query-input":{"@type":"PropertyValueSpecification","valueRequired":true,"valueName":"search_term_string"}}],"inLanguage":"es"},{"@type":"Organization","@id":"https:\/\/www.capitalidea.org\/#organization","name":"Capital IDEA","url":"https:\/\/www.capitalidea.org\/","logo":{"@type":"ImageObject","inLanguage":"es","@id":"https:\/\/www.capitalidea.org\/#\/schema\/logo\/image\/","url":"https:\/\/www.capitalidea.org\/wp-content\/uploads\/2025\/06\/logo-mark.svg","contentUrl":"https:\/\/www.capitalidea.org\/wp-content\/uploads\/2025\/06\/logo-mark.svg","width":1,"height":1,"caption":"Capital IDEA"},"image":{"@id":"https:\/\/www.capitalidea.org\/#\/schema\/logo\/image\/"},"sameAs":["https:\/\/www.facebook.com\/capitalidea.austin\/","https:\/\/www.instagram.com\/capital_idea_atx\/","https:\/\/www.linkedin.com\/company\/capital-idea_2","https:\/\/www.tiktok.com\/@capitalidea_atx"]}]}},"_links":{"self":[{"href":"https:\/\/www.capitalidea.org\/es\/wp-json\/wp\/v2\/pages\/7190","targetHints":{"allow":["GET"]}}],"collection":[{"href":"https:\/\/www.capitalidea.org\/es\/wp-json\/wp\/v2\/pages"}],"about":[{"href":"https:\/\/www.capitalidea.org\/es\/wp-json\/wp\/v2\/types\/page"}],"author":[{"embeddable":true,"href":"https:\/\/www.capitalidea.org\/es\/wp-json\/wp\/v2\/users\/7"}],"replies":[{"embeddable":true,"href":"https:\/\/www.capitalidea.org\/es\/wp-json\/wp\/v2\/comments?post=7190"}],"version-history":[{"count":21,"href":"https:\/\/www.capitalidea.org\/es\/wp-json\/wp\/v2\/pages\/7190\/revisions"}],"predecessor-version":[{"id":45473,"href":"https:\/\/www.capitalidea.org\/es\/wp-json\/wp\/v2\/pages\/7190\/revisions\/45473"}],"wp:attachment":[{"href":"https:\/\/www.capitalidea.org\/es\/wp-json\/wp\/v2\/media?parent=7190"}],"curies":[{"name":"wp","href":"https:\/\/api.w.org\/{rel}","templated":true}]}}