{"id":41837,"date":"2025-07-24T10:39:34","date_gmt":"2025-07-24T16:39:34","guid":{"rendered":"https:\/\/www.capitalidea.org\/?page_id=41837"},"modified":"2026-04-16T10:08:24","modified_gmt":"2026-04-16T15:08:24","slug":"application-step-by-step","status":"publish","type":"page","link":"https:\/\/www.capitalidea.org\/fr\/application-step-by-step\/","title":{"rendered":"Comment postuler (instructions d\u00e9taill\u00e9es)"},"content":{"rendered":"Candidature \u00e0 Capital IDEA\t\n<h1>\n\t\t\tInstructions \u00e9tape par \u00e9tape\t<\/h1>\n\t\t\t01\t\n<h2>\n\t\t\tS'inscrire \u00e0 la session d'information\t<\/h2>\n\t<p>Dur\u00e9e : 30 minutes<\/p>\n\t\t\t<a href=\"https:\/\/www.capitalidea.org\/fr\/info-sessions\/\"  target=\"_self\">\n\t\t\t\t\t\t\tAssister \u00e0 une s\u00e9ance d'information\n\t\t\t\t\t<\/a>\n\t<img decoding=\"async\" role=\"img\" draggable=\"false\" src=\"https:\/\/s.w.org\/images\/core\/emoji\/16.0.1\/svg\/26a0.svg\" alt=\"\u26a0\ufe0f\" \/> <strong>Avez-vous d\u00e9j\u00e0 particip\u00e9 \u00e0 une s\u00e9ance d'information ?<\/strong><br \/>\nSi ce n'est pas le cas, arr\u00eatez-vous ici et inscrivez-vous d'abord - c'est obligatoire avant de soumettre une demande.\n\t\t\t02\t\n<h2>\n\t\t\tRemplir la demande\t<\/h2>\n\t<p>Dur\u00e9e : 15-20 minutes<\/p>\n\t\t\t<a href=\"https:\/\/a3997.socialsolutionsportal.com\/apricot-intake\/b087b41b-7605-41a6-89e2-3f5046422c49\"  target=\"_blank\" rel=\"noopener\">\n\t\t\t\t\t\t\tCommencez votre demande\n\t\t\t\t\t<\/a>\n\t<p>Remarque : si vous obtenez une \u201cerreur de duplication\u201d, ne vous inqui\u00e9tez pas. Prenez contact avec nous. Nous proc\u00e9derons \u00e0 une v\u00e9rification rapide et vous ferons passer \u00e0 l'\u00e9tape suivante : <a href=\"tel:512-485-9350\">512-485-9350<\/a> ou par courriel <a href=\"mailto:info@capitalidea.org\">info@capitalidea.org<\/a>.<\/p>\n\t\t\t03\t\n<h2>\n\t\t\tT\u00e9l\u00e9chargez vos documents\t<\/h2>\n\t<p>Dur\u00e9e : 30 minutes - 2 heures<\/p>\n\t<p><strong>Une fois que vous aurez d\u00e9pos\u00e9 votre candidature, vous recevrez un courriel vous demandant de d\u00e9finir votre mot de passe pour le tableau de bord des documents. D\u00e9finissez-le avant que le lien n'expire.<\/strong><\/p>\n\t\t\t<a href=\"#instructions\"  target=\"_self\">\n\t\t\t\t\t\t\tVoir les instructions d\u00e9taill\u00e9es\n\t\t\t\t\t<\/a>\n\t<p>Il s'agit de l'\u00e9tape la plus d\u00e9taill\u00e9e. Ne vous d\u00e9couragez pas : nous sommes l\u00e0 pour vous aider ! Si vous \u00eates bloqu\u00e9 ou si vous n'avez pas obtenu votre lien, n'h\u00e9sitez pas \u00e0 nous contacter : <a href=\"tel:512-485-9350\">512-485-9350<\/a> ou par courriel <a href=\"mailto:info@capitalidea.org\">info@capitalidea.org<\/a>.<\/p>\n\t\t\t<a href=\"#documents\"  target=\"_self\">\n\t\t\t\t\t\t\tVoir les documents requis\n\t\t\t\t\t<\/a>\n\t\t\t04\t\n<h2>\n\t\t\tPassez votre \u00e9valuation\t<\/h2>\n\t<p>Dur\u00e9e : 30 minutes<\/p>\n\t<p><strong>Une fois les \u00e9tapes 1 \u00e0 4 termin\u00e9es, votre demande est officiellement soumise. Ensuite, nous planifierons les derni\u00e8res \u00e9tapes.<\/strong><\/p>\n\t<p>Apr\u00e8s avoir envoy\u00e9 vos documents, nous les examinerons et vous enverrons un courriel contenant le lien d'\u00e9valuation dans les trois jours ouvrables.<\/p>\n<p>Cette \u00e9valuation compare votre personnalit\u00e9 et vos aptitudes avec vos int\u00e9r\u00eats professionnels. Nous utiliserons vos r\u00e9sultats pour vous guider.<\/p>\n<p>Vous ne l'avez pas eu ? Faites-le nous savoir : <a href=\"tel:512-485-9350\">512-485-9350<\/a><\/p>\n\t\t\t05\t\n<h2>\n\t\t\tRencontrer un sp\u00e9cialiste de l'orientation professionnelle\t<\/h2>\n\t<p>Dur\u00e9e : 1 heure<\/p>\n\t<p>Nous vous contacterons pour fixer un rendez-vous individuel afin de discuter de votre \u00e9ligibilit\u00e9, de votre parcours universitaire et de vos plans de carri\u00e8re.<\/p>\n\t\t\t06\t\n<h2>\n\t\t\tEntretien d'engagement\t<\/h2>\n\t<p>Dur\u00e9e : 30 minutes<\/p>\n\t<p>Lors de cette derni\u00e8re \u00e9tape, il est pr\u00e9vu de parler de ces engagements importants :<\/p>\n<ul>\n<li>faire de l'\u00e9cole une priorit\u00e9<\/li>\n<li>terminer son dipl\u00f4me<\/li>\n<li>commencer votre carri\u00e8re d\u00e8s la fin de vos \u00e9tudes<\/li>\n<li>travailler au Texas central depuis au moins 2 ans<\/li>\n<li>contribuer \u00e0 la vie de la communaut\u00e9 de la mani\u00e8re que vous souhaitez<\/li>\n<\/ul>\n<h2>\n\t\t\tInstructions sur le t\u00e9l\u00e9chargement de documents\t<\/h2>\n\t<ol>\n<li><strong>D\u00e9finissez votre mot de passe<\/strong><br \/>\nUne fois que vous avez soumis votre candidature, v\u00e9rifiez votre courrier \u00e9lectronique pour un lien. D\u00e9finissez votre mot de passe dans les 48 heures. Si vous manquez ce d\u00e9lai, utilisez le lien \u2018J'ai oubli\u00e9 mon mot de passe\u2019 sur la page d'accueil du site web. <a href=\"https:\/\/a3997.socialsolutionsportal.com\/login\" target=\"_blank\" rel=\"noopener\">page de connexion.<\/a><\/li>\n<li><strong>Rassemblez vos documents<\/strong><br \/>\nPrenez des photos claires ou utilisez une application de num\u00e9risation pour cr\u00e9er des copies num\u00e9riques de tous les documents que vous soumettrez. Vous trouverez ci-dessous la liste compl\u00e8te des documents requis.<\/li>\n<li><strong>Connectez-vous \u00e0 votre tableau de bord<\/strong><br \/>\nNous vous recommandons de mettre cette page en signet. <a href=\"https:\/\/a3997.socialsolutionsportal.com\/login\" target=\"_blank\" rel=\"noopener\">Page de connexion \u2192<\/a><\/li>\n<li><strong>Ouvrir le formulaire de t\u00e9l\u00e9chargement<\/strong><br \/>\nMenu \u2192 \u201cTous les formulaires attribu\u00e9s\u201d \u2192 S\u00e9lectionnez \u201cNouveaux demandeurs - T\u00e9l\u00e9chargement de documents\u201d.\u201d<\/li>\n<li><strong>Suivre les invites<\/strong><br \/>\nR\u00e9pondez aux questions et t\u00e9l\u00e9chargez les documents demand\u00e9s. S'il vous manque des documents, t\u00e9l\u00e9chargez-les.<\/li>\n<li><strong>Soumettre en cliquant sur \u2018Enregistrer\u2019.\u2019<\/strong><br \/>\nVous pouvez revenir plus tard pour soumettre autant de formulaires \u2018T\u00e9l\u00e9charger des documents\u2019 que n\u00e9cessaire. Cliquez sur le bouton \u2018Voir les soumissions de formulaires\u2019 dans votre tableau de bord pour voir vos soumissions pr\u00e9c\u00e9dentes.<\/li>\n<\/ol>\n<figure itemscope itemtype=\"https:\/\/schema.org\/ImageObject\">\n\t\t\t\t<img decoding=\"async\" src=\"https:\/\/www.capitalidea.org\/wp-content\/uploads\/2025\/06\/star.svg\" alt=\"star\" height=\"55\" width=\"57\" title=\"\u00e9toile\" onerror=\"this.style.display='none'\" loading=\"lazy\" \/>\n\t<\/figure>\n<h2>\n\t\t\tDocuments requis\t<\/h2>\n\t<p>Pour compl\u00e9ter votre demande, vous devrez rassembler quelques documents cl\u00e9s. En les pr\u00e9parant \u00e0 l'avance, vous faciliterez et acc\u00e9l\u00e9rerez le processus.<\/p>\n<figure itemscope itemtype=\"https:\/\/schema.org\/ImageObject\">\n\t\t\t\t<img decoding=\"async\" src=\"https:\/\/www.capitalidea.org\/wp-content\/uploads\/2025\/06\/logo-mark.svg\" alt=\"logo-mark\" height=\"100\" width=\"106\" title=\"logo-marque\" onerror=\"this.style.display='none'\" loading=\"lazy\" \/>\n\t<\/figure>\n<h2>\n\t\t\tListe de contr\u00f4le rapide\t<\/h2>\n<h3>\n\t\t\t(La plupart des candidats en ont besoin)\t<\/h3>\n\t<p>Si vous pr\u00e9sentez une demande pour vous-m\u00eame et que vous n'avez pas de conjoint, de partenaire ou d'enfants, vous n'aurez probablement besoin que de ces documents pour commencer :<\/p>\n\t<ul>\n\t\t<li>\t\t\t\t\n\t\t<p>Permis de conduire ou autre pi\u00e8ce d'identit\u00e9 d\u00e9livr\u00e9e par l'\u00c9tat<\/p><\/li><li>\t\t\t\t\n\t\t<p>Carte de s\u00e9curit\u00e9 sociale<\/p><\/li><li>\t\t\t\t\n\t\t<p>Acte de naissance ou carte de r\u00e9sident permanent<\/p><\/li><li>\t\t\t\t\n\t\t<p>Dipl\u00f4me de fin d'\u00e9tudes secondaires, GED ou relev\u00e9 de notes de l'enseignement sup\u00e9rieur<\/p><\/li><li>\t\t\t\t\n\t\t<p>Bulletins de salaire du mois dernier<\/p><\/li><li>\t\t\t\t\n\t\t<p>Derni\u00e8re d\u00e9claration fiscale<\/p><\/li><li>\t\t\t\t\n\t\t<p>Bail, hypoth\u00e8que ou preuve de r\u00e9sidence<\/p><\/li>\t<\/ul>\n\t<p><strong>Vous trouverez ci-dessous des documents suppl\u00e9mentaires susceptibles de s'appliquer \u00e0 votre situation.<\/strong><\/p>\n<h3>\n\t\t\tIdentification des m\u00e9nages\t<\/h3>\n<h3>\n\t\t\tVivez-vous avec un conjoint, un partenaire ou des enfants ?\t<\/h3>\n\t<ul>\n\t\t<li>\t\t\t\t\n\t\t<h6>Si ce n'est pas le cas, soumettez-les pour vous-m\u00eame :<\/h6><p><ul><li>Permis de conduire ou autre pi\u00e8ce d'identit\u00e9 d\u00e9livr\u00e9e par l'\u00c9tat<\/li><li>Carte de s\u00e9curit\u00e9 sociale<\/li><li>Acte de naissance (ou carte de r\u00e9sident permanent)<\/li><\/ul><\/p><\/li><li>\t\t\t\t\n\t\t<h6>Si oui, soumettre \u00e9galement :<\/h6><p><ul><li><strong>Pour votre conjoint ou partenaire :<\/strong> Une pi\u00e8ce d'identit\u00e9 (certificat de naissance, carte d'assurance sociale, passeport, permis de conduire ou carte d'identit\u00e9 nationale)<\/li><li><strong>Pour chaque enfant ou personne \u00e0 charge :<\/strong> Acte de naissance. Si vous avez moins de 12 ans, pr\u00e9sentez \u00e9galement votre carte d'assurance sociale.<\/li><\/ul><\/p><\/li>\t<\/ul>\n<h3>\n\t\t\tDocuments sur le logement\t<\/h3>\n<h3>\n\t\t\tAvez-vous un bail ou une hypoth\u00e8que \u00e0 votre nom ?\t<\/h3>\n\t<ul>\n\t\t<li>\t\t\t\t\n\t\t<p>Si oui, soumettez une copie de votre <strong>bail<\/strong> ou <strong>\u00e9tat hypoth\u00e9caire<\/strong><\/p><\/li>\t<\/ul>\n<h3>\n\t\t\tPas de bail ni d'hypoth\u00e8que ? Vous vivez avec des amis ou de la famille ?\t<\/h3>\n\t<ul>\n\t\t<li>\t\t\t\t\n\t\t<h6>Soumettre tous les \u00e9l\u00e9ments suivants :<\/h6><p><ol><li>Une lettre du chef de famille confirmant que vous vivez dans ce lieu et que vous y resterez pendant la p\u00e9riode scolaire.<\/li><li>Une facture d'\u00e9lectricit\u00e9 avec leur nom et leur adresse<\/li><li>Un courrier qui vous est adress\u00e9 \u00e0 cette m\u00eame adresse<\/li><\/ol><\/p><\/li>\t<\/ul>\n<h3>\n\t\t\tDocuments sur l'\u00e9ducation\t<\/h3>\n<h3>\n\t\t\tAvez-vous \u00e9t\u00e9 \u00e0 l'universit\u00e9 ?\t<\/h3>\n\t<ul>\n\t\t<li>\t\t\t\t\n\t\t<p>Si oui, soumettre <strong>les relev\u00e9s de notes de l'universit\u00e9<\/strong> (le caract\u00e8re non officiel est acceptable)<\/p><\/li><li>\t\t\t\t\n\t\t<p>Si non, soumettre <strong>dipl\u00f4me de fin d'\u00e9tudes secondaires<\/strong> ou <strong>GED<\/strong><\/p><\/li>\t<\/ul>\n<h3>\n\t\t\tDocuments relatifs aux revenus\t<\/h3>\n<h3>\n\t\t\tEst-ce que vous ou votre conjoint\/partenaire travaillez ou percevez des revenus ?\t<\/h3>\n\t<ul>\n\t\t<li>\t\t\t\t\n\t\t<p>Bulletins de salaire d'un mois (vous et\/ou votre partenaire)<\/p>\n<\/li><li>\t\t\t\t\n\t\t<p>Derni\u00e8re d\u00e9claration fiscale d\u00e9pos\u00e9e<\/p>\n<\/li><li>\t\t\t\t\n\t\t<p>Le cas \u00e9ch\u00e9ant : documentation sur <strong>revenu de retraite, SSI, indemnit\u00e9s d'accident du travail ou d'invalidit\u00e9<\/strong><\/p><\/li>\t<\/ul>\n<h3>\n\t\t\tDocuments d'assistance (le cas \u00e9ch\u00e9ant)\t<\/h3>\n<h3>\n\t\t\tB\u00e9n\u00e9ficiez-vous de prestations publiques ou d'une aide financi\u00e8re ext\u00e9rieure ?\t<\/h3>\n\t<ul>\n\t\t<li>\t\t\t\t\n\t\t<h6>Dans l'affirmative, pr\u00e9sentez les documents relatifs aux \u00e9l\u00e9ments suivants qui s'appliquent :<\/h6><p><ul><li>Bons alimentaires (SNAP), Medicaid, Medicare, WIC, TANF\/AFDC<\/li><li>Ch\u00f4mage, pension alimentaire, aide au logement ou aux services publics, aide aux r\u00e9fugi\u00e9s<\/li><\/ul><\/p><\/li>\t<\/ul>\n<h3>\n\t\t\tObtenir de l'aide de la famille ou des amis ?\t<\/h3>\n\t<ul>\n\t\t<li>\t\t\t\t\n\t\t<h6>Si oui, demandez-leur d'\u00e9crire une lettre de soutien comprenant :<\/h6><p><ul><li>Leurs coordonn\u00e9es<\/li><li>Le niveau de soutien qu'ils apportent<\/li><li>Si ce soutien se poursuivra pendant que vous \u00eates \u00e0 l'\u00e9cole<\/li><\/ul><\/p><\/li>\t<\/ul>\n<h3>\n\t\t\tService s\u00e9lectif et familles des militaires (le cas \u00e9ch\u00e9ant)\t<\/h3>\n<h3>\n\t\t\tAvez-vous, vous-m\u00eame ou votre conjoint, servi dans l'arm\u00e9e ?\t<\/h3>\n\t<ul>\n\t\t<li>\t\t\t\t\n\t\t<h6>Si oui, soumettez une copie de votre DD214<\/h6><\/li>\t<\/ul>\n<h3>\n\t\t\t\u00cates-vous un citoyen am\u00e9ricain ou un immigrant \u00e2g\u00e9 de 18 \u00e0 25 ans ?\t<\/h3>\n\t<ul>\n\t\t<li>\t\t\t\t\n\t\t<h6>Si oui, fournir la preuve de l'inscription au Selective Service<\/h6><p>(disponible \u00e0 l'adresse suivante <a href=\"http:\/\/www.sss.gov\" target=\"_blank\" rel=\"noopener\">www.sss.gov<\/a>)<\/p><\/li>\t<\/ul>\n<h3>\n\t\t\tDocuments relatifs \u00e0 l'aide financi\u00e8re (le cas \u00e9ch\u00e9ant)\t<\/h3>\n<h3>\n\t\t\tAvez-vous b\u00e9n\u00e9fici\u00e9 d'une aide financi\u00e8re pour l'enseignement sup\u00e9rieur ?\t<\/h3>\n\t<ul>\n\t\t<li>\t\t\t\t\n\t\t<h6>Dans l'affirmative, pr\u00e9sentez les documents relatifs \u00e0 toute subvention, bourse ou pr\u00eat, tels que<\/h6><p><ul><li>Pell Grant, SEOG, TPEG<\/li><li>Bourses priv\u00e9es ou institutionnelles<\/li><li>Pr\u00eats \u00e0 l'\u00e9ducation<\/li><\/ul><\/p><\/li>\t<\/ul>\n<h3>\n\t\t\tAnt\u00e9c\u00e9dents criminels (le cas \u00e9ch\u00e9ant)\t<\/h3>\n<h3>\n\t\t\tAvez-vous un casier judiciaire ?\t<\/h3>\n\t<ul>\n\t\t<li>\t\t\t\t\n\t\t<h6>Si oui, soumettez une copie de votre rapport d'ant\u00e9c\u00e9dents criminels du DPS.<\/h6><\/li>\t<\/ul>","protected":false},"excerpt":{"rendered":"<p>Candidature \u00e0 Capital IDEA Instructions \u00e9tape par \u00e9tape 01 S'inscrire \u00e0 la session d'information Dur\u00e9e : 30 minutes Participer \u00e0 une session d'information Avez-vous d\u00e9j\u00e0 particip\u00e9 \u00e0 une session d'information ? Si ce n'est pas le cas, faites une pause ici...<\/p>","protected":false},"author":19,"featured_media":0,"parent":0,"menu_order":0,"comment_status":"closed","ping_status":"closed","template":"","meta":{"_acf_changed":false,"_price":"","_stock":"","_tribe_ticket_header":"","_tribe_default_ticket_provider":"","_tribe_ticket_capacity":"0","_ticket_start_date":"","_ticket_end_date":"","_tribe_ticket_show_description":"","_tribe_ticket_show_not_going":false,"_tribe_ticket_use_global_stock":"","_tribe_ticket_global_stock_level":"","_global_stock_mode":"","_global_stock_cap":"","_tribe_rsvp_for_event":"","_tribe_ticket_going_count":"","_tribe_ticket_not_going_count":"","_tribe_tickets_list":"[]","_tribe_ticket_has_attendee_info_fields":false,"footnotes":""},"class_list":["post-41837","page","type-page","status-publish","hentry"],"acf":[],"yoast_head":"<!-- This site is optimized with the Yoast SEO Premium plugin v27.3 (Yoast SEO v27.3) - https:\/\/yoast.com\/product\/yoast-seo-premium-wordpress\/ -->\n<title>How to Apply (detailed instructions) | Capital IDEA<\/title>\n<meta name=\"robots\" content=\"index, follow, max-snippet:-1, max-image-preview:large, max-video-preview:-1\" \/>\n<link rel=\"canonical\" href=\"https:\/\/www.capitalidea.org\/fr\/application-step-by-step\/\" \/>\n<meta property=\"og:locale\" content=\"fr_FR\" \/>\n<meta property=\"og:type\" content=\"article\" \/>\n<meta property=\"og:title\" content=\"How to Apply (detailed instructions)\" \/>\n<meta property=\"og:description\" content=\"Applying to Capital IDEA Step-by-Step Instructions 01 Sign Up for Info Session Time: 30 minutes Attend an Info Session Have you attended an Info Session yet? If not, pause here&hellip;\" \/>\n<meta property=\"og:url\" content=\"https:\/\/www.capitalidea.org\/fr\/application-step-by-step\/\" \/>\n<meta property=\"og:site_name\" content=\"Capital IDEA\" \/>\n<meta property=\"article:publisher\" content=\"https:\/\/www.facebook.com\/capitalidea.austin\/\" \/>\n<meta property=\"article:modified_time\" content=\"2026-04-16T15:08:24+00:00\" \/>\n<meta property=\"og:image\" content=\"https:\/\/s.w.org\/images\/core\/emoji\/16.0.1\/svg\/26a0.svg\" \/>\n<meta name=\"twitter:card\" content=\"summary_large_image\" \/>\n<meta name=\"twitter:label1\" content=\"Dur\u00e9e de lecture estim\u00e9e\" \/>\n\t<meta name=\"twitter:data1\" content=\"5 minutes\" \/>\n<script type=\"application\/ld+json\" class=\"yoast-schema-graph\">{\"@context\":\"https:\\\/\\\/schema.org\",\"@graph\":[{\"@type\":\"WebPage\",\"@id\":\"https:\\\/\\\/www.capitalidea.org\\\/application-step-by-step\\\/\",\"url\":\"https:\\\/\\\/www.capitalidea.org\\\/application-step-by-step\\\/\",\"name\":\"How to Apply (detailed instructions) | Capital IDEA\",\"isPartOf\":{\"@id\":\"https:\\\/\\\/www.capitalidea.org\\\/#website\"},\"primaryImageOfPage\":{\"@id\":\"https:\\\/\\\/www.capitalidea.org\\\/application-step-by-step\\\/#primaryimage\"},\"image\":{\"@id\":\"https:\\\/\\\/www.capitalidea.org\\\/application-step-by-step\\\/#primaryimage\"},\"thumbnailUrl\":\"https:\\\/\\\/s.w.org\\\/images\\\/core\\\/emoji\\\/16.0.1\\\/svg\\\/26a0.svg\",\"datePublished\":\"2025-07-24T16:39:34+00:00\",\"dateModified\":\"2026-04-16T15:08:24+00:00\",\"breadcrumb\":{\"@id\":\"https:\\\/\\\/www.capitalidea.org\\\/application-step-by-step\\\/#breadcrumb\"},\"inLanguage\":\"fr-FR\",\"potentialAction\":[{\"@type\":\"ReadAction\",\"target\":[\"https:\\\/\\\/www.capitalidea.org\\\/application-step-by-step\\\/\"]}]},{\"@type\":\"ImageObject\",\"inLanguage\":\"fr-FR\",\"@id\":\"https:\\\/\\\/www.capitalidea.org\\\/application-step-by-step\\\/#primaryimage\",\"url\":\"https:\\\/\\\/s.w.org\\\/images\\\/core\\\/emoji\\\/16.0.1\\\/svg\\\/26a0.svg\",\"contentUrl\":\"https:\\\/\\\/s.w.org\\\/images\\\/core\\\/emoji\\\/16.0.1\\\/svg\\\/26a0.svg\"},{\"@type\":\"BreadcrumbList\",\"@id\":\"https:\\\/\\\/www.capitalidea.org\\\/application-step-by-step\\\/#breadcrumb\",\"itemListElement\":[{\"@type\":\"ListItem\",\"position\":1,\"name\":\"Home\",\"item\":\"https:\\\/\\\/www.capitalidea.org\\\/\"},{\"@type\":\"ListItem\",\"position\":2,\"name\":\"How to Apply (detailed instructions)\"}]},{\"@type\":\"WebSite\",\"@id\":\"https:\\\/\\\/www.capitalidea.org\\\/#website\",\"url\":\"https:\\\/\\\/www.capitalidea.org\\\/\",\"name\":\"Capital IDEA\",\"description\":\"\",\"publisher\":{\"@id\":\"https:\\\/\\\/www.capitalidea.org\\\/#organization\"},\"potentialAction\":[{\"@type\":\"SearchAction\",\"target\":{\"@type\":\"EntryPoint\",\"urlTemplate\":\"https:\\\/\\\/www.capitalidea.org\\\/?s={search_term_string}\"},\"query-input\":{\"@type\":\"PropertyValueSpecification\",\"valueRequired\":true,\"valueName\":\"search_term_string\"}}],\"inLanguage\":\"fr-FR\"},{\"@type\":\"Organization\",\"@id\":\"https:\\\/\\\/www.capitalidea.org\\\/#organization\",\"name\":\"Capital IDEA\",\"url\":\"https:\\\/\\\/www.capitalidea.org\\\/\",\"logo\":{\"@type\":\"ImageObject\",\"inLanguage\":\"fr-FR\",\"@id\":\"https:\\\/\\\/www.capitalidea.org\\\/#\\\/schema\\\/logo\\\/image\\\/\",\"url\":\"https:\\\/\\\/www.capitalidea.org\\\/wp-content\\\/uploads\\\/2025\\\/06\\\/logo-mark.svg\",\"contentUrl\":\"https:\\\/\\\/www.capitalidea.org\\\/wp-content\\\/uploads\\\/2025\\\/06\\\/logo-mark.svg\",\"width\":1,\"height\":1,\"caption\":\"Capital IDEA\"},\"image\":{\"@id\":\"https:\\\/\\\/www.capitalidea.org\\\/#\\\/schema\\\/logo\\\/image\\\/\"},\"sameAs\":[\"https:\\\/\\\/www.facebook.com\\\/capitalidea.austin\\\/\",\"https:\\\/\\\/www.instagram.com\\\/capital_idea_atx\\\/\",\"https:\\\/\\\/www.linkedin.com\\\/company\\\/capital-idea_2\",\"https:\\\/\\\/www.tiktok.com\\\/@capitalidea_atx\"]}]}<\/script>\n<!-- \/ Yoast SEO Premium plugin. -->","yoast_head_json":{"title":"Comment postuler (instructions d\u00e9taill\u00e9es) | Capital IDEA","robots":{"index":"index","follow":"follow","max-snippet":"max-snippet:-1","max-image-preview":"max-image-preview:large","max-video-preview":"max-video-preview:-1"},"canonical":"https:\/\/www.capitalidea.org\/fr\/application-step-by-step\/","og_locale":"fr_FR","og_type":"article","og_title":"How to Apply (detailed instructions)","og_description":"Applying to Capital IDEA Step-by-Step Instructions 01 Sign Up for Info Session Time: 30 minutes Attend an Info Session Have you attended an Info Session yet? If not, pause here&hellip;","og_url":"https:\/\/www.capitalidea.org\/fr\/application-step-by-step\/","og_site_name":"Capital IDEA","article_publisher":"https:\/\/www.facebook.com\/capitalidea.austin\/","article_modified_time":"2026-04-16T15:08:24+00:00","og_image":[{"url":"https:\/\/s.w.org\/images\/core\/emoji\/16.0.1\/svg\/26a0.svg","type":"","width":"","height":""}],"twitter_card":"summary_large_image","twitter_misc":{"Dur\u00e9e de lecture estim\u00e9e":"5 minutes"},"schema":{"@context":"https:\/\/schema.org","@graph":[{"@type":"WebPage","@id":"https:\/\/www.capitalidea.org\/application-step-by-step\/","url":"https:\/\/www.capitalidea.org\/application-step-by-step\/","name":"Comment postuler (instructions d\u00e9taill\u00e9es) | Capital IDEA","isPartOf":{"@id":"https:\/\/www.capitalidea.org\/#website"},"primaryImageOfPage":{"@id":"https:\/\/www.capitalidea.org\/application-step-by-step\/#primaryimage"},"image":{"@id":"https:\/\/www.capitalidea.org\/application-step-by-step\/#primaryimage"},"thumbnailUrl":"https:\/\/s.w.org\/images\/core\/emoji\/16.0.1\/svg\/26a0.svg","datePublished":"2025-07-24T16:39:34+00:00","dateModified":"2026-04-16T15:08:24+00:00","breadcrumb":{"@id":"https:\/\/www.capitalidea.org\/application-step-by-step\/#breadcrumb"},"inLanguage":"fr-FR","potentialAction":[{"@type":"ReadAction","target":["https:\/\/www.capitalidea.org\/application-step-by-step\/"]}]},{"@type":"ImageObject","inLanguage":"fr-FR","@id":"https:\/\/www.capitalidea.org\/application-step-by-step\/#primaryimage","url":"https:\/\/s.w.org\/images\/core\/emoji\/16.0.1\/svg\/26a0.svg","contentUrl":"https:\/\/s.w.org\/images\/core\/emoji\/16.0.1\/svg\/26a0.svg"},{"@type":"BreadcrumbList","@id":"https:\/\/www.capitalidea.org\/application-step-by-step\/#breadcrumb","itemListElement":[{"@type":"ListItem","position":1,"name":"Home","item":"https:\/\/www.capitalidea.org\/"},{"@type":"ListItem","position":2,"name":"How to Apply (detailed instructions)"}]},{"@type":"WebSite","@id":"https:\/\/www.capitalidea.org\/#website","url":"https:\/\/www.capitalidea.org\/","name":"Capital IDEA","description":"","publisher":{"@id":"https:\/\/www.capitalidea.org\/#organization"},"potentialAction":[{"@type":"SearchAction","target":{"@type":"EntryPoint","urlTemplate":"https:\/\/www.capitalidea.org\/?s={search_term_string}"},"query-input":{"@type":"PropertyValueSpecification","valueRequired":true,"valueName":"search_term_string"}}],"inLanguage":"fr-FR"},{"@type":"Organization","@id":"https:\/\/www.capitalidea.org\/#organization","name":"Capital IDEA","url":"https:\/\/www.capitalidea.org\/","logo":{"@type":"ImageObject","inLanguage":"fr-FR","@id":"https:\/\/www.capitalidea.org\/#\/schema\/logo\/image\/","url":"https:\/\/www.capitalidea.org\/wp-content\/uploads\/2025\/06\/logo-mark.svg","contentUrl":"https:\/\/www.capitalidea.org\/wp-content\/uploads\/2025\/06\/logo-mark.svg","width":1,"height":1,"caption":"Capital IDEA"},"image":{"@id":"https:\/\/www.capitalidea.org\/#\/schema\/logo\/image\/"},"sameAs":["https:\/\/www.facebook.com\/capitalidea.austin\/","https:\/\/www.instagram.com\/capital_idea_atx\/","https:\/\/www.linkedin.com\/company\/capital-idea_2","https:\/\/www.tiktok.com\/@capitalidea_atx"]}]}},"_links":{"self":[{"href":"https:\/\/www.capitalidea.org\/fr\/wp-json\/wp\/v2\/pages\/41837","targetHints":{"allow":["GET"]}}],"collection":[{"href":"https:\/\/www.capitalidea.org\/fr\/wp-json\/wp\/v2\/pages"}],"about":[{"href":"https:\/\/www.capitalidea.org\/fr\/wp-json\/wp\/v2\/types\/page"}],"author":[{"embeddable":true,"href":"https:\/\/www.capitalidea.org\/fr\/wp-json\/wp\/v2\/users\/19"}],"replies":[{"embeddable":true,"href":"https:\/\/www.capitalidea.org\/fr\/wp-json\/wp\/v2\/comments?post=41837"}],"version-history":[{"count":21,"href":"https:\/\/www.capitalidea.org\/fr\/wp-json\/wp\/v2\/pages\/41837\/revisions"}],"predecessor-version":[{"id":45372,"href":"https:\/\/www.capitalidea.org\/fr\/wp-json\/wp\/v2\/pages\/41837\/revisions\/45372"}],"wp:attachment":[{"href":"https:\/\/www.capitalidea.org\/fr\/wp-json\/wp\/v2\/media?parent=41837"}],"curies":[{"name":"wp","href":"https:\/\/api.w.org\/{rel}","templated":true}]}}