{"id":43893,"date":"2025-09-12T09:28:19","date_gmt":"2025-09-12T14:28:19","guid":{"rendered":"https:\/\/www.capitalidea.org\/?page_id=43893"},"modified":"2025-10-02T13:27:23","modified_gmt":"2025-10-02T18:27:23","slug":"salary-guide","status":"publish","type":"page","link":"https:\/\/www.capitalidea.org\/fr\/salary-guide\/","title":{"rendered":"Guide des salaires"},"content":{"rendered":"GUIDE GRATUIT\t\n<h1>\n\t\t\tD\u00e9couvrez des salaires comp\u00e9titifs pour des emplois tr\u00e8s demand\u00e9s dans le centre du Texas\t<\/h1>\n\t<p>L'\u00e9ducation ouvre la porte \u00e0 un avenir plus prometteur et \u00e0 de meilleures opportunit\u00e9s de carri\u00e8re. T\u00e9l\u00e9chargez notre guide gratuit d\u00e8s aujourd'hui pour d\u00e9couvrir les fourchettes de salaires en vigueur dans le Texas central.<\/p>\n\t\t\t<a href=\"#popmake-44099\" target=\"_self\">\n\t\t\t\t\t\t\tT\u00e9l\u00e9chargez votre guide de l'emploi dans le centre du Texas\n\t\t\t\t\t<\/a>\n\t\t\t\t<img decoding=\"async\" src=\"https:\/\/www.capitalidea.org\/wp-content\/uploads\/2025\/09\/e79647791683e771a20687a96de3cc34187870a6.webp\" alt=\"e79647791683e771a20687a96de3cc34187870a6\" itemprop=\"image\" height=\"2106\" width=\"1626\" title=\"e79647791683e771a20687a96de3cc34187870a6\" onerror=\"this.style.display='none'\" loading=\"lazy\" \/>\n<h2>\n\t\t\tAvec un dipl\u00f4me, les possibilit\u00e9s sont infinies.\t<\/h2>\n\t<p>Si vous \u00eates pr\u00eat \u00e0 faire progresser votre carri\u00e8re et \u00e0 gagner plus d'argent, nous pouvons vous aider \u00e0 y parvenir.<\/p>\n<p>Capital IDEA couvre le co\u00fbt de l'universit\u00e9 et fournit les conseils dont vous avez besoin pour rester sur la bonne voie, afin que vous puissiez vous construire un avenir plus solide tout en aidant \u00e0 pourvoir des emplois en demande, ici m\u00eame, dans le Texas central.<\/p>\n<h3>\n\t\t\tVous trouverez dans ce guide\t<\/h3>\n\t<ul>\n\t\t<li>\t\t\t\t\n\t\t<p>Des emplois en demande dans des secteurs en croissance<\/p><\/li><li>\t\t\t\t\n\t\t<p>Des fourchettes de salaires comp\u00e9titives pour les postes \u00e0 pourvoir<\/p><\/li><li>\t\t\t\t\n\t\t<p>T\u00e9moignages d'\u00e9tudiants qui ont transform\u00e9 leur carri\u00e8re et leur vie quotidienne<\/p><\/li><li>\t\t\t\t\n\t\t<p>Guide \u00e9tape par \u00e9tape pour faire une demande d'inscription gratuite \u00e0 l'universit\u00e9 (100%)<\/p><\/li>\t<\/ul>\n\t\t\t<a href=\"#popmake-44099\" target=\"_self\">\n\t\t\t\t\t\t\tT\u00e9l\u00e9chargez votre exemplaire maintenant\n\t\t\t\t\t<\/a>\n\t\t\t\t<img decoding=\"async\" src=\"https:\/\/www.capitalidea.org\/wp-content\/uploads\/2025\/06\/logo-mark.svg\" alt=\"logo-mark\" itemprop=\"image\" height=\"100\" width=\"106\" title=\"logo-marque\" onerror=\"this.style.display='none'\" loading=\"lazy\" \/>\n\n\t\t\tUn adulte c\u00e9libataire qui travaille a besoin d'un revenu annuel de $55 212 pour maintenir un niveau de vie ad\u00e9quat dans le comt\u00e9 de Travis. <br \/>Augmentez votre salaire.\t\n\t<p>Source : Economic Policy Institute : Economic Policy Institute, FY 2024 Community Impact Report (rapport sur l'impact communautaire pour l'exercice 2024)<\/p>\n\t\t\t<a href=\"#\" target=\"_self\">\n\t\t\t\t\t\t\tExplorer les salaires\n\t\t\t\t\t<\/a>\n\n\t\t\tLe Texas central a besoin de 10 000 nouveaux travailleurs qualifi\u00e9s par an, mais les programmes de formation n'en dipl\u00f4ment que 6 000. <br \/>Faites progresser votre carri\u00e8re.\t\n\t<p>Source : Workforce Solutions Capital Area Board Plan Workforce Solutions Capital Area Board Plan<\/p>\n\t\t\t<a href=\"#\" target=\"_self\">\n\t\t\t\t\t\t\tExplorer les m\u00e9tiers aujourd'hui\n\t\t\t\t\t<\/a>\n\n\t\t\tD'ici 2036, le Texas devrait \u00eatre confront\u00e9 \u00e0 une p\u00e9nurie de 56 370 \u00e9quivalents temps plein d'infirmi\u00e8res dipl\u00f4m\u00e9es. <br \/>Combler les lacunes.\t\n\t<p>Source : Groupe de travail sur la p\u00e9nurie de main-d'\u0153uvre du THECB Groupe de travail sur la p\u00e9nurie de main-d'\u0153uvre du THECB<\/p>\n\t\t\t<a href=\"#\" target=\"_self\">\n\t\t\t\t\t\t\tD\u00e9couvrez les salaires des infirmi\u00e8res aujourd'hui\n\t\t\t\t\t<\/a>\n\t\t\t\t<img width=\"400\" height=\"400\" src=\"https:\/\/www.capitalidea.org\/wp-content\/uploads\/2025\/07\/Aida-Nacro-1.png\" alt=\"\" decoding=\"async\" loading=\"lazy\" srcset=\"https:\/\/www.capitalidea.org\/wp-content\/uploads\/2025\/07\/Aida-Nacro-1.png 400w, https:\/\/www.capitalidea.org\/wp-content\/uploads\/2025\/07\/Aida-Nacro-1-300x300.png 300w, https:\/\/www.capitalidea.org\/wp-content\/uploads\/2025\/07\/Aida-Nacro-1-150x150.png 150w, https:\/\/www.capitalidea.org\/wp-content\/uploads\/2025\/07\/Aida-Nacro-1-12x12.png 12w\" sizes=\"auto, (max-width: 400px) 100vw, 400px\" \/>\t\t\t\n\t\t\t\t<p>\u201c Je n'arrivais pas \u00e0 croire que Capital IDEA allait prendre en charge mes frais de scolarit\u00e9, mes frais divers, mes livres et une partie de mes frais de garde d'enfants. <strong>C'\u00e9tait le soutien dont j'avais besoin pour enfin me lancer dans la carri\u00e8re dont j'avais toujours r\u00eav\u00e9.<\/strong>. Aujourd'hui, je travaille pour le comt\u00e9 de Travis et j'adore mon domaine. \u201d<\/p>\n\t\t\t\t\t\t\t\t\t\t\t\t\tAida Nacro\n\t\t\t\t\t\t\t\t\t\t\t\t\t\t\t\t\t\t\tAdministratrice de r\u00e9seau, dipl\u00f4m\u00e9e en 2016\n\t\t\t\t\t\t\t <!-- .louder_testimonial -->\n\t<h2>\n\t\t\tFaites le premier pas vers vos objectifs de carri\u00e8re.\t<\/h2>\n\t\t\t\t<img decoding=\"async\" src=\"https:\/\/www.capitalidea.org\/wp-content\/uploads\/2025\/07\/100-Tuition-Covered.png\" alt=\"100% Tuition Covered\" itemprop=\"image\" height=\"180\" width=\"180\" title=\"100% Frais de scolarit\u00e9 couverts\" onerror=\"this.style.display='none'\" loading=\"lazy\" \/>\n<h3>\n\t\t\tCommencez votre carri\u00e8re sans vous soucier des frais de scolarit\u00e9 ou des pr\u00eats \u00e9tudiants.\t<\/h3>\n\t\t\t\t<img decoding=\"async\" src=\"https:\/\/www.capitalidea.org\/wp-content\/uploads\/2025\/07\/Students-Supported.png\" alt=\"Students Supported\" itemprop=\"image\" height=\"180\" width=\"180\" title=\"\u00c9tudiants soutenus\" onerror=\"this.style.display='none'\" loading=\"lazy\" \/>\n<h3>\n\t\t\tObtenez un dipl\u00f4me qui m\u00e8ne directement \u00e0 une carri\u00e8re bien r\u00e9mun\u00e9r\u00e9e dans le centre du Texas.\t<\/h3>\n\t\t\t\t<img decoding=\"async\" src=\"https:\/\/www.capitalidea.org\/wp-content\/uploads\/2025\/07\/Career-Planning-and-Job-Placement.png\" alt=\"Career Planning and Job Placement\" itemprop=\"image\" height=\"180\" width=\"180\" title=\"Planification de carri\u00e8re et placement\" onerror=\"this.style.display='none'\" loading=\"lazy\" \/>\n<h3>\n\t\t\tCommencez votre carri\u00e8re sans vous soucier des frais de scolarit\u00e9 ou des pr\u00eats \u00e9tudiants.\t<\/h3>\n\t\t\t\t<img decoding=\"async\" src=\"https:\/\/www.capitalidea.org\/wp-content\/uploads\/2025\/07\/partner.png\" alt=\"partner\" itemprop=\"image\" height=\"180\" width=\"180\" title=\"partenaire\" onerror=\"this.style.display='none'\" loading=\"lazy\" \/>\n<h3>\n\t\t\tPassez de votre premier cours \u00e0 votre premier emploi en b\u00e9n\u00e9ficiant d'un soutien \u00e0 chaque \u00e9tape.\t<\/h3>\n\t\t\t\t<img decoding=\"async\" src=\"https:\/\/www.capitalidea.org\/wp-content\/uploads\/2025\/09\/salary-guide-lp-2.webp\" alt=\"salary-guide-lp-2\" itemprop=\"image\" height=\"1374\" width=\"1508\" title=\"guide-salaire-lp-2\" onerror=\"this.style.display='none'\" loading=\"lazy\" \/>\n<h2>\n\t\t\tVotre avenir commence maintenant.\t<\/h2>\n\t<p>Chaque ann\u00e9e que vous attendez pour retourner \u00e0 l'\u00e9cole est une ann\u00e9e qui pourrait vous permettre d'avancer dans votre carri\u00e8re et de gagner plus d'argent. Trouvez l'emploi de vos r\u00eaves d\u00e8s aujourd'hui.<\/p>\n\t\t\t<a href=\"#popmake-44099\" target=\"_self\">\n\t\t\t\t\t\t\tT\u00e9l\u00e9charger votre guide\n\t\t\t\t\t<\/a>","protected":false},"excerpt":{"rendered":"<p>GUIDE GRATUIT D\u00e9couvrez les salaires comp\u00e9titifs pour les emplois les plus demand\u00e9s dans le centre du Texas L'\u00e9ducation ouvre la voie \u00e0 un avenir plus prometteur et \u00e0 de meilleures opportunit\u00e9s de carri\u00e8re. T\u00e9l\u00e9chargez notre guide gratuit d\u00e8s aujourd'hui pour explorer...<\/p>","protected":false},"author":7,"featured_media":0,"parent":0,"menu_order":0,"comment_status":"closed","ping_status":"closed","template":"","meta":{"_acf_changed":false,"_price":"","_stock":"","_tribe_ticket_header":"","_tribe_default_ticket_provider":"","_tribe_ticket_capacity":"0","_ticket_start_date":"","_ticket_end_date":"","_tribe_ticket_show_description":"","_tribe_ticket_show_not_going":false,"_tribe_ticket_use_global_stock":"","_tribe_ticket_global_stock_level":"","_global_stock_mode":"","_global_stock_cap":"","_tribe_rsvp_for_event":"","_tribe_ticket_going_count":"","_tribe_ticket_not_going_count":"","_tribe_tickets_list":"[]","_tribe_ticket_has_attendee_info_fields":false,"footnotes":""},"class_list":["post-43893","page","type-page","status-publish","hentry"],"acf":[],"yoast_head":"<!-- This site is optimized with the Yoast SEO Premium plugin v27.3 (Yoast SEO v27.3) - https:\/\/yoast.com\/product\/yoast-seo-premium-wordpress\/ -->\n<title>Salary Guide | Capital IDEA<\/title>\n<meta name=\"robots\" content=\"index, follow, max-snippet:-1, max-image-preview:large, max-video-preview:-1\" \/>\n<link rel=\"canonical\" href=\"https:\/\/www.capitalidea.org\/fr\/salary-guide\/\" \/>\n<meta property=\"og:locale\" content=\"fr_FR\" \/>\n<meta property=\"og:type\" content=\"article\" \/>\n<meta property=\"og:title\" content=\"Salary Guide\" \/>\n<meta property=\"og:description\" content=\"FREE GUIDE Explore Competitive Salaries for In-Demand Jobs in Central Texas Education opens the door to a brighter future and better career opportunities. Download our free guide today to explore&hellip;\" \/>\n<meta property=\"og:url\" content=\"https:\/\/www.capitalidea.org\/fr\/salary-guide\/\" \/>\n<meta property=\"og:site_name\" content=\"Capital IDEA\" \/>\n<meta property=\"article:publisher\" content=\"https:\/\/www.facebook.com\/capitalidea.austin\/\" \/>\n<meta property=\"article:modified_time\" content=\"2025-10-02T18:27:23+00:00\" \/>\n<meta property=\"og:image\" content=\"https:\/\/www.capitalidea.org\/wp-content\/uploads\/2025\/09\/e79647791683e771a20687a96de3cc34187870a6.webp\" \/>\n<meta name=\"twitter:card\" content=\"summary_large_image\" \/>\n<meta name=\"twitter:label1\" content=\"Dur\u00e9e de lecture estim\u00e9e\" \/>\n\t<meta name=\"twitter:data1\" content=\"4 minutes\" \/>\n<script type=\"application\/ld+json\" class=\"yoast-schema-graph\">{\"@context\":\"https:\\\/\\\/schema.org\",\"@graph\":[{\"@type\":\"WebPage\",\"@id\":\"https:\\\/\\\/www.capitalidea.org\\\/salary-guide\\\/\",\"url\":\"https:\\\/\\\/www.capitalidea.org\\\/salary-guide\\\/\",\"name\":\"Salary Guide | Capital IDEA\",\"isPartOf\":{\"@id\":\"https:\\\/\\\/www.capitalidea.org\\\/#website\"},\"primaryImageOfPage\":{\"@id\":\"https:\\\/\\\/www.capitalidea.org\\\/salary-guide\\\/#primaryimage\"},\"image\":{\"@id\":\"https:\\\/\\\/www.capitalidea.org\\\/salary-guide\\\/#primaryimage\"},\"thumbnailUrl\":\"https:\\\/\\\/www.capitalidea.org\\\/wp-content\\\/uploads\\\/2025\\\/09\\\/e79647791683e771a20687a96de3cc34187870a6.webp\",\"datePublished\":\"2025-09-12T14:28:19+00:00\",\"dateModified\":\"2025-10-02T18:27:23+00:00\",\"breadcrumb\":{\"@id\":\"https:\\\/\\\/www.capitalidea.org\\\/salary-guide\\\/#breadcrumb\"},\"inLanguage\":\"fr-FR\",\"potentialAction\":[{\"@type\":\"ReadAction\",\"target\":[\"https:\\\/\\\/www.capitalidea.org\\\/salary-guide\\\/\"]}]},{\"@type\":\"ImageObject\",\"inLanguage\":\"fr-FR\",\"@id\":\"https:\\\/\\\/www.capitalidea.org\\\/salary-guide\\\/#primaryimage\",\"url\":\"https:\\\/\\\/www.capitalidea.org\\\/wp-content\\\/uploads\\\/2025\\\/09\\\/e79647791683e771a20687a96de3cc34187870a6.webp\",\"contentUrl\":\"https:\\\/\\\/www.capitalidea.org\\\/wp-content\\\/uploads\\\/2025\\\/09\\\/e79647791683e771a20687a96de3cc34187870a6.webp\"},{\"@type\":\"BreadcrumbList\",\"@id\":\"https:\\\/\\\/www.capitalidea.org\\\/salary-guide\\\/#breadcrumb\",\"itemListElement\":[{\"@type\":\"ListItem\",\"position\":1,\"name\":\"Home\",\"item\":\"https:\\\/\\\/www.capitalidea.org\\\/\"},{\"@type\":\"ListItem\",\"position\":2,\"name\":\"Salary Guide\"}]},{\"@type\":\"WebSite\",\"@id\":\"https:\\\/\\\/www.capitalidea.org\\\/#website\",\"url\":\"https:\\\/\\\/www.capitalidea.org\\\/\",\"name\":\"Capital IDEA\",\"description\":\"\",\"publisher\":{\"@id\":\"https:\\\/\\\/www.capitalidea.org\\\/#organization\"},\"potentialAction\":[{\"@type\":\"SearchAction\",\"target\":{\"@type\":\"EntryPoint\",\"urlTemplate\":\"https:\\\/\\\/www.capitalidea.org\\\/?s={search_term_string}\"},\"query-input\":{\"@type\":\"PropertyValueSpecification\",\"valueRequired\":true,\"valueName\":\"search_term_string\"}}],\"inLanguage\":\"fr-FR\"},{\"@type\":\"Organization\",\"@id\":\"https:\\\/\\\/www.capitalidea.org\\\/#organization\",\"name\":\"Capital IDEA\",\"url\":\"https:\\\/\\\/www.capitalidea.org\\\/\",\"logo\":{\"@type\":\"ImageObject\",\"inLanguage\":\"fr-FR\",\"@id\":\"https:\\\/\\\/www.capitalidea.org\\\/#\\\/schema\\\/logo\\\/image\\\/\",\"url\":\"https:\\\/\\\/www.capitalidea.org\\\/wp-content\\\/uploads\\\/2025\\\/06\\\/logo-mark.svg\",\"contentUrl\":\"https:\\\/\\\/www.capitalidea.org\\\/wp-content\\\/uploads\\\/2025\\\/06\\\/logo-mark.svg\",\"width\":1,\"height\":1,\"caption\":\"Capital IDEA\"},\"image\":{\"@id\":\"https:\\\/\\\/www.capitalidea.org\\\/#\\\/schema\\\/logo\\\/image\\\/\"},\"sameAs\":[\"https:\\\/\\\/www.facebook.com\\\/capitalidea.austin\\\/\",\"https:\\\/\\\/www.instagram.com\\\/capital_idea_atx\\\/\",\"https:\\\/\\\/www.linkedin.com\\\/company\\\/capital-idea_2\",\"https:\\\/\\\/www.tiktok.com\\\/@capitalidea_atx\"]}]}<\/script>\n<!-- \/ Yoast SEO Premium plugin. -->","yoast_head_json":{"title":"Guide des salaires - Capital IDEA","robots":{"index":"index","follow":"follow","max-snippet":"max-snippet:-1","max-image-preview":"max-image-preview:large","max-video-preview":"max-video-preview:-1"},"canonical":"https:\/\/www.capitalidea.org\/fr\/salary-guide\/","og_locale":"fr_FR","og_type":"article","og_title":"Salary Guide","og_description":"FREE GUIDE Explore Competitive Salaries for In-Demand Jobs in Central Texas Education opens the door to a brighter future and better career opportunities. Download our free guide today to explore&hellip;","og_url":"https:\/\/www.capitalidea.org\/fr\/salary-guide\/","og_site_name":"Capital IDEA","article_publisher":"https:\/\/www.facebook.com\/capitalidea.austin\/","article_modified_time":"2025-10-02T18:27:23+00:00","og_image":[{"url":"https:\/\/www.capitalidea.org\/wp-content\/uploads\/2025\/09\/e79647791683e771a20687a96de3cc34187870a6.webp","type":"","width":"","height":""}],"twitter_card":"summary_large_image","twitter_misc":{"Dur\u00e9e de lecture estim\u00e9e":"4 minutes"},"schema":{"@context":"https:\/\/schema.org","@graph":[{"@type":"WebPage","@id":"https:\/\/www.capitalidea.org\/salary-guide\/","url":"https:\/\/www.capitalidea.org\/salary-guide\/","name":"Guide des salaires - Capital IDEA","isPartOf":{"@id":"https:\/\/www.capitalidea.org\/#website"},"primaryImageOfPage":{"@id":"https:\/\/www.capitalidea.org\/salary-guide\/#primaryimage"},"image":{"@id":"https:\/\/www.capitalidea.org\/salary-guide\/#primaryimage"},"thumbnailUrl":"https:\/\/www.capitalidea.org\/wp-content\/uploads\/2025\/09\/e79647791683e771a20687a96de3cc34187870a6.webp","datePublished":"2025-09-12T14:28:19+00:00","dateModified":"2025-10-02T18:27:23+00:00","breadcrumb":{"@id":"https:\/\/www.capitalidea.org\/salary-guide\/#breadcrumb"},"inLanguage":"fr-FR","potentialAction":[{"@type":"ReadAction","target":["https:\/\/www.capitalidea.org\/salary-guide\/"]}]},{"@type":"ImageObject","inLanguage":"fr-FR","@id":"https:\/\/www.capitalidea.org\/salary-guide\/#primaryimage","url":"https:\/\/www.capitalidea.org\/wp-content\/uploads\/2025\/09\/e79647791683e771a20687a96de3cc34187870a6.webp","contentUrl":"https:\/\/www.capitalidea.org\/wp-content\/uploads\/2025\/09\/e79647791683e771a20687a96de3cc34187870a6.webp"},{"@type":"BreadcrumbList","@id":"https:\/\/www.capitalidea.org\/salary-guide\/#breadcrumb","itemListElement":[{"@type":"ListItem","position":1,"name":"Home","item":"https:\/\/www.capitalidea.org\/"},{"@type":"ListItem","position":2,"name":"Salary Guide"}]},{"@type":"WebSite","@id":"https:\/\/www.capitalidea.org\/#website","url":"https:\/\/www.capitalidea.org\/","name":"Capital IDEA","description":"","publisher":{"@id":"https:\/\/www.capitalidea.org\/#organization"},"potentialAction":[{"@type":"SearchAction","target":{"@type":"EntryPoint","urlTemplate":"https:\/\/www.capitalidea.org\/?s={search_term_string}"},"query-input":{"@type":"PropertyValueSpecification","valueRequired":true,"valueName":"search_term_string"}}],"inLanguage":"fr-FR"},{"@type":"Organization","@id":"https:\/\/www.capitalidea.org\/#organization","name":"Capital IDEA","url":"https:\/\/www.capitalidea.org\/","logo":{"@type":"ImageObject","inLanguage":"fr-FR","@id":"https:\/\/www.capitalidea.org\/#\/schema\/logo\/image\/","url":"https:\/\/www.capitalidea.org\/wp-content\/uploads\/2025\/06\/logo-mark.svg","contentUrl":"https:\/\/www.capitalidea.org\/wp-content\/uploads\/2025\/06\/logo-mark.svg","width":1,"height":1,"caption":"Capital IDEA"},"image":{"@id":"https:\/\/www.capitalidea.org\/#\/schema\/logo\/image\/"},"sameAs":["https:\/\/www.facebook.com\/capitalidea.austin\/","https:\/\/www.instagram.com\/capital_idea_atx\/","https:\/\/www.linkedin.com\/company\/capital-idea_2","https:\/\/www.tiktok.com\/@capitalidea_atx"]}]}},"_links":{"self":[{"href":"https:\/\/www.capitalidea.org\/fr\/wp-json\/wp\/v2\/pages\/43893","targetHints":{"allow":["GET"]}}],"collection":[{"href":"https:\/\/www.capitalidea.org\/fr\/wp-json\/wp\/v2\/pages"}],"about":[{"href":"https:\/\/www.capitalidea.org\/fr\/wp-json\/wp\/v2\/types\/page"}],"author":[{"embeddable":true,"href":"https:\/\/www.capitalidea.org\/fr\/wp-json\/wp\/v2\/users\/7"}],"replies":[{"embeddable":true,"href":"https:\/\/www.capitalidea.org\/fr\/wp-json\/wp\/v2\/comments?post=43893"}],"version-history":[{"count":8,"href":"https:\/\/www.capitalidea.org\/fr\/wp-json\/wp\/v2\/pages\/43893\/revisions"}],"predecessor-version":[{"id":44233,"href":"https:\/\/www.capitalidea.org\/fr\/wp-json\/wp\/v2\/pages\/43893\/revisions\/44233"}],"wp:attachment":[{"href":"https:\/\/www.capitalidea.org\/fr\/wp-json\/wp\/v2\/media?parent=43893"}],"curies":[{"name":"wp","href":"https:\/\/api.w.org\/{rel}","templated":true}]}}