{"id":689,"date":"2023-03-03T10:09:16","date_gmt":"2023-03-03T15:09:16","guid":{"rendered":"http:\/\/framework.local.loud\/?page_id=689"},"modified":"2026-04-23T13:00:35","modified_gmt":"2026-04-23T18:00:35","slug":"about","status":"publish","type":"page","link":"https:\/\/www.capitalidea.org\/fr\/about\/","title":{"rendered":"A propos de"},"content":{"rendered":"Notre mission\t\n<h1>\n\t\t\tRenforcer l'autonomie des individus et r\u00e9pondre aux besoins en main-d'\u0153uvre du Texas central\t<\/h1>\n\t<p>Notre mission est de sortir les travailleurs adultes de la pauvret\u00e9 et de leur permettre d'acc\u00e9der \u00e0 des carri\u00e8res r\u00e9mun\u00e9ratrices gr\u00e2ce \u00e0 l'\u00e9ducation et \u00e0 l'avancement professionnel.<\/p>\n<figure itemscope itemtype=\"https:\/\/schema.org\/ImageObject\">\n\t\t\t\t<img decoding=\"async\" src=\"https:\/\/www.capitalidea.org\/wp-content\/uploads\/2025\/08\/about-5-1.jpg\" alt=\"about-5 (1)\" height=\"750\" width=\"950\" title=\"environ-5 (1)\" onerror=\"this.style.display='none'\" loading=\"lazy\" \/>\n\t<\/figure>\n<figure itemscope itemtype=\"https:\/\/schema.org\/ImageObject\">\n\t\t\t\t<img decoding=\"async\" src=\"https:\/\/www.capitalidea.org\/wp-content\/uploads\/2025\/06\/star.svg\" alt=\"star\" height=\"55\" width=\"57\" title=\"\u00e9toile\" onerror=\"this.style.display='none'\" loading=\"lazy\" \/>\n\t<\/figure>\n<h2>\n\t\t\tNotre vision pour un avenir radieux\t<\/h2>\n\t<p>Nous envisageons un Texas central prosp\u00e8re o\u00f9 les \u00e9tudiants non traditionnels ont la possibilit\u00e9 de s'instruire, d'acc\u00e9der \u00e0 une profession qualifi\u00e9e, de gagner un salaire d\u00e9cent et de r\u00e9aliser leur plein potentiel. Dans le m\u00eame temps, nous nous effor\u00e7ons de permettre \u00e0 nos principaux employeurs de rester, de se d\u00e9velopper et d'embaucher localement \u00e0 partir d'un vivier diversifi\u00e9 de travailleurs motiv\u00e9s et correctement form\u00e9s pour les meilleures carri\u00e8res d'aujourd'hui et de demain.<\/p>\n<h3>\n\t\t\tEnsemble, nous pouvons relever les d\u00e9fis en mati\u00e8re de main-d'\u0153uvre locale\t<\/h3>\n\t\t<!-- Comment to fix spacing issue\n\t-->\n\t\t0%La croissance de l'emploi dans le centre du Texas entre 2018 et 2023 est pr\u00e8s de 6 fois sup\u00e9rieure \u00e0 la moyenne nationale.\n\t<!-- Comment to fix spacing issue\n\t-->\t\n\t\t<!-- Comment to fix spacing issue\n\t-->\n\t\t$0\/hrLe montant qu'un adulte c\u00e9libataire doit d\u00e9sormais gagner pour maintenir un niveau de vie \u201cmodeste mais ad\u00e9quat\u201d. L'\u00e9tudiant moyen de Capital IDEA entrant dans le programme en gagnait plus pr\u00e8s de $11\/heure.\n\t<!-- Comment to fix spacing issue\n\t-->\t\n\t\t<!-- Comment to fix spacing issue\n\t-->\n\t\t0C'est la p\u00e9nurie d'infirmi\u00e8res dipl\u00f4m\u00e9es en \u00e9quivalent temps plein \u00e0 laquelle le Texas devrait \u00eatre confront\u00e9 d'ici 2036. Le centre du Texas devrait avoir l'un des besoins non satisfaits les plus importants de l'\u00c9tat.\n\t<!-- Comment to fix spacing issue\n\t-->\t\n\t\t<!-- Comment to fix spacing issue\n\t-->\n\t\t0Le nombre de nouveaux travailleurs qualifi\u00e9s dont le Texas central a besoin chaque ann\u00e9e, mais les programmes de formation n'en dipl\u00f4ment que 6 000.\n\t<!-- Comment to fix spacing issue\n\t-->\t\n<h2>\n\t\t\tNotre approche et notre mod\u00e8le \u00e9prouv\u00e9s\t<\/h2>\n\t\t\t\t<img decoding=\"async\" src=\"https:\/\/www.capitalidea.org\/wp-content\/uploads\/2025\/07\/From-Start-to-Hired.png\" alt=\"From Start to Hired\" title=\"Du d\u00e9but \u00e0 l&#039;embauche\" itemprop=\"image\"\/>\n\t\t\t<h3>Du d\u00e9but \u00e0 l'embauche<\/h3>\t\t\t\n\t\t\t\t<p>Nous guidons des adultes motiv\u00e9s et \u00e0 faibles revenus \u00e0 travers des cohortes de pr\u00e9paration \u00e0 l'universit\u00e9 et des cours pr\u00e9alables jusqu'au placement professionnel dans des domaines \u00e0 forte demande tels que les soins de sant\u00e9, les technologies de l'information et les m\u00e9tiers sp\u00e9cialis\u00e9s.<\/p>\n\t\t\t\t<img decoding=\"async\" src=\"https:\/\/www.capitalidea.org\/wp-content\/uploads\/2025\/07\/Receive-ongoing-support.png\" alt=\"Receive ongoing support\" title=\"B\u00e9n\u00e9ficier d&#039;un soutien continu\" itemprop=\"image\"\/>\n\t\t\t<h3>Un soutien \u00e0 chaque \u00e9tape<\/h3>\t\t\t\n\t\t\t\t<p>Notre mod\u00e8le de soutien global \u00e9limine les obstacles courants - tels que la prise en charge des frais de scolarit\u00e9, des livres et de la garde d'enfants, et l'acc\u00e8s \u00e0 des services d'orientation - afin que les \u00e9tudiants puissent rester sur la bonne voie et r\u00e9ussir.<\/p>\n\t\t\t\t<img decoding=\"async\" src=\"https:\/\/www.capitalidea.org\/wp-content\/uploads\/2025\/08\/Texas.png\" alt=\"Texas\" title=\"Texas\" itemprop=\"image\"\/>\n\t\t\t<h3>Enracin\u00e9s dans les besoins r\u00e9gionaux<\/h3>\t\t\t\n\t\t\t\t<p>Nous alignons nos offres de formation sur les besoins du Texas central, en veillant \u00e0 ce que nos dipl\u00f4m\u00e9s soient pr\u00eats \u00e0 r\u00e9pondre \u00e0 la demande de main-d'\u0153uvre locale.<\/p>\n\t\t\t\t<img decoding=\"async\" src=\"https:\/\/www.capitalidea.org\/wp-content\/uploads\/2025\/07\/partner.png\" alt=\"partner\" title=\"partenaire\" itemprop=\"image\"\/>\n\t\t\t<h3>Des partenaires communautaires au service de l'Union europ\u00e9enne<\/h3>\t\t\t\n\t\t\t\t<p>Depuis notre cr\u00e9ation jusqu'\u00e0 aujourd'hui, notre succ\u00e8s d\u00e9pend de partenariats solides - avec les employeurs, les bailleurs de fonds, les \u00e9tablissements d'enseignement sup\u00e9rieur et les organisations communautaires.<\/p>\n<figure itemscope itemtype=\"https:\/\/schema.org\/ImageObject\">\n\t\t\t\t<img decoding=\"async\" src=\"https:\/\/www.capitalidea.org\/wp-content\/uploads\/2025\/06\/logo-mark.svg\" alt=\"logo-mark\" height=\"100\" width=\"106\" title=\"logo-marque\" onerror=\"this.style.display='none'\" loading=\"lazy\" \/>\n\t<\/figure>\n<h2>\n\t\t\tDe grands r\u00e9sultats, de vrais rendements\t<\/h2>\n\t\t<!-- Comment to fix spacing issue\n\t-->\n\t\t0%ROI-pour chaque $1 investi dans Capital IDEA, nos dipl\u00f4m\u00e9s rendent pr\u00e8s de $7 \u00e0 la communaut\u00e9.\n\t<!-- Comment to fix spacing issue\n\t-->\t\n\t\t<!-- Comment to fix spacing issue\n\t-->\n\t\t0 an, l'investissement est rentabilis\u00e9. Ensuite, il produit des r\u00e9sultats durables pour nos dipl\u00f4m\u00e9s, leurs familles et la communaut\u00e9.\n\t<!-- Comment to fix spacing issue\n\t-->\t\n\t\t<!-- Comment to fix spacing issue\n\t-->\n\t\t$0Kin valeur \u00e9conomique \u00e0 long terme ajout\u00e9e par chaque dipl\u00f4m\u00e9 sur 20 ans. \n\t<!-- Comment to fix spacing issue\n\t-->\t\n\t\t<!-- Comment to fix spacing issue\n\t-->\n\t\t$0 de plus gagn\u00e9s chaque trimestre par les dipl\u00f4m\u00e9s de Capital IDEA que par leurs pairs qui n'ont pas suivi le programme.\n\t<!-- Comment to fix spacing issue\n\t-->\t\n\t<p>Source : Boswell, T., McCoy, D., Rodriguez, P. et Cumpton, G. B. (2023). Revisiting return on investment analysis of local workforce investments. Ray Marshall Center for the Study of Human Resources, LBJ School of Public Affairs, The University of Texas at Austin. Soumis \u00e0 Capital IDEA. <a href=\"https:\/\/www.capitalidea.org\/wp-content\/uploads\/2025\/08\/ROI-Brief-Ray-Marshall-2.jpg\">Lire la br\u00e8ve.<\/a><\/p>\n<figure itemscope itemtype=\"https:\/\/schema.org\/ImageObject\">\n\t\t\t\t<img decoding=\"async\" src=\"https:\/\/www.capitalidea.org\/wp-content\/uploads\/2025\/06\/star.svg\" alt=\"star\" height=\"55\" width=\"57\" title=\"\u00e9toile\" onerror=\"this.style.display='none'\" loading=\"lazy\" \/>\n\t<\/figure>\n\t\t\tNos valeurs\t\n<h2>\n\t\t\tAu sein de notre organisation, dans la vie de nos \u00e9l\u00e8ves et dans notre communaut\u00e9, nous visons \u00e0 :\t<\/h2>\n<h3>\n\t\t\tInspirer la transformation\t<\/h3>\n\t<p>Nous transformons des vies en incitant les gens \u00e0 r\u00e9aliser leur plein potentiel.<\/p>\n<h3>\n\t\t\tPrendre soin ensemble\t<\/h3>\n\t<p>Nous travaillons ensemble pour \u00e9tablir des relations bienveillantes.<\/p>\n<h3>\n\t\t\tCultiver l'innovation\t<\/h3>\n\t<p>Nous cultivons un esprit d'innovation et d'am\u00e9lioration continue.<\/p>\n                                                            <img decoding=\"async\" src=\"https:\/\/www.capitalidea.org\/wp-content\/uploads\/2025\/08\/Eva-2-1.jpg\" alt=\"\" \/>\n                                                            <img decoding=\"async\" src=\"https:\/\/www.capitalidea.org\/wp-content\/uploads\/2025\/08\/Amy-2-1.jpg\" alt=\"\" \/>\n                                                            <img decoding=\"async\" src=\"https:\/\/www.capitalidea.org\/wp-content\/uploads\/2025\/07\/William-Askew-Jr.png\" alt=\"\" \/>\n                                                            <img decoding=\"async\" src=\"https:\/\/www.capitalidea.org\/wp-content\/uploads\/2025\/08\/Kisha-1.jpg\" alt=\"\" \/>\n                                                            <img decoding=\"async\" src=\"https:\/\/www.capitalidea.org\/wp-content\/uploads\/2025\/07\/Palacios-Woods.jpg\" alt=\"\" \/>\n\t\t\tNOTRE \u00c9QUIPE DE DIRECTEURS\t\n<h2>\n\t\t\tRencontrez les leaders qui m\u00e8nent notre mission\t<\/h2>\n\t<p>Notre \u00e9quipe de direction apporte des d\u00e9cennies d'exp\u00e9rience, de c\u0153ur et de sagesse durement acquise au parcours de chaque \u00e9l\u00e8ve.<\/p>\n\t\t\t<a href=\"https:\/\/www.capitalidea.org\/fr\/about\/team\/\"  target=\"_self\">\n\t\t\t\t\t\t\tDirection et personnel\n\t\t\t\t\t<\/a>\n\t\t\tNOTRE CONSEIL D'ADMINISTRATION\t\n<h2>\n\t\t\tEnracin\u00e9e dans la communaut\u00e9, aliment\u00e9e par le partenariat\t<\/h2>\n\t<p>Depuis les premi\u00e8res actions de plaidoyer de Central Texas Interfaith jusqu'au soutien actuel des bailleurs de fonds, des employeurs et des alli\u00e9s locaux, notre travail a toujours \u00e9t\u00e9 fond\u00e9 sur le partenariat. Nombre de ces partenaires cl\u00e9s contribuent \u00e0 guider notre mission en tant que membres de notre conseil d'administration.<\/p>\n\t\t\t<a href=\"https:\/\/www.capitalidea.org\/fr\/about\/board\/\"  target=\"_self\">\n\t\t\t\t\t\t\tRencontrez notre conseil d'administration\n\t\t\t\t\t<\/a>\n<figure itemscope itemtype=\"https:\/\/schema.org\/ImageObject\">\n\t\t\t\t<img decoding=\"async\" src=\"https:\/\/www.capitalidea.org\/wp-content\/uploads\/2025\/08\/about-6-3-1.jpg\" alt=\"about-6 (3) (1)\" height=\"750\" width=\"950\" title=\"environ-6 (3) (1)\" onerror=\"this.style.display='none'\" loading=\"lazy\" \/>\n\t<\/figure>\n                                                            <img decoding=\"async\" src=\"https:\/\/www.capitalidea.org\/wp-content\/uploads\/2026\/04\/Annual-Report-2025-5-1-scaled.png\" alt=\"\" \/>\n                                                            <img decoding=\"async\" src=\"https:\/\/www.capitalidea.org\/wp-content\/uploads\/2026\/04\/Annual-Report-2025-3-1-scaled.png\" alt=\"\" \/>\n                                                            <img decoding=\"async\" src=\"https:\/\/www.capitalidea.org\/wp-content\/uploads\/2026\/04\/Annual-Report-2025-1-1-1.png\" alt=\"\" \/>\n\t\t\tMesurer le succ\u00e8s\t\n<h2>\n\t\t\tSuivi des progr\u00e8s, ann\u00e9e apr\u00e8s ann\u00e9e\t<\/h2>\n\t<p>Nos rapports annuels offrent une vision claire de nos progr\u00e8s, qu'il s'agisse de la croissance financi\u00e8re, des r\u00e9sultats des \u00e9l\u00e8ves ou des histoires qui montrent ce qu'il est possible de faire.<\/p>\n\t\t\t<a href=\"https:\/\/www.capitalidea.org\/fr\/about\/impact\/\"  target=\"_self\">\n\t\t\t\t\t\t\tImpact et finances\n\t\t\t\t\t<\/a>\n<figure data-animation-delay=\"0.2\" data-animation-duration=\"1\" itemscope itemtype=\"https:\/\/schema.org\/ImageObject\">\n\t\t\t\t<img decoding=\"async\" src=\"https:\/\/www.capitalidea.org\/wp-content\/uploads\/2025\/08\/about-10-1.jpg\" alt=\"about-10 (1)\" height=\"400\" width=\"600\" title=\"environ-10 (1)\" onerror=\"this.style.display='none'\" loading=\"lazy\" \/>\n\t<\/figure>\n<figure data-animation-delay=\"0\" data-animation-duration=\"1\" itemscope itemtype=\"https:\/\/schema.org\/ImageObject\">\n\t\t\t\t<img decoding=\"async\" src=\"https:\/\/www.capitalidea.org\/wp-content\/uploads\/2025\/08\/about-8-1.jpg\" alt=\"about-8 (1)\" height=\"400\" width=\"600\" title=\"environ-8 (1)\" onerror=\"this.style.display='none'\" loading=\"lazy\" \/>\n\t<\/figure>\n<figure data-animation-delay=\"0.4\" data-animation-duration=\"1\" itemscope itemtype=\"https:\/\/schema.org\/ImageObject\">\n\t\t\t\t<img decoding=\"async\" src=\"https:\/\/www.capitalidea.org\/wp-content\/uploads\/2025\/08\/about-7-1.jpg\" alt=\"about-7 (1)\" height=\"400\" width=\"600\" title=\"environ-7 (1)\" onerror=\"this.style.display='none'\" loading=\"lazy\" \/>\n\t<\/figure>\n\t\t\tNotre histoire\t\n<h2>\n\t\t\tL'histoire derri\u00e8re la mission\t<\/h2>\n\t<p>Capital IDEA a \u00e9t\u00e9 fond\u00e9e en 1998 par <a href=\"https:\/\/www.centraltexasinterfaith.org\/\">Central Texas Interfaith<\/a> et des chefs d'entreprise locaux en r\u00e9ponse \u00e0 l'in\u00e9galit\u00e9 \u00e9conomique croissante et \u00e0 l'\u00e9cart de main-d'\u0153uvre qui se creuse dans notre r\u00e9gion. Leur vision commune et leur leadership local ont permis d'obtenir les investissements qui ont lanc\u00e9 notre mission : sortir les adultes du Texas central de la pauvret\u00e9 et leur permettre d'acc\u00e9der \u00e0 des carri\u00e8res r\u00e9mun\u00e9ratrices gr\u00e2ce \u00e0 l'\u00e9ducation.<\/p>\n\t<p>Gr\u00e2ce \u00e0 leur soutien et \u00e0 leur leadership depuis pr\u00e8s de 30 ans, notre impact ne cesse de cro\u00eetre. Aujourd'hui, gr\u00e2ce \u00e0 un solide r\u00e9seau de partenaires tels que la ville d'Austin, le comt\u00e9 de Travis, des agences locales et \u00e9tatiques et des soutiens philanthropiques, Capital IDEA a aid\u00e9 des milliers de personnes \u00e0 lancer de nouvelles carri\u00e8res, \u00e0 renforcer leur famille et \u00e0 contribuer \u00e0 l'essor du Texas central.<\/p>\n<h2>\n\t\t\tUn soutien public et un engagement local\t<\/h2>\n\t<p>Rejoignez le r\u00e9seau grandissant de sympathisants qui favorisent les changements \u00e0 long terme. Lorsque vous investissez dans les adultes qui travaillent, vous les aidez \u00e0 construire un avenir s\u00fbr, \u00e0 soutenir leur famille et \u00e0 renforcer la main-d'\u0153uvre dont d\u00e9pend notre r\u00e9gion.<\/p>\n<figure itemscope itemtype=\"https:\/\/schema.org\/ImageObject\">\n\t\t\t\t<img decoding=\"async\" src=\"https:\/\/www.capitalidea.org\/wp-content\/uploads\/2025\/07\/Give.png\" alt=\"Give\" height=\"180\" width=\"180\" title=\"Donner\" onerror=\"this.style.display='none'\" loading=\"lazy\" \/>\n\t<\/figure>\n<h3>\n\t\t\tDonner\t<\/h3>\n\t<p>Votre don aide les habitants de Central Texans \u00e0 obtenir l'\u00e9ducation et le soutien dont ils ont besoin pour changer de carri\u00e8re, cr\u00e9ant ainsi un impact durable sur les familles et notre communaut\u00e9 au sens large.<\/p>\n\t\t\t<a href=\"https:\/\/www.capitalidea.org\/fr\/dontate\/\"  target=\"_self\">\n\t\t\t\t\t\t\tDonner maintenant\n\t\t\t\t\t<\/a>\n<figure itemscope itemtype=\"https:\/\/schema.org\/ImageObject\">\n\t\t\t\t<img decoding=\"async\" src=\"https:\/\/www.capitalidea.org\/wp-content\/uploads\/2025\/07\/partner.png\" alt=\"partner\" height=\"180\" width=\"180\" title=\"partenaire\" onerror=\"this.style.display='none'\" loading=\"lazy\" \/>\n\t<\/figure>\n<h3>\n\t\t\tPartenaire avec nous\t<\/h3>\n\t<p>Travaillez \u00e0 nos c\u00f4t\u00e9s pour r\u00e9pondre aux besoins en main-d'\u0153uvre du Texas central. Ensemble, nous pouvons d\u00e9velopper des comp\u00e9tences fondamentales pour des carri\u00e8res essentielles et recherch\u00e9es qui permettent \u00e0 notre r\u00e9gion de rester forte et prosp\u00e8re.<\/p>\n\t\t\t<a href=\"https:\/\/www.capitalidea.org\/fr\/become-a-partner\/\"  target=\"_self\">\n\t\t\t\t\t\t\tPartenaire avec nous\n\t\t\t\t\t<\/a>","protected":false},"excerpt":{"rendered":"<p>Notre mission Autonomiser les individus et r\u00e9pondre aux besoins en main-d'\u0153uvre du Texas central Notre mission est de sortir les travailleurs adultes de la pauvret\u00e9 et de leur permettre d'acc\u00e9der \u00e0 des carri\u00e8res r\u00e9mun\u00e9ratrices gr\u00e2ce \u00e0 l'\u00e9ducation et \u00e0 la...<\/p>","protected":false},"author":7,"featured_media":0,"parent":0,"menu_order":0,"comment_status":"closed","ping_status":"closed","template":"","meta":{"_acf_changed":false,"_price":"","_stock":"","_tribe_ticket_header":"","_tribe_default_ticket_provider":"","_tribe_ticket_capacity":"0","_ticket_start_date":"","_ticket_end_date":"","_tribe_ticket_show_description":"","_tribe_ticket_show_not_going":false,"_tribe_ticket_use_global_stock":"","_tribe_ticket_global_stock_level":"","_global_stock_mode":"","_global_stock_cap":"","_tribe_rsvp_for_event":"","_tribe_ticket_going_count":"","_tribe_ticket_not_going_count":"","_tribe_tickets_list":"[]","_tribe_ticket_has_attendee_info_fields":false,"footnotes":""},"class_list":["post-689","page","type-page","status-publish","hentry"],"acf":[],"yoast_head":"<!-- This site is optimized with the Yoast SEO Premium plugin v27.3 (Yoast SEO v27.3) - https:\/\/yoast.com\/product\/yoast-seo-premium-wordpress\/ -->\n<title>About Us - Capital IDEA, Connecting People to Their Future<\/title>\n<meta name=\"description\" content=\"Capital IDEA offers scholarships, financial aid, free education and college prep programs for low income, non-traditional students in Texas.\" \/>\n<meta name=\"robots\" content=\"index, follow, max-snippet:-1, max-image-preview:large, max-video-preview:-1\" \/>\n<link rel=\"canonical\" href=\"https:\/\/www.capitalidea.org\/fr\/about\/\" \/>\n<meta property=\"og:locale\" content=\"fr_FR\" \/>\n<meta property=\"og:type\" content=\"article\" \/>\n<meta property=\"og:title\" content=\"About\" \/>\n<meta property=\"og:description\" content=\"Capital IDEA offers scholarships, financial aid, free education and college prep programs for low income, non-traditional students in Texas.\" \/>\n<meta property=\"og:url\" content=\"https:\/\/www.capitalidea.org\/fr\/about\/\" \/>\n<meta property=\"og:site_name\" content=\"Capital IDEA\" \/>\n<meta property=\"article:publisher\" content=\"https:\/\/www.facebook.com\/capitalidea.austin\/\" \/>\n<meta property=\"article:modified_time\" content=\"2026-04-23T18:00:35+00:00\" \/>\n<meta property=\"og:image\" content=\"https:\/\/www.capitalidea.org\/wp-content\/uploads\/2025\/08\/about-5-1.jpg\" \/>\n<meta name=\"twitter:card\" content=\"summary_large_image\" \/>\n<meta name=\"twitter:label1\" content=\"Dur\u00e9e de lecture estim\u00e9e\" \/>\n\t<meta name=\"twitter:data1\" content=\"7 minutes\" \/>\n<script type=\"application\/ld+json\" class=\"yoast-schema-graph\">{\"@context\":\"https:\\\/\\\/schema.org\",\"@graph\":[{\"@type\":\"WebPage\",\"@id\":\"https:\\\/\\\/www.capitalidea.org\\\/about\\\/\",\"url\":\"https:\\\/\\\/www.capitalidea.org\\\/about\\\/\",\"name\":\"About Us - Capital IDEA, Connecting People to Their Future\",\"isPartOf\":{\"@id\":\"https:\\\/\\\/www.capitalidea.org\\\/#website\"},\"primaryImageOfPage\":{\"@id\":\"https:\\\/\\\/www.capitalidea.org\\\/about\\\/#primaryimage\"},\"image\":{\"@id\":\"https:\\\/\\\/www.capitalidea.org\\\/about\\\/#primaryimage\"},\"thumbnailUrl\":\"https:\\\/\\\/www.capitalidea.org\\\/wp-content\\\/uploads\\\/2025\\\/08\\\/about-5-1.jpg\",\"datePublished\":\"2023-03-03T15:09:16+00:00\",\"dateModified\":\"2026-04-23T18:00:35+00:00\",\"description\":\"Capital IDEA offers scholarships, financial aid, free education and college prep programs for low income, non-traditional students in Texas.\",\"breadcrumb\":{\"@id\":\"https:\\\/\\\/www.capitalidea.org\\\/about\\\/#breadcrumb\"},\"inLanguage\":\"fr-FR\",\"potentialAction\":[{\"@type\":\"ReadAction\",\"target\":[\"https:\\\/\\\/www.capitalidea.org\\\/about\\\/\"]}]},{\"@type\":\"ImageObject\",\"inLanguage\":\"fr-FR\",\"@id\":\"https:\\\/\\\/www.capitalidea.org\\\/about\\\/#primaryimage\",\"url\":\"https:\\\/\\\/www.capitalidea.org\\\/wp-content\\\/uploads\\\/2025\\\/08\\\/about-5-1.jpg\",\"contentUrl\":\"https:\\\/\\\/www.capitalidea.org\\\/wp-content\\\/uploads\\\/2025\\\/08\\\/about-5-1.jpg\"},{\"@type\":\"BreadcrumbList\",\"@id\":\"https:\\\/\\\/www.capitalidea.org\\\/about\\\/#breadcrumb\",\"itemListElement\":[{\"@type\":\"ListItem\",\"position\":1,\"name\":\"Home\",\"item\":\"https:\\\/\\\/www.capitalidea.org\\\/\"},{\"@type\":\"ListItem\",\"position\":2,\"name\":\"About\"}]},{\"@type\":\"WebSite\",\"@id\":\"https:\\\/\\\/www.capitalidea.org\\\/#website\",\"url\":\"https:\\\/\\\/www.capitalidea.org\\\/\",\"name\":\"Capital IDEA\",\"description\":\"\",\"publisher\":{\"@id\":\"https:\\\/\\\/www.capitalidea.org\\\/#organization\"},\"potentialAction\":[{\"@type\":\"SearchAction\",\"target\":{\"@type\":\"EntryPoint\",\"urlTemplate\":\"https:\\\/\\\/www.capitalidea.org\\\/?s={search_term_string}\"},\"query-input\":{\"@type\":\"PropertyValueSpecification\",\"valueRequired\":true,\"valueName\":\"search_term_string\"}}],\"inLanguage\":\"fr-FR\"},{\"@type\":\"Organization\",\"@id\":\"https:\\\/\\\/www.capitalidea.org\\\/#organization\",\"name\":\"Capital IDEA\",\"url\":\"https:\\\/\\\/www.capitalidea.org\\\/\",\"logo\":{\"@type\":\"ImageObject\",\"inLanguage\":\"fr-FR\",\"@id\":\"https:\\\/\\\/www.capitalidea.org\\\/#\\\/schema\\\/logo\\\/image\\\/\",\"url\":\"https:\\\/\\\/www.capitalidea.org\\\/wp-content\\\/uploads\\\/2025\\\/06\\\/logo-mark.svg\",\"contentUrl\":\"https:\\\/\\\/www.capitalidea.org\\\/wp-content\\\/uploads\\\/2025\\\/06\\\/logo-mark.svg\",\"width\":1,\"height\":1,\"caption\":\"Capital IDEA\"},\"image\":{\"@id\":\"https:\\\/\\\/www.capitalidea.org\\\/#\\\/schema\\\/logo\\\/image\\\/\"},\"sameAs\":[\"https:\\\/\\\/www.facebook.com\\\/capitalidea.austin\\\/\",\"https:\\\/\\\/www.instagram.com\\\/capital_idea_atx\\\/\",\"https:\\\/\\\/www.linkedin.com\\\/company\\\/capital-idea_2\",\"https:\\\/\\\/www.tiktok.com\\\/@capitalidea_atx\"]}]}<\/script>\n<!-- \/ Yoast SEO Premium plugin. -->","yoast_head_json":{"title":"\u00c0 propos de nous - Capital IDEA, Connecter les gens \u00e0 leur avenir","description":"Capital IDEA offre des bourses d'\u00e9tudes, des aides financi\u00e8res, une \u00e9ducation gratuite et des programmes de pr\u00e9paration \u00e0 l'universit\u00e9 pour les \u00e9tudiants \u00e0 faibles revenus et non traditionnels du Texas.","robots":{"index":"index","follow":"follow","max-snippet":"max-snippet:-1","max-image-preview":"max-image-preview:large","max-video-preview":"max-video-preview:-1"},"canonical":"https:\/\/www.capitalidea.org\/fr\/about\/","og_locale":"fr_FR","og_type":"article","og_title":"About","og_description":"Capital IDEA offers scholarships, financial aid, free education and college prep programs for low income, non-traditional students in Texas.","og_url":"https:\/\/www.capitalidea.org\/fr\/about\/","og_site_name":"Capital IDEA","article_publisher":"https:\/\/www.facebook.com\/capitalidea.austin\/","article_modified_time":"2026-04-23T18:00:35+00:00","og_image":[{"url":"https:\/\/www.capitalidea.org\/wp-content\/uploads\/2025\/08\/about-5-1.jpg","type":"","width":"","height":""}],"twitter_card":"summary_large_image","twitter_misc":{"Dur\u00e9e de lecture estim\u00e9e":"7 minutes"},"schema":{"@context":"https:\/\/schema.org","@graph":[{"@type":"WebPage","@id":"https:\/\/www.capitalidea.org\/about\/","url":"https:\/\/www.capitalidea.org\/about\/","name":"\u00c0 propos de nous - Capital IDEA, Connecter les gens \u00e0 leur avenir","isPartOf":{"@id":"https:\/\/www.capitalidea.org\/#website"},"primaryImageOfPage":{"@id":"https:\/\/www.capitalidea.org\/about\/#primaryimage"},"image":{"@id":"https:\/\/www.capitalidea.org\/about\/#primaryimage"},"thumbnailUrl":"https:\/\/www.capitalidea.org\/wp-content\/uploads\/2025\/08\/about-5-1.jpg","datePublished":"2023-03-03T15:09:16+00:00","dateModified":"2026-04-23T18:00:35+00:00","description":"Capital IDEA offre des bourses d'\u00e9tudes, des aides financi\u00e8res, une \u00e9ducation gratuite et des programmes de pr\u00e9paration \u00e0 l'universit\u00e9 pour les \u00e9tudiants \u00e0 faibles revenus et non traditionnels du Texas.","breadcrumb":{"@id":"https:\/\/www.capitalidea.org\/about\/#breadcrumb"},"inLanguage":"fr-FR","potentialAction":[{"@type":"ReadAction","target":["https:\/\/www.capitalidea.org\/about\/"]}]},{"@type":"ImageObject","inLanguage":"fr-FR","@id":"https:\/\/www.capitalidea.org\/about\/#primaryimage","url":"https:\/\/www.capitalidea.org\/wp-content\/uploads\/2025\/08\/about-5-1.jpg","contentUrl":"https:\/\/www.capitalidea.org\/wp-content\/uploads\/2025\/08\/about-5-1.jpg"},{"@type":"BreadcrumbList","@id":"https:\/\/www.capitalidea.org\/about\/#breadcrumb","itemListElement":[{"@type":"ListItem","position":1,"name":"Home","item":"https:\/\/www.capitalidea.org\/"},{"@type":"ListItem","position":2,"name":"About"}]},{"@type":"WebSite","@id":"https:\/\/www.capitalidea.org\/#website","url":"https:\/\/www.capitalidea.org\/","name":"Capital IDEA","description":"","publisher":{"@id":"https:\/\/www.capitalidea.org\/#organization"},"potentialAction":[{"@type":"SearchAction","target":{"@type":"EntryPoint","urlTemplate":"https:\/\/www.capitalidea.org\/?s={search_term_string}"},"query-input":{"@type":"PropertyValueSpecification","valueRequired":true,"valueName":"search_term_string"}}],"inLanguage":"fr-FR"},{"@type":"Organization","@id":"https:\/\/www.capitalidea.org\/#organization","name":"Capital IDEA","url":"https:\/\/www.capitalidea.org\/","logo":{"@type":"ImageObject","inLanguage":"fr-FR","@id":"https:\/\/www.capitalidea.org\/#\/schema\/logo\/image\/","url":"https:\/\/www.capitalidea.org\/wp-content\/uploads\/2025\/06\/logo-mark.svg","contentUrl":"https:\/\/www.capitalidea.org\/wp-content\/uploads\/2025\/06\/logo-mark.svg","width":1,"height":1,"caption":"Capital IDEA"},"image":{"@id":"https:\/\/www.capitalidea.org\/#\/schema\/logo\/image\/"},"sameAs":["https:\/\/www.facebook.com\/capitalidea.austin\/","https:\/\/www.instagram.com\/capital_idea_atx\/","https:\/\/www.linkedin.com\/company\/capital-idea_2","https:\/\/www.tiktok.com\/@capitalidea_atx"]}]}},"_links":{"self":[{"href":"https:\/\/www.capitalidea.org\/fr\/wp-json\/wp\/v2\/pages\/689","targetHints":{"allow":["GET"]}}],"collection":[{"href":"https:\/\/www.capitalidea.org\/fr\/wp-json\/wp\/v2\/pages"}],"about":[{"href":"https:\/\/www.capitalidea.org\/fr\/wp-json\/wp\/v2\/types\/page"}],"author":[{"embeddable":true,"href":"https:\/\/www.capitalidea.org\/fr\/wp-json\/wp\/v2\/users\/7"}],"replies":[{"embeddable":true,"href":"https:\/\/www.capitalidea.org\/fr\/wp-json\/wp\/v2\/comments?post=689"}],"version-history":[{"count":21,"href":"https:\/\/www.capitalidea.org\/fr\/wp-json\/wp\/v2\/pages\/689\/revisions"}],"predecessor-version":[{"id":45449,"href":"https:\/\/www.capitalidea.org\/fr\/wp-json\/wp\/v2\/pages\/689\/revisions\/45449"}],"wp:attachment":[{"href":"https:\/\/www.capitalidea.org\/fr\/wp-json\/wp\/v2\/media?parent=689"}],"curies":[{"name":"wp","href":"https:\/\/api.w.org\/{rel}","templated":true}]}}