{"id":691,"date":"2023-03-03T10:09:31","date_gmt":"2023-03-03T15:09:31","guid":{"rendered":"http:\/\/framework.local.loud\/?page_id=691"},"modified":"2026-03-11T09:31:02","modified_gmt":"2026-03-11T14:31:02","slug":"privacy-policy","status":"publish","type":"page","link":"https:\/\/www.capitalidea.org\/fr\/privacy-policy\/","title":{"rendered":"Politique de confidentialit\u00e9"},"content":{"rendered":"<figure itemscope itemtype=\"https:\/\/schema.org\/ImageObject\">\n\t\t\t\t<img decoding=\"async\" src=\"https:\/\/www.capitalidea.org\/wp-content\/uploads\/2025\/06\/star.svg\" alt=\"star\" height=\"55\" width=\"57\" title=\"\u00e9toile\" onerror=\"this.style.display='none'\" loading=\"lazy\" \/>\n\t<\/figure>\n<h1>\n\t\t\tPolitique de confidentialit\u00e9\t<\/h1>\n\t<p>Nous accordons de l'importance \u00e0 votre vie priv\u00e9e. Capital IDEA ne recueille que les informations n\u00e9cessaires \u00e0 la fourniture de services, \u00e0 l'am\u00e9lioration de notre site, \u00e0 la publicit\u00e9 de notre programme et \u00e0 la communication avec vous. Nous ne vendons jamais vos donn\u00e9es.<\/p>\n<p><strong>Date d'entr\u00e9e en vigueur : 2 mars 2026<\/strong><\/p>\n<p>Capital IDEA (\u201cnous\u201d, \u201cnotre\u201d ou \u201cnos\u201d) s'engage \u00e0 prot\u00e9ger votre vie priv\u00e9e. Nous ne recueillons que les informations n\u00e9cessaires \u00e0 la fourniture de services, \u00e0 l'am\u00e9lioration de notre site, \u00e0 la publicit\u00e9 de notre programme et \u00e0 la communication avec vous. Nous ne vendons jamais vos donn\u00e9es. Cette politique explique comment nous collectons, utilisons et partageons vos informations lorsque vous visitez notre site web ou interagissez avec nos services.<\/p>\n<p><strong>1. Les informations que nous collectons<\/strong><\/p>\n<p>Nous recueillons des informations personnelles et techniques de la mani\u00e8re suivante :<\/p>\n<p>Les informations que vous fournissez directement, y compris votre nom, votre adresse \u00e9lectronique, votre num\u00e9ro de t\u00e9l\u00e9phone et toute autre information communiqu\u00e9e lors de l'inscription \u00e0 un \u00e9v\u00e9nement, de l'inscription \u00e0 un bulletin d'information ou par le biais d'un formulaire de contact.<\/p>\n<p>Les informations collect\u00e9es automatiquement, telles que votre adresse IP, votre type de navigateur et vos donn\u00e9es d'utilisation, par le biais d'outils tels que Google Analytics et Facebook Pixel.<\/p>\n<p>Les informations provenant d'outils tiers, y compris les informations de paiement ou de programmation soumises par l'interm\u00e9diaire des plateformes que nous utilisons pour la collecte de fonds et le soutien de nos programmes.<\/p>\n<p><strong>2. Comment nous utilisons vos informations<\/strong><\/p>\n<p>Nous utilisons vos informations pour :<\/p>\n<ul>\n<li>Traiter les demandes, les inscriptions aux \u00e9v\u00e9nements et les dons<\/li>\n<li>Envoyer des bulletins d'information et des mises \u00e0 jour sur les programmes<\/li>\n<li>Comprendre l'utilisation du site et am\u00e9liorer notre contenu<\/li>\n<li>G\u00e9rer les dossiers des \u00e9tudiants et des donateurs<\/li>\n<li>Automatiser les transferts de donn\u00e9es entre les syst\u00e8mes si n\u00e9cessaire<\/li>\n<li>Faire de la publicit\u00e9 pour notre programme aupr\u00e8s des habitants du Texas central<\/li>\n<\/ul>\n<p><strong>3. Services de tiers<\/strong><\/p>\n<p>Nous pouvons partager vos informations avec des prestataires de services de confiance qui nous aident \u00e0 exploiter notre site web, \u00e0 g\u00e9rer la communication, \u00e0 traiter les inscriptions et les dons, \u00e0 analyser le trafic sur le site et \u00e0 faire de la publicit\u00e9 pour notre programme. Ces prestataires n'acc\u00e8dent aux donn\u00e9es que dans la mesure o\u00f9 cela est n\u00e9cessaire pour effectuer des t\u00e2ches sp\u00e9cifiques en notre nom et sont tenus de les prot\u00e9ger conform\u00e9ment aux lois sur la protection de la vie priv\u00e9e et \u00e0 leurs propres politiques de protection de la vie priv\u00e9e.<\/p>\n<p><strong>4. Cookies et tra\u00e7age<\/strong><\/p>\n<p>Notre site utilise des cookies et des technologies similaires pour analyser le trafic sur le site, m\u00e9moriser les pr\u00e9f\u00e9rences des utilisateurs et diffuser des publicit\u00e9s cibl\u00e9es.<\/p>\n<p>Vous pouvez contr\u00f4ler les param\u00e8tres des cookies par l'interm\u00e9diaire de votre navigateur. La d\u00e9sactivation des cookies peut avoir un impact sur votre exp\u00e9rience sur notre site.<\/p>\n<p><strong>5. Protection des donn\u00e9es<\/strong><\/p>\n<p>Bien qu'aucun syst\u00e8me ne soit totalement \u00e0 l'abri des risques, nous accordons la priorit\u00e9 \u00e0 la protection de vos donn\u00e9es. Nous utilisons des syst\u00e8mes et des pratiques s\u00e9curis\u00e9s pour prot\u00e9ger vos donn\u00e9es personnelles. Cela inclut des connexions crypt\u00e9es (SSL), des contr\u00f4les d'acc\u00e8s et la limitation des personnes autoris\u00e9es \u00e0 consulter ou \u00e0 g\u00e9rer vos informations.<\/p>\n<p><strong>6. Vos droits<\/strong><\/p>\n<p>Selon l'endroit o\u00f9 vous vous trouvez, vous pouvez avoir le droit d'acc\u00e9der \u00e0 vos informations personnelles, de demander leur correction ou leur suppression, de refuser les communications par courrier \u00e9lectronique ou de limiter certains types de traitement des donn\u00e9es.<\/p>\n<p><strong>7. Liens externes<\/strong><\/p>\n<p>Notre site web peut inclure des liens vers des sites web externes. Nous ne sommes pas responsables du contenu ou des pratiques de confidentialit\u00e9 de ces sites.<\/p>\n<p><strong>8. Mises \u00e0 jour des politiques<\/strong><\/p>\n<p>Nous pouvons mettre \u00e0 jour cette politique p\u00e9riodiquement. Les modifications seront publi\u00e9es sur cette page avec une date d'entr\u00e9e en vigueur r\u00e9vis\u00e9e.<\/p>\n<p><strong>Nous contacter<\/strong><\/p>\n<p>Si vous avez des questions sur cette politique ou si vous souhaitez mettre \u00e0 jour vos informations personnelles, vous pouvez nous contacter \u00e0 l'adresse suivante <a href=\"mailto:capitalidea@capitalidea.org\">capitalidea@capitalidea.org<\/a>.<\/p>","protected":false},"excerpt":{"rendered":"<p>Politique de confidentialit\u00e9 Nous accordons une grande importance \u00e0 la protection de votre vie priv\u00e9e. Capital IDEA ne recueille que les informations n\u00e9cessaires \u00e0 la fourniture de services, \u00e0 l'am\u00e9lioration de notre site, \u00e0 la publicit\u00e9 de notre programme et \u00e0 la communication avec vous. Nous ne vendons jamais vos...<\/p>","protected":false},"author":7,"featured_media":0,"parent":0,"menu_order":0,"comment_status":"closed","ping_status":"closed","template":"","meta":{"_acf_changed":false,"_price":"","_stock":"","_tribe_ticket_header":"","_tribe_default_ticket_provider":"","_tribe_ticket_capacity":"0","_ticket_start_date":"","_ticket_end_date":"","_tribe_ticket_show_description":"","_tribe_ticket_show_not_going":false,"_tribe_ticket_use_global_stock":"","_tribe_ticket_global_stock_level":"","_global_stock_mode":"","_global_stock_cap":"","_tribe_rsvp_for_event":"","_tribe_ticket_going_count":"","_tribe_ticket_not_going_count":"","_tribe_tickets_list":"[]","_tribe_ticket_has_attendee_info_fields":false,"footnotes":""},"class_list":["post-691","page","type-page","status-publish","hentry"],"acf":[],"yoast_head":"<!-- This site is optimized with the Yoast SEO Premium plugin v27.3 (Yoast SEO v27.3) - https:\/\/yoast.com\/product\/yoast-seo-premium-wordpress\/ -->\n<title>Privacy Policy | Capital IDEA<\/title>\n<meta name=\"robots\" content=\"index, follow, max-snippet:-1, max-image-preview:large, max-video-preview:-1\" \/>\n<link rel=\"canonical\" href=\"https:\/\/www.capitalidea.org\/fr\/privacy-policy\/\" \/>\n<meta property=\"og:locale\" content=\"fr_FR\" \/>\n<meta property=\"og:type\" content=\"article\" \/>\n<meta property=\"og:title\" content=\"Privacy Policy\" \/>\n<meta property=\"og:description\" content=\"Privacy Policy We value your privacy. Capital IDEA only collects the information needed to deliver services, improve our site, advertise our program, and communicate with you. We never sell your&hellip;\" \/>\n<meta property=\"og:url\" content=\"https:\/\/www.capitalidea.org\/fr\/privacy-policy\/\" \/>\n<meta property=\"og:site_name\" content=\"Capital IDEA\" \/>\n<meta property=\"article:publisher\" content=\"https:\/\/www.facebook.com\/capitalidea.austin\/\" \/>\n<meta property=\"article:modified_time\" content=\"2026-03-11T14:31:02+00:00\" \/>\n<meta property=\"og:image\" content=\"https:\/\/www.capitalidea.org\/wp-content\/uploads\/2025\/06\/star.svg\" \/>\n<meta name=\"twitter:card\" content=\"summary_large_image\" \/>\n<meta name=\"twitter:label1\" content=\"Dur\u00e9e de lecture estim\u00e9e\" \/>\n\t<meta name=\"twitter:data1\" content=\"3 minutes\" \/>\n<script type=\"application\/ld+json\" class=\"yoast-schema-graph\">{\"@context\":\"https:\\\/\\\/schema.org\",\"@graph\":[{\"@type\":\"WebPage\",\"@id\":\"https:\\\/\\\/www.capitalidea.org\\\/privacy-policy\\\/\",\"url\":\"https:\\\/\\\/www.capitalidea.org\\\/privacy-policy\\\/\",\"name\":\"Privacy Policy | Capital IDEA\",\"isPartOf\":{\"@id\":\"https:\\\/\\\/www.capitalidea.org\\\/#website\"},\"primaryImageOfPage\":{\"@id\":\"https:\\\/\\\/www.capitalidea.org\\\/privacy-policy\\\/#primaryimage\"},\"image\":{\"@id\":\"https:\\\/\\\/www.capitalidea.org\\\/privacy-policy\\\/#primaryimage\"},\"thumbnailUrl\":\"https:\\\/\\\/www.capitalidea.org\\\/wp-content\\\/uploads\\\/2025\\\/06\\\/star.svg\",\"datePublished\":\"2023-03-03T15:09:31+00:00\",\"dateModified\":\"2026-03-11T14:31:02+00:00\",\"breadcrumb\":{\"@id\":\"https:\\\/\\\/www.capitalidea.org\\\/privacy-policy\\\/#breadcrumb\"},\"inLanguage\":\"fr-FR\",\"potentialAction\":[{\"@type\":\"ReadAction\",\"target\":[\"https:\\\/\\\/www.capitalidea.org\\\/privacy-policy\\\/\"]}]},{\"@type\":\"ImageObject\",\"inLanguage\":\"fr-FR\",\"@id\":\"https:\\\/\\\/www.capitalidea.org\\\/privacy-policy\\\/#primaryimage\",\"url\":\"https:\\\/\\\/www.capitalidea.org\\\/wp-content\\\/uploads\\\/2025\\\/06\\\/star.svg\",\"contentUrl\":\"https:\\\/\\\/www.capitalidea.org\\\/wp-content\\\/uploads\\\/2025\\\/06\\\/star.svg\"},{\"@type\":\"BreadcrumbList\",\"@id\":\"https:\\\/\\\/www.capitalidea.org\\\/privacy-policy\\\/#breadcrumb\",\"itemListElement\":[{\"@type\":\"ListItem\",\"position\":1,\"name\":\"Home\",\"item\":\"https:\\\/\\\/www.capitalidea.org\\\/\"},{\"@type\":\"ListItem\",\"position\":2,\"name\":\"Privacy Policy\"}]},{\"@type\":\"WebSite\",\"@id\":\"https:\\\/\\\/www.capitalidea.org\\\/#website\",\"url\":\"https:\\\/\\\/www.capitalidea.org\\\/\",\"name\":\"Capital IDEA\",\"description\":\"\",\"publisher\":{\"@id\":\"https:\\\/\\\/www.capitalidea.org\\\/#organization\"},\"potentialAction\":[{\"@type\":\"SearchAction\",\"target\":{\"@type\":\"EntryPoint\",\"urlTemplate\":\"https:\\\/\\\/www.capitalidea.org\\\/?s={search_term_string}\"},\"query-input\":{\"@type\":\"PropertyValueSpecification\",\"valueRequired\":true,\"valueName\":\"search_term_string\"}}],\"inLanguage\":\"fr-FR\"},{\"@type\":\"Organization\",\"@id\":\"https:\\\/\\\/www.capitalidea.org\\\/#organization\",\"name\":\"Capital IDEA\",\"url\":\"https:\\\/\\\/www.capitalidea.org\\\/\",\"logo\":{\"@type\":\"ImageObject\",\"inLanguage\":\"fr-FR\",\"@id\":\"https:\\\/\\\/www.capitalidea.org\\\/#\\\/schema\\\/logo\\\/image\\\/\",\"url\":\"https:\\\/\\\/www.capitalidea.org\\\/wp-content\\\/uploads\\\/2025\\\/06\\\/logo-mark.svg\",\"contentUrl\":\"https:\\\/\\\/www.capitalidea.org\\\/wp-content\\\/uploads\\\/2025\\\/06\\\/logo-mark.svg\",\"width\":1,\"height\":1,\"caption\":\"Capital IDEA\"},\"image\":{\"@id\":\"https:\\\/\\\/www.capitalidea.org\\\/#\\\/schema\\\/logo\\\/image\\\/\"},\"sameAs\":[\"https:\\\/\\\/www.facebook.com\\\/capitalidea.austin\\\/\",\"https:\\\/\\\/www.instagram.com\\\/capital_idea_atx\\\/\",\"https:\\\/\\\/www.linkedin.com\\\/company\\\/capital-idea_2\",\"https:\\\/\\\/www.tiktok.com\\\/@capitalidea_atx\"]}]}<\/script>\n<!-- \/ Yoast SEO Premium plugin. -->","yoast_head_json":{"title":"Politique de confidentialit\u00e9 - Capital IDEA","robots":{"index":"index","follow":"follow","max-snippet":"max-snippet:-1","max-image-preview":"max-image-preview:large","max-video-preview":"max-video-preview:-1"},"canonical":"https:\/\/www.capitalidea.org\/fr\/privacy-policy\/","og_locale":"fr_FR","og_type":"article","og_title":"Privacy Policy","og_description":"Privacy Policy We value your privacy. Capital IDEA only collects the information needed to deliver services, improve our site, advertise our program, and communicate with you. We never sell your&hellip;","og_url":"https:\/\/www.capitalidea.org\/fr\/privacy-policy\/","og_site_name":"Capital IDEA","article_publisher":"https:\/\/www.facebook.com\/capitalidea.austin\/","article_modified_time":"2026-03-11T14:31:02+00:00","og_image":[{"url":"https:\/\/www.capitalidea.org\/wp-content\/uploads\/2025\/06\/star.svg","type":"","width":"","height":""}],"twitter_card":"summary_large_image","twitter_misc":{"Dur\u00e9e de lecture estim\u00e9e":"3 minutes"},"schema":{"@context":"https:\/\/schema.org","@graph":[{"@type":"WebPage","@id":"https:\/\/www.capitalidea.org\/privacy-policy\/","url":"https:\/\/www.capitalidea.org\/privacy-policy\/","name":"Politique de confidentialit\u00e9 - Capital IDEA","isPartOf":{"@id":"https:\/\/www.capitalidea.org\/#website"},"primaryImageOfPage":{"@id":"https:\/\/www.capitalidea.org\/privacy-policy\/#primaryimage"},"image":{"@id":"https:\/\/www.capitalidea.org\/privacy-policy\/#primaryimage"},"thumbnailUrl":"https:\/\/www.capitalidea.org\/wp-content\/uploads\/2025\/06\/star.svg","datePublished":"2023-03-03T15:09:31+00:00","dateModified":"2026-03-11T14:31:02+00:00","breadcrumb":{"@id":"https:\/\/www.capitalidea.org\/privacy-policy\/#breadcrumb"},"inLanguage":"fr-FR","potentialAction":[{"@type":"ReadAction","target":["https:\/\/www.capitalidea.org\/privacy-policy\/"]}]},{"@type":"ImageObject","inLanguage":"fr-FR","@id":"https:\/\/www.capitalidea.org\/privacy-policy\/#primaryimage","url":"https:\/\/www.capitalidea.org\/wp-content\/uploads\/2025\/06\/star.svg","contentUrl":"https:\/\/www.capitalidea.org\/wp-content\/uploads\/2025\/06\/star.svg"},{"@type":"BreadcrumbList","@id":"https:\/\/www.capitalidea.org\/privacy-policy\/#breadcrumb","itemListElement":[{"@type":"ListItem","position":1,"name":"Home","item":"https:\/\/www.capitalidea.org\/"},{"@type":"ListItem","position":2,"name":"Privacy Policy"}]},{"@type":"WebSite","@id":"https:\/\/www.capitalidea.org\/#website","url":"https:\/\/www.capitalidea.org\/","name":"Capital IDEA","description":"","publisher":{"@id":"https:\/\/www.capitalidea.org\/#organization"},"potentialAction":[{"@type":"SearchAction","target":{"@type":"EntryPoint","urlTemplate":"https:\/\/www.capitalidea.org\/?s={search_term_string}"},"query-input":{"@type":"PropertyValueSpecification","valueRequired":true,"valueName":"search_term_string"}}],"inLanguage":"fr-FR"},{"@type":"Organization","@id":"https:\/\/www.capitalidea.org\/#organization","name":"Capital IDEA","url":"https:\/\/www.capitalidea.org\/","logo":{"@type":"ImageObject","inLanguage":"fr-FR","@id":"https:\/\/www.capitalidea.org\/#\/schema\/logo\/image\/","url":"https:\/\/www.capitalidea.org\/wp-content\/uploads\/2025\/06\/logo-mark.svg","contentUrl":"https:\/\/www.capitalidea.org\/wp-content\/uploads\/2025\/06\/logo-mark.svg","width":1,"height":1,"caption":"Capital IDEA"},"image":{"@id":"https:\/\/www.capitalidea.org\/#\/schema\/logo\/image\/"},"sameAs":["https:\/\/www.facebook.com\/capitalidea.austin\/","https:\/\/www.instagram.com\/capital_idea_atx\/","https:\/\/www.linkedin.com\/company\/capital-idea_2","https:\/\/www.tiktok.com\/@capitalidea_atx"]}]}},"_links":{"self":[{"href":"https:\/\/www.capitalidea.org\/fr\/wp-json\/wp\/v2\/pages\/691","targetHints":{"allow":["GET"]}}],"collection":[{"href":"https:\/\/www.capitalidea.org\/fr\/wp-json\/wp\/v2\/pages"}],"about":[{"href":"https:\/\/www.capitalidea.org\/fr\/wp-json\/wp\/v2\/types\/page"}],"author":[{"embeddable":true,"href":"https:\/\/www.capitalidea.org\/fr\/wp-json\/wp\/v2\/users\/7"}],"replies":[{"embeddable":true,"href":"https:\/\/www.capitalidea.org\/fr\/wp-json\/wp\/v2\/comments?post=691"}],"version-history":[{"count":7,"href":"https:\/\/www.capitalidea.org\/fr\/wp-json\/wp\/v2\/pages\/691\/revisions"}],"predecessor-version":[{"id":45141,"href":"https:\/\/www.capitalidea.org\/fr\/wp-json\/wp\/v2\/pages\/691\/revisions\/45141"}],"wp:attachment":[{"href":"https:\/\/www.capitalidea.org\/fr\/wp-json\/wp\/v2\/media?parent=691"}],"curies":[{"name":"wp","href":"https:\/\/api.w.org\/{rel}","templated":true}]}}