{"id":7140,"date":"2025-06-12T22:05:36","date_gmt":"2025-06-13T02:05:36","guid":{"rendered":"https:\/\/www.capitalidea.org\/how-to-apply\/"},"modified":"2025-10-29T13:47:44","modified_gmt":"2025-10-29T18:47:44","slug":"how-to-apply","status":"publish","type":"page","link":"https:\/\/www.capitalidea.org\/fr\/how-to-apply\/","title":{"rendered":"Comment postuler"},"content":{"rendered":"Comment poser sa candidature \u00e0 Capital IDEA\t\n<h1>\n\t\t\tPr\u00eat \u00e0 lancer votre carri\u00e8re ? Commencez ici.\t<\/h1>\n\t<p>Postuler \u00e0 Capital IDEA est votre premier pas vers une carri\u00e8re \u00e0 forte demande - avec un soutien complet \u00e0 chaque \u00e9tape. Voici comment se d\u00e9roule le processus, depuis la d\u00e9couverte de notre programme jusqu'\u00e0 la r\u00e9daction de votre dossier de candidature.<\/p>\n\t\t\t\t<img decoding=\"async\" src=\"https:\/\/www.capitalidea.org\/wp-content\/uploads\/2025\/08\/how-to-apply-3-1.jpg\" alt=\"how-to-apply-3 (1)\" itemprop=\"image\" height=\"750\" width=\"950\" title=\"comment s&#039;inscrire-3 (1)\" onerror=\"this.style.display='none'\" loading=\"lazy\" \/>\n\t\t\t\t<img width=\"400\" height=\"400\" src=\"https:\/\/www.capitalidea.org\/wp-content\/uploads\/2025\/07\/Stephanie-Mbulu-1.png\" alt=\"\" decoding=\"async\" loading=\"lazy\" srcset=\"https:\/\/www.capitalidea.org\/wp-content\/uploads\/2025\/07\/Stephanie-Mbulu-1.png 400w, https:\/\/www.capitalidea.org\/wp-content\/uploads\/2025\/07\/Stephanie-Mbulu-1-300x300.png 300w, https:\/\/www.capitalidea.org\/wp-content\/uploads\/2025\/07\/Stephanie-Mbulu-1-150x150.png 150w, https:\/\/www.capitalidea.org\/wp-content\/uploads\/2025\/07\/Stephanie-Mbulu-1-12x12.png 12w\" sizes=\"auto, (max-width: 400px) 100vw, 400px\" \/>\t\t\t\n\t\t\t\t<p>\"Pour \u00eatre honn\u00eate, Capital IDEA semblait trop beau pour \u00eatre vrai, mais apr\u00e8s avoir assist\u00e9 \u00e0 une r\u00e9union d'information, j'ai r\u00e9alis\u00e9 qu'il s'agissait d'une v\u00e9ritable affaire\".<\/p>\n\t\t\t\t\t\t\t\t\t\t\t\t\tStephanie Mbulu\n\t\t\t\t\t\t\t\t\t\t\t\t\t\t\t\t\t\t\tSoins infirmiers, dipl\u00f4m\u00e9e en 2018\n\t\t\t\t\t\t\t <!-- .louder_testimonial -->\n\t<h2>\n\t\t\tL'application en un coup d'\u0153il\t<\/h2>\n\t<p>Voici un aper\u00e7u rapide de ce dont vous aurez besoin pour compl\u00e9ter votre demande, afin que vous puissiez \u00eatre confiant et pr\u00e9par\u00e9 avant de commencer.<\/p>\n\t<ol id=\"f-carousel-\">\n\t\t\t\t\t<li>\n\t\t\t\t\t\t1\t\t\t\t\t\n\t\t\t\t\t\t\t\t\t<h3> En savoir plus sur le programme<\/h3>\n\t\t\t\t\t\t\t\t\t\t\t\t\t<p>Assister \u00e0 une s\u00e9ance d'information gratuite (en personne ou en ligne). Cette s\u00e9ance est obligatoire avant de poser sa candidature. \u00a0<a href=\"https:\/\/www.capitalidea.org\/fr\/info-sessions\/\">S'inscrire<\/a><\/p>\n\t\t\t\t\t\t\t<\/li>\n\t\t\t\t\t<li>\n\t\t\t\t\t\t2\t\t\t\t\t\n\t\t\t\t\t\t\t\t\t<h3>Soumettre votre demande<\/h3>\n\t\t\t\t\t\t\t\t\t\t\t\t\t<p>Faites votre demande en ligne \u00e0 l'aide de notre formulaire s\u00e9curis\u00e9. Cela prend environ 15 minutes.<\/p>\n\t\t\t\t\t\t\t<\/li>\n\t\t\t\t\t<li>\n\t\t\t\t\t\t3\t\t\t\t\t\n\t\t\t\t\t\t\t\t\t<h3>T\u00e9l\u00e9chargez vos documents<\/h3>\n\t\t\t\t\t\t\t\t\t\t\t\t\t<p>Une fois que vous avez d\u00e9pos\u00e9 votre demande, t\u00e9l\u00e9chargez les documents dont nous aurons besoin pour examiner votre \u00e9ligibilit\u00e9.<\/p>\n\t\t\t\t\t\t\t<\/li>\n\t\t\t\t\t<li>\n\t\t\t\t\t\t4\t\t\t\t\t\n\t\t\t\t\t\t\t\t\t<h3>Compl\u00e9tez votre \u00e9valuation<\/h3>\n\t\t\t\t\t\t\t\t\t\t\t\t\t<p>Passez une courte \u00e9valuation qui nous aidera \u00e0 comprendre vos points forts et votre profil de carri\u00e8re.<\/p>\n\t\t\t\t\t\t\t<\/li>\n\t\t\t\t\t<li>\n\t\t\t\t\t\t5\t\t\t\t\t\n\t\t\t\t\t\t\t\t\t<h3> Rencontrer un sp\u00e9cialiste de l'orientation professionnelle<\/h3>\n\t\t\t\t\t\t\t\t\t\t\t\t\t<p>Une fois votre dossier de candidature compl\u00e9t\u00e9, vous serez invit\u00e9 \u00e0 vous entretenir avec un sp\u00e9cialiste de l'orientation professionnelle afin de passer en revue vos objectifs en mati\u00e8re d'\u00e9tudes et de carri\u00e8re.<\/p>\n\t\t\t\t\t\t\t<\/li>\n\t\t\t\t\t<li>\n\t\t\t\t\t\t6\t\t\t\t\t\n\t\t\t\t\t\t\t\t\t<h3>Entretien d'engagement<\/h3>\n\t\t\t\t\t\t\t\t\t\t\t\t\t<p>Lors de cette derni\u00e8re \u00e9tape, vous vous engagerez dans la voie que vous avez choisie et nous nous engagerons \u00e0 vous soutenir tout au long de vos \u00e9tudes et de votre carri\u00e8re.<\/p>\n\t\t\t\t\t\t\t<\/li>\n\t\t\t<\/ol>\n\t\t\tPr\u00eat \u00e0 postuler ?\t\n<h2>\n\t\t\tGuide de candidature \u00e9tape par \u00e9tape\t<\/h2>\n\t<p>Suivez les \u00e9tapes simples pour compl\u00e9ter votre demande. Nous vous guiderons \u00e0 chaque \u00e9tape pour que vous sachiez exactement \u00e0 quoi vous attendre. C'est parti !<\/p>\n\t\t\t<a href=\"https:\/\/www.capitalidea.org\/fr\/application-step-by-step\/\" target=\"_self\">\n\t\t\t\t\t\t\tCommencer\n\t\t\t\t\t<\/a>\n\t\t\t\t<img decoding=\"async\" src=\"https:\/\/www.capitalidea.org\/wp-content\/uploads\/2025\/08\/CTA-5-1.jpg\" alt=\"CTA-5 (1)\" itemprop=\"image\" height=\"1100\" width=\"1100\" title=\"CTA-5 (1)\" onerror=\"this.style.display='none'\" loading=\"lazy\" \/>\n\t\t\tCommencer\t\n<h2>\n\t\t\tFaites le premier pas.\t<\/h2>\n\t<p>Capital IDEA s'engage \u00e0 ce que vous r\u00e9ussissiez dans votre carri\u00e8re et vous aidera \u00e0 cr\u00e9er un chemin clair pour y parvenir.<\/p>\n\t\t\t<a href=\"https:\/\/www.capitalidea.org\/fr\/eligibility\/\" target=\"_self\">\n\t\t\t\t\t\t\tV\u00e9rifier l'\u00e9ligibilit\u00e9\n\t\t\t\t\t<\/a>\n\t\t\t<a href=\"https:\/\/www.capitalidea.org\/fr\/info-sessions\/\" target=\"_self\">\n\t\t\t\t\t\t\tAssister \u00e0 une s\u00e9ance d'information\n\t\t\t\t\t<\/a>","protected":false},"excerpt":{"rendered":"<p>Comment postuler \u00e0 Capital IDEA Pr\u00eat \u00e0 lancer votre carri\u00e8re ? Commencez ici. Postuler \u00e0 Capital IDEA est votre premi\u00e8re \u00e9tape vers une carri\u00e8re \u00e0 forte demande - avec un soutien complet \u00e0 chaque \u00e9tape...<\/p>","protected":false},"author":7,"featured_media":0,"parent":0,"menu_order":5,"comment_status":"closed","ping_status":"closed","template":"","meta":{"_acf_changed":false,"_price":"","_stock":"","_tribe_ticket_header":"","_tribe_default_ticket_provider":"","_tribe_ticket_capacity":"0","_ticket_start_date":"","_ticket_end_date":"","_tribe_ticket_show_description":"","_tribe_ticket_show_not_going":false,"_tribe_ticket_use_global_stock":"","_tribe_ticket_global_stock_level":"","_global_stock_mode":"","_global_stock_cap":"","_tribe_rsvp_for_event":"","_tribe_ticket_going_count":"","_tribe_ticket_not_going_count":"","_tribe_tickets_list":"[]","_tribe_ticket_has_attendee_info_fields":false,"footnotes":""},"class_list":["post-7140","page","type-page","status-publish","hentry"],"acf":[],"yoast_head":"<!-- This site is optimized with the Yoast SEO Premium plugin v27.3 (Yoast SEO v27.3) - https:\/\/yoast.com\/product\/yoast-seo-premium-wordpress\/ -->\n<title>How to Apply | Capital IDEA<\/title>\n<meta name=\"robots\" content=\"index, follow, max-snippet:-1, max-image-preview:large, max-video-preview:-1\" \/>\n<link rel=\"canonical\" href=\"https:\/\/www.capitalidea.org\/fr\/how-to-apply\/\" \/>\n<meta property=\"og:locale\" content=\"fr_FR\" \/>\n<meta property=\"og:type\" content=\"article\" \/>\n<meta property=\"og:title\" content=\"How to Apply\" \/>\n<meta property=\"og:description\" content=\"How to Apply to Capital IDEA Ready to Launch Your Career? Start Here. Applying to Capital IDEA is your first step toward a high-demand career-with full support every step of&hellip;\" \/>\n<meta property=\"og:url\" content=\"https:\/\/www.capitalidea.org\/fr\/how-to-apply\/\" \/>\n<meta property=\"og:site_name\" content=\"Capital IDEA\" \/>\n<meta property=\"article:publisher\" content=\"https:\/\/www.facebook.com\/capitalidea.austin\/\" \/>\n<meta property=\"article:modified_time\" content=\"2025-10-29T18:47:44+00:00\" \/>\n<meta property=\"og:image\" content=\"https:\/\/www.capitalidea.org\/wp-content\/uploads\/2025\/08\/how-to-apply-3-1.jpg\" \/>\n<meta name=\"twitter:card\" content=\"summary_large_image\" \/>\n<meta name=\"twitter:label1\" content=\"Dur\u00e9e de lecture estim\u00e9e\" \/>\n\t<meta name=\"twitter:data1\" content=\"2 minutes\" \/>\n<script type=\"application\/ld+json\" class=\"yoast-schema-graph\">{\"@context\":\"https:\\\/\\\/schema.org\",\"@graph\":[{\"@type\":\"WebPage\",\"@id\":\"https:\\\/\\\/www.capitalidea.org\\\/how-to-apply\\\/\",\"url\":\"https:\\\/\\\/www.capitalidea.org\\\/how-to-apply\\\/\",\"name\":\"How to Apply | Capital IDEA\",\"isPartOf\":{\"@id\":\"https:\\\/\\\/www.capitalidea.org\\\/#website\"},\"primaryImageOfPage\":{\"@id\":\"https:\\\/\\\/www.capitalidea.org\\\/how-to-apply\\\/#primaryimage\"},\"image\":{\"@id\":\"https:\\\/\\\/www.capitalidea.org\\\/how-to-apply\\\/#primaryimage\"},\"thumbnailUrl\":\"https:\\\/\\\/www.capitalidea.org\\\/wp-content\\\/uploads\\\/2025\\\/08\\\/how-to-apply-3-1.jpg\",\"datePublished\":\"2025-06-13T02:05:36+00:00\",\"dateModified\":\"2025-10-29T18:47:44+00:00\",\"breadcrumb\":{\"@id\":\"https:\\\/\\\/www.capitalidea.org\\\/how-to-apply\\\/#breadcrumb\"},\"inLanguage\":\"fr-FR\",\"potentialAction\":[{\"@type\":\"ReadAction\",\"target\":[\"https:\\\/\\\/www.capitalidea.org\\\/how-to-apply\\\/\"]}]},{\"@type\":\"ImageObject\",\"inLanguage\":\"fr-FR\",\"@id\":\"https:\\\/\\\/www.capitalidea.org\\\/how-to-apply\\\/#primaryimage\",\"url\":\"https:\\\/\\\/www.capitalidea.org\\\/wp-content\\\/uploads\\\/2025\\\/08\\\/how-to-apply-3-1.jpg\",\"contentUrl\":\"https:\\\/\\\/www.capitalidea.org\\\/wp-content\\\/uploads\\\/2025\\\/08\\\/how-to-apply-3-1.jpg\"},{\"@type\":\"BreadcrumbList\",\"@id\":\"https:\\\/\\\/www.capitalidea.org\\\/how-to-apply\\\/#breadcrumb\",\"itemListElement\":[{\"@type\":\"ListItem\",\"position\":1,\"name\":\"Home\",\"item\":\"https:\\\/\\\/www.capitalidea.org\\\/\"},{\"@type\":\"ListItem\",\"position\":2,\"name\":\"How to Apply\"}]},{\"@type\":\"WebSite\",\"@id\":\"https:\\\/\\\/www.capitalidea.org\\\/#website\",\"url\":\"https:\\\/\\\/www.capitalidea.org\\\/\",\"name\":\"Capital IDEA\",\"description\":\"\",\"publisher\":{\"@id\":\"https:\\\/\\\/www.capitalidea.org\\\/#organization\"},\"potentialAction\":[{\"@type\":\"SearchAction\",\"target\":{\"@type\":\"EntryPoint\",\"urlTemplate\":\"https:\\\/\\\/www.capitalidea.org\\\/?s={search_term_string}\"},\"query-input\":{\"@type\":\"PropertyValueSpecification\",\"valueRequired\":true,\"valueName\":\"search_term_string\"}}],\"inLanguage\":\"fr-FR\"},{\"@type\":\"Organization\",\"@id\":\"https:\\\/\\\/www.capitalidea.org\\\/#organization\",\"name\":\"Capital IDEA\",\"url\":\"https:\\\/\\\/www.capitalidea.org\\\/\",\"logo\":{\"@type\":\"ImageObject\",\"inLanguage\":\"fr-FR\",\"@id\":\"https:\\\/\\\/www.capitalidea.org\\\/#\\\/schema\\\/logo\\\/image\\\/\",\"url\":\"https:\\\/\\\/www.capitalidea.org\\\/wp-content\\\/uploads\\\/2025\\\/06\\\/logo-mark.svg\",\"contentUrl\":\"https:\\\/\\\/www.capitalidea.org\\\/wp-content\\\/uploads\\\/2025\\\/06\\\/logo-mark.svg\",\"width\":1,\"height\":1,\"caption\":\"Capital IDEA\"},\"image\":{\"@id\":\"https:\\\/\\\/www.capitalidea.org\\\/#\\\/schema\\\/logo\\\/image\\\/\"},\"sameAs\":[\"https:\\\/\\\/www.facebook.com\\\/capitalidea.austin\\\/\",\"https:\\\/\\\/www.instagram.com\\\/capital_idea_atx\\\/\",\"https:\\\/\\\/www.linkedin.com\\\/company\\\/capital-idea_2\",\"https:\\\/\\\/www.tiktok.com\\\/@capitalidea_atx\"]}]}<\/script>\n<!-- \/ Yoast SEO Premium plugin. -->","yoast_head_json":{"title":"Comment postuler \u00e0 Capital IDEA","robots":{"index":"index","follow":"follow","max-snippet":"max-snippet:-1","max-image-preview":"max-image-preview:large","max-video-preview":"max-video-preview:-1"},"canonical":"https:\/\/www.capitalidea.org\/fr\/how-to-apply\/","og_locale":"fr_FR","og_type":"article","og_title":"How to Apply","og_description":"How to Apply to Capital IDEA Ready to Launch Your Career? Start Here. Applying to Capital IDEA is your first step toward a high-demand career-with full support every step of&hellip;","og_url":"https:\/\/www.capitalidea.org\/fr\/how-to-apply\/","og_site_name":"Capital IDEA","article_publisher":"https:\/\/www.facebook.com\/capitalidea.austin\/","article_modified_time":"2025-10-29T18:47:44+00:00","og_image":[{"url":"https:\/\/www.capitalidea.org\/wp-content\/uploads\/2025\/08\/how-to-apply-3-1.jpg","type":"","width":"","height":""}],"twitter_card":"summary_large_image","twitter_misc":{"Dur\u00e9e de lecture estim\u00e9e":"2 minutes"},"schema":{"@context":"https:\/\/schema.org","@graph":[{"@type":"WebPage","@id":"https:\/\/www.capitalidea.org\/how-to-apply\/","url":"https:\/\/www.capitalidea.org\/how-to-apply\/","name":"Comment postuler \u00e0 Capital IDEA","isPartOf":{"@id":"https:\/\/www.capitalidea.org\/#website"},"primaryImageOfPage":{"@id":"https:\/\/www.capitalidea.org\/how-to-apply\/#primaryimage"},"image":{"@id":"https:\/\/www.capitalidea.org\/how-to-apply\/#primaryimage"},"thumbnailUrl":"https:\/\/www.capitalidea.org\/wp-content\/uploads\/2025\/08\/how-to-apply-3-1.jpg","datePublished":"2025-06-13T02:05:36+00:00","dateModified":"2025-10-29T18:47:44+00:00","breadcrumb":{"@id":"https:\/\/www.capitalidea.org\/how-to-apply\/#breadcrumb"},"inLanguage":"fr-FR","potentialAction":[{"@type":"ReadAction","target":["https:\/\/www.capitalidea.org\/how-to-apply\/"]}]},{"@type":"ImageObject","inLanguage":"fr-FR","@id":"https:\/\/www.capitalidea.org\/how-to-apply\/#primaryimage","url":"https:\/\/www.capitalidea.org\/wp-content\/uploads\/2025\/08\/how-to-apply-3-1.jpg","contentUrl":"https:\/\/www.capitalidea.org\/wp-content\/uploads\/2025\/08\/how-to-apply-3-1.jpg"},{"@type":"BreadcrumbList","@id":"https:\/\/www.capitalidea.org\/how-to-apply\/#breadcrumb","itemListElement":[{"@type":"ListItem","position":1,"name":"Home","item":"https:\/\/www.capitalidea.org\/"},{"@type":"ListItem","position":2,"name":"How to Apply"}]},{"@type":"WebSite","@id":"https:\/\/www.capitalidea.org\/#website","url":"https:\/\/www.capitalidea.org\/","name":"Capital IDEA","description":"","publisher":{"@id":"https:\/\/www.capitalidea.org\/#organization"},"potentialAction":[{"@type":"SearchAction","target":{"@type":"EntryPoint","urlTemplate":"https:\/\/www.capitalidea.org\/?s={search_term_string}"},"query-input":{"@type":"PropertyValueSpecification","valueRequired":true,"valueName":"search_term_string"}}],"inLanguage":"fr-FR"},{"@type":"Organization","@id":"https:\/\/www.capitalidea.org\/#organization","name":"Capital IDEA","url":"https:\/\/www.capitalidea.org\/","logo":{"@type":"ImageObject","inLanguage":"fr-FR","@id":"https:\/\/www.capitalidea.org\/#\/schema\/logo\/image\/","url":"https:\/\/www.capitalidea.org\/wp-content\/uploads\/2025\/06\/logo-mark.svg","contentUrl":"https:\/\/www.capitalidea.org\/wp-content\/uploads\/2025\/06\/logo-mark.svg","width":1,"height":1,"caption":"Capital IDEA"},"image":{"@id":"https:\/\/www.capitalidea.org\/#\/schema\/logo\/image\/"},"sameAs":["https:\/\/www.facebook.com\/capitalidea.austin\/","https:\/\/www.instagram.com\/capital_idea_atx\/","https:\/\/www.linkedin.com\/company\/capital-idea_2","https:\/\/www.tiktok.com\/@capitalidea_atx"]}]}},"_links":{"self":[{"href":"https:\/\/www.capitalidea.org\/fr\/wp-json\/wp\/v2\/pages\/7140","targetHints":{"allow":["GET"]}}],"collection":[{"href":"https:\/\/www.capitalidea.org\/fr\/wp-json\/wp\/v2\/pages"}],"about":[{"href":"https:\/\/www.capitalidea.org\/fr\/wp-json\/wp\/v2\/types\/page"}],"author":[{"embeddable":true,"href":"https:\/\/www.capitalidea.org\/fr\/wp-json\/wp\/v2\/users\/7"}],"replies":[{"embeddable":true,"href":"https:\/\/www.capitalidea.org\/fr\/wp-json\/wp\/v2\/comments?post=7140"}],"version-history":[{"count":10,"href":"https:\/\/www.capitalidea.org\/fr\/wp-json\/wp\/v2\/pages\/7140\/revisions"}],"predecessor-version":[{"id":44367,"href":"https:\/\/www.capitalidea.org\/fr\/wp-json\/wp\/v2\/pages\/7140\/revisions\/44367"}],"wp:attachment":[{"href":"https:\/\/www.capitalidea.org\/fr\/wp-json\/wp\/v2\/media?parent=7140"}],"curies":[{"name":"wp","href":"https:\/\/api.w.org\/{rel}","templated":true}]}}