{"id":7155,"date":"2025-06-12T22:08:33","date_gmt":"2025-06-13T02:08:33","guid":{"rendered":"https:\/\/www.capitalidea.org\/join-our-team\/"},"modified":"2026-03-20T16:19:51","modified_gmt":"2026-03-20T21:19:51","slug":"join-our-team","status":"publish","type":"page","link":"https:\/\/www.capitalidea.org\/fr\/join-our-team\/","title":{"rendered":"Rejoindre notre \u00e9quipe"},"content":{"rendered":"Carri\u00e8res \u00e0 Capital IDEA\t\n<h1>\n\t\t\tRejoignez l'\u00e9quipe qui favorise les opportunit\u00e9s dans le centre du Texas\t<\/h1>\n\t<p>Si vous \u00eates motiv\u00e9 par un objectif, stimul\u00e9 par la collaboration et pr\u00eat \u00e0 entreprendre un travail qui compte vraiment, nous aimerions entendre parler de vous.<\/p>\n\t\t\t<a href=\"#open-roles\"  target=\"_self\">\n\t\t\t\t\t\t\tVoir les r\u00f4les ouverts\n\t\t\t\t\t<\/a>\n\t\t\t<a href=\"https:\/\/www.capitalidea.org\/fr\/about\/\"  target=\"_self\">\n\t\t\t\t\t\t\t\u00c0 propos de Capital IDEA\n\t\t\t\t\t<\/a>\n<figure itemscope itemtype=\"https:\/\/schema.org\/ImageObject\">\n\t\t\t\t<img decoding=\"async\" src=\"https:\/\/www.capitalidea.org\/wp-content\/uploads\/2025\/08\/Join-our-team-3-1.jpg\" alt=\"Join-our-team-3 (1)\" height=\"750\" width=\"950\" title=\"Rejoindre notre \u00e9quipe-3 (1)\" onerror=\"this.style.display='none'\" loading=\"lazy\" \/>\n\t<\/figure>\n\t\t\tPourquoi Capital IDEA ?\t\n<h2>\n\t\t\tPourquoi travailler avec nous ?\t<\/h2>\n\t<p>Chez Capital IDEA, notre mission est d'aider les adultes motiv\u00e9s \u00e0 atteindre leurs objectifs professionnels et \u00e0 construire un avenir meilleur pour eux-m\u00eames, leur famille et leur communaut\u00e9.<\/p>\n<p>Mais rien de tout cela ne serait possible sans l'\u00e9quipe d\u00e9vou\u00e9e qui travaille en coulisses. Nous sommes une \u00e9quipe de conseillers, de d\u00e9fenseurs, de strat\u00e8ges et de sympathisants qui travaillent ensemble pour permettre \u00e0 des centaines d'\u00e9tudiants d'aller \u00e0 l'universit\u00e9, de suivre une formation professionnelle et de r\u00e9ussir \u00e0 long terme chaque ann\u00e9e.<\/p>\n<figure itemscope itemtype=\"https:\/\/schema.org\/ImageObject\">\n\t\t\t\t<img decoding=\"async\" src=\"https:\/\/www.capitalidea.org\/wp-content\/uploads\/2025\/07\/workingparentsaward-2025.png\" alt=\"Best Place for Working Parents badge - Capital IDEA recognized for family-friendly policies.\" height=\"618\" width=\"502\" title=\"bourse pour les parents qui travaillent-2025\" onerror=\"this.style.display='none'\" loading=\"lazy\" \/>\n\t<\/figure>\n\t<ul>\n\t\t<li><h4>Nous sommes anim\u00e9s d'une mission et centr\u00e9s sur la communaut\u00e9<\/h4><p>\u00c0 Capital IDEA, chaque membre de l'\u00e9quipe joue un r\u00f4le dans la cr\u00e9ation d'un changement durable. Qu'il s'agisse de conseiller les \u00e9tudiants, d'\u00e9tablir des partenariats ou de soutenir les op\u00e9rations quotidiennes, votre travail contribue \u00e0 transformer des vies et \u00e0 construire un Texas central plus fort.<\/p><\/li><li><h4>Nous visons l'excellence en \u00e9quilibre avec le bien-\u00eatre<\/h4>Nous nous fixons des objectifs ambitieux et travaillons dur pour les atteindre, mais nous savons aussi que la durabilit\u00e9 est importante. Nous offrons des salaires comp\u00e9titifs, des augmentations fond\u00e9es sur le m\u00e9rite et des avantages sociaux g\u00e9n\u00e9reux parce que nous croyons qu'il faut prendre soin de notre \u00e9quipe pour qu'elle puisse prendre soin de nos \u00e9tudiants.<\/li><li><h4>Nous sommes anim\u00e9s par des personnes, motiv\u00e9s par des objectifs et en pleine croissance.<\/h4>Notre personnel est le reflet des personnes et des lieux que nous servons. Avec un large \u00e9ventail de comp\u00e9tences, d'origines et d'exp\u00e9riences v\u00e9cues, nous tirons notre force de nos diff\u00e9rences et avan\u00e7ons ensemble - en \u00e9largissant l'acc\u00e8s, en ouvrant des portes et en d\u00e9fendant la r\u00e9ussite des \u00e9tudiants.<\/li>\t<\/ul>\n\t\t\tNos valeurs\t\n<h2>\n\t\t\tNos valeurs fondamentales en action\t<\/h2>\n\t<p>Au sein de notre organisation, dans la vie de nos \u00e9tudiants et dans notre communaut\u00e9, Capital IDEA vise \u00e0 :<\/p>\n\t<ul>\n\t\t<li><h4>Inspirer la transformation<\/h4><p>Nous transformons des vies en incitant les gens \u00e0 r\u00e9aliser leur plein potentiel.<\/p><\/li><li><h4>Prendre soin ensemble<\/h4>Nous travaillons ensemble pour \u00e9tablir des relations bienveillantes.<\/li><li><h4>Cultiver l'innovation<\/h4>Nous cultivons un esprit d'innovation et d'am\u00e9lioration continue.<\/li>\t<\/ul>\n\t\t\t\t<img width=\"200\" height=\"201\" src=\"https:\/\/www.capitalidea.org\/wp-content\/uploads\/2025\/07\/Staff_Alyssia-Palacios-Woods.png\" alt=\"\" decoding=\"async\" loading=\"lazy\" srcset=\"https:\/\/www.capitalidea.org\/wp-content\/uploads\/2025\/07\/Staff_Alyssia-Palacios-Woods.png 200w, https:\/\/www.capitalidea.org\/wp-content\/uploads\/2025\/07\/Staff_Alyssia-Palacios-Woods-150x150.png 150w, https:\/\/www.capitalidea.org\/wp-content\/uploads\/2025\/07\/Staff_Alyssia-Palacios-Woods-12x12.png 12w\" sizes=\"auto, (max-width: 200px) 100vw, 200px\" \/>\t\t\t\n\t\t\t\t<p>\"Notre \u00e9quipe est la raison pour laquelle Capital IDEA fonctionne. Leur talent, leur d\u00e9vouement et leur c\u0153ur sont les moteurs de cette organisation et de la r\u00e9ussite de nos \u00e9l\u00e8ves.\"<\/p>\n\t\t\t\t\t\t\t\t\t\t\t\t\tAlyssia Palacios-Woods\n\t\t\t\t\t\t\t\t\t\t\t\t\t\t\t\t\t\t\tDirectrice ex\u00e9cutive\n\t\t\t\t\t\t\t <!-- .louder_testimonial -->\n\t<h2>\n\t\t\tOffres d'emploi actuelles\t<\/h2>\n\t<p>Nous vous remercions de l'int\u00e9r\u00eat que vous portez \u00e0 Capital IDEA ! Toutes les offres d'emploi actuelles sont r\u00e9pertori\u00e9es ci-dessous. Si rien n'est affich\u00e9, c'est que nous ne recrutons pas pour le moment, mais nous vous encourageons \u00e0 revenir bient\u00f4t.<\/p>\n<p>Nous publions \u00e9galement des offres d'emploi sur :<\/p>\n<p><a href=\"https:\/\/www.indeed.com\/cmp\/Capital-Idea---Nonprofit---Austin,-Tx\" target=\"_blank\" rel=\"noopener\">En effet<\/a> |\u00a0<a href=\"https:\/\/www.idealist.org\/en\/?searchMode=true&amp;type=JOB\" target=\"_blank\" rel=\"noopener\">Id\u00e9aliste<\/a>\u00a0| <a href=\"https:\/\/www.christineslist.org\/\" target=\"_blank\" rel=\"noopener\">Liste de Christine<\/a> | <a href=\"https:\/\/www.linkedin.com\/company\/capital-idea_2\" target=\"_blank\" rel=\"noopener\">LinkedIn<\/a><\/p>","protected":false},"excerpt":{"rendered":"<p>Carri\u00e8res chez Capital IDEA Rejoignez l'\u00e9quipe qui cr\u00e9e des opportunit\u00e9s dans le centre du Texas Si vous \u00eates motiv\u00e9 par un objectif, \u00e9nergis\u00e9 par la collaboration et pr\u00eat \u00e0 entreprendre un travail qui compte vraiment,...<\/p>","protected":false},"author":7,"featured_media":0,"parent":0,"menu_order":20,"comment_status":"closed","ping_status":"closed","template":"","meta":{"_acf_changed":false,"_price":"","_stock":"","_tribe_ticket_header":"","_tribe_default_ticket_provider":"","_tribe_ticket_capacity":"0","_ticket_start_date":"","_ticket_end_date":"","_tribe_ticket_show_description":"","_tribe_ticket_show_not_going":false,"_tribe_ticket_use_global_stock":"","_tribe_ticket_global_stock_level":"","_global_stock_mode":"","_global_stock_cap":"","_tribe_rsvp_for_event":"","_tribe_ticket_going_count":"","_tribe_ticket_not_going_count":"","_tribe_tickets_list":"[]","_tribe_ticket_has_attendee_info_fields":false,"footnotes":""},"class_list":["post-7155","page","type-page","status-publish","hentry"],"acf":[],"yoast_head":"<!-- This site is optimized with the Yoast SEO Premium plugin v27.3 (Yoast SEO v27.3) - https:\/\/yoast.com\/product\/yoast-seo-premium-wordpress\/ -->\n<title>Join Our Team | Capital IDEA<\/title>\n<meta name=\"robots\" content=\"index, follow, max-snippet:-1, max-image-preview:large, max-video-preview:-1\" \/>\n<link rel=\"canonical\" href=\"https:\/\/www.capitalidea.org\/fr\/join-our-team\/\" \/>\n<meta property=\"og:locale\" content=\"fr_FR\" \/>\n<meta property=\"og:type\" content=\"article\" \/>\n<meta property=\"og:title\" content=\"Join Our Team\" \/>\n<meta property=\"og:description\" content=\"Careers at Capital IDEA Join the Team That&#8217;s Powering Opportunity in Central Texas If you&#8217;re driven by purpose, energized by collaboration, and ready to take on work that truly matters,&hellip;\" \/>\n<meta property=\"og:url\" content=\"https:\/\/www.capitalidea.org\/fr\/join-our-team\/\" \/>\n<meta property=\"og:site_name\" content=\"Capital IDEA\" \/>\n<meta property=\"article:publisher\" content=\"https:\/\/www.facebook.com\/capitalidea.austin\/\" \/>\n<meta property=\"article:modified_time\" content=\"2026-03-20T21:19:51+00:00\" \/>\n<meta property=\"og:image\" content=\"https:\/\/www.capitalidea.org\/wp-content\/uploads\/2025\/08\/Join-our-team-3-1.jpg\" \/>\n<meta name=\"twitter:card\" content=\"summary_large_image\" \/>\n<meta name=\"twitter:label1\" content=\"Dur\u00e9e de lecture estim\u00e9e\" \/>\n\t<meta name=\"twitter:data1\" content=\"3 minutes\" \/>\n<script type=\"application\/ld+json\" class=\"yoast-schema-graph\">{\"@context\":\"https:\\\/\\\/schema.org\",\"@graph\":[{\"@type\":\"WebPage\",\"@id\":\"https:\\\/\\\/www.capitalidea.org\\\/join-our-team\\\/\",\"url\":\"https:\\\/\\\/www.capitalidea.org\\\/join-our-team\\\/\",\"name\":\"Join Our Team | Capital IDEA\",\"isPartOf\":{\"@id\":\"https:\\\/\\\/www.capitalidea.org\\\/#website\"},\"primaryImageOfPage\":{\"@id\":\"https:\\\/\\\/www.capitalidea.org\\\/join-our-team\\\/#primaryimage\"},\"image\":{\"@id\":\"https:\\\/\\\/www.capitalidea.org\\\/join-our-team\\\/#primaryimage\"},\"thumbnailUrl\":\"https:\\\/\\\/www.capitalidea.org\\\/wp-content\\\/uploads\\\/2025\\\/08\\\/Join-our-team-3-1.jpg\",\"datePublished\":\"2025-06-13T02:08:33+00:00\",\"dateModified\":\"2026-03-20T21:19:51+00:00\",\"breadcrumb\":{\"@id\":\"https:\\\/\\\/www.capitalidea.org\\\/join-our-team\\\/#breadcrumb\"},\"inLanguage\":\"fr-FR\",\"potentialAction\":[{\"@type\":\"ReadAction\",\"target\":[\"https:\\\/\\\/www.capitalidea.org\\\/join-our-team\\\/\"]}]},{\"@type\":\"ImageObject\",\"inLanguage\":\"fr-FR\",\"@id\":\"https:\\\/\\\/www.capitalidea.org\\\/join-our-team\\\/#primaryimage\",\"url\":\"https:\\\/\\\/www.capitalidea.org\\\/wp-content\\\/uploads\\\/2025\\\/08\\\/Join-our-team-3-1.jpg\",\"contentUrl\":\"https:\\\/\\\/www.capitalidea.org\\\/wp-content\\\/uploads\\\/2025\\\/08\\\/Join-our-team-3-1.jpg\"},{\"@type\":\"BreadcrumbList\",\"@id\":\"https:\\\/\\\/www.capitalidea.org\\\/join-our-team\\\/#breadcrumb\",\"itemListElement\":[{\"@type\":\"ListItem\",\"position\":1,\"name\":\"Home\",\"item\":\"https:\\\/\\\/www.capitalidea.org\\\/\"},{\"@type\":\"ListItem\",\"position\":2,\"name\":\"Join Our Team\"}]},{\"@type\":\"WebSite\",\"@id\":\"https:\\\/\\\/www.capitalidea.org\\\/#website\",\"url\":\"https:\\\/\\\/www.capitalidea.org\\\/\",\"name\":\"Capital IDEA\",\"description\":\"\",\"publisher\":{\"@id\":\"https:\\\/\\\/www.capitalidea.org\\\/#organization\"},\"potentialAction\":[{\"@type\":\"SearchAction\",\"target\":{\"@type\":\"EntryPoint\",\"urlTemplate\":\"https:\\\/\\\/www.capitalidea.org\\\/?s={search_term_string}\"},\"query-input\":{\"@type\":\"PropertyValueSpecification\",\"valueRequired\":true,\"valueName\":\"search_term_string\"}}],\"inLanguage\":\"fr-FR\"},{\"@type\":\"Organization\",\"@id\":\"https:\\\/\\\/www.capitalidea.org\\\/#organization\",\"name\":\"Capital IDEA\",\"url\":\"https:\\\/\\\/www.capitalidea.org\\\/\",\"logo\":{\"@type\":\"ImageObject\",\"inLanguage\":\"fr-FR\",\"@id\":\"https:\\\/\\\/www.capitalidea.org\\\/#\\\/schema\\\/logo\\\/image\\\/\",\"url\":\"https:\\\/\\\/www.capitalidea.org\\\/wp-content\\\/uploads\\\/2025\\\/06\\\/logo-mark.svg\",\"contentUrl\":\"https:\\\/\\\/www.capitalidea.org\\\/wp-content\\\/uploads\\\/2025\\\/06\\\/logo-mark.svg\",\"width\":1,\"height\":1,\"caption\":\"Capital IDEA\"},\"image\":{\"@id\":\"https:\\\/\\\/www.capitalidea.org\\\/#\\\/schema\\\/logo\\\/image\\\/\"},\"sameAs\":[\"https:\\\/\\\/www.facebook.com\\\/capitalidea.austin\\\/\",\"https:\\\/\\\/www.instagram.com\\\/capital_idea_atx\\\/\",\"https:\\\/\\\/www.linkedin.com\\\/company\\\/capital-idea_2\",\"https:\\\/\\\/www.tiktok.com\\\/@capitalidea_atx\"]}]}<\/script>\n<!-- \/ Yoast SEO Premium plugin. -->","yoast_head_json":{"title":"Rejoindre notre \u00e9quipe | Capital IDEA","robots":{"index":"index","follow":"follow","max-snippet":"max-snippet:-1","max-image-preview":"max-image-preview:large","max-video-preview":"max-video-preview:-1"},"canonical":"https:\/\/www.capitalidea.org\/fr\/join-our-team\/","og_locale":"fr_FR","og_type":"article","og_title":"Join Our Team","og_description":"Careers at Capital IDEA Join the Team That&#8217;s Powering Opportunity in Central Texas If you&#8217;re driven by purpose, energized by collaboration, and ready to take on work that truly matters,&hellip;","og_url":"https:\/\/www.capitalidea.org\/fr\/join-our-team\/","og_site_name":"Capital IDEA","article_publisher":"https:\/\/www.facebook.com\/capitalidea.austin\/","article_modified_time":"2026-03-20T21:19:51+00:00","og_image":[{"url":"https:\/\/www.capitalidea.org\/wp-content\/uploads\/2025\/08\/Join-our-team-3-1.jpg","type":"","width":"","height":""}],"twitter_card":"summary_large_image","twitter_misc":{"Dur\u00e9e de lecture estim\u00e9e":"3 minutes"},"schema":{"@context":"https:\/\/schema.org","@graph":[{"@type":"WebPage","@id":"https:\/\/www.capitalidea.org\/join-our-team\/","url":"https:\/\/www.capitalidea.org\/join-our-team\/","name":"Rejoindre notre \u00e9quipe | Capital IDEA","isPartOf":{"@id":"https:\/\/www.capitalidea.org\/#website"},"primaryImageOfPage":{"@id":"https:\/\/www.capitalidea.org\/join-our-team\/#primaryimage"},"image":{"@id":"https:\/\/www.capitalidea.org\/join-our-team\/#primaryimage"},"thumbnailUrl":"https:\/\/www.capitalidea.org\/wp-content\/uploads\/2025\/08\/Join-our-team-3-1.jpg","datePublished":"2025-06-13T02:08:33+00:00","dateModified":"2026-03-20T21:19:51+00:00","breadcrumb":{"@id":"https:\/\/www.capitalidea.org\/join-our-team\/#breadcrumb"},"inLanguage":"fr-FR","potentialAction":[{"@type":"ReadAction","target":["https:\/\/www.capitalidea.org\/join-our-team\/"]}]},{"@type":"ImageObject","inLanguage":"fr-FR","@id":"https:\/\/www.capitalidea.org\/join-our-team\/#primaryimage","url":"https:\/\/www.capitalidea.org\/wp-content\/uploads\/2025\/08\/Join-our-team-3-1.jpg","contentUrl":"https:\/\/www.capitalidea.org\/wp-content\/uploads\/2025\/08\/Join-our-team-3-1.jpg"},{"@type":"BreadcrumbList","@id":"https:\/\/www.capitalidea.org\/join-our-team\/#breadcrumb","itemListElement":[{"@type":"ListItem","position":1,"name":"Home","item":"https:\/\/www.capitalidea.org\/"},{"@type":"ListItem","position":2,"name":"Join Our Team"}]},{"@type":"WebSite","@id":"https:\/\/www.capitalidea.org\/#website","url":"https:\/\/www.capitalidea.org\/","name":"Capital IDEA","description":"","publisher":{"@id":"https:\/\/www.capitalidea.org\/#organization"},"potentialAction":[{"@type":"SearchAction","target":{"@type":"EntryPoint","urlTemplate":"https:\/\/www.capitalidea.org\/?s={search_term_string}"},"query-input":{"@type":"PropertyValueSpecification","valueRequired":true,"valueName":"search_term_string"}}],"inLanguage":"fr-FR"},{"@type":"Organization","@id":"https:\/\/www.capitalidea.org\/#organization","name":"Capital IDEA","url":"https:\/\/www.capitalidea.org\/","logo":{"@type":"ImageObject","inLanguage":"fr-FR","@id":"https:\/\/www.capitalidea.org\/#\/schema\/logo\/image\/","url":"https:\/\/www.capitalidea.org\/wp-content\/uploads\/2025\/06\/logo-mark.svg","contentUrl":"https:\/\/www.capitalidea.org\/wp-content\/uploads\/2025\/06\/logo-mark.svg","width":1,"height":1,"caption":"Capital IDEA"},"image":{"@id":"https:\/\/www.capitalidea.org\/#\/schema\/logo\/image\/"},"sameAs":["https:\/\/www.facebook.com\/capitalidea.austin\/","https:\/\/www.instagram.com\/capital_idea_atx\/","https:\/\/www.linkedin.com\/company\/capital-idea_2","https:\/\/www.tiktok.com\/@capitalidea_atx"]}]}},"_links":{"self":[{"href":"https:\/\/www.capitalidea.org\/fr\/wp-json\/wp\/v2\/pages\/7155","targetHints":{"allow":["GET"]}}],"collection":[{"href":"https:\/\/www.capitalidea.org\/fr\/wp-json\/wp\/v2\/pages"}],"about":[{"href":"https:\/\/www.capitalidea.org\/fr\/wp-json\/wp\/v2\/types\/page"}],"author":[{"embeddable":true,"href":"https:\/\/www.capitalidea.org\/fr\/wp-json\/wp\/v2\/users\/7"}],"replies":[{"embeddable":true,"href":"https:\/\/www.capitalidea.org\/fr\/wp-json\/wp\/v2\/comments?post=7155"}],"version-history":[{"count":16,"href":"https:\/\/www.capitalidea.org\/fr\/wp-json\/wp\/v2\/pages\/7155\/revisions"}],"predecessor-version":[{"id":45230,"href":"https:\/\/www.capitalidea.org\/fr\/wp-json\/wp\/v2\/pages\/7155\/revisions\/45230"}],"wp:attachment":[{"href":"https:\/\/www.capitalidea.org\/fr\/wp-json\/wp\/v2\/media?parent=7155"}],"curies":[{"name":"wp","href":"https:\/\/api.w.org\/{rel}","templated":true}]}}