{"id":7159,"date":"2025-06-12T22:08:33","date_gmt":"2025-06-13T02:08:33","guid":{"rendered":"https:\/\/www.capitalidea.org\/dontate\/"},"modified":"2026-04-16T09:38:11","modified_gmt":"2026-04-16T14:38:11","slug":"donate","status":"publish","type":"page","link":"https:\/\/www.capitalidea.org\/fr\/donate\/","title":{"rendered":"Faire un don"},"content":{"rendered":"Donner \u00e0 Capital IDEA\t\n<h1>\n\t\t\tNous construisons un avenir meilleur - une classe, une carri\u00e8re \u00e0 la fois.\t<\/h1>\n\t<p>Les dipl\u00f4m\u00e9s ont un retour sur investissement de 699% - chaque dollar que vous donnez contribue \u00e0 g\u00e9n\u00e9rer pr\u00e8s de $7 d'impact \u00e9conomique \u00e0 long terme gr\u00e2ce \u00e0 des salaires plus \u00e9lev\u00e9s, \u00e0 une r\u00e9duction de la d\u00e9pendance \u00e0 l'\u00e9gard de l'aide publique et \u00e0 des contributions fiscales locales plus importantes au cours des 20 prochaines ann\u00e9es.<\/p>\n\t\t\t<a href=\"#donation-form\"  target=\"_self\">\n\t\t\t\t\t\t\tFaire un don\n\t\t\t\t\t<\/a>\n<figure itemscope itemtype=\"https:\/\/schema.org\/ImageObject\">\n\t\t\t\t<img decoding=\"async\" src=\"https:\/\/www.capitalidea.org\/wp-content\/uploads\/2025\/08\/donate-1-1.png\" alt=\"donate-1 (1)\" height=\"1500\" width=\"1900\" title=\"don-1 (1)\" onerror=\"this.style.display='none'\" loading=\"lazy\" \/>\n\t<\/figure>\n\t\t\tFaire un don\t\n<h2>\n\t\t\tR\u00e9pondre aux besoins\t<\/h2>\n\t<p>Le Texas central se d\u00e9veloppe et cr\u00e9e des emplois beaucoup plus rapidement que la moyenne nationale.<\/p>\n<p>Mais l'augmentation du co\u00fbt de la vie et les graves p\u00e9nuries dans le domaine des soins de sant\u00e9 et des professions qualifi\u00e9es laissent trop de r\u00e9sidents sur le carreau. Alors que le salaire minimum vital d\u00e9passe aujourd'hui $26\/heure, la plupart des \u00e9tudiants de Capital IDEA entrent dans le programme avec un salaire inf\u00e9rieur \u00e0 la moiti\u00e9 de ce montant. La n\u00e9cessit\u00e9 d'une formation professionnelle et d'un soutien est \u00e9vidente, tout comme l'est l'opportunit\u00e9. Ensemble, nous pouvons investir dans un avenir plus fort et plus r\u00e9silient pour le Texas central.<\/p>\n\t\t\tLa solution\t\n<h2>\n\t\t\tVotre cadeau favorise la transformation de votre carri\u00e8re\t<\/h2>\n\t<p>\u00c0 Capital IDEA, nous ne nous contentons pas de couvrir les frais de scolarit\u00e9, nous \u00e9liminons les obstacles. Gr\u00e2ce \u00e0 un soutien global tel qu'une aide \u00e0 la garde d'enfants, des conseils d'experts et un accompagnement professionnel, nous aidons les adultes \u00e0 faibles revenus \u00e0 se pr\u00e9parer et \u00e0 r\u00e9ussir dans des carri\u00e8res \u00e0 forte demande.<\/p>\n<h3>\n\t\t\tRien qu'en 2025 :\t<\/h3>\n\t\t<!-- Comment to fix spacing issue\n\t-->\n\t\t0Les adultes ont b\u00e9n\u00e9fici\u00e9 d'un soutien direct pour progresser dans leur future carri\u00e8re.\n\t<!-- Comment to fix spacing issue\n\t-->\t\n\t\t<!-- Comment to fix spacing issue\n\t-->\n\t\t0Les \u00e9tudiants ont obtenu leur dipl\u00f4me en \u00e9tant pr\u00eats \u00e0 entrer sur le march\u00e9 du travail.\n\t<!-- Comment to fix spacing issue\n\t-->\t\n\t\t<!-- Comment to fix spacing issue\n\t-->\n\t\t$0\/heureSalaire de d\u00e9part moyen pour les dipl\u00f4m\u00e9s plac\u00e9s.\n\t<!-- Comment to fix spacing issue\n\t-->\t\n\t\t\t<a href=\"#donation-form\"  target=\"_self\">\n\t\t\t\t\t\t\tFaire un don\n\t\t\t\t\t<\/a>\n\t\t\t\t<img width=\"400\" height=\"400\" src=\"https:\/\/www.capitalidea.org\/wp-content\/uploads\/2025\/07\/Teresa-Garza-1.png\" alt=\"\" decoding=\"async\" loading=\"lazy\" srcset=\"https:\/\/www.capitalidea.org\/wp-content\/uploads\/2025\/07\/Teresa-Garza-1.png 400w, https:\/\/www.capitalidea.org\/wp-content\/uploads\/2025\/07\/Teresa-Garza-1-300x300.png 300w, https:\/\/www.capitalidea.org\/wp-content\/uploads\/2025\/07\/Teresa-Garza-1-150x150.png 150w, https:\/\/www.capitalidea.org\/wp-content\/uploads\/2025\/07\/Teresa-Garza-1-12x12.png 12w\" sizes=\"auto, (max-width: 400px) 100vw, 400px\" \/>\t\t\t\n\t\t\t\t<p>\"Capital IDEA m'a donn\u00e9 ma chance. Une fois qu'ils m'ont donn\u00e9 cette chance, je suis partie en courant et je ne me suis jamais arr\u00eat\u00e9e ! Parfois, il suffit qu'une personne croie en vous, juste ce qu'il faut.\"<\/p>\n\t\t\t\t\t\t\t\t\t\t\t\t\tTeresa Garza\n\t\t\t\t\t\t\t\t\t\t\t\t\t\t\t\t\t\t\tProfesseur et directrice adjointe du d\u00e9partement de radiologie, radiologie, dipl\u00f4m\u00e9e en 2001\n\t\t\t\t\t\t\t <!-- .louder_testimonial -->\n\t\t\t\t<img width=\"400\" height=\"400\" src=\"https:\/\/www.capitalidea.org\/wp-content\/uploads\/2025\/07\/Yasmin-Sosa.png\" alt=\"\" decoding=\"async\" loading=\"lazy\" srcset=\"https:\/\/www.capitalidea.org\/wp-content\/uploads\/2025\/07\/Yasmin-Sosa.png 400w, https:\/\/www.capitalidea.org\/wp-content\/uploads\/2025\/07\/Yasmin-Sosa-300x300.png 300w, https:\/\/www.capitalidea.org\/wp-content\/uploads\/2025\/07\/Yasmin-Sosa-150x150.png 150w, https:\/\/www.capitalidea.org\/wp-content\/uploads\/2025\/07\/Yasmin-Sosa-12x12.png 12w\" sizes=\"auto, (max-width: 400px) 100vw, 400px\" \/>\t\t\t\n\t\t\t\t<p>\"Capital IDEA a chang\u00e9 ma vie et, gr\u00e2ce \u00e0 l'opportunit\u00e9 qu'elle m'a offerte, je peux offrir un meilleur avenir \u00e0 mon fils. Ce que fait Capital IDEA, c'est r\u00e9aliser les r\u00eaves\".<\/p>\n\t\t\t\t\t\t\t\t\t\t\t\t\tYasmin Sosa\n\t\t\t\t\t\t\t\t\t\t\t\t\t\t\t\t\t\t\tIng\u00e9nieur de projet principal, informatique, dipl\u00f4m\u00e9 en 2017\n\t\t\t\t\t\t\t <!-- .louder_testimonial -->\n\t<figure itemscope itemtype=\"https:\/\/schema.org\/ImageObject\">\n\t\t\t\t<img decoding=\"async\" src=\"https:\/\/www.capitalidea.org\/wp-content\/uploads\/2025\/06\/star.svg\" alt=\"star\" height=\"55\" width=\"57\" title=\"\u00e9toile\" onerror=\"this.style.display='none'\" loading=\"lazy\" \/>\n\t<\/figure>\n<h2>\n\t\t\tVotre don couvre des co\u00fbts r\u00e9els de d\u00e9veloppement des comp\u00e9tences\t<\/h2>\n\t<p>Chaque niveau de don refl\u00e8te la mani\u00e8re dont votre soutien aide les \u00e9tudiants \u00e0 passer du d\u00e9but \u00e0 l'embauche :<\/p>\n\t<p><strong>$30<\/strong> | <strong>Commencer<\/strong> - Aider un \u00e9tudiant \u00e0 commencer son parcours universitaire<\/p>\n<p><strong>$50<\/strong> | <strong>Choisir un chemin<\/strong> - Soutenir l'entr\u00e9e dans un programme ax\u00e9 sur la carri\u00e8re<\/p>\n<p><strong>$85<\/strong> | <strong>Cr\u00e9dits d'empilage<\/strong> - Rapprocher l'\u00e9tudiant de son dipl\u00f4me<\/p>\n<p><strong>$120<\/strong> | <strong>Renforcer les comp\u00e9tences<\/strong> - Soutenir l'apprentissage en fournissant les livres et les outils n\u00e9cessaires<\/p>\n<p><strong>$200<\/strong> | <strong>Se faire embaucher<\/strong> - Soutenir un dipl\u00f4m\u00e9 qui fait le dernier pas dans sa profession<\/p>\n<p><strong>$1,000+<\/strong> | <strong>Cr\u00e9er une dynamique<\/strong> -Soutenir un plus grand nombre d'\u00e9tudiants tout au long de leur parcours<\/p>\n\t\t\t<a href=\"#donation-form\"  target=\"_self\">\n\t\t\t\t\t\t\tInvestir dans notre communaut\u00e9\n\t\t\t\t\t<\/a>\n<figure itemscope itemtype=\"https:\/\/schema.org\/ImageObject\">\n\t\t\t\t<img decoding=\"async\" src=\"https:\/\/www.capitalidea.org\/wp-content\/uploads\/2025\/08\/CTA-4-1.jpg\" alt=\"CTA-4 (1)\" height=\"1100\" width=\"1100\" title=\"CTA-4 (1)\" onerror=\"this.style.display='none'\" loading=\"lazy\" \/>\n\t<\/figure>\n\t\t\tDonner \u00e0 Capital IDEA\t\n<h2>\n\t\t\tPourquoi votre don est important aujourd'hui et pour notre avenir\t<\/h2>\n\t<p>Notre communaut\u00e9 a un besoin crucial de professionnels qualifi\u00e9s et nos \u00e9tudiants sont pr\u00eats \u00e0 s'engager. Avec votre soutien, ils deviendront les prochains infirmiers, techniciens informatiques et ouvriers qualifi\u00e9s qui feront tourner le Texas central.<\/p>\n<p>Soutenez leur parcours. Investissez dans votre communaut\u00e9. Voyez votre impact se multiplier.<\/p>\n\t\t\t<a href=\"#donation-form\"  target=\"_self\">\n\t\t\t\t\t\t\tFaire un don\n\t\t\t\t\t<\/a>","protected":false},"excerpt":{"rendered":"<p>Donner \u00e0 Capital IDEA Nous construisons un avenir meilleur - une classe, une carri\u00e8re \u00e0 la fois. Les dipl\u00f4m\u00e9s ont un retour sur investissement de 699% - chaque dollar que vous donnez contribue \u00e0 g\u00e9n\u00e9rer pr\u00e8s de $7 en \u00e9conomie \u00e0 long terme...<\/p>","protected":false},"author":7,"featured_media":0,"parent":0,"menu_order":24,"comment_status":"closed","ping_status":"closed","template":"","meta":{"_acf_changed":false,"_price":"","_stock":"","_tribe_ticket_header":"","_tribe_default_ticket_provider":"","_tribe_ticket_capacity":"0","_ticket_start_date":"","_ticket_end_date":"","_tribe_ticket_show_description":"","_tribe_ticket_show_not_going":false,"_tribe_ticket_use_global_stock":"","_tribe_ticket_global_stock_level":"","_global_stock_mode":"","_global_stock_cap":"","_tribe_rsvp_for_event":"","_tribe_ticket_going_count":"","_tribe_ticket_not_going_count":"","_tribe_tickets_list":"[]","_tribe_ticket_has_attendee_info_fields":false,"footnotes":""},"class_list":["post-7159","page","type-page","status-publish","hentry"],"acf":[],"yoast_head":"<!-- This site is optimized with the Yoast SEO Premium plugin v27.3 (Yoast SEO v27.3) - https:\/\/yoast.com\/product\/yoast-seo-premium-wordpress\/ -->\n<title>Donate | Capital IDEA<\/title>\n<meta name=\"robots\" content=\"index, follow, max-snippet:-1, max-image-preview:large, max-video-preview:-1\" \/>\n<link rel=\"canonical\" href=\"https:\/\/www.capitalidea.org\/fr\/donate\/\" \/>\n<meta property=\"og:locale\" content=\"fr_FR\" \/>\n<meta property=\"og:type\" content=\"article\" \/>\n<meta property=\"og:title\" content=\"Donate\" \/>\n<meta property=\"og:description\" content=\"Give to Capital IDEA We&#8217;re Building a Brighter Future-One Class, One Career at a Time. Graduates deliver a 699% ROI-every dollar you give helps generate nearly $7 in long-term economic&hellip;\" \/>\n<meta property=\"og:url\" content=\"https:\/\/www.capitalidea.org\/fr\/donate\/\" \/>\n<meta property=\"og:site_name\" content=\"Capital IDEA\" \/>\n<meta property=\"article:publisher\" content=\"https:\/\/www.facebook.com\/capitalidea.austin\/\" \/>\n<meta property=\"article:modified_time\" content=\"2026-04-16T14:38:11+00:00\" \/>\n<meta property=\"og:image\" content=\"https:\/\/www.capitalidea.org\/wp-content\/uploads\/2025\/08\/donate-1-1.png\" \/>\n<meta name=\"twitter:card\" content=\"summary_large_image\" \/>\n<meta name=\"twitter:label1\" content=\"Dur\u00e9e de lecture estim\u00e9e\" \/>\n\t<meta name=\"twitter:data1\" content=\"3 minutes\" \/>\n<script type=\"application\/ld+json\" class=\"yoast-schema-graph\">{\"@context\":\"https:\\\/\\\/schema.org\",\"@graph\":[{\"@type\":\"WebPage\",\"@id\":\"https:\\\/\\\/www.capitalidea.org\\\/donate\\\/\",\"url\":\"https:\\\/\\\/www.capitalidea.org\\\/donate\\\/\",\"name\":\"Donate | Capital IDEA\",\"isPartOf\":{\"@id\":\"https:\\\/\\\/www.capitalidea.org\\\/#website\"},\"primaryImageOfPage\":{\"@id\":\"https:\\\/\\\/www.capitalidea.org\\\/donate\\\/#primaryimage\"},\"image\":{\"@id\":\"https:\\\/\\\/www.capitalidea.org\\\/donate\\\/#primaryimage\"},\"thumbnailUrl\":\"https:\\\/\\\/www.capitalidea.org\\\/wp-content\\\/uploads\\\/2025\\\/08\\\/donate-1-1.png\",\"datePublished\":\"2025-06-13T02:08:33+00:00\",\"dateModified\":\"2026-04-16T14:38:11+00:00\",\"breadcrumb\":{\"@id\":\"https:\\\/\\\/www.capitalidea.org\\\/donate\\\/#breadcrumb\"},\"inLanguage\":\"fr-FR\",\"potentialAction\":[{\"@type\":\"ReadAction\",\"target\":[\"https:\\\/\\\/www.capitalidea.org\\\/donate\\\/\"]}]},{\"@type\":\"ImageObject\",\"inLanguage\":\"fr-FR\",\"@id\":\"https:\\\/\\\/www.capitalidea.org\\\/donate\\\/#primaryimage\",\"url\":\"https:\\\/\\\/www.capitalidea.org\\\/wp-content\\\/uploads\\\/2025\\\/08\\\/donate-1-1.png\",\"contentUrl\":\"https:\\\/\\\/www.capitalidea.org\\\/wp-content\\\/uploads\\\/2025\\\/08\\\/donate-1-1.png\"},{\"@type\":\"BreadcrumbList\",\"@id\":\"https:\\\/\\\/www.capitalidea.org\\\/donate\\\/#breadcrumb\",\"itemListElement\":[{\"@type\":\"ListItem\",\"position\":1,\"name\":\"Home\",\"item\":\"https:\\\/\\\/www.capitalidea.org\\\/\"},{\"@type\":\"ListItem\",\"position\":2,\"name\":\"Donate\"}]},{\"@type\":\"WebSite\",\"@id\":\"https:\\\/\\\/www.capitalidea.org\\\/#website\",\"url\":\"https:\\\/\\\/www.capitalidea.org\\\/\",\"name\":\"Capital IDEA\",\"description\":\"\",\"publisher\":{\"@id\":\"https:\\\/\\\/www.capitalidea.org\\\/#organization\"},\"potentialAction\":[{\"@type\":\"SearchAction\",\"target\":{\"@type\":\"EntryPoint\",\"urlTemplate\":\"https:\\\/\\\/www.capitalidea.org\\\/?s={search_term_string}\"},\"query-input\":{\"@type\":\"PropertyValueSpecification\",\"valueRequired\":true,\"valueName\":\"search_term_string\"}}],\"inLanguage\":\"fr-FR\"},{\"@type\":\"Organization\",\"@id\":\"https:\\\/\\\/www.capitalidea.org\\\/#organization\",\"name\":\"Capital IDEA\",\"url\":\"https:\\\/\\\/www.capitalidea.org\\\/\",\"logo\":{\"@type\":\"ImageObject\",\"inLanguage\":\"fr-FR\",\"@id\":\"https:\\\/\\\/www.capitalidea.org\\\/#\\\/schema\\\/logo\\\/image\\\/\",\"url\":\"https:\\\/\\\/www.capitalidea.org\\\/wp-content\\\/uploads\\\/2025\\\/06\\\/logo-mark.svg\",\"contentUrl\":\"https:\\\/\\\/www.capitalidea.org\\\/wp-content\\\/uploads\\\/2025\\\/06\\\/logo-mark.svg\",\"width\":1,\"height\":1,\"caption\":\"Capital IDEA\"},\"image\":{\"@id\":\"https:\\\/\\\/www.capitalidea.org\\\/#\\\/schema\\\/logo\\\/image\\\/\"},\"sameAs\":[\"https:\\\/\\\/www.facebook.com\\\/capitalidea.austin\\\/\",\"https:\\\/\\\/www.instagram.com\\\/capital_idea_atx\\\/\",\"https:\\\/\\\/www.linkedin.com\\\/company\\\/capital-idea_2\",\"https:\\\/\\\/www.tiktok.com\\\/@capitalidea_atx\"]}]}<\/script>\n<!-- \/ Yoast SEO Premium plugin. -->","yoast_head_json":{"title":"Faire un don \u00e0 Capital IDEA","robots":{"index":"index","follow":"follow","max-snippet":"max-snippet:-1","max-image-preview":"max-image-preview:large","max-video-preview":"max-video-preview:-1"},"canonical":"https:\/\/www.capitalidea.org\/fr\/donate\/","og_locale":"fr_FR","og_type":"article","og_title":"Donate","og_description":"Give to Capital IDEA We&#8217;re Building a Brighter Future-One Class, One Career at a Time. Graduates deliver a 699% ROI-every dollar you give helps generate nearly $7 in long-term economic&hellip;","og_url":"https:\/\/www.capitalidea.org\/fr\/donate\/","og_site_name":"Capital IDEA","article_publisher":"https:\/\/www.facebook.com\/capitalidea.austin\/","article_modified_time":"2026-04-16T14:38:11+00:00","og_image":[{"url":"https:\/\/www.capitalidea.org\/wp-content\/uploads\/2025\/08\/donate-1-1.png","type":"","width":"","height":""}],"twitter_card":"summary_large_image","twitter_misc":{"Dur\u00e9e de lecture estim\u00e9e":"3 minutes"},"schema":{"@context":"https:\/\/schema.org","@graph":[{"@type":"WebPage","@id":"https:\/\/www.capitalidea.org\/donate\/","url":"https:\/\/www.capitalidea.org\/donate\/","name":"Faire un don \u00e0 Capital IDEA","isPartOf":{"@id":"https:\/\/www.capitalidea.org\/#website"},"primaryImageOfPage":{"@id":"https:\/\/www.capitalidea.org\/donate\/#primaryimage"},"image":{"@id":"https:\/\/www.capitalidea.org\/donate\/#primaryimage"},"thumbnailUrl":"https:\/\/www.capitalidea.org\/wp-content\/uploads\/2025\/08\/donate-1-1.png","datePublished":"2025-06-13T02:08:33+00:00","dateModified":"2026-04-16T14:38:11+00:00","breadcrumb":{"@id":"https:\/\/www.capitalidea.org\/donate\/#breadcrumb"},"inLanguage":"fr-FR","potentialAction":[{"@type":"ReadAction","target":["https:\/\/www.capitalidea.org\/donate\/"]}]},{"@type":"ImageObject","inLanguage":"fr-FR","@id":"https:\/\/www.capitalidea.org\/donate\/#primaryimage","url":"https:\/\/www.capitalidea.org\/wp-content\/uploads\/2025\/08\/donate-1-1.png","contentUrl":"https:\/\/www.capitalidea.org\/wp-content\/uploads\/2025\/08\/donate-1-1.png"},{"@type":"BreadcrumbList","@id":"https:\/\/www.capitalidea.org\/donate\/#breadcrumb","itemListElement":[{"@type":"ListItem","position":1,"name":"Home","item":"https:\/\/www.capitalidea.org\/"},{"@type":"ListItem","position":2,"name":"Donate"}]},{"@type":"WebSite","@id":"https:\/\/www.capitalidea.org\/#website","url":"https:\/\/www.capitalidea.org\/","name":"Capital IDEA","description":"","publisher":{"@id":"https:\/\/www.capitalidea.org\/#organization"},"potentialAction":[{"@type":"SearchAction","target":{"@type":"EntryPoint","urlTemplate":"https:\/\/www.capitalidea.org\/?s={search_term_string}"},"query-input":{"@type":"PropertyValueSpecification","valueRequired":true,"valueName":"search_term_string"}}],"inLanguage":"fr-FR"},{"@type":"Organization","@id":"https:\/\/www.capitalidea.org\/#organization","name":"Capital IDEA","url":"https:\/\/www.capitalidea.org\/","logo":{"@type":"ImageObject","inLanguage":"fr-FR","@id":"https:\/\/www.capitalidea.org\/#\/schema\/logo\/image\/","url":"https:\/\/www.capitalidea.org\/wp-content\/uploads\/2025\/06\/logo-mark.svg","contentUrl":"https:\/\/www.capitalidea.org\/wp-content\/uploads\/2025\/06\/logo-mark.svg","width":1,"height":1,"caption":"Capital IDEA"},"image":{"@id":"https:\/\/www.capitalidea.org\/#\/schema\/logo\/image\/"},"sameAs":["https:\/\/www.facebook.com\/capitalidea.austin\/","https:\/\/www.instagram.com\/capital_idea_atx\/","https:\/\/www.linkedin.com\/company\/capital-idea_2","https:\/\/www.tiktok.com\/@capitalidea_atx"]}]}},"_links":{"self":[{"href":"https:\/\/www.capitalidea.org\/fr\/wp-json\/wp\/v2\/pages\/7159","targetHints":{"allow":["GET"]}}],"collection":[{"href":"https:\/\/www.capitalidea.org\/fr\/wp-json\/wp\/v2\/pages"}],"about":[{"href":"https:\/\/www.capitalidea.org\/fr\/wp-json\/wp\/v2\/types\/page"}],"author":[{"embeddable":true,"href":"https:\/\/www.capitalidea.org\/fr\/wp-json\/wp\/v2\/users\/7"}],"replies":[{"embeddable":true,"href":"https:\/\/www.capitalidea.org\/fr\/wp-json\/wp\/v2\/comments?post=7159"}],"version-history":[{"count":20,"href":"https:\/\/www.capitalidea.org\/fr\/wp-json\/wp\/v2\/pages\/7159\/revisions"}],"predecessor-version":[{"id":45365,"href":"https:\/\/www.capitalidea.org\/fr\/wp-json\/wp\/v2\/pages\/7159\/revisions\/45365"}],"wp:attachment":[{"href":"https:\/\/www.capitalidea.org\/fr\/wp-json\/wp\/v2\/media?parent=7159"}],"curies":[{"name":"wp","href":"https:\/\/api.w.org\/{rel}","templated":true}]}}