{"id":7163,"date":"2025-06-12T22:08:33","date_gmt":"2025-06-13T02:08:33","guid":{"rendered":"https:\/\/www.capitalidea.org\/childcare-assistance\/"},"modified":"2025-10-29T13:42:28","modified_gmt":"2025-10-29T18:42:28","slug":"childcare-assistance","status":"publish","type":"page","link":"https:\/\/www.capitalidea.org\/fr\/childcare-assistance\/","title":{"rendered":"Aide \u00e0 la garde d'enfants"},"content":{"rendered":"<img decoding=\"async\" src=\"https:\/\/www.capitalidea.org\/wp-content\/uploads\/2025\/06\/star.svg\" alt=\"star\" itemprop=\"image\" height=\"55\" width=\"57\" title=\"\u00e9toile\" onerror=\"this.style.display='none'\" loading=\"lazy\" \/>\n<h1>\n\t\t\tObtenez votre dipl\u00f4me - nous vous aidons \u00e0 garder vos enfants \t<\/h1>\n\t<p>Un soutien suppl\u00e9mentaire pour les parents qui travaillent pour rendre l'universit\u00e9 possible. Capital IDEA vous aide \u00e0 couvrir les frais de garde d'enfants afin que vous puissiez poursuivre vos \u00e9tudes et vous pr\u00e9parer \u00e0 une grande carri\u00e8re.<\/p>\n<p>Nous allons vous permettre d'acc\u00e9der \u00e0 la carri\u00e8re de vos r\u00eaves.<\/p>\n\t\t\t<a href=\"https:\/\/www.capitalidea.org\/fr\/info-sessions\/\" target=\"_self\">\n\t\t\t\t\t\t\tAssister \u00e0 une s\u00e9ance d'information\n\t\t\t\t\t<\/a>\n\t\t\tAide \u00e0 la garde d'enfants\t\n<h2>\n\t\t\tFonctionnement du processus\t<\/h2>\n\t<p>Notre sp\u00e9cialiste des programmes de garde d'enfants, Rosemary Cavazos, travaillera en \u00e9troite collaboration avec vous pour cr\u00e9er un plan adapt\u00e9 aux besoins de votre famille.<\/p>\n\t<p>Notre objectif est de mettre en place une solution de garde d'enfants fiable avant votre premier cours.<\/p>\n<h3>\n\t\t\tVoici ce \u00e0 quoi il faut s'attendre :\t<\/h3>\n\t<ul>\n\t\t<li>\t\t\n\t\t1<p>Une fois que votre navigateur de carri\u00e8re aura donn\u00e9 son accord, vous rencontrerez Rosemary.<\/p>\n<\/li><li>\t\t\n\t\t2<p>Elle vous aidera \u00e0 faire une demande de services de garde d'enfants (CCS) aupr\u00e8s de Workforce Solutions.<\/p>\n<\/li><li>\t\t\n\t\t3<p>Si vous remplissez les conditions requises, l'approbation de la CCS est acc\u00e9l\u00e9r\u00e9e pour les \u00e9tudiants de Capital IDEA.<\/p>\n<\/li><li>\t\t\n\t\t4<p>Si vous ne remplissez pas les conditions requises ou s'il y a une liste d'attente, Rosemary \u00e9tudiera avec vous d'autres options.<\/p>\n<\/li>\t<\/ul>\n\t\t\t\t<img decoding=\"async\" src=\"https:\/\/www.capitalidea.org\/wp-content\/uploads\/2025\/07\/Rosemary-1.png\" alt=\"Rosemary (1)\" itemprop=\"image\" height=\"1200\" width=\"1800\" title=\"Romarin (1)\" onerror=\"this.style.display='none'\" loading=\"lazy\" \/>\n\t\t\tAvec qui vous travaillerez\t\n<h2>\n\t\t\tRencontrez Rosemary Cavazos, sp\u00e9cialiste des programmes de garde d'enfants\t<\/h2>\n\t<p>Rosemary aide les parents de Capital IDEA \u00e0 r\u00e9ussir depuis des ann\u00e9es.<\/p>\n<p>Elle conna\u00eet le paysage local de la garde d'enfants et travaille en \u00e9troite collaboration avec chaque parent d'\u00e9l\u00e8ve pour trouver une solution fiable. Que vous fassiez une demande aupr\u00e8s de Workforce Solutions ou que vous exploriez d'autres options, Rosemary vous accompagnera \u00e0 chaque \u00e9tape et tiendra votre plan \u00e0 jour.<\/p>\n<h2>\n\t\t\tQuestions fr\u00e9quemment pos\u00e9es\t<\/h2>\n\t\t\t\t\t\t<a href=\"#\"  id=\"fl-accordion--label-0\" tabindex=\"0\" aria-controls=\"fl-accordion--panel-0\">Qui peut pr\u00e9tendre \u00e0 une aide \u00e0 la garde d'enfants ?<\/a>\n\t\t\t\t\t\t\t\t\t\t\t\t\t<a href=\"#\" id=\"fl-accordion--icon-0\"  tabindex=\"0\" aria-controls=\"fl-accordion--panel-0\"><i title=\"\u00c9largir\">\u00c9largir<\/i><\/a>\n<p>Si vous \u00eates un \u00e9tudiant de Capital IDEA et que vous avez des enfants \u00e0 charge \u00e2g\u00e9s de moins de 18 ans <strong>6 semaines et 12 ans<\/strong>vous pouvez b\u00e9n\u00e9ficier d'une aide \u00e0 la garde d'enfants qui r\u00e9duira consid\u00e9rablement vos frais de garde.<\/p>\n<p>Pour \u00eatre \u00e9ligible, vous devez<\/p>\n<ul>\n<li>\u00catre accept\u00e9 dans Capital IDEA<\/li>\n<li>Disposer d'un <strong>Carte de s\u00e9curit\u00e9 sociale<\/strong> pour chaque enfant<\/li>\n<li>Rester en r\u00e8gle alors que vous vous appr\u00eatez \u00e0 obtenir votre dipl\u00f4me<\/li>\n<\/ul>\n<p>Nous r\u00e9pondons \u00e0 vos besoins en mati\u00e8re de garde d'enfants, du premier au dernier semestre.<\/p>\n<p><a href=\"https:\/\/www.capitalidea.org\/fr\/faq\/who-qualifies-for-childcare-assistance\/\">Qui peut pr\u00e9tendre \u00e0 une aide \u00e0 la garde d'enfants ?<\/a><\/p>\t\t\t\t\t\n\t\t\t\t\t\t<a href=\"#\"  id=\"fl-accordion--label-1\" tabindex=\"0\" aria-controls=\"fl-accordion--panel-1\">Quand l'aide \u00e0 la garde d'enfants commence-t-elle ?<\/a>\n\t\t\t\t\t\t\t\t\t\t\t\t\t<a href=\"#\" id=\"fl-accordion--icon-1\"  tabindex=\"0\" aria-controls=\"fl-accordion--panel-1\"><i title=\"\u00c9largir\">\u00c9largir<\/i><\/a>\n<p>L'aide \u00e0 la garde d'enfants commence le m\u00eame semestre que l'entr\u00e9e \u00e0 l'universit\u00e9.<\/p>\n<p>Vous rencontrerez Rosemary pour cr\u00e9er ou ajuster votre plan si n\u00e9cessaire. En fonction de votre fournisseur, les contrats peuvent devoir \u00eatre renouvel\u00e9s chaque semestre ou chaque ann\u00e9e - Rosemary vous aidera \u00e0 respecter les d\u00e9lais.<\/p>\n<p><a href=\"https:\/\/www.capitalidea.org\/fr\/faq\/when-does-childcare-assistance-begin\/\">Quand l'aide \u00e0 la garde d'enfants commence-t-elle ?<\/a><\/p>\t\t\t\t\t\n\t\t\t\t\t\t<a href=\"#\"  id=\"fl-accordion--label-2\" tabindex=\"0\" aria-controls=\"fl-accordion--panel-2\">O\u00f9 mon enfant sera-t-il pris en charge ?<\/a>\n\t\t\t\t\t\t\t\t\t\t\t\t\t<a href=\"#\" id=\"fl-accordion--icon-2\"  tabindex=\"0\" aria-controls=\"fl-accordion--panel-2\"><i title=\"\u00c9largir\">\u00c9largir<\/i><\/a>\n<p>Si vous remplissez les conditions requises pour b\u00e9n\u00e9ficier du CCS, vous pourrez choisir parmi un vaste r\u00e9seau de prestataires de services de garde d'enfants agr\u00e9\u00e9s r\u00e9pertori\u00e9s sur le site Web de la <a href=\"https:\/\/www.texaschildcaresolutions.org\/child-care-availability-portal\" target=\"_blank\" rel=\"noreferrer noopener\">Portail de disponibilit\u00e9 des services de garde d'enfants au Texas<\/a>.<\/p>\n<p>D'autres options sont possibles :<\/p>\n<ul>\n<li>YMCA Extend-A-Care<\/li>\n<li>Club des gar\u00e7ons et filles<\/li>\n<li>Austin ISD Pre-K<\/li>\n<li>Programme d'aide pr\u00e9scolaire<\/li>\n<li>Garde d'enfants sur le campus de l'ACC<\/li>\n<li>Ou m\u00eame un ami de confiance ou un membre de la famille si les soins formels ne sont pas disponibles.<\/li>\n<\/ul>\n<p>Ensemble, nous trouverons l'option qui vous convient le mieux.<\/p>\n\n<p><a href=\"https:\/\/www.capitalidea.org\/fr\/faq\/where-will-my-child-receive-care\/\">O\u00f9 mon enfant sera-t-il pris en charge ?<\/a><\/p>\t\t\t\t\t\n\t\t\t\t\t\t<a href=\"#\"  id=\"fl-accordion--label-3\" tabindex=\"0\" aria-controls=\"fl-accordion--panel-3\">Pourquoi l'aide \u00e0 la garde d'enfants est-elle importante ?<\/a>\n\t\t\t\t\t\t\t\t\t\t\t\t\t<a href=\"#\" id=\"fl-accordion--icon-3\"  tabindex=\"0\" aria-controls=\"fl-accordion--panel-3\"><i title=\"\u00c9largir\">\u00c9largir<\/i><\/a>\n<p>Plus d'un tiers des \u00e9tudiants de Capital IDEA sont des parents de jeunes enfants. En l'absence de services de garde r\u00e9guliers, il est facile de prendre du retard. Avec de l'aide, vous pouvez rester sur la bonne voie et obtenir votre dipl\u00f4me \u00e0 temps.<\/p>\n<p>L'aide \u00e0 la garde d'enfants est utile :<\/p>\n<ul>\n<li>R\u00e9duire le nombre de cours manqu\u00e9s<\/li>\n<li>Am\u00e9liorer les taux d'obtention de dipl\u00f4mes<\/li>\n<li>Donnez \u00e0 toute votre famille un avenir plus solide<\/li>\n<\/ul>\n<p>Nous ne nous contentons pas de croire en votre potentiel, nous vous aidons \u00e0 le r\u00e9aliser.<\/p>\n<p><a href=\"https:\/\/www.capitalidea.org\/fr\/faq\/why-does-childcare-support-matter\/\">Pourquoi l'aide \u00e0 la garde d'enfants est-elle importante ?<\/a><\/p>\t\t\t\t\t\n\t\t\t<a href=\"https:\/\/www.capitalidea.org\/fr\/faq\/\" target=\"_self\">\n\t\t\t\t\t\t\tVoir toutes les FAQ\n\t\t\t\t\t<\/a>\n\t<p>Vous avez d'autres questions ? <a href=\"https:\/\/www.capitalidea.org\/fr\/contact-us\/\" rel=\"noopener\">Contactez nous<\/a>.<\/p>\n\t\t\t\t<img width=\"400\" height=\"400\" src=\"https:\/\/www.capitalidea.org\/wp-content\/uploads\/2025\/07\/Irene-Reyna-1.png\" alt=\"\" decoding=\"async\" loading=\"lazy\" srcset=\"https:\/\/www.capitalidea.org\/wp-content\/uploads\/2025\/07\/Irene-Reyna-1.png 400w, https:\/\/www.capitalidea.org\/wp-content\/uploads\/2025\/07\/Irene-Reyna-1-300x300.png 300w, https:\/\/www.capitalidea.org\/wp-content\/uploads\/2025\/07\/Irene-Reyna-1-150x150.png 150w, https:\/\/www.capitalidea.org\/wp-content\/uploads\/2025\/07\/Irene-Reyna-1-12x12.png 12w\" sizes=\"auto, (max-width: 400px) 100vw, 400px\" \/>\t\t\t\n\t\t\t\t<p>\"Je savais que je pouvais compter sur le soutien de Capital IDEA, par exemple si j'avais besoin d'un soutien scolaire ou d'une garde d'enfants.<\/p>\n\t\t\t\t\t\t\t\t\t\t\t\t\tIrene Reyna\n\t\t\t\t\t\t\t\t\t\t\t\t\t\t\t\t\t\t\tIA, dipl\u00f4m\u00e9e en 2007\n\t\t\t\t\t\t\t <!-- .louder_testimonial -->\n\t\t\t\t<img width=\"400\" height=\"400\" src=\"https:\/\/www.capitalidea.org\/wp-content\/uploads\/2025\/07\/Aida-Nacro-1.png\" alt=\"\" decoding=\"async\" loading=\"lazy\" srcset=\"https:\/\/www.capitalidea.org\/wp-content\/uploads\/2025\/07\/Aida-Nacro-1.png 400w, https:\/\/www.capitalidea.org\/wp-content\/uploads\/2025\/07\/Aida-Nacro-1-300x300.png 300w, https:\/\/www.capitalidea.org\/wp-content\/uploads\/2025\/07\/Aida-Nacro-1-150x150.png 150w, https:\/\/www.capitalidea.org\/wp-content\/uploads\/2025\/07\/Aida-Nacro-1-12x12.png 12w\" sizes=\"auto, (max-width: 400px) 100vw, 400px\" \/>\t\t\t\n\t\t\t\t<p>\"Je n'arrivais pas \u00e0 croire qu'ils couvriraient mes frais de scolarit\u00e9, mes droits d'inscription, mes livres et une partie de l'aide \u00e0 la garde d'enfants. C'\u00e9tait le soutien dont j'avais besoin pour enfin entreprendre la carri\u00e8re que j'avais toujours voulue.<\/p>\n\t\t\t\t\t\t\t\t\t\t\t\t\tAida Nacro\n\t\t\t\t\t\t\t\t\t\t\t\t\t\t\t\t\t\t\tAdministratrice de r\u00e9seau, dipl\u00f4m\u00e9e en 2016\n\t\t\t\t\t\t\t <!-- .louder_testimonial -->\n\t\t\t\t<img width=\"400\" height=\"400\" src=\"https:\/\/www.capitalidea.org\/wp-content\/uploads\/2025\/07\/Sarai-Anzaldo-1-1.png\" alt=\"\" decoding=\"async\" loading=\"lazy\" srcset=\"https:\/\/www.capitalidea.org\/wp-content\/uploads\/2025\/07\/Sarai-Anzaldo-1-1.png 400w, https:\/\/www.capitalidea.org\/wp-content\/uploads\/2025\/07\/Sarai-Anzaldo-1-1-300x300.png 300w, https:\/\/www.capitalidea.org\/wp-content\/uploads\/2025\/07\/Sarai-Anzaldo-1-1-150x150.png 150w, https:\/\/www.capitalidea.org\/wp-content\/uploads\/2025\/07\/Sarai-Anzaldo-1-1-12x12.png 12w\" sizes=\"auto, (max-width: 400px) 100vw, 400px\" \/>\t\t\t\n\t\t\t\t<p>\"Je peux subvenir financi\u00e8rement aux besoins de mon fils et passer du temps avec lui sans avoir \u00e0 cumuler plusieurs emplois.<\/p>\n\t\t\t\t\t\t\t\t\t\t\t\t\tSarai Anzaldo\n\t\t\t\t\t\t\t\t\t\t\t\t\t\t\t\t\t\t\tSp\u00e9cialiste en pr\u00e9vention, hygi\u00e8ne dentaire, dipl\u00f4m\u00e9 2023, Capital IDEA Alumni\n\t\t\t\t\t\t\t <!-- .louder_testimonial -->\n\t\t\t\t<img width=\"400\" height=\"400\" src=\"https:\/\/www.capitalidea.org\/wp-content\/uploads\/2025\/07\/Teresa-Garza-1.png\" alt=\"\" decoding=\"async\" loading=\"lazy\" srcset=\"https:\/\/www.capitalidea.org\/wp-content\/uploads\/2025\/07\/Teresa-Garza-1.png 400w, https:\/\/www.capitalidea.org\/wp-content\/uploads\/2025\/07\/Teresa-Garza-1-300x300.png 300w, https:\/\/www.capitalidea.org\/wp-content\/uploads\/2025\/07\/Teresa-Garza-1-150x150.png 150w, https:\/\/www.capitalidea.org\/wp-content\/uploads\/2025\/07\/Teresa-Garza-1-12x12.png 12w\" sizes=\"auto, (max-width: 400px) 100vw, 400px\" \/>\t\t\t\n\t\t\t\t<p>\"Capital IDEA m'a donn\u00e9 ma chance. Une fois qu'ils m'ont donn\u00e9 cette chance, je suis partie en courant et je ne me suis jamais arr\u00eat\u00e9e ! Parfois, il suffit qu'une personne croie en vous, juste ce qu'il faut.\"<\/p>\n\t\t\t\t\t\t\t\t\t\t\t\t\tTeresa Garza\n\t\t\t\t\t\t\t\t\t\t\t\t\t\t\t\t\t\t\tProfesseur et directrice adjointe du d\u00e9partement de radiologie, radiologie, dipl\u00f4m\u00e9e en 2001\n\t\t\t\t\t\t\t <!-- .louder_testimonial -->\n\t\t\t\t<img width=\"400\" height=\"400\" src=\"https:\/\/www.capitalidea.org\/wp-content\/uploads\/2025\/07\/Josefina-Rodriguez-1.png\" alt=\"\" decoding=\"async\" loading=\"lazy\" srcset=\"https:\/\/www.capitalidea.org\/wp-content\/uploads\/2025\/07\/Josefina-Rodriguez-1.png 400w, https:\/\/www.capitalidea.org\/wp-content\/uploads\/2025\/07\/Josefina-Rodriguez-1-300x300.png 300w, https:\/\/www.capitalidea.org\/wp-content\/uploads\/2025\/07\/Josefina-Rodriguez-1-150x150.png 150w, https:\/\/www.capitalidea.org\/wp-content\/uploads\/2025\/07\/Josefina-Rodriguez-1-12x12.png 12w\" sizes=\"auto, (max-width: 400px) 100vw, 400px\" \/>\t\t\t\n\t\t\t\t<p>\"Ce parcours est le r\u00e9sultat de l'amour et de la pers\u00e9v\u00e9rance de mes parents, de la force de mes enfants et du soutien ind\u00e9fectible de ceux qui ont cru en moi.<\/p>\n\t\t\t\t\t\t\t\t\t\t\t\t\tJosefina Rodriguez\n\t\t\t\t\t\t\t\t\t\t\t\t\t\t\t\t\t\t\tIA, dipl\u00f4m\u00e9e en 2024\n\t\t\t\t\t\t\t <!-- .louder_testimonial -->\n\t\t\t\t<img decoding=\"async\" src=\"https:\/\/www.capitalidea.org\/wp-content\/uploads\/2025\/06\/star.svg\" alt=\"star\" itemprop=\"image\" height=\"55\" width=\"57\" title=\"\u00e9toile\" onerror=\"this.style.display='none'\" loading=\"lazy\" \/>\n<h2>\n\t\t\tUn \u00e9l\u00e9ment de votre syst\u00e8me de soutien\t<\/h2>\n\t<p>L'aide \u00e0 la garde d'enfants n'est qu'une partie de l'aide globale que vous recevrez de Capital IDEA.<\/p>\n<p>Nous apportons \u00e9galement notre aide dans les domaines suivants<\/p>\n\t\t\t\t<img decoding=\"async\" src=\"https:\/\/www.capitalidea.org\/wp-content\/uploads\/2025\/07\/Tuition-Textbooks-and-Fees.png\" alt=\"Tuition Textbooks and Fees\" itemprop=\"image\" height=\"180\" width=\"180\" title=\"Frais de scolarit\u00e9 Manuels et honoraires\" onerror=\"this.style.display='none'\" loading=\"lazy\" \/>\n<h3>\n\t\t\tFrais de scolarit\u00e9, manuels et honoraires\t<\/h3>\n\t<p>Capital IDEA prend enti\u00e8rement en charge vos livres et vos frais de scolarit\u00e9, ce qui vous permet de disposer de tout ce dont vous avez besoin pour r\u00e9ussir.<\/p>\n\t\t\t<a href=\"https:\/\/www.capitalidea.org\/fr\/college-assistance\/\" target=\"_self\">\n\t\t\t\t\t\t\tEn savoir plus\n\t\t\t\t\t<\/a>\n\t\t\t\t<img decoding=\"async\" src=\"https:\/\/www.capitalidea.org\/wp-content\/uploads\/2025\/07\/Career-Planning-and-Job-Placement.png\" alt=\"Career Planning and Job Placement\" itemprop=\"image\" height=\"180\" width=\"180\" title=\"Planification de carri\u00e8re et placement\" onerror=\"this.style.display='none'\" loading=\"lazy\" \/>\n<h3>\n\t\t\tPlanification de carri\u00e8re et placement\t<\/h3>\n\t<p>Passez du statut d'\u00e9tudiant \u00e0 celui de professionnel en toute confiance gr\u00e2ce aux services d'orientation professionnelle d'edicated.<\/p>\n\t\t\t<a href=\"https:\/\/www.capitalidea.org\/fr\/career-placement\/\" target=\"_self\">\n\t\t\t\t\t\t\tEn savoir plus\n\t\t\t\t\t<\/a>\n\t\t\t\t<img decoding=\"async\" src=\"https:\/\/www.capitalidea.org\/wp-content\/uploads\/2025\/07\/Guidance-and-Assistance-1.png\" alt=\"Guidance and Assistance-1\" itemprop=\"image\" height=\"180\" width=\"180\" title=\"Orientation et assistance-1\" onerror=\"this.style.display='none'\" loading=\"lazy\" \/>\n<h3>\n\t\t\tOrientation professionnelle\t<\/h3>\n\t<p>Restez sur la bonne voie gr\u00e2ce au soutien permanent de votre Navigateur de carri\u00e8re, votre guide de r\u00e9f\u00e9rence pour la r\u00e9ussite.<\/p>\n\t\t\t<a href=\"https:\/\/www.capitalidea.org\/fr\/career-navigator\/\" target=\"_self\">\n\t\t\t\t\t\t\tEn savoir plus\n\t\t\t\t\t<\/a>\n\t\t\t\t<img decoding=\"async\" src=\"https:\/\/www.capitalidea.org\/wp-content\/uploads\/2025\/07\/CTA-4-1.png\" alt=\"CTA-4 (1)\" itemprop=\"image\" height=\"1100\" width=\"1100\" title=\"CTA-4 (1)\" onerror=\"this.style.display='none'\" loading=\"lazy\" \/>\n\t\t\tCommencer\t\n<h2>\n\t\t\tPassez \u00e0 l'\u00e9tape suivante pour vous et votre famille\t<\/h2>\n\t<p>Participez \u00e0 une s\u00e9ance d'information gratuite pour d\u00e9couvrir le fonctionnement de Capital IDEA, poser des questions et voir si vous \u00eates \u00e9ligible.<\/p>\n<p><strong>Nous sommes pr\u00eats quand vous l'\u00eates.<\/strong><\/p>\n\t\t\t<a href=\"https:\/\/www.capitalidea.org\/fr\/info-sessions\/\" target=\"_self\">\n\t\t\t\t\t\t\tAssister \u00e0 une s\u00e9ance d'information\n\t\t\t\t\t<\/a>","protected":false},"excerpt":{"rendered":"<p>Obtenez votre dipl\u00f4me - Nous vous aidons \u00e0 payer les frais de garde d'enfants Un soutien suppl\u00e9mentaire pour les parents qui s'efforcent de rendre l'universit\u00e9 possible. Capital IDEA vous aide \u00e0 couvrir les frais de garde d'enfants afin que vous puissiez poursuivre vos \u00e9tudes et pr\u00e9parer...<\/p>","protected":false},"author":7,"featured_media":0,"parent":0,"menu_order":28,"comment_status":"closed","ping_status":"closed","template":"","meta":{"_acf_changed":false,"_price":"","_stock":"","_tribe_ticket_header":"","_tribe_default_ticket_provider":"","_tribe_ticket_capacity":"0","_ticket_start_date":"","_ticket_end_date":"","_tribe_ticket_show_description":"","_tribe_ticket_show_not_going":false,"_tribe_ticket_use_global_stock":"","_tribe_ticket_global_stock_level":"","_global_stock_mode":"","_global_stock_cap":"","_tribe_rsvp_for_event":"","_tribe_ticket_going_count":"","_tribe_ticket_not_going_count":"","_tribe_tickets_list":"[]","_tribe_ticket_has_attendee_info_fields":false,"footnotes":""},"class_list":["post-7163","page","type-page","status-publish","hentry"],"acf":[],"yoast_head":"<!-- This site is optimized with the Yoast SEO Premium plugin v27.3 (Yoast SEO v27.3) - https:\/\/yoast.com\/product\/yoast-seo-premium-wordpress\/ -->\n<title>Childcare Assistance | Capital IDEA<\/title>\n<meta name=\"robots\" content=\"index, follow, max-snippet:-1, max-image-preview:large, max-video-preview:-1\" \/>\n<link rel=\"canonical\" href=\"https:\/\/www.capitalidea.org\/fr\/childcare-assistance\/\" \/>\n<meta property=\"og:locale\" content=\"fr_FR\" \/>\n<meta property=\"og:type\" content=\"article\" \/>\n<meta property=\"og:title\" content=\"Childcare Assistance\" \/>\n<meta property=\"og:description\" content=\"Earn Your Degree-We&#8217;ll Help with Childcare Extra support for parents working to make college possible. Capital IDEA helps you cover childcare costs so you can pursue your education and prepare&hellip;\" \/>\n<meta property=\"og:url\" content=\"https:\/\/www.capitalidea.org\/fr\/childcare-assistance\/\" \/>\n<meta property=\"og:site_name\" content=\"Capital IDEA\" \/>\n<meta property=\"article:publisher\" content=\"https:\/\/www.facebook.com\/capitalidea.austin\/\" \/>\n<meta property=\"article:modified_time\" content=\"2025-10-29T18:42:28+00:00\" \/>\n<meta property=\"og:image\" content=\"https:\/\/www.capitalidea.org\/wp-content\/uploads\/2025\/06\/star.svg\" \/>\n<meta name=\"twitter:card\" content=\"summary_large_image\" \/>\n<meta name=\"twitter:label1\" content=\"Dur\u00e9e de lecture estim\u00e9e\" \/>\n\t<meta name=\"twitter:data1\" content=\"6 minutes\" \/>\n<script type=\"application\/ld+json\" class=\"yoast-schema-graph\">{\"@context\":\"https:\\\/\\\/schema.org\",\"@graph\":[{\"@type\":\"WebPage\",\"@id\":\"https:\\\/\\\/www.capitalidea.org\\\/childcare-assistance\\\/\",\"url\":\"https:\\\/\\\/www.capitalidea.org\\\/childcare-assistance\\\/\",\"name\":\"Childcare Assistance | Capital IDEA\",\"isPartOf\":{\"@id\":\"https:\\\/\\\/www.capitalidea.org\\\/#website\"},\"primaryImageOfPage\":{\"@id\":\"https:\\\/\\\/www.capitalidea.org\\\/childcare-assistance\\\/#primaryimage\"},\"image\":{\"@id\":\"https:\\\/\\\/www.capitalidea.org\\\/childcare-assistance\\\/#primaryimage\"},\"thumbnailUrl\":\"https:\\\/\\\/www.capitalidea.org\\\/wp-content\\\/uploads\\\/2025\\\/06\\\/star.svg\",\"datePublished\":\"2025-06-13T02:08:33+00:00\",\"dateModified\":\"2025-10-29T18:42:28+00:00\",\"breadcrumb\":{\"@id\":\"https:\\\/\\\/www.capitalidea.org\\\/childcare-assistance\\\/#breadcrumb\"},\"inLanguage\":\"fr-FR\",\"potentialAction\":[{\"@type\":\"ReadAction\",\"target\":[\"https:\\\/\\\/www.capitalidea.org\\\/childcare-assistance\\\/\"]}]},{\"@type\":\"ImageObject\",\"inLanguage\":\"fr-FR\",\"@id\":\"https:\\\/\\\/www.capitalidea.org\\\/childcare-assistance\\\/#primaryimage\",\"url\":\"https:\\\/\\\/www.capitalidea.org\\\/wp-content\\\/uploads\\\/2025\\\/06\\\/star.svg\",\"contentUrl\":\"https:\\\/\\\/www.capitalidea.org\\\/wp-content\\\/uploads\\\/2025\\\/06\\\/star.svg\"},{\"@type\":\"BreadcrumbList\",\"@id\":\"https:\\\/\\\/www.capitalidea.org\\\/childcare-assistance\\\/#breadcrumb\",\"itemListElement\":[{\"@type\":\"ListItem\",\"position\":1,\"name\":\"Home\",\"item\":\"https:\\\/\\\/www.capitalidea.org\\\/\"},{\"@type\":\"ListItem\",\"position\":2,\"name\":\"Childcare Assistance\"}]},{\"@type\":\"WebSite\",\"@id\":\"https:\\\/\\\/www.capitalidea.org\\\/#website\",\"url\":\"https:\\\/\\\/www.capitalidea.org\\\/\",\"name\":\"Capital IDEA\",\"description\":\"\",\"publisher\":{\"@id\":\"https:\\\/\\\/www.capitalidea.org\\\/#organization\"},\"potentialAction\":[{\"@type\":\"SearchAction\",\"target\":{\"@type\":\"EntryPoint\",\"urlTemplate\":\"https:\\\/\\\/www.capitalidea.org\\\/?s={search_term_string}\"},\"query-input\":{\"@type\":\"PropertyValueSpecification\",\"valueRequired\":true,\"valueName\":\"search_term_string\"}}],\"inLanguage\":\"fr-FR\"},{\"@type\":\"Organization\",\"@id\":\"https:\\\/\\\/www.capitalidea.org\\\/#organization\",\"name\":\"Capital IDEA\",\"url\":\"https:\\\/\\\/www.capitalidea.org\\\/\",\"logo\":{\"@type\":\"ImageObject\",\"inLanguage\":\"fr-FR\",\"@id\":\"https:\\\/\\\/www.capitalidea.org\\\/#\\\/schema\\\/logo\\\/image\\\/\",\"url\":\"https:\\\/\\\/www.capitalidea.org\\\/wp-content\\\/uploads\\\/2025\\\/06\\\/logo-mark.svg\",\"contentUrl\":\"https:\\\/\\\/www.capitalidea.org\\\/wp-content\\\/uploads\\\/2025\\\/06\\\/logo-mark.svg\",\"width\":1,\"height\":1,\"caption\":\"Capital IDEA\"},\"image\":{\"@id\":\"https:\\\/\\\/www.capitalidea.org\\\/#\\\/schema\\\/logo\\\/image\\\/\"},\"sameAs\":[\"https:\\\/\\\/www.facebook.com\\\/capitalidea.austin\\\/\",\"https:\\\/\\\/www.instagram.com\\\/capital_idea_atx\\\/\",\"https:\\\/\\\/www.linkedin.com\\\/company\\\/capital-idea_2\",\"https:\\\/\\\/www.tiktok.com\\\/@capitalidea_atx\"]}]}<\/script>\n<!-- \/ Yoast SEO Premium plugin. -->","yoast_head_json":{"title":"Aide \u00e0 la garde d'enfants | Capital IDEA","robots":{"index":"index","follow":"follow","max-snippet":"max-snippet:-1","max-image-preview":"max-image-preview:large","max-video-preview":"max-video-preview:-1"},"canonical":"https:\/\/www.capitalidea.org\/fr\/childcare-assistance\/","og_locale":"fr_FR","og_type":"article","og_title":"Childcare Assistance","og_description":"Earn Your Degree-We&#8217;ll Help with Childcare Extra support for parents working to make college possible. Capital IDEA helps you cover childcare costs so you can pursue your education and prepare&hellip;","og_url":"https:\/\/www.capitalidea.org\/fr\/childcare-assistance\/","og_site_name":"Capital IDEA","article_publisher":"https:\/\/www.facebook.com\/capitalidea.austin\/","article_modified_time":"2025-10-29T18:42:28+00:00","og_image":[{"url":"https:\/\/www.capitalidea.org\/wp-content\/uploads\/2025\/06\/star.svg","type":"","width":"","height":""}],"twitter_card":"summary_large_image","twitter_misc":{"Dur\u00e9e de lecture estim\u00e9e":"6 minutes"},"schema":{"@context":"https:\/\/schema.org","@graph":[{"@type":"WebPage","@id":"https:\/\/www.capitalidea.org\/childcare-assistance\/","url":"https:\/\/www.capitalidea.org\/childcare-assistance\/","name":"Aide \u00e0 la garde d'enfants | Capital IDEA","isPartOf":{"@id":"https:\/\/www.capitalidea.org\/#website"},"primaryImageOfPage":{"@id":"https:\/\/www.capitalidea.org\/childcare-assistance\/#primaryimage"},"image":{"@id":"https:\/\/www.capitalidea.org\/childcare-assistance\/#primaryimage"},"thumbnailUrl":"https:\/\/www.capitalidea.org\/wp-content\/uploads\/2025\/06\/star.svg","datePublished":"2025-06-13T02:08:33+00:00","dateModified":"2025-10-29T18:42:28+00:00","breadcrumb":{"@id":"https:\/\/www.capitalidea.org\/childcare-assistance\/#breadcrumb"},"inLanguage":"fr-FR","potentialAction":[{"@type":"ReadAction","target":["https:\/\/www.capitalidea.org\/childcare-assistance\/"]}]},{"@type":"ImageObject","inLanguage":"fr-FR","@id":"https:\/\/www.capitalidea.org\/childcare-assistance\/#primaryimage","url":"https:\/\/www.capitalidea.org\/wp-content\/uploads\/2025\/06\/star.svg","contentUrl":"https:\/\/www.capitalidea.org\/wp-content\/uploads\/2025\/06\/star.svg"},{"@type":"BreadcrumbList","@id":"https:\/\/www.capitalidea.org\/childcare-assistance\/#breadcrumb","itemListElement":[{"@type":"ListItem","position":1,"name":"Home","item":"https:\/\/www.capitalidea.org\/"},{"@type":"ListItem","position":2,"name":"Childcare Assistance"}]},{"@type":"WebSite","@id":"https:\/\/www.capitalidea.org\/#website","url":"https:\/\/www.capitalidea.org\/","name":"Capital IDEA","description":"","publisher":{"@id":"https:\/\/www.capitalidea.org\/#organization"},"potentialAction":[{"@type":"SearchAction","target":{"@type":"EntryPoint","urlTemplate":"https:\/\/www.capitalidea.org\/?s={search_term_string}"},"query-input":{"@type":"PropertyValueSpecification","valueRequired":true,"valueName":"search_term_string"}}],"inLanguage":"fr-FR"},{"@type":"Organization","@id":"https:\/\/www.capitalidea.org\/#organization","name":"Capital IDEA","url":"https:\/\/www.capitalidea.org\/","logo":{"@type":"ImageObject","inLanguage":"fr-FR","@id":"https:\/\/www.capitalidea.org\/#\/schema\/logo\/image\/","url":"https:\/\/www.capitalidea.org\/wp-content\/uploads\/2025\/06\/logo-mark.svg","contentUrl":"https:\/\/www.capitalidea.org\/wp-content\/uploads\/2025\/06\/logo-mark.svg","width":1,"height":1,"caption":"Capital IDEA"},"image":{"@id":"https:\/\/www.capitalidea.org\/#\/schema\/logo\/image\/"},"sameAs":["https:\/\/www.facebook.com\/capitalidea.austin\/","https:\/\/www.instagram.com\/capital_idea_atx\/","https:\/\/www.linkedin.com\/company\/capital-idea_2","https:\/\/www.tiktok.com\/@capitalidea_atx"]}]}},"_links":{"self":[{"href":"https:\/\/www.capitalidea.org\/fr\/wp-json\/wp\/v2\/pages\/7163","targetHints":{"allow":["GET"]}}],"collection":[{"href":"https:\/\/www.capitalidea.org\/fr\/wp-json\/wp\/v2\/pages"}],"about":[{"href":"https:\/\/www.capitalidea.org\/fr\/wp-json\/wp\/v2\/types\/page"}],"author":[{"embeddable":true,"href":"https:\/\/www.capitalidea.org\/fr\/wp-json\/wp\/v2\/users\/7"}],"replies":[{"embeddable":true,"href":"https:\/\/www.capitalidea.org\/fr\/wp-json\/wp\/v2\/comments?post=7163"}],"version-history":[{"count":12,"href":"https:\/\/www.capitalidea.org\/fr\/wp-json\/wp\/v2\/pages\/7163\/revisions"}],"predecessor-version":[{"id":44364,"href":"https:\/\/www.capitalidea.org\/fr\/wp-json\/wp\/v2\/pages\/7163\/revisions\/44364"}],"wp:attachment":[{"href":"https:\/\/www.capitalidea.org\/fr\/wp-json\/wp\/v2\/media?parent=7163"}],"curies":[{"name":"wp","href":"https:\/\/api.w.org\/{rel}","templated":true}]}}