{"id":7164,"date":"2025-06-12T22:08:33","date_gmt":"2025-06-13T02:08:33","guid":{"rendered":"https:\/\/www.capitalidea.org\/career-placement\/"},"modified":"2025-10-29T13:46:36","modified_gmt":"2025-10-29T18:46:36","slug":"career-placement","status":"publish","type":"page","link":"https:\/\/www.capitalidea.org\/fr\/career-placement\/","title":{"rendered":"Placement professionnel"},"content":{"rendered":"<img decoding=\"async\" src=\"https:\/\/www.capitalidea.org\/wp-content\/uploads\/2025\/06\/star.svg\" alt=\"star\" itemprop=\"image\" height=\"55\" width=\"57\" title=\"\u00e9toile\" onerror=\"this.style.display='none'\" loading=\"lazy\" \/>\n<h1>\n\t\t\tObtenir un emploi apr\u00e8s l'obtention du dipl\u00f4me gr\u00e2ce \u00e0 l'aide au placement\t<\/h1>\n\t<p><strong>Nous ne nous arr\u00eatons pas \u00e0 l'universit\u00e9 - nous vous aidons \u00e0 vous faire embaucher.<\/strong> L'obtention d'un dipl\u00f4me est une \u00e9tape importante, mais ce n'est pas la fin de votre parcours. Capital IDEA propose des services de placement professionnel sp\u00e9cialis\u00e9s pour vous aider \u00e0 passer du statut d'\u00e9tudiant \u00e0 celui de professionnel en toute confiance.<\/p>\n\t\t\t<a href=\"https:\/\/www.capitalidea.org\/fr\/info-sessions\/\" target=\"_self\">\n\t\t\t\t\t\t\tAssister \u00e0 une s\u00e9ance d'information\n\t\t\t\t\t<\/a>\n\t\t\tPlacement professionnel\t\n<h2>\n\t\t\tComment nous vous aidons \u00e0 \u00eatre embauch\u00e9\t<\/h2>\n\t<p>De l'aide \u00e0 la pr\u00e9paration de votre CV \u00e0 la c\u00e9l\u00e9bration de votre offre d'emploi, Capital IDEA vous soutient \u00e0 chaque \u00e9tape de votre recherche d'emploi.<\/p>\n\t<p>Que vous vous dirigiez vers les soins de sant\u00e9, les technologies de l'information, les sciences appliqu\u00e9es, l'industrie manufacturi\u00e8re ou tout autre parcours professionnel soutenu, nous sommes l\u00e0 pour vous aider \u00e0 r\u00e9ussir.<\/p>\n\t<ul>\n\t\t\t\t\t<li>\n\t\t\t\t<p>Une personnalisation <strong>liste de contr\u00f4le pour le placement professionnel<\/strong> pour guider votre recherche d'emploi<\/p>\n\t\t\t<\/li>\n\t\t\t\t\t<li>\n\t\t\t\t<p>En t\u00eate-\u00e0-t\u00eate <strong>l'\u00e9laboration et l'examen du curriculum vitae<\/strong><\/p>\n\t\t\t<\/li>\n\t\t\t\t\t<li>\n\t\t\t\t<p><strong>Coaching d'entretien<\/strong> et les meilleures pratiques de LinkedIn<\/p>\n\t\t\t<\/li>\n\t\t\t\t\t<li>\n\t\t\t\t<p>L'acc\u00e8s \u00e0<strong> des offres d'emploi correspondant \u00e0 vos objectifs<\/strong><\/p>\n\t\t\t<\/li>\n\t\t\t\t\t<li>\n\t\t\t\t<p>Soutien jusqu'\u00e0 l'obtention du poste et apr\u00e8s<\/p>\n\t\t\t<\/li>\n\t\t\t<\/ul>\n\t\t\t\t<img decoding=\"async\" src=\"https:\/\/www.capitalidea.org\/wp-content\/uploads\/2025\/07\/Ron-1.png\" alt=\"Ron (1)\" itemprop=\"image\" height=\"1200\" width=\"1800\" title=\"Ron (1)\" onerror=\"this.style.display='none'\" loading=\"lazy\" \/>\n\t\t\tAvec qui vous travaillerez\t\n<h2>\n\t\t\tRencontre avec Ron Modesty, coordinateur principal des employeurs\t<\/h2>\n\t<p>Avec plus de 25 ans d'exp\u00e9rience \u00e0 Capital IDEA, Ron est un pro de la mise en relation des dipl\u00f4m\u00e9s avec les employeurs locaux et de l'accompagnement professionnel efficace.<\/p>\n<p>Il a plac\u00e9 des centaines d'\u00e9tudiants dans des stages et des emplois, et il travaillera directement avec vous pour \u00e9laborer un plan, trouver des pistes et perfectionner vos comp\u00e9tences en mati\u00e8re de recherche d'emploi.<\/p>\n<h2>\n\t\t\tQuestions fr\u00e9quemment pos\u00e9es\t<\/h2>\n\t\t\t\t\t\t<a href=\"#\"  id=\"fl-accordion--label-0\" tabindex=\"0\" aria-controls=\"fl-accordion--panel-0\">Quand le placement professionnel commence-t-il ?<\/a>\n\t\t\t\t\t\t\t\t\t\t\t\t\t<a href=\"#\" id=\"fl-accordion--icon-0\"  tabindex=\"0\" aria-controls=\"fl-accordion--panel-0\"><i title=\"\u00c9largir\">\u00c9largir<\/i><\/a>\n<p>Vous rencontrerez Ron pour la premi\u00e8re fois avant votre dernier semestre d'\u00e9tudes. Au cours de ce semestre, vous pr\u00e9parerez tout ce qu'il faut pour commencer \u00e0 postuler et, dans de nombreux cas, commencer \u00e0 passer des entretiens avant l'obtention de votre dipl\u00f4me.<\/p>\n<p>Pour certains \u00e9tudiants, en particulier dans le domaine de la sant\u00e9, les offres d'emploi arrivent rapidement. D'autres peuvent poursuivre leur recherche d'emploi pendant quelques semaines ou quelques mois apr\u00e8s l'obtention de leur dipl\u00f4me. Dans tous les cas, nous restons \u00e0 vos c\u00f4t\u00e9s jusqu'\u00e0 ce que vous soyez embauch\u00e9.<\/p>\n<p><a href=\"https:\/\/www.capitalidea.org\/fr\/faq\/when-does-career-placement-begin\/\">Quand le placement professionnel commence-t-il ?<\/a><\/p>\t\t\t\t\t\n\t\t\t\t\t\t<a href=\"#\"  id=\"fl-accordion--label-1\" tabindex=\"0\" aria-controls=\"fl-accordion--panel-1\">O\u00f9 nos dipl\u00f4m\u00e9s sont-ils embauch\u00e9s ?<\/a>\n\t\t\t\t\t\t\t\t\t\t\t\t\t<a href=\"#\" id=\"fl-accordion--icon-1\"  tabindex=\"0\" aria-controls=\"fl-accordion--panel-1\"><i title=\"\u00c9largir\">\u00c9largir<\/i><\/a>\n<p>Capital IDEA entretient des relations \u00e9troites avec les meilleurs employeurs de Central Texas. Nos dipl\u00f4m\u00e9s sont all\u00e9s travailler pour certains des meilleurs employeurs de la r\u00e9gion.<\/p>\n<ul>\n<li><strong>Soins de sant\u00e9<\/strong> David's HealthCare, CommUnityCare, Baylor Scott &amp; White Health, etc.<\/li>\n<li><strong>Technologie et entreprises : <\/strong>VISA, Indeed, Spectrum et d'autres employeurs de premier plan ayant des bureaux \u00e0 Austin et ailleurs.<\/li>\n<li><strong>Secteur public et organisations \u00e0 but non lucratif :<\/strong> Austin ISD, Austin Community College, Lifeworks, Travis County, la ville d'Austin, etc.<\/li>\n<\/ul>\n<p><a href=\"https:\/\/www.capitalidea.org\/fr\/faq\/where-do-our-graduates-get-hired\/\">O\u00f9 nos dipl\u00f4m\u00e9s sont-ils embauch\u00e9s ?<\/a><\/p>\t\t\t\t\t\n\t\t\t\t\t\t<a href=\"#\"  id=\"fl-accordion--label-2\" tabindex=\"0\" aria-controls=\"fl-accordion--panel-2\">Pourquoi nous concentrons-nous sur l'emploi ?<\/a>\n\t\t\t\t\t\t\t\t\t\t\t\t\t<a href=\"#\" id=\"fl-accordion--icon-2\"  tabindex=\"0\" aria-controls=\"fl-accordion--panel-2\"><i title=\"\u00c9largir\">\u00c9largir<\/i><\/a>\n<p>Capital IDEA est une organisation \u00e0 but non lucratif de d\u00e9veloppement de la main-d'\u0153uvre. Cela signifie que notre succ\u00e8s est mesur\u00e9 non seulement par l'obtention d'un dipl\u00f4me, mais aussi par l'emploi.<\/p>\n<p>Nous travaillons en \u00e9troite collaboration avec des employeurs qui ont besoin de professionnels qualifi\u00e9s dans des domaines tels que la sant\u00e9, la technologie et les m\u00e9tiers - des domaines qui offrent des salaires comp\u00e9titifs, des avantages sociaux et des opportunit\u00e9s \u00e0 long terme. Lorsque vous occupez l'un de ces postes essentiels, c'est toute la communaut\u00e9 qui en b\u00e9n\u00e9ficie.<\/p>\n<p>En vous aidant \u00e0 r\u00e9ussir, nous contribuons \u00e0 la prosp\u00e9rit\u00e9 du Texas central.<\/p>\n<p><a href=\"https:\/\/www.capitalidea.org\/fr\/career-directory\/\">D\u00e9couvrez notre annuaire des carri\u00e8res sponsoris\u00e9es<\/a>.<\/p>\n\n<p><a href=\"https:\/\/www.capitalidea.org\/fr\/faq\/why-do-we-focus-on-employment\/\">Pourquoi nous concentrons-nous sur l'emploi ?<\/a><\/p>\t\t\t\t\t\n\t<p>Vous avez d'autres questions ? <a href=\"https:\/\/www.capitalidea.org\/fr\/contact-us\/\" rel=\"noopener\">Contactez nous<\/a>.<\/p>\n\t\t\t\t<img width=\"400\" height=\"400\" src=\"https:\/\/www.capitalidea.org\/wp-content\/uploads\/2025\/07\/Jeremy-Acosta-1.png\" alt=\"\" decoding=\"async\" loading=\"lazy\" srcset=\"https:\/\/www.capitalidea.org\/wp-content\/uploads\/2025\/07\/Jeremy-Acosta-1.png 400w, https:\/\/www.capitalidea.org\/wp-content\/uploads\/2025\/07\/Jeremy-Acosta-1-300x300.png 300w, https:\/\/www.capitalidea.org\/wp-content\/uploads\/2025\/07\/Jeremy-Acosta-1-150x150.png 150w, https:\/\/www.capitalidea.org\/wp-content\/uploads\/2025\/07\/Jeremy-Acosta-1-12x12.png 12w\" sizes=\"auto, (max-width: 400px) 100vw, 400px\" \/>\t\t\t\n\t\t\t\t<p>\"Jusqu'\u00e0 pr\u00e9sent, j'ai obtenu quatre augmentations de salaire et j'ai \u00e9t\u00e9 \u00e9lue, en quelque sorte, employ\u00e9e du mois. Je ne lutte plus comme avant. Il n'a pas \u00e9t\u00e9 facile d'arriver ici, mais maintenant, je trouve qu'il est tr\u00e8s facile de faire ce travail que j'aime.\"<\/p>\n\t\t\t\t\t\t\t\t\t\t\t\t\tJeremy Acosta\n\t\t\t\t\t\t\t\t\t\t\t\t\t\t\t\t\t\t\tAdministrateur r\u00e9seau, dipl\u00f4m\u00e9 en 2017\n\t\t\t\t\t\t\t <!-- .louder_testimonial -->\n\t\t\t\t<img width=\"400\" height=\"400\" src=\"https:\/\/www.capitalidea.org\/wp-content\/uploads\/2025\/07\/Aida-Nacro-1.png\" alt=\"\" decoding=\"async\" loading=\"lazy\" srcset=\"https:\/\/www.capitalidea.org\/wp-content\/uploads\/2025\/07\/Aida-Nacro-1.png 400w, https:\/\/www.capitalidea.org\/wp-content\/uploads\/2025\/07\/Aida-Nacro-1-300x300.png 300w, https:\/\/www.capitalidea.org\/wp-content\/uploads\/2025\/07\/Aida-Nacro-1-150x150.png 150w, https:\/\/www.capitalidea.org\/wp-content\/uploads\/2025\/07\/Aida-Nacro-1-12x12.png 12w\" sizes=\"auto, (max-width: 400px) 100vw, 400px\" \/>\t\t\t\n\t\t\t\t<p>\"J'ai \u00e9t\u00e9 accept\u00e9e \u00e0 Capital IDEA et j'ai d\u00e9cid\u00e9 de suivre mon c\u0153ur et d'obtenir un dipl\u00f4me en administration de r\u00e9seaux. Mon navigateur de carri\u00e8re m'a beaucoup soutenue et Ron, le coordinateur des employeurs, m'a aid\u00e9e \u00e0 obtenir un stage r\u00e9mun\u00e9r\u00e9, ce qui m'a permis d'acqu\u00e9rir une exp\u00e9rience pratique.\"<\/p>\n\t\t\t\t\t\t\t\t\t\t\t\t\tAida Nacro\n\t\t\t\t\t\t\t\t\t\t\t\t\t\t\t\t\t\t\tAdministratrice de r\u00e9seau, dipl\u00f4m\u00e9e en 2016\n\t\t\t\t\t\t\t <!-- .louder_testimonial -->\n\t\t\t\t<img width=\"400\" height=\"400\" src=\"https:\/\/www.capitalidea.org\/wp-content\/uploads\/2025\/07\/Jaime-Martinez-1.png\" alt=\"\" decoding=\"async\" loading=\"lazy\" srcset=\"https:\/\/www.capitalidea.org\/wp-content\/uploads\/2025\/07\/Jaime-Martinez-1.png 400w, https:\/\/www.capitalidea.org\/wp-content\/uploads\/2025\/07\/Jaime-Martinez-1-300x300.png 300w, https:\/\/www.capitalidea.org\/wp-content\/uploads\/2025\/07\/Jaime-Martinez-1-150x150.png 150w, https:\/\/www.capitalidea.org\/wp-content\/uploads\/2025\/07\/Jaime-Martinez-1-12x12.png 12w\" sizes=\"auto, (max-width: 400px) 100vw, 400px\" \/>\t\t\t\n\t\t\t\t<p>\"N'est-il pas incroyable de croire que quelqu'un puisse passer d'une ferme d'une petite ville du Mexique \u00e0 un emploi bien r\u00e9mun\u00e9r\u00e9 dans l'une des plus grandes soci\u00e9t\u00e9s informatiques du pays ? Je suis tellement reconnaissant et fier d'\u00eatre un dipl\u00f4m\u00e9 de Capital IDEA\".<\/p>\n\t\t\t\t\t\t\t\t\t\t\t\t\tJaime Martinez\n\t\t\t\t\t\t\t\t\t\t\t\t\t\t\t\t\t\t\tConseiller principal pour la gestion de projets, IT, dipl\u00f4m\u00e9 en 2003\n\t\t\t\t\t\t\t <!-- .louder_testimonial -->\n\t\t\t\t<img width=\"400\" height=\"400\" src=\"https:\/\/www.capitalidea.org\/wp-content\/uploads\/2025\/07\/Shahida-Ferdous-1.png\" alt=\"\" decoding=\"async\" loading=\"lazy\" srcset=\"https:\/\/www.capitalidea.org\/wp-content\/uploads\/2025\/07\/Shahida-Ferdous-1.png 400w, https:\/\/www.capitalidea.org\/wp-content\/uploads\/2025\/07\/Shahida-Ferdous-1-300x300.png 300w, https:\/\/www.capitalidea.org\/wp-content\/uploads\/2025\/07\/Shahida-Ferdous-1-150x150.png 150w, https:\/\/www.capitalidea.org\/wp-content\/uploads\/2025\/07\/Shahida-Ferdous-1-12x12.png 12w\" sizes=\"auto, (max-width: 400px) 100vw, 400px\" \/>\t\t\t\n\t\t\t\t<p>\"Je n'\u00e9tais pas encore s\u00fbre de pouvoir le faire, mais Janie m'a rassur\u00e9e en me disant que j'en \u00e9tais capable et que je finirais par trouver un bon emploi.<\/p>\n\t\t\t\t\t\t\t\t\t\t\t\t\tShahida Ferdous\n\t\t\t\t\t\t\t\t\t\t\t\t\t\t\t\t\t\t\tAdministration des r\u00e9seaux, dipl\u00f4m\u00e9e en 2022\n\t\t\t\t\t\t\t <!-- .louder_testimonial -->\n\t\t\t\t<img width=\"400\" height=\"400\" src=\"https:\/\/www.capitalidea.org\/wp-content\/uploads\/2025\/07\/Julio-Gutierrez-1.png\" alt=\"\" decoding=\"async\" loading=\"lazy\" srcset=\"https:\/\/www.capitalidea.org\/wp-content\/uploads\/2025\/07\/Julio-Gutierrez-1.png 400w, https:\/\/www.capitalidea.org\/wp-content\/uploads\/2025\/07\/Julio-Gutierrez-1-300x300.png 300w, https:\/\/www.capitalidea.org\/wp-content\/uploads\/2025\/07\/Julio-Gutierrez-1-150x150.png 150w, https:\/\/www.capitalidea.org\/wp-content\/uploads\/2025\/07\/Julio-Gutierrez-1-12x12.png 12w\" sizes=\"auto, (max-width: 400px) 100vw, 400px\" \/>\t\t\t\n\t\t\t\t<p>\"Capital IDEA m'a aid\u00e9 \u00e0 payer mon dipl\u00f4me en fabrication avanc\u00e9e ! J'ai maintenant de nombreuses possibilit\u00e9s d'emploi ; j'essaie d'obtenir un emploi chez Exxon Mobile\".  <\/p>\n\t\t\t\t\t\t\t\t\t\t\t\t\tJulio Gutierrez\n\t\t\t\t\t\t\t\t\t\t\t\t\t\t\t\t\t\t\tFabrication avanc\u00e9e\n\t\t\t\t\t\t\t <!-- .louder_testimonial -->\n\t\t\t\t<img decoding=\"async\" src=\"https:\/\/www.capitalidea.org\/wp-content\/uploads\/2025\/06\/star.svg\" alt=\"star\" itemprop=\"image\" height=\"55\" width=\"57\" title=\"\u00e9toile\" onerror=\"this.style.display='none'\" loading=\"lazy\" \/>\n<h2>\n\t\t\tVotre paquet de soutien complet\t<\/h2>\n\t<p>Le placement professionnel n'est qu'une partie de l'aide globale que vous recevrez de Capital IDEA.<\/p>\n<p>Nous apportons \u00e9galement notre aide dans les domaines suivants<\/p>\n\t\t\t\t<img decoding=\"async\" src=\"https:\/\/www.capitalidea.org\/wp-content\/uploads\/2025\/07\/Tuition-Textbooks-and-Fees.png\" alt=\"Tuition Textbooks and Fees\" itemprop=\"image\" height=\"180\" width=\"180\" title=\"Frais de scolarit\u00e9 Manuels et honoraires\" onerror=\"this.style.display='none'\" loading=\"lazy\" \/>\n<h3>\n\t\t\tFrais de scolarit\u00e9, manuels et honoraires\t<\/h3>\n\t<p>Capital IDEA prend enti\u00e8rement en charge vos livres et vos frais de scolarit\u00e9, ce qui vous permet de disposer de tout ce dont vous avez besoin pour r\u00e9ussir.<\/p>\n\t\t\t<a href=\"https:\/\/www.capitalidea.org\/fr\/college-assistance\/\" target=\"_self\">\n\t\t\t\t\t\t\tEn savoir plus\n\t\t\t\t\t<\/a>\n\t\t\t\t<img decoding=\"async\" src=\"https:\/\/www.capitalidea.org\/wp-content\/uploads\/2025\/07\/Childcare-Assistance.png\" alt=\"Childcare Assistance\" itemprop=\"image\" height=\"180\" width=\"180\" title=\"Aide \u00e0 la garde d&#039;enfants\" onerror=\"this.style.display='none'\" loading=\"lazy\" \/>\n<h3>\n\t\t\tAide \u00e0 la garde d'enfants\t<\/h3>\n\t<p>Concentrez-vous sur vos \u00e9tudes pendant que nous prenons en charge les frais de garde de vos enfants, ce qui vous permet de vous consacrer \u00e0 votre avenir.<\/p>\n\t\t\t<a href=\"https:\/\/www.capitalidea.org\/fr\/childcare-assistance\/\" target=\"_self\">\n\t\t\t\t\t\t\tEn savoir plus\n\t\t\t\t\t<\/a>\n\t\t\t\t<img decoding=\"async\" src=\"https:\/\/www.capitalidea.org\/wp-content\/uploads\/2025\/07\/Guidance-and-Assistance-1.png\" alt=\"Guidance and Assistance-1\" itemprop=\"image\" height=\"180\" width=\"180\" title=\"Orientation et assistance-1\" onerror=\"this.style.display='none'\" loading=\"lazy\" \/>\n<h3>\n\t\t\tOrientation professionnelle\t<\/h3>\n\t<p>Restez sur la bonne voie gr\u00e2ce au soutien permanent de votre Navigateur de carri\u00e8re, votre guide de r\u00e9f\u00e9rence pour la r\u00e9ussite.<\/p>\n\t\t\t<a href=\"https:\/\/www.capitalidea.org\/fr\/career-navigator\/\" target=\"_self\">\n\t\t\t\t\t\t\tEn savoir plus\n\t\t\t\t\t<\/a>\n\t\t\t\t<img decoding=\"async\" src=\"https:\/\/www.capitalidea.org\/wp-content\/uploads\/2025\/08\/CTA-4-1.jpg\" alt=\"CTA-4 (1)\" itemprop=\"image\" height=\"1100\" width=\"1100\" title=\"CTA-4 (1)\" onerror=\"this.style.display='none'\" loading=\"lazy\" \/>\n\t\t\tCommencer\t\n<h2>\n\t\t\tPr\u00eat \u00e0 lancer votre carri\u00e8re ?\t<\/h2>\n\t<p>La premi\u00e8re \u00e9tape est facile. Participez \u00e0 une s\u00e9ance d'information gratuite pour en savoir plus sur le fonctionnement de Capital IDEA, poser des questions et savoir si vous \u00eates \u00e9ligible.<\/p>\n<p>Nous vous aiderons \u00e0 passer de l'universit\u00e9 \u00e0 la carri\u00e8re.<\/p>\n\t\t\t<a href=\"https:\/\/www.capitalidea.org\/fr\/info-sessions\/\" target=\"_self\">\n\t\t\t\t\t\t\tAssister \u00e0 une s\u00e9ance d'information\n\t\t\t\t\t<\/a>","protected":false},"excerpt":{"rendered":"<p>Obtenez un emploi apr\u00e8s l'obtention de votre dipl\u00f4me gr\u00e2ce \u00e0 l'aide au placement Nous ne nous arr\u00eatons pas \u00e0 l'universit\u00e9 : nous vous aidons \u00e0 obtenir un emploi. L'obtention d'un dipl\u00f4me est une \u00e9tape importante, mais ce n'est pas la fin de votre parcours....<\/p>","protected":false},"author":7,"featured_media":0,"parent":0,"menu_order":29,"comment_status":"closed","ping_status":"closed","template":"","meta":{"_acf_changed":false,"_price":"","_stock":"","_tribe_ticket_header":"","_tribe_default_ticket_provider":"","_tribe_ticket_capacity":"0","_ticket_start_date":"","_ticket_end_date":"","_tribe_ticket_show_description":"","_tribe_ticket_show_not_going":false,"_tribe_ticket_use_global_stock":"","_tribe_ticket_global_stock_level":"","_global_stock_mode":"","_global_stock_cap":"","_tribe_rsvp_for_event":"","_tribe_ticket_going_count":"","_tribe_ticket_not_going_count":"","_tribe_tickets_list":"[]","_tribe_ticket_has_attendee_info_fields":false,"footnotes":""},"class_list":["post-7164","page","type-page","status-publish","hentry"],"acf":[],"yoast_head":"<!-- This site is optimized with the Yoast SEO Premium plugin v27.3 (Yoast SEO v27.3) - https:\/\/yoast.com\/product\/yoast-seo-premium-wordpress\/ -->\n<title>Career Placement | Capital IDEA<\/title>\n<meta name=\"robots\" content=\"index, follow, max-snippet:-1, max-image-preview:large, max-video-preview:-1\" \/>\n<link rel=\"canonical\" href=\"https:\/\/www.capitalidea.org\/fr\/career-placement\/\" \/>\n<meta property=\"og:locale\" content=\"fr_FR\" \/>\n<meta property=\"og:type\" content=\"article\" \/>\n<meta property=\"og:title\" content=\"Career Placement\" \/>\n<meta property=\"og:description\" content=\"Get Hired After Graduation with Job Placement Support We don&#8217;t stop at college-we help you get hired. Graduating is a major milestone, but it&#8217;s not the end of your journey.&hellip;\" \/>\n<meta property=\"og:url\" content=\"https:\/\/www.capitalidea.org\/fr\/career-placement\/\" \/>\n<meta property=\"og:site_name\" content=\"Capital IDEA\" \/>\n<meta property=\"article:publisher\" content=\"https:\/\/www.facebook.com\/capitalidea.austin\/\" \/>\n<meta property=\"article:modified_time\" content=\"2025-10-29T18:46:36+00:00\" \/>\n<meta property=\"og:image\" content=\"https:\/\/www.capitalidea.org\/wp-content\/uploads\/2025\/06\/star.svg\" \/>\n<meta name=\"twitter:card\" content=\"summary_large_image\" \/>\n<meta name=\"twitter:label1\" content=\"Dur\u00e9e de lecture estim\u00e9e\" \/>\n\t<meta name=\"twitter:data1\" content=\"6 minutes\" \/>\n<script type=\"application\/ld+json\" class=\"yoast-schema-graph\">{\"@context\":\"https:\\\/\\\/schema.org\",\"@graph\":[{\"@type\":\"WebPage\",\"@id\":\"https:\\\/\\\/www.capitalidea.org\\\/career-placement\\\/\",\"url\":\"https:\\\/\\\/www.capitalidea.org\\\/career-placement\\\/\",\"name\":\"Career Placement | Capital IDEA\",\"isPartOf\":{\"@id\":\"https:\\\/\\\/www.capitalidea.org\\\/#website\"},\"primaryImageOfPage\":{\"@id\":\"https:\\\/\\\/www.capitalidea.org\\\/career-placement\\\/#primaryimage\"},\"image\":{\"@id\":\"https:\\\/\\\/www.capitalidea.org\\\/career-placement\\\/#primaryimage\"},\"thumbnailUrl\":\"https:\\\/\\\/www.capitalidea.org\\\/wp-content\\\/uploads\\\/2025\\\/06\\\/star.svg\",\"datePublished\":\"2025-06-13T02:08:33+00:00\",\"dateModified\":\"2025-10-29T18:46:36+00:00\",\"breadcrumb\":{\"@id\":\"https:\\\/\\\/www.capitalidea.org\\\/career-placement\\\/#breadcrumb\"},\"inLanguage\":\"fr-FR\",\"potentialAction\":[{\"@type\":\"ReadAction\",\"target\":[\"https:\\\/\\\/www.capitalidea.org\\\/career-placement\\\/\"]}]},{\"@type\":\"ImageObject\",\"inLanguage\":\"fr-FR\",\"@id\":\"https:\\\/\\\/www.capitalidea.org\\\/career-placement\\\/#primaryimage\",\"url\":\"https:\\\/\\\/www.capitalidea.org\\\/wp-content\\\/uploads\\\/2025\\\/06\\\/star.svg\",\"contentUrl\":\"https:\\\/\\\/www.capitalidea.org\\\/wp-content\\\/uploads\\\/2025\\\/06\\\/star.svg\"},{\"@type\":\"BreadcrumbList\",\"@id\":\"https:\\\/\\\/www.capitalidea.org\\\/career-placement\\\/#breadcrumb\",\"itemListElement\":[{\"@type\":\"ListItem\",\"position\":1,\"name\":\"Home\",\"item\":\"https:\\\/\\\/www.capitalidea.org\\\/\"},{\"@type\":\"ListItem\",\"position\":2,\"name\":\"Career Placement\"}]},{\"@type\":\"WebSite\",\"@id\":\"https:\\\/\\\/www.capitalidea.org\\\/#website\",\"url\":\"https:\\\/\\\/www.capitalidea.org\\\/\",\"name\":\"Capital IDEA\",\"description\":\"\",\"publisher\":{\"@id\":\"https:\\\/\\\/www.capitalidea.org\\\/#organization\"},\"potentialAction\":[{\"@type\":\"SearchAction\",\"target\":{\"@type\":\"EntryPoint\",\"urlTemplate\":\"https:\\\/\\\/www.capitalidea.org\\\/?s={search_term_string}\"},\"query-input\":{\"@type\":\"PropertyValueSpecification\",\"valueRequired\":true,\"valueName\":\"search_term_string\"}}],\"inLanguage\":\"fr-FR\"},{\"@type\":\"Organization\",\"@id\":\"https:\\\/\\\/www.capitalidea.org\\\/#organization\",\"name\":\"Capital IDEA\",\"url\":\"https:\\\/\\\/www.capitalidea.org\\\/\",\"logo\":{\"@type\":\"ImageObject\",\"inLanguage\":\"fr-FR\",\"@id\":\"https:\\\/\\\/www.capitalidea.org\\\/#\\\/schema\\\/logo\\\/image\\\/\",\"url\":\"https:\\\/\\\/www.capitalidea.org\\\/wp-content\\\/uploads\\\/2025\\\/06\\\/logo-mark.svg\",\"contentUrl\":\"https:\\\/\\\/www.capitalidea.org\\\/wp-content\\\/uploads\\\/2025\\\/06\\\/logo-mark.svg\",\"width\":1,\"height\":1,\"caption\":\"Capital IDEA\"},\"image\":{\"@id\":\"https:\\\/\\\/www.capitalidea.org\\\/#\\\/schema\\\/logo\\\/image\\\/\"},\"sameAs\":[\"https:\\\/\\\/www.facebook.com\\\/capitalidea.austin\\\/\",\"https:\\\/\\\/www.instagram.com\\\/capital_idea_atx\\\/\",\"https:\\\/\\\/www.linkedin.com\\\/company\\\/capital-idea_2\",\"https:\\\/\\\/www.tiktok.com\\\/@capitalidea_atx\"]}]}<\/script>\n<!-- \/ Yoast SEO Premium plugin. -->","yoast_head_json":{"title":"Placement professionnel - Capital IDEA","robots":{"index":"index","follow":"follow","max-snippet":"max-snippet:-1","max-image-preview":"max-image-preview:large","max-video-preview":"max-video-preview:-1"},"canonical":"https:\/\/www.capitalidea.org\/fr\/career-placement\/","og_locale":"fr_FR","og_type":"article","og_title":"Career Placement","og_description":"Get Hired After Graduation with Job Placement Support We don&#8217;t stop at college-we help you get hired. Graduating is a major milestone, but it&#8217;s not the end of your journey.&hellip;","og_url":"https:\/\/www.capitalidea.org\/fr\/career-placement\/","og_site_name":"Capital IDEA","article_publisher":"https:\/\/www.facebook.com\/capitalidea.austin\/","article_modified_time":"2025-10-29T18:46:36+00:00","og_image":[{"url":"https:\/\/www.capitalidea.org\/wp-content\/uploads\/2025\/06\/star.svg","type":"","width":"","height":""}],"twitter_card":"summary_large_image","twitter_misc":{"Dur\u00e9e de lecture estim\u00e9e":"6 minutes"},"schema":{"@context":"https:\/\/schema.org","@graph":[{"@type":"WebPage","@id":"https:\/\/www.capitalidea.org\/career-placement\/","url":"https:\/\/www.capitalidea.org\/career-placement\/","name":"Placement professionnel - Capital IDEA","isPartOf":{"@id":"https:\/\/www.capitalidea.org\/#website"},"primaryImageOfPage":{"@id":"https:\/\/www.capitalidea.org\/career-placement\/#primaryimage"},"image":{"@id":"https:\/\/www.capitalidea.org\/career-placement\/#primaryimage"},"thumbnailUrl":"https:\/\/www.capitalidea.org\/wp-content\/uploads\/2025\/06\/star.svg","datePublished":"2025-06-13T02:08:33+00:00","dateModified":"2025-10-29T18:46:36+00:00","breadcrumb":{"@id":"https:\/\/www.capitalidea.org\/career-placement\/#breadcrumb"},"inLanguage":"fr-FR","potentialAction":[{"@type":"ReadAction","target":["https:\/\/www.capitalidea.org\/career-placement\/"]}]},{"@type":"ImageObject","inLanguage":"fr-FR","@id":"https:\/\/www.capitalidea.org\/career-placement\/#primaryimage","url":"https:\/\/www.capitalidea.org\/wp-content\/uploads\/2025\/06\/star.svg","contentUrl":"https:\/\/www.capitalidea.org\/wp-content\/uploads\/2025\/06\/star.svg"},{"@type":"BreadcrumbList","@id":"https:\/\/www.capitalidea.org\/career-placement\/#breadcrumb","itemListElement":[{"@type":"ListItem","position":1,"name":"Home","item":"https:\/\/www.capitalidea.org\/"},{"@type":"ListItem","position":2,"name":"Career Placement"}]},{"@type":"WebSite","@id":"https:\/\/www.capitalidea.org\/#website","url":"https:\/\/www.capitalidea.org\/","name":"Capital IDEA","description":"","publisher":{"@id":"https:\/\/www.capitalidea.org\/#organization"},"potentialAction":[{"@type":"SearchAction","target":{"@type":"EntryPoint","urlTemplate":"https:\/\/www.capitalidea.org\/?s={search_term_string}"},"query-input":{"@type":"PropertyValueSpecification","valueRequired":true,"valueName":"search_term_string"}}],"inLanguage":"fr-FR"},{"@type":"Organization","@id":"https:\/\/www.capitalidea.org\/#organization","name":"Capital IDEA","url":"https:\/\/www.capitalidea.org\/","logo":{"@type":"ImageObject","inLanguage":"fr-FR","@id":"https:\/\/www.capitalidea.org\/#\/schema\/logo\/image\/","url":"https:\/\/www.capitalidea.org\/wp-content\/uploads\/2025\/06\/logo-mark.svg","contentUrl":"https:\/\/www.capitalidea.org\/wp-content\/uploads\/2025\/06\/logo-mark.svg","width":1,"height":1,"caption":"Capital IDEA"},"image":{"@id":"https:\/\/www.capitalidea.org\/#\/schema\/logo\/image\/"},"sameAs":["https:\/\/www.facebook.com\/capitalidea.austin\/","https:\/\/www.instagram.com\/capital_idea_atx\/","https:\/\/www.linkedin.com\/company\/capital-idea_2","https:\/\/www.tiktok.com\/@capitalidea_atx"]}]}},"_links":{"self":[{"href":"https:\/\/www.capitalidea.org\/fr\/wp-json\/wp\/v2\/pages\/7164","targetHints":{"allow":["GET"]}}],"collection":[{"href":"https:\/\/www.capitalidea.org\/fr\/wp-json\/wp\/v2\/pages"}],"about":[{"href":"https:\/\/www.capitalidea.org\/fr\/wp-json\/wp\/v2\/types\/page"}],"author":[{"embeddable":true,"href":"https:\/\/www.capitalidea.org\/fr\/wp-json\/wp\/v2\/users\/7"}],"replies":[{"embeddable":true,"href":"https:\/\/www.capitalidea.org\/fr\/wp-json\/wp\/v2\/comments?post=7164"}],"version-history":[{"count":13,"href":"https:\/\/www.capitalidea.org\/fr\/wp-json\/wp\/v2\/pages\/7164\/revisions"}],"predecessor-version":[{"id":44366,"href":"https:\/\/www.capitalidea.org\/fr\/wp-json\/wp\/v2\/pages\/7164\/revisions\/44366"}],"wp:attachment":[{"href":"https:\/\/www.capitalidea.org\/fr\/wp-json\/wp\/v2\/media?parent=7164"}],"curies":[{"name":"wp","href":"https:\/\/api.w.org\/{rel}","templated":true}]}}