{"id":7190,"date":"2025-06-13T10:47:35","date_gmt":"2025-06-13T14:47:35","guid":{"rendered":"https:\/\/www.capitalidea.org\/?page_id=7190"},"modified":"2026-04-23T15:29:17","modified_gmt":"2026-04-23T20:29:17","slug":"media","status":"publish","type":"page","link":"https:\/\/www.capitalidea.org\/fr\/media\/","title":{"rendered":"Les m\u00e9dias"},"content":{"rendered":"Demandes de renseignements des m\u00e9dias\t\n<h1>\n\t\t\tVous couvrez les questions de main-d'\u0153uvre, d'\u00e9ducation ou de mobilit\u00e9 \u00e9conomique dans le centre du Texas ? Laissez-nous vous aider.\t<\/h1>\n\t<p>Si vous travaillez sur un article concernant les lacunes en mati\u00e8re de main-d'\u0153uvre, la crise de l'accessibilit\u00e9 financi\u00e8re, la formation professionnelle ou la mobilit\u00e9 professionnelle, nous serions ravis de vous aider \u00e0 faire le lien.<\/p>\n<h2>\n\t\t\tRelever les d\u00e9fis en mati\u00e8re de main-d'\u0153uvre avec des r\u00e9sultats \u00e9prouv\u00e9s\t<\/h2>\n\t<p>Capital IDEA est une organisation \u00e0 but non lucratif de d\u00e9veloppement de la main-d'\u0153uvre qui favorise les opportunit\u00e9s dans tout le centre du Texas. Nous aidons les adultes \u00e0 faibles revenus \u00e0 se lancer dans de nouvelles carri\u00e8res dans des domaines tr\u00e8s demand\u00e9s, ce qui transforme des vies, cr\u00e9e des viviers de talents pour les employeurs r\u00e9gionaux et contribue \u00e0 une \u00e9conomie plus forte et plus durable.<\/p>\n\t<ul>\n\t\t<li><h4>La r\u00e9gion s'agrandit et le d\u00e9ficit de main-d'\u0153uvre aussi<\/h4><p>Le Texas central a connu une croissance de 20% entre 2018 et 2023, soit pr\u00e8s de six fois la moyenne nationale.<\/p><\/li>\t<\/ul>\n\t<p>Source : EMSI \/ Workforce Solutions Capital Area Board Plan (2025-2028) EMSI \/ Workforce Solutions Capital Area Board Plan (2025-2028)<\/p>\n\t<ul>\n\t\t<li><h4>Le co\u00fbt de la vie d\u00e9passe les salaires<\/h4><p>Un adulte c\u00e9libataire doit maintenant gagner $26\/heure pour s'en sortir dans le comt\u00e9 de Travis. L'\u00e9tudiant moyen de Capital IDEA entre dans le programme en gagnant seulement $11\/heure.<\/p><\/li>\t<\/ul>\n\t<p>Source : Rapport sur l'impact communautaire pour l'exercice 2024, Travis County HHS<\/p>\n\t<ul>\n\t\t<li><h4>Les soins de sant\u00e9 et les m\u00e9tiers sont confront\u00e9s \u00e0 de graves p\u00e9nuries<\/h4><p>Le Texas devrait manquer de 56 370 infirmi\u00e8res d'ici 2036. Le Texas central a besoin de 10 000 nouveaux travailleurs qualifi\u00e9s chaque ann\u00e9e, mais seulement 6 000 sont form\u00e9s.<\/p><\/li>\t<\/ul>\n\t<p>Sources : THECB Workforce Task Force (2024), Workforce Solutions Capital Area Board Plan<\/p>\n<h2>\n\t\t\tDe grands r\u00e9sultats, de vrais rendements\t<\/h2>\n\t<p>Capital IDEA comble le foss\u00e9 de la main-d'\u0153uvre - une carri\u00e8re \u00e0 la fois<\/p>\n\t\t\t\t<img decoding=\"async\" src=\"https:\/\/www.capitalidea.org\/wp-content\/uploads\/2025\/07\/699-ROI.png\" alt=\"699% ROI\" title=\"699% ROI\" itemprop=\"image\"\/>\n\t\t\t<h3>699% ROI<\/h3>\t\t\t\n\t\t\t\t<p>Pour chaque $1 investi, pr\u00e8s de $7 est restitu\u00e9 sous la forme d'une augmentation des revenus, d'une r\u00e9duction de l'aide publique et d'une augmentation des contributions fiscales.<\/p>\n\t\t\t\t<img decoding=\"async\" src=\"https:\/\/www.capitalidea.org\/wp-content\/uploads\/2025\/07\/Economic-Contribution.png\" alt=\"Economic Contribution\" title=\"Contribution \u00e9conomique\" itemprop=\"image\"\/>\n\t\t\t<h3>Contribution \u00e9conomique<\/h3>\t\t\t\n\t\t\t\t<p>Chaque dipl\u00f4m\u00e9 apporte une valeur ajout\u00e9e de plus de $63 000 \u00e0 l'\u00e9conomie sur une p\u00e9riode de 20 ans.<\/p>\n\t\t\t\t<img decoding=\"async\" src=\"https:\/\/www.capitalidea.org\/wp-content\/uploads\/2025\/07\/Pays-for-Itself.png\" alt=\"Pays for Itself\" title=\"Un investissement rentable\" itemprop=\"image\"\/>\n\t\t\t<h3>Un investissement rentable<\/h3>\t\t\t\n\t\t\t\t<p>Rentabilis\u00e9 en 3,5 ans, il g\u00e9n\u00e8re un impact durable<\/p>\n\t\t\t\t<img decoding=\"async\" src=\"https:\/\/www.capitalidea.org\/wp-content\/uploads\/2025\/07\/Salary-Increase.png\" alt=\"Salary Increase\" title=\"Augmentation des salaires\" itemprop=\"image\"\/>\n\t\t\t<h3>Augmentation des salaires<\/h3>\t\t\t\n\t\t\t\t<p>Les dipl\u00f4m\u00e9s gagnent $20 000 euros de plus par an que les personnes similaires qui ne se sont pas inscrites.<\/p>\n\t<p><a href=\"https:\/\/www.capitalidea.org\/wp-content\/uploads\/2025\/07\/ROI-Brief-Ray-Marshall.pdf\" target=\"_blank\" rel=\"noopener\"><em>Source : Boswell, McCoy, Rodriguez, &amp; Cumpton, 2023 - Ray Marshall Center<\/em><\/a><\/p>\n<h2>\n\t\t\tPourquoi c'est important aujourd'hui\t<\/h2>\n\t<ul>\n\t\t<li>\t\t\t\t\n\t\t<h3>P\u00e9nurie de personnel infirmier <\/h3><p>Capital IDEA fournit aux h\u00f4pitaux et aux prestataires de soins de sant\u00e9 locaux des professionnels de la sant\u00e9 correctement form\u00e9s et pr\u00eats \u00e0 travailler.<\/p>\n<\/li><li>\t\t\t\t\n\t\t<h3>Lacunes dans les m\u00e9tiers qualifi\u00e9s<\/h3><p>Nos dipl\u00f4m\u00e9s contribuent \u00e0 pourvoir des postes essentiels dans les domaines du chauffage, de la ventilation et de la climatisation, de l'\u00e9lectricit\u00e9 et d'autres domaines \u00e0 forte demande.<\/p>\n<\/li>\t<\/ul>\n\t<ul>\n\t\t<li>\t\t\t\t\n\t\t<h3>Pertinence politique<\/h3><p>Capital IDEA est un mod\u00e8le de main-d'\u0153uvre r\u00e9ussi, financ\u00e9 par les secteurs public et priv\u00e9, qui repose sur des partenariats et dont le retour sur investissement est av\u00e9r\u00e9.<\/p>\n<\/li><li>\t\t\t\t\n\t\t<h3>Crise du co\u00fbt de la vie<\/h3><p>Nous aidons les travailleurs \u00e0 passer de $11\/heure \u00e0 des emplois de $33\/heure en moyenne.<\/p><\/li>\t<\/ul>\n<h3>\n\t\t\tDossier de presse et rapports\t<\/h3>\n\t<ul>\n\t\t<li>\t\t\n\t\t\t\t<img decoding=\"async\" src=\"https:\/\/www.capitalidea.org\/wp-content\/uploads\/2025\/07\/doc.png\" alt=\"doc\" title=\"doc\" itemprop=\"image\"\/>\n\t\t<p><a href=\"https:\/\/www.capitalidea.org\/wp-content\/uploads\/2025\/07\/ROI-Brief-November-2024-Ray-Marshall.pdf\" target=\"_blank\" rel=\"noopener\">Dossier de recherche sur le retour sur investissement - Ray Marshall Center<\/a><\/p><\/li><li>\t\t\n\t\t\t\t<img decoding=\"async\" src=\"https:\/\/www.capitalidea.org\/wp-content\/uploads\/2025\/07\/doc.png\" alt=\"doc\" title=\"doc\" itemprop=\"image\"\/>\n\t\t<p><a href=\"https:\/\/www.capitalidea.org\/wp-content\/uploads\/2026\/04\/Annual-Report-2025.pdf\" target=\"_blank\" rel=\"noopener\">Rapport annuel de Capital IDEA<\/a><\/p><\/li><li>\t\t\n\t\t\t\t<img decoding=\"async\" src=\"https:\/\/www.capitalidea.org\/wp-content\/uploads\/2025\/07\/doc.png\" alt=\"doc\" title=\"doc\" itemprop=\"image\"\/>\n\t\t<p><a href=\"https:\/\/www.capitalidea.org\/wp-content\/uploads\/2026\/04\/At-a-Glance-2025.pdf\" target=\"_blank\" rel=\"noopener\">Aper\u00e7u en une page<\/a><\/p><\/li><li>\t\t\n\t\t\t\t<img decoding=\"async\" src=\"https:\/\/www.capitalidea.org\/wp-content\/uploads\/2025\/07\/ask-us.png\" alt=\"ask us\" title=\"nous demander\" itemprop=\"image\"\/>\n\t\t<p>Demander des photos en haute r\u00e9solution ou un calendrier<br \/>un entretien en envoyant un courriel \u00e0 <a href=\"mailto:asilvey@capitalidea.org\">Amy Silvey<\/a>, <br \/>Directeur du d\u00e9veloppement et de la communication.<\/p><\/li>\t<\/ul>\n\t\t\t\t<img width=\"400\" height=\"400\" src=\"https:\/\/www.capitalidea.org\/wp-content\/uploads\/2025\/07\/Paul-Skeith-1.png\" alt=\"\" decoding=\"async\" loading=\"lazy\" srcset=\"https:\/\/www.capitalidea.org\/wp-content\/uploads\/2025\/07\/Paul-Skeith-1.png 400w, https:\/\/www.capitalidea.org\/wp-content\/uploads\/2025\/07\/Paul-Skeith-1-300x300.png 300w, https:\/\/www.capitalidea.org\/wp-content\/uploads\/2025\/07\/Paul-Skeith-1-150x150.png 150w, https:\/\/www.capitalidea.org\/wp-content\/uploads\/2025\/07\/Paul-Skeith-1-12x12.png 12w\" sizes=\"auto, (max-width: 400px) 100vw, 400px\" \/>\t\t\t\n\t\t\t\t<p>\"Les fondateurs de Capital IDEA - Central Texas Interfaith et la communaut\u00e9 des entreprises locales - ont entrepris de donner \u00e0 nos voisins les moyens d'agir gr\u00e2ce \u00e0 la formation et \u00e0 l'\u00e9ducation, afin de r\u00e9pondre aux besoins essentiels de la main-d'\u0153uvre et de soutenir les familles en leur offrant de bons salaires et des avantages sociaux. Bon nombre des partenariats qu'ils ont \u00e9tablis sont encore solides aujourd'hui.<\/p>\n\t\t\t\t\t\t\t\t\t\t\t\t\tR\u00e9v\u00e9rend Paul Skeith\n\t\t\t\t\t\t\t\t\t\t\t\t\t\t\t\t\t\t\tCentral Texas Interfaith, ancien pr\u00e9sident du conseil d'administration\n\t\t\t\t\t\t\t <!-- .louder_testimonial -->\n\t\t\t\t<img width=\"326\" height=\"408\" src=\"https:\/\/www.capitalidea.org\/wp-content\/uploads\/2025\/07\/TSwinton.png\" alt=\"\" decoding=\"async\" loading=\"lazy\" srcset=\"https:\/\/www.capitalidea.org\/wp-content\/uploads\/2025\/07\/TSwinton.png 326w, https:\/\/www.capitalidea.org\/wp-content\/uploads\/2025\/07\/TSwinton-240x300.png 240w\" sizes=\"auto, (max-width: 326px) 100vw, 326px\" \/>\t\t\t\n\t\t\t\t<p>\"Ce qui m'enthousiasme vraiment, c'est la possibilit\u00e9 de poursuivre et d'accro\u00eetre l'impact global sur notre communaut\u00e9, en veillant \u00e0 ce que les coll\u00e8gues qui rejoindront la main-d'\u0153uvre du Texas central dans les ann\u00e9es \u00e0 venir b\u00e9n\u00e9ficient de la meilleure pr\u00e9paration acad\u00e9mique et de nombreuses possibilit\u00e9s de r\u00e9ussite.<\/p>\n\t\t\t\t\t\t\t\t\t\t\t\t\tToni Swinton\n\t\t\t\t\t\t\t\t\t\t\t\t\t\t\t\t\t\t\tConseil d'administration, Capital IDEA et vice-pr\u00e9sident pour la formation clinique, St. David's Healthcare\n\t\t\t\t\t\t\t <!-- .louder_testimonial -->\n\t\t\t\t<img width=\"400\" height=\"400\" src=\"https:\/\/www.capitalidea.org\/wp-content\/uploads\/2025\/07\/st-david-foundation-1.png\" alt=\"\" decoding=\"async\" loading=\"lazy\" srcset=\"https:\/\/www.capitalidea.org\/wp-content\/uploads\/2025\/07\/st-david-foundation-1.png 400w, https:\/\/www.capitalidea.org\/wp-content\/uploads\/2025\/07\/st-david-foundation-1-300x300.png 300w, https:\/\/www.capitalidea.org\/wp-content\/uploads\/2025\/07\/st-david-foundation-1-150x150.png 150w, https:\/\/www.capitalidea.org\/wp-content\/uploads\/2025\/07\/st-david-foundation-1-12x12.png 12w\" sizes=\"auto, (max-width: 400px) 100vw, 400px\" \/>\t\t\t\n\t\t\t\t<p>\"Capital IDEA... m\u00e8ne un travail important pour aider les gens \u00e0 entrer sur le march\u00e9 du travail et \u00e0 pourvoir les postes de soins de sant\u00e9 qui font cruellement d\u00e9faut dans nos communaut\u00e9s\".<\/p>\n\t\t\t\t\t\t\t\t\t\t\t\t\tFondation St. David\n\t\t\t\t\t\t\t\t\t\t\t\t\t\t\t\t\t\t\tLes voies de la stabilit\u00e9 \u00e9conomique pour le personnel de sant\u00e9, bourse 2024\n\t\t\t\t\t\t\t <!-- .louder_testimonial -->\n\t<h2>\n\t\t\tPrix et reconnaissance\t<\/h2>\n\t\t\t\t<img decoding=\"async\" src=\"https:\/\/www.capitalidea.org\/wp-content\/uploads\/2025\/07\/Award-Accolades.png\" alt=\"Award Accolades\" title=\"R\u00e9compenses\" itemprop=\"image\"\/>\n\t\t\t<h3>2024 Constructeur de quartier<\/h3>\t\t\t\n\t\t\t\t<p>Banque d'Am\u00e9rique<\/p>\n\t\t\t\t<img decoding=\"async\" src=\"https:\/\/www.capitalidea.org\/wp-content\/uploads\/2025\/07\/Award-Accolades.png\" alt=\"Award Accolades\" title=\"R\u00e9compenses\" itemprop=\"image\"\/>\n\t\t\t<h3>Prix de l'impact \u00e0 vie 2021<\/h3>\t\t\t\n\t\t\t\t<p>Fondation Dream Come True<\/p>\n\t\t\t\t<img decoding=\"async\" src=\"https:\/\/www.capitalidea.org\/wp-content\/uploads\/2025\/07\/Award-Accolades.png\" alt=\"Award Accolades\" title=\"R\u00e9compenses\" itemprop=\"image\"\/>\n\t\t\t<h3>Prix LEADS 2018<\/h3>\t\t\t\n\t\t\t\t<p>Austin Community College<\/p>\n\t\t\t\t<img decoding=\"async\" src=\"https:\/\/www.capitalidea.org\/wp-content\/uploads\/2025\/07\/Award-Accolades.png\" alt=\"Award Accolades\" title=\"R\u00e9compenses\" itemprop=\"image\"\/>\n\t\t\t<h3>Prix d'excellence 2015 pour le personnel<\/h3>\t\t\t\n\t\t\t\t<p>Conseil de d\u00e9veloppement \u00e9conomique du Texas (avec la ville d'Austin)<\/p>\n\t\t\t\t<img decoding=\"async\" src=\"https:\/\/www.capitalidea.org\/wp-content\/uploads\/2025\/07\/Award-Accolades.png\" alt=\"Award Accolades\" title=\"R\u00e9compenses\" itemprop=\"image\"\/>\n\t\t\t<h3>Finaliste du prix Nonprofit 2014<\/h3>\t\t\t\n\t\t\t\t<p>Chambre de commerce hispanique du Grand Austin<\/p>\n\t\t\t\t<img decoding=\"async\" src=\"https:\/\/www.capitalidea.org\/wp-content\/uploads\/2025\/07\/Award-Accolades.png\" alt=\"Award Accolades\" title=\"R\u00e9compenses\" itemprop=\"image\"\/>\n\t\t\t<h3>Partenaire de l'ann\u00e9e 2013<\/h3>\t\t\t\n\t\t\t\t<p>Alliance Skillpoint<\/p>\n\t\t\t\t<img decoding=\"async\" src=\"https:\/\/www.capitalidea.org\/wp-content\/uploads\/2025\/07\/Award-Accolades.png\" alt=\"Award Accolades\" title=\"R\u00e9compenses\" itemprop=\"image\"\/>\n\t\t\t<h3>2012 Neighborhood Builder (B\u00e2tisseur de quartier)<\/h3>\t\t\t\n\t\t\t\t<p>Banque d'Am\u00e9rique<\/p>\n<figure itemscope itemtype=\"https:\/\/schema.org\/ImageObject\">\n\t\t\t\t<img decoding=\"async\" src=\"https:\/\/www.capitalidea.org\/wp-content\/uploads\/2025\/08\/media-3-1.jpg\" alt=\"media-3 (1)\" height=\"1100\" width=\"1100\" title=\"m\u00e9dia-3 (1)\" onerror=\"this.style.display='none'\" loading=\"lazy\" \/>\n\t<\/figure>\n\t\t\tCommencer\t\n<h2>\n\t\t\tReady to Talk?\t<\/h2>\n\t<p>Pour des interviews, des citations, des photos ou pour parler avec le personnel, les \u00e9tudiants ou les dipl\u00f4m\u00e9s, contactez-nous en utilisant les informations ci-dessous.<\/p>\n<strong>Amy Silvey<\/strong><br \/>\nDirecteur du d\u00e9veloppement et de la communication<br \/>\n<a href=\"mailto:asilvey@capitalidea.org\">asilvey@capitalidea.org<\/a> | <a href=\"tel:512.485.9353\">512.485.9353<\/a>\n<strong>Liz Ramon<\/strong><br \/>\nResponsable de la communication<br \/>\n<a href=\"mailto:lramon@capitalidea.org\">lramon@capitalidea.org<\/a> | <a href=\"tel:512.485.9341\">512.485.9341<\/a>","protected":false},"excerpt":{"rendered":"<p>Demandes de renseignements des m\u00e9dias Couvrant la main-d'\u0153uvre, l'\u00e9ducation ou la mobilit\u00e9 \u00e9conomique dans le centre du Texas ? Laissez-nous vous aider. Si vous travaillez sur un article concernant les lacunes en mati\u00e8re de main-d'\u0153uvre, la crise de l'accessibilit\u00e9 financi\u00e8re, la formation professionnelle,...<\/p>","protected":false},"author":7,"featured_media":0,"parent":0,"menu_order":0,"comment_status":"closed","ping_status":"closed","template":"","meta":{"_acf_changed":false,"_price":"","_stock":"","_tribe_ticket_header":"","_tribe_default_ticket_provider":"","_tribe_ticket_capacity":"0","_ticket_start_date":"","_ticket_end_date":"","_tribe_ticket_show_description":"","_tribe_ticket_show_not_going":false,"_tribe_ticket_use_global_stock":"","_tribe_ticket_global_stock_level":"","_global_stock_mode":"","_global_stock_cap":"","_tribe_rsvp_for_event":"","_tribe_ticket_going_count":"","_tribe_ticket_not_going_count":"","_tribe_tickets_list":"[]","_tribe_ticket_has_attendee_info_fields":false,"footnotes":""},"class_list":["post-7190","page","type-page","status-publish","hentry"],"acf":[],"yoast_head":"<!-- This site is optimized with the Yoast SEO Premium plugin v27.3 (Yoast SEO v27.3) - https:\/\/yoast.com\/product\/yoast-seo-premium-wordpress\/ -->\n<title>Media | Capital IDEA<\/title>\n<meta name=\"robots\" content=\"index, follow, max-snippet:-1, max-image-preview:large, max-video-preview:-1\" \/>\n<link rel=\"canonical\" href=\"https:\/\/www.capitalidea.org\/fr\/media\/\" \/>\n<meta property=\"og:locale\" content=\"fr_FR\" \/>\n<meta property=\"og:type\" content=\"article\" \/>\n<meta property=\"og:title\" content=\"Media\" \/>\n<meta property=\"og:description\" content=\"Media Inquiries Covering workforce, education, or economic mobility in Central Texas? Let us be a resource. If you&#8217;re working on a story about workforce gaps, the affordability crisis, job training,&hellip;\" \/>\n<meta property=\"og:url\" content=\"https:\/\/www.capitalidea.org\/fr\/media\/\" \/>\n<meta property=\"og:site_name\" content=\"Capital IDEA\" \/>\n<meta property=\"article:publisher\" content=\"https:\/\/www.facebook.com\/capitalidea.austin\/\" \/>\n<meta property=\"article:modified_time\" content=\"2026-04-23T20:29:17+00:00\" \/>\n<meta property=\"og:image\" content=\"https:\/\/www.capitalidea.org\/wp-content\/uploads\/2025\/07\/699-ROI.png\" \/>\n<meta name=\"twitter:card\" content=\"summary_large_image\" \/>\n<meta name=\"twitter:label1\" content=\"Dur\u00e9e de lecture estim\u00e9e\" \/>\n\t<meta name=\"twitter:data1\" content=\"7 minutes\" \/>\n<script type=\"application\/ld+json\" class=\"yoast-schema-graph\">{\"@context\":\"https:\\\/\\\/schema.org\",\"@graph\":[{\"@type\":\"WebPage\",\"@id\":\"https:\\\/\\\/www.capitalidea.org\\\/media\\\/\",\"url\":\"https:\\\/\\\/www.capitalidea.org\\\/media\\\/\",\"name\":\"Media | Capital IDEA\",\"isPartOf\":{\"@id\":\"https:\\\/\\\/www.capitalidea.org\\\/#website\"},\"primaryImageOfPage\":{\"@id\":\"https:\\\/\\\/www.capitalidea.org\\\/media\\\/#primaryimage\"},\"image\":{\"@id\":\"https:\\\/\\\/www.capitalidea.org\\\/media\\\/#primaryimage\"},\"thumbnailUrl\":\"https:\\\/\\\/www.capitalidea.org\\\/wp-content\\\/uploads\\\/2025\\\/07\\\/699-ROI.png\",\"datePublished\":\"2025-06-13T14:47:35+00:00\",\"dateModified\":\"2026-04-23T20:29:17+00:00\",\"breadcrumb\":{\"@id\":\"https:\\\/\\\/www.capitalidea.org\\\/media\\\/#breadcrumb\"},\"inLanguage\":\"fr-FR\",\"potentialAction\":[{\"@type\":\"ReadAction\",\"target\":[\"https:\\\/\\\/www.capitalidea.org\\\/media\\\/\"]}]},{\"@type\":\"ImageObject\",\"inLanguage\":\"fr-FR\",\"@id\":\"https:\\\/\\\/www.capitalidea.org\\\/media\\\/#primaryimage\",\"url\":\"https:\\\/\\\/www.capitalidea.org\\\/wp-content\\\/uploads\\\/2025\\\/07\\\/699-ROI.png\",\"contentUrl\":\"https:\\\/\\\/www.capitalidea.org\\\/wp-content\\\/uploads\\\/2025\\\/07\\\/699-ROI.png\"},{\"@type\":\"BreadcrumbList\",\"@id\":\"https:\\\/\\\/www.capitalidea.org\\\/media\\\/#breadcrumb\",\"itemListElement\":[{\"@type\":\"ListItem\",\"position\":1,\"name\":\"Home\",\"item\":\"https:\\\/\\\/www.capitalidea.org\\\/\"},{\"@type\":\"ListItem\",\"position\":2,\"name\":\"Media\"}]},{\"@type\":\"WebSite\",\"@id\":\"https:\\\/\\\/www.capitalidea.org\\\/#website\",\"url\":\"https:\\\/\\\/www.capitalidea.org\\\/\",\"name\":\"Capital IDEA\",\"description\":\"\",\"publisher\":{\"@id\":\"https:\\\/\\\/www.capitalidea.org\\\/#organization\"},\"potentialAction\":[{\"@type\":\"SearchAction\",\"target\":{\"@type\":\"EntryPoint\",\"urlTemplate\":\"https:\\\/\\\/www.capitalidea.org\\\/?s={search_term_string}\"},\"query-input\":{\"@type\":\"PropertyValueSpecification\",\"valueRequired\":true,\"valueName\":\"search_term_string\"}}],\"inLanguage\":\"fr-FR\"},{\"@type\":\"Organization\",\"@id\":\"https:\\\/\\\/www.capitalidea.org\\\/#organization\",\"name\":\"Capital IDEA\",\"url\":\"https:\\\/\\\/www.capitalidea.org\\\/\",\"logo\":{\"@type\":\"ImageObject\",\"inLanguage\":\"fr-FR\",\"@id\":\"https:\\\/\\\/www.capitalidea.org\\\/#\\\/schema\\\/logo\\\/image\\\/\",\"url\":\"https:\\\/\\\/www.capitalidea.org\\\/wp-content\\\/uploads\\\/2025\\\/06\\\/logo-mark.svg\",\"contentUrl\":\"https:\\\/\\\/www.capitalidea.org\\\/wp-content\\\/uploads\\\/2025\\\/06\\\/logo-mark.svg\",\"width\":1,\"height\":1,\"caption\":\"Capital IDEA\"},\"image\":{\"@id\":\"https:\\\/\\\/www.capitalidea.org\\\/#\\\/schema\\\/logo\\\/image\\\/\"},\"sameAs\":[\"https:\\\/\\\/www.facebook.com\\\/capitalidea.austin\\\/\",\"https:\\\/\\\/www.instagram.com\\\/capital_idea_atx\\\/\",\"https:\\\/\\\/www.linkedin.com\\\/company\\\/capital-idea_2\",\"https:\\\/\\\/www.tiktok.com\\\/@capitalidea_atx\"]}]}<\/script>\n<!-- \/ Yoast SEO Premium plugin. -->","yoast_head_json":{"title":"Media | Capital IDEA","robots":{"index":"index","follow":"follow","max-snippet":"max-snippet:-1","max-image-preview":"max-image-preview:large","max-video-preview":"max-video-preview:-1"},"canonical":"https:\/\/www.capitalidea.org\/fr\/media\/","og_locale":"fr_FR","og_type":"article","og_title":"Media","og_description":"Media Inquiries Covering workforce, education, or economic mobility in Central Texas? Let us be a resource. If you&#8217;re working on a story about workforce gaps, the affordability crisis, job training,&hellip;","og_url":"https:\/\/www.capitalidea.org\/fr\/media\/","og_site_name":"Capital IDEA","article_publisher":"https:\/\/www.facebook.com\/capitalidea.austin\/","article_modified_time":"2026-04-23T20:29:17+00:00","og_image":[{"url":"https:\/\/www.capitalidea.org\/wp-content\/uploads\/2025\/07\/699-ROI.png","type":"","width":"","height":""}],"twitter_card":"summary_large_image","twitter_misc":{"Dur\u00e9e de lecture estim\u00e9e":"7 minutes"},"schema":{"@context":"https:\/\/schema.org","@graph":[{"@type":"WebPage","@id":"https:\/\/www.capitalidea.org\/media\/","url":"https:\/\/www.capitalidea.org\/media\/","name":"Media | Capital IDEA","isPartOf":{"@id":"https:\/\/www.capitalidea.org\/#website"},"primaryImageOfPage":{"@id":"https:\/\/www.capitalidea.org\/media\/#primaryimage"},"image":{"@id":"https:\/\/www.capitalidea.org\/media\/#primaryimage"},"thumbnailUrl":"https:\/\/www.capitalidea.org\/wp-content\/uploads\/2025\/07\/699-ROI.png","datePublished":"2025-06-13T14:47:35+00:00","dateModified":"2026-04-23T20:29:17+00:00","breadcrumb":{"@id":"https:\/\/www.capitalidea.org\/media\/#breadcrumb"},"inLanguage":"fr-FR","potentialAction":[{"@type":"ReadAction","target":["https:\/\/www.capitalidea.org\/media\/"]}]},{"@type":"ImageObject","inLanguage":"fr-FR","@id":"https:\/\/www.capitalidea.org\/media\/#primaryimage","url":"https:\/\/www.capitalidea.org\/wp-content\/uploads\/2025\/07\/699-ROI.png","contentUrl":"https:\/\/www.capitalidea.org\/wp-content\/uploads\/2025\/07\/699-ROI.png"},{"@type":"BreadcrumbList","@id":"https:\/\/www.capitalidea.org\/media\/#breadcrumb","itemListElement":[{"@type":"ListItem","position":1,"name":"Home","item":"https:\/\/www.capitalidea.org\/"},{"@type":"ListItem","position":2,"name":"Media"}]},{"@type":"WebSite","@id":"https:\/\/www.capitalidea.org\/#website","url":"https:\/\/www.capitalidea.org\/","name":"Capital IDEA","description":"","publisher":{"@id":"https:\/\/www.capitalidea.org\/#organization"},"potentialAction":[{"@type":"SearchAction","target":{"@type":"EntryPoint","urlTemplate":"https:\/\/www.capitalidea.org\/?s={search_term_string}"},"query-input":{"@type":"PropertyValueSpecification","valueRequired":true,"valueName":"search_term_string"}}],"inLanguage":"fr-FR"},{"@type":"Organization","@id":"https:\/\/www.capitalidea.org\/#organization","name":"Capital IDEA","url":"https:\/\/www.capitalidea.org\/","logo":{"@type":"ImageObject","inLanguage":"fr-FR","@id":"https:\/\/www.capitalidea.org\/#\/schema\/logo\/image\/","url":"https:\/\/www.capitalidea.org\/wp-content\/uploads\/2025\/06\/logo-mark.svg","contentUrl":"https:\/\/www.capitalidea.org\/wp-content\/uploads\/2025\/06\/logo-mark.svg","width":1,"height":1,"caption":"Capital IDEA"},"image":{"@id":"https:\/\/www.capitalidea.org\/#\/schema\/logo\/image\/"},"sameAs":["https:\/\/www.facebook.com\/capitalidea.austin\/","https:\/\/www.instagram.com\/capital_idea_atx\/","https:\/\/www.linkedin.com\/company\/capital-idea_2","https:\/\/www.tiktok.com\/@capitalidea_atx"]}]}},"_links":{"self":[{"href":"https:\/\/www.capitalidea.org\/fr\/wp-json\/wp\/v2\/pages\/7190","targetHints":{"allow":["GET"]}}],"collection":[{"href":"https:\/\/www.capitalidea.org\/fr\/wp-json\/wp\/v2\/pages"}],"about":[{"href":"https:\/\/www.capitalidea.org\/fr\/wp-json\/wp\/v2\/types\/page"}],"author":[{"embeddable":true,"href":"https:\/\/www.capitalidea.org\/fr\/wp-json\/wp\/v2\/users\/7"}],"replies":[{"embeddable":true,"href":"https:\/\/www.capitalidea.org\/fr\/wp-json\/wp\/v2\/comments?post=7190"}],"version-history":[{"count":21,"href":"https:\/\/www.capitalidea.org\/fr\/wp-json\/wp\/v2\/pages\/7190\/revisions"}],"predecessor-version":[{"id":45473,"href":"https:\/\/www.capitalidea.org\/fr\/wp-json\/wp\/v2\/pages\/7190\/revisions\/45473"}],"wp:attachment":[{"href":"https:\/\/www.capitalidea.org\/fr\/wp-json\/wp\/v2\/media?parent=7190"}],"curies":[{"name":"wp","href":"https:\/\/api.w.org\/{rel}","templated":true}]}}